{"id":8827,"date":"2025-06-26T17:46:14","date_gmt":"2025-06-26T15:46:14","guid":{"rendered":"https:\/\/deep-space-astronomy.ch\/?post_type=product&#038;p=8827"},"modified":"2025-11-18T17:39:46","modified_gmt":"2025-11-18T16:39:46","slug":"sky-watcher-eq8-r-pro-monture","status":"publish","type":"product","link":"https:\/\/deep-space-astronomy.ch\/de\/produkt\/sky-watcher-eq8-r-pro-monture\/","title":{"rendered":"Sky-Watcher EQ8-R PRO Montierung mit S\u00e4ulenstativ"},"content":{"rendered":"<h3>Sky-Watcher EQ8-R mit S\u00e4ulenstativ - Motorisierte \u00e4quatoriale Montierung der Sternwartenklasse<\/h3>\n<p>Die <strong>Sky-Watcher EQ8-R mit S\u00e4ulenstativ<\/strong> ist eine \u00e4quatoriale GoTo-Montierung mit sehr hoher Kapazit\u00e4t, die f\u00fcr die Aufnahme der schwersten Instrumente im Kontext einer festen oder semipermanenten Sternwarte entwickelt wurde. Mit einer <strong>Tragf\u00e4higkeit von 50 kg<\/strong> und ein <strong>ultra-stabiles S\u00e4ulenstativ<\/strong>Sie ist eine Referenzplattform f\u00fcr die anspruchsvollsten Astrofotografen.<\/p>\n<p>Die EQ8-R enth\u00e4lt eine Ganzmetallmechanik, einen <strong>Riemenantriebssystem<\/strong> auf beiden Achsen sowie ein <strong>vollst\u00e4ndige interne Verdrahtung<\/strong> (USB 3.0, Strom, seriell) f\u00fcr einen zuverl\u00e4ssigen, leisen und vereinfachten Betrieb, auch im Remote-Betrieb. Jede Komponente ist auf Pr\u00e4zision und Effizienz ausgelegt.<\/p>\n<h3>Hauptvorteile des Sky-Watcher EQ8-R mit Stativ<\/h3>\n<ul>\n<li><strong>Maximale Nutzlast: 50 kg<\/strong> - geeignet f\u00fcr gro\u00dfe R\u00f6hren und schwere Setups<\/li>\n<li>Training durch <strong>ger\u00e4uscharme Riemen<\/strong> auf RA und DEC - h\u00f6here Genauigkeit, geringeres Spiel<\/li>\n<li><strong>Integrierte interne Verdrahtung<\/strong> - 4 USB 3.0-Anschl\u00fcsse, 3 Stromanschl\u00fcsse, 3 serielle Anschl\u00fcsse<\/li>\n<li><strong>Schrittmotoren 0,9\u00b0<\/strong> - fl\u00fcssiges und stabiles Tracking<\/li>\n<li><strong>SynScan V5-Schl\u00e4ger<\/strong> oder direkte PC-Steuerung - GoTo-Basis von 42 900 Objekten<\/li>\n<li><strong>Verst\u00e4rktes S\u00e4ulenstativ<\/strong> - maximale Stabilit\u00e4t f\u00fcr permanentes Setup<\/li>\n<li><strong>Erweiterte Funktionen :<\/strong> Homing-Sensoren, physische Stopps, PEC, Serienbelichtungen<\/li>\n<\/ul>\n<h3>Technische Daten des Rahmens<\/h3>\n<table border=\"1\" cellspacing=\"0\" cellpadding=\"6\">\n<thead>\n<tr>\n<th colspan=\"2\">Montierung Sky-Watcher EQ8-R<\/th>\n<\/tr>\n<\/thead>\n<tbody>\n<tr>\n<td><strong>Typ<\/strong><\/td>\n<td>\u00c4quatorial motorisiert GoTo (sehr hohe Kapazit\u00e4t)<\/td>\n<\/tr>\n<tr>\n<td><strong>Nutzlast<\/strong><\/td>\n<td>50 kg (110 lbs)<\/td>\n<\/tr>\n<tr>\n<td><strong>Gewicht des Kopfes<\/strong><\/td>\n<td>25,8 kg<\/td>\n<\/tr>\n<tr>\n<td><strong>H\u00f6he des Kopfes allein<\/strong><\/td>\n<td>49,5 cm<\/td>\n<\/tr>\n<tr>\n<td><strong>OTA-Fixierung<\/strong><\/td>\n<td>Schwalbenschwanz Typ D (Losmandy)<\/td>\n<\/tr>\n<tr>\n<td><strong>Motoren<\/strong><\/td>\n<td>Hybrid-Schritte 0.9\u00b0<\/td>\n<\/tr>\n<tr>\n<td><strong>Training<\/strong><\/td>\n<td>Zahnriemen auf RA und DEC<\/td>\n<\/tr>\n<tr>\n<td><strong>Breitengradbereich<\/strong><\/td>\n<td>10\u00b0 \u00e0 65\u00b0<\/td>\n<\/tr>\n<tr>\n<td><strong>Ern\u00e4hrung<\/strong><\/td>\n<td>DC 11-16V, 3A (Luftfahrtanschluss mit Gewinde)<\/td>\n<\/tr>\n<\/tbody>\n<\/table>\n<h3>Eigenschaften des S\u00e4ulenstativs<\/h3>\n<table border=\"1\" cellspacing=\"0\" cellpadding=\"6\">\n<thead>\n<tr>\n<th colspan=\"2\">Inklusive Pier Tripod<\/th>\n<\/tr>\n<\/thead>\n<tbody>\n<tr>\n<td><strong>Gewicht des Stativs<\/strong><\/td>\n<td>29,4 kg<\/td>\n<\/tr>\n<tr>\n<td><strong>Min. H\u00f6he mit Rahmen<\/strong><\/td>\n<td>126,4 cm<\/td>\n<\/tr>\n<tr>\n<td><strong>Max. H\u00f6he mit Halterung<\/strong><\/td>\n<td>148,9 cm<\/td>\n<\/tr>\n<tr>\n<td><strong>Durchmesser der F\u00fc\u00dfe<\/strong><\/td>\n<td>60 mm<\/td>\n<\/tr>\n<tr>\n<td><strong>H\u00f6he zusammengeklappt<\/strong><\/td>\n<td>76,8 cm<\/td>\n<\/tr>\n<\/tbody>\n<\/table>\n<h3>Anschl\u00fcsse und Steuerung<\/h3>\n<table border=\"1\" cellspacing=\"0\" cellpadding=\"6\">\n<thead>\n<tr>\n<th colspan=\"2\">Ports und Kontrollfunktionen<\/th>\n<\/tr>\n<\/thead>\n<tbody>\n<tr>\n<td><strong>GoTo-Datenbank<\/strong><\/td>\n<td>Messier, NGC, IC, SAO + 25 Benutzerobjekte (insgesamt 42.900 Objekte)<\/td>\n<\/tr>\n<tr>\n<td><strong>Inklusive Schneeschuh<\/strong><\/td>\n<td>SynScan V5 (Flash-upgradable)<\/td>\n<\/tr>\n<tr>\n<td><strong>Direkte PC-Verbindung<\/strong><\/td>\n<td>Ja (USB)<\/td>\n<\/tr>\n<tr>\n<td><strong>USB-Anschl\u00fcsse<\/strong><\/td>\n<td>4x USB 3.0<\/td>\n<\/tr>\n<tr>\n<td><strong>Power Ports<\/strong><\/td>\n<td>3x 2.1 mm (DC)<\/td>\n<\/tr>\n<tr>\n<td><strong>Serielle Anschl\u00fcsse<\/strong><\/td>\n<td>3x<\/td>\n<\/tr>\n<tr>\n<td><strong>Autoguide-Anschluss<\/strong><\/td>\n<td>Ja (ST4)<\/td>\n<\/tr>\n<tr>\n<td><strong>Wi-Fi<\/strong><\/td>\n<td>Dongle-Option<\/td>\n<\/tr>\n<tr>\n<td><strong>GPS<\/strong><\/td>\n<td>SynScan GPS-Option<\/td>\n<\/tr>\n<tr>\n<td><strong>Zeigegeschwindigkeiten<\/strong><\/td>\n<td>1000x bis 1x (9 Geschwindigkeiten)<\/td>\n<\/tr>\n<\/tbody>\n<\/table>\n<h3>Inklusive Zubeh\u00f6r<\/h3>\n<ul>\n<li>Montierung EQ8-R<\/li>\n<li>Verst\u00e4rktes S\u00e4ulenstativ (Pier Tripod)<\/li>\n<li>2 Gegengewichte \u00e0 9,9 kg (22 lbs)<\/li>\n<li>SynScan V5-Schl\u00e4ger<\/li>\n<li>Gegengewichtsstange<\/li>\n<li>DC-Stromkabel<\/li>\n<li>Handbuch<\/li>\n<\/ul>\n<h3>Eine ultimative L\u00f6sung f\u00fcr pers\u00f6nliche Observatorien<\/h3>\n<p>Die <strong>Sky-Watcher EQ8-R mit S\u00e4ulenstativ<\/strong> ist wie geschaffen f\u00fcr schwere Setups und die extremen Anforderungen der Astrofotografie auf h\u00f6chstem Niveau. Ihre Metallkonstruktion, die fortschrittlichen Funktionen, das interne Kabelmanagement und das massive Stativ machen sie zu einer S\u00e4ule der Stabilit\u00e4t und Leistung f\u00fcr permanente oder semi-permanente Installationen.<\/p>","protected":false},"excerpt":{"rendered":"<p>Sky-Watcher EQ8-R avec tr\u00e9pied colonne \u2013 Monture \u00e9quatoriale motoris\u00e9e de classe observatoire La Sky-Watcher EQ8-R avec tr\u00e9pied colonne est une monture \u00e9quatoriale GoTo \u00e0 tr\u00e8s haute capacit\u00e9, con\u00e7ue pour accueillir les instruments les plus lourds dans un contexte d&rsquo;observatoire fixe ou semi-permanent. Avec une capacit\u00e9 de charge de 50 kg et un tr\u00e9pied colonne ultra-stable, [&hellip;]<\/p>\n","protected":false},"featured_media":9221,"comment_status":"open","ping_status":"closed","template":"","meta":[],"product_brand":[822],"product_cat":[20,762],"product_tag":[],"class_list":{"0":"post-8827","1":"product","2":"type-product","3":"status-publish","4":"has-post-thumbnail","6":"product_brand-sky-watcher","7":"product_cat-montures","8":"product_cat-equatoriales","10":"first","11":"on_supplier","12":"taxable","13":"shipping-taxable","14":"purchasable","15":"product-type-simple"},"_links":{"self":[{"href":"https:\/\/deep-space-astronomy.ch\/de\/wp-json\/wp\/v2\/product\/8827","targetHints":{"allow":["GET"]}}],"collection":[{"href":"https:\/\/deep-space-astronomy.ch\/de\/wp-json\/wp\/v2\/product"}],"about":[{"href":"https:\/\/deep-space-astronomy.ch\/de\/wp-json\/wp\/v2\/types\/product"}],"replies":[{"embeddable":true,"href":"https:\/\/deep-space-astronomy.ch\/de\/wp-json\/wp\/v2\/comments?post=8827"}],"wp:featuredmedia":[{"embeddable":true,"href":"https:\/\/deep-space-astronomy.ch\/de\/wp-json\/wp\/v2\/media\/9221"}],"wp:attachment":[{"href":"https:\/\/deep-space-astronomy.ch\/de\/wp-json\/wp\/v2\/media?parent=8827"}],"wp:term":[{"taxonomy":"product_brand","embeddable":true,"href":"https:\/\/deep-space-astronomy.ch\/de\/wp-json\/wp\/v2\/product_brand?post=8827"},{"taxonomy":"product_cat","embeddable":true,"href":"https:\/\/deep-space-astronomy.ch\/de\/wp-json\/wp\/v2\/product_cat?post=8827"},{"taxonomy":"product_tag","embeddable":true,"href":"https:\/\/deep-space-astronomy.ch\/de\/wp-json\/wp\/v2\/product_tag?post=8827"}],"curies":[{"name":"wp","href":"https:\/\/api.w.org\/{rel}","templated":true}]}}