{"id":8828,"date":"2025-06-26T17:46:15","date_gmt":"2025-06-26T15:46:15","guid":{"rendered":"https:\/\/deep-space-astronomy.ch\/?post_type=product&#038;p=8828"},"modified":"2025-09-17T15:45:50","modified_gmt":"2025-09-17T13:45:50","slug":"sky-watcher-eq8-r-pro-tete","status":"publish","type":"product","link":"https:\/\/deep-space-astronomy.ch\/de\/produkt\/sky-watcher-eq8-r-pro-tete\/","title":{"rendered":"Sky-Watcher EQ8-R PRO (Kopf)"},"content":{"rendered":"<h3>Sky-Watcher EQ8-R - Motorisierte \u00e4quatoriale Montierung mit hoher Kapazit\u00e4t (Head Only)<\/h3>\n<p>Die <strong>Sky-Watcher EQ8-R<\/strong> ist eine \u00e4quatoriale GoTo-Montierung der Observatoriumsklasse, die f\u00fcr die anspruchsvollsten Astrofotografen entwickelt wurde. Bietet eine <strong>au\u00dfergew\u00f6hnliche Tragf\u00e4higkeit von 50 kg<\/strong>Sie ist f\u00fcr Benutzer mit schweren optischen R\u00f6hren gedacht, die eine robuste, pr\u00e4zise L\u00f6sung f\u00fcr feste oder halbpermanente Installationen w\u00fcnschen.<\/p>\n<p>Mit seiner <strong>Ganzmetallkonstruktion<\/strong>Das System mit Riemenantrieb in beiden Achsen und der <strong>intelligente interne Verdrahtung<\/strong>Die EQ8-R ist eine Referenz in der Welt der hochwertigen Brillenfassungen.<\/p>\n<h3>St\u00e4rken des Sky-Watcher EQ8-R<\/h3>\n<ul>\n<li>Tragf\u00e4higkeit bis zu <strong>50 kg<\/strong> - ideal f\u00fcr apo-Brillen 150-180 mm, Newtons 300+ und alle Zubeh\u00f6rteile<\/li>\n<li><strong>Riemenantrieb<\/strong> auf beiden Achsen - Verringerung des mechanischen Spiels und des L\u00e4rms<\/li>\n<li><strong>Interne Verdrahtung<\/strong> mit USB 3.0-, Strom- und seriellen Anschl\u00fcssen - keine herunterh\u00e4ngenden Kabel mehr<\/li>\n<li><strong>Hybride Schrittmotoren 0.9\u00b0.<\/strong> - mehr Fl\u00fcssigkeit und Pr\u00e4zision<\/li>\n<li><strong>SynScan V5-Schl\u00e4ger<\/strong> oder direkte PC-Steuerung - Datenbank mit 42 900 Objekten<\/li>\n<li><strong>Homing-Sensoren<\/strong>Integrierte Funktionen, wie z. B. die M\u00f6glichkeit, physische Anschl\u00e4ge zu verhindern, die Speicherung von PECs und die Verwaltung von Mehrfachbelastungen.<\/li>\n<\/ul>\n<h3>Technische Spezifikationen<\/h3>\n<table border=\"1\" cellspacing=\"0\" cellpadding=\"6\">\n<thead>\n<tr>\n<th colspan=\"2\">Montierung Sky-Watcher EQ8-R<\/th>\n<\/tr>\n<\/thead>\n<tbody>\n<tr>\n<td><strong>Typ<\/strong><\/td>\n<td>\u00c4quatorial motorisiert GoTo (hohe Kapazit\u00e4t)<\/td>\n<\/tr>\n<tr>\n<td><strong>Maximale Nutzlast<\/strong><\/td>\n<td>50 kg (110 lbs)<\/td>\n<\/tr>\n<tr>\n<td><strong>Motoren<\/strong><\/td>\n<td>Hybrid-Schritte 0.9\u00b0<\/td>\n<\/tr>\n<tr>\n<td><strong>Art des Trainings<\/strong><\/td>\n<td>Zahnriemen auf RA und DEC<\/td>\n<\/tr>\n<tr>\n<td><strong>H\u00f6he des Kopfes<\/strong><\/td>\n<td>49,5 cm<\/td>\n<\/tr>\n<tr>\n<td><strong>Gewicht des Kopfes<\/strong><\/td>\n<td>25,8 kg<\/td>\n<\/tr>\n<tr>\n<td><strong>OTA-Fixierung<\/strong><\/td>\n<td>Schwalbenschwanz Typ D (Losmandy)<\/td>\n<\/tr>\n<tr>\n<td><strong>Breitengradbereich<\/strong><\/td>\n<td>10\u00b0 \u00e0 65\u00b0<\/td>\n<\/tr>\n<tr>\n<td><strong>Polar Port<\/strong><\/td>\n<td>Optional<\/td>\n<\/tr>\n<tr>\n<td><strong>Erforderliche Stromversorgung<\/strong><\/td>\n<td>DC 11-16V, 3A (Luftfahrtanschluss mit Gewinde)<\/td>\n<\/tr>\n<\/tbody>\n<\/table>\n<table border=\"1\" cellspacing=\"0\" cellpadding=\"6\">\n<thead>\n<tr>\n<th colspan=\"2\">Verbindungstechnik und Elektronik<\/th>\n<\/tr>\n<\/thead>\n<tbody>\n<tr>\n<td><strong>Datenbank<\/strong><\/td>\n<td>Messier, NGC, IC, SAO + 25 Benutzerobjekte - insgesamt 42 900 Objekte<\/td>\n<\/tr>\n<tr>\n<td><strong>Inklusive Schneeschuh<\/strong><\/td>\n<td>SynScan V5 (Flash-upgradable)<\/td>\n<\/tr>\n<tr>\n<td><strong>Direkte PC-Verbindung<\/strong><\/td>\n<td>Ja (USB)<\/td>\n<\/tr>\n<tr>\n<td><strong>USB-Anschl\u00fcsse<\/strong><\/td>\n<td>4x USB 3.0<\/td>\n<\/tr>\n<tr>\n<td><strong>Power Ports<\/strong><\/td>\n<td>3x 2.1 mm (DC)<\/td>\n<\/tr>\n<tr>\n<td><strong>Serielle Anschl\u00fcsse<\/strong><\/td>\n<td>3x<\/td>\n<\/tr>\n<tr>\n<td><strong>Autoguide-Anschluss<\/strong><\/td>\n<td>Ja (ST4)<\/td>\n<\/tr>\n<tr>\n<td><strong>Wi-Fi<\/strong><\/td>\n<td>Optional (Dongle)<\/td>\n<\/tr>\n<tr>\n<td><strong>GPS<\/strong><\/td>\n<td>Optional (SynScan GPS-Modul)<\/td>\n<\/tr>\n<tr>\n<td><strong>Ausrichtungsverfahren<\/strong><\/td>\n<td>1, 2 oder 3 Sterne<\/td>\n<\/tr>\n<tr>\n<td><strong>Zeigegeschwindigkeiten<\/strong><\/td>\n<td>1000x bis 1x<\/td>\n<\/tr>\n<\/tbody>\n<\/table>\n<h3>Inklusive Zubeh\u00f6r<\/h3>\n<ul>\n<li>Sky-Watcher EQ8-R Montierung (nur Kopf)<\/li>\n<li>2 Gegengewichte \u00e0 9,9 kg (22 lbs)<\/li>\n<li>Gegengewichtsstange<\/li>\n<li>SynScan V5-Schl\u00e4ger<\/li>\n<li>DC-Stromkabel<\/li>\n<li>Integrierte USB- und serielle Anschl\u00fcsse<\/li>\n<li>Handbuch<\/li>\n<\/ul>\n<h3>Ein Standard f\u00fcr pers\u00f6nliche Observatorien<\/h3>\n<p>F\u00fcr permanente oder semi-permanente Installationen konzipiert, ist die <strong>Sky-Watcher EQ8-R<\/strong> ist die ideale L\u00f6sung f\u00fcr Astrofotografen, die mit imposanten Optiken arbeiten. Ihr Kabelmanagementsystem, ihre mechanische Pr\u00e4zision und ihre Kompatibilit\u00e4t mit der Fernsteuerung machen sie zu einer Referenzmontierung. Robust, modern und leistungsstark bietet sie eine zuverl\u00e4ssige Basis f\u00fcr Ihre ambitioniertesten Projekte.<\/p>","protected":false},"excerpt":{"rendered":"<p>Sky-Watcher EQ8-R \u2013 Monture \u00e9quatoriale motoris\u00e9e haute capacit\u00e9 (Head Only) La Sky-Watcher EQ8-R est une monture \u00e9quatoriale GoTo de classe observatoire, con\u00e7ue pour les astrophotographes les plus exigeants. Offrant une capacit\u00e9 de charge exceptionnelle de 50 kg, elle s&rsquo;adresse aux utilisateurs \u00e9quip\u00e9s de tubes optiques lourds, souhaitant une solution robuste, pr\u00e9cise et adapt\u00e9e aux installations [&hellip;]<\/p>\n","protected":false},"featured_media":9220,"comment_status":"open","ping_status":"closed","template":"","meta":[],"product_brand":[822],"product_cat":[20,762],"product_tag":[],"class_list":{"0":"post-8828","1":"product","2":"type-product","3":"status-publish","4":"has-post-thumbnail","6":"product_brand-sky-watcher","7":"product_cat-montures","8":"product_cat-equatoriales","10":"first","11":"on_supplier","12":"taxable","13":"shipping-taxable","14":"purchasable","15":"product-type-simple"},"_links":{"self":[{"href":"https:\/\/deep-space-astronomy.ch\/de\/wp-json\/wp\/v2\/product\/8828","targetHints":{"allow":["GET"]}}],"collection":[{"href":"https:\/\/deep-space-astronomy.ch\/de\/wp-json\/wp\/v2\/product"}],"about":[{"href":"https:\/\/deep-space-astronomy.ch\/de\/wp-json\/wp\/v2\/types\/product"}],"replies":[{"embeddable":true,"href":"https:\/\/deep-space-astronomy.ch\/de\/wp-json\/wp\/v2\/comments?post=8828"}],"wp:featuredmedia":[{"embeddable":true,"href":"https:\/\/deep-space-astronomy.ch\/de\/wp-json\/wp\/v2\/media\/9220"}],"wp:attachment":[{"href":"https:\/\/deep-space-astronomy.ch\/de\/wp-json\/wp\/v2\/media?parent=8828"}],"wp:term":[{"taxonomy":"product_brand","embeddable":true,"href":"https:\/\/deep-space-astronomy.ch\/de\/wp-json\/wp\/v2\/product_brand?post=8828"},{"taxonomy":"product_cat","embeddable":true,"href":"https:\/\/deep-space-astronomy.ch\/de\/wp-json\/wp\/v2\/product_cat?post=8828"},{"taxonomy":"product_tag","embeddable":true,"href":"https:\/\/deep-space-astronomy.ch\/de\/wp-json\/wp\/v2\/product_tag?post=8828"}],"curies":[{"name":"wp","href":"https:\/\/api.w.org\/{rel}","templated":true}]}}