{"id":8832,"date":"2025-06-26T17:46:15","date_gmt":"2025-06-26T15:46:15","guid":{"rendered":"https:\/\/deep-space-astronomy.ch\/?post_type=product&#038;p=8832"},"modified":"2025-09-17T15:45:50","modified_gmt":"2025-09-17T13:45:50","slug":"sky-watcher-star-adventurer-mini-wi-fi-sam-pro-pack","status":"publish","type":"product","link":"https:\/\/deep-space-astronomy.ch\/de\/produkt\/sky-watcher-star-adventurer-mini-wi-fi-sam-pro-pack\/","title":{"rendered":"Sky-Watcher Star Adventurer MINI Wi-Fi (SAM) (Pro-Pack)"},"content":{"rendered":"<div class=\"product-description\">\n<h3>Star Adventurer Mini (SAM) Full Pack - Die mobile L\u00f6sung zum Fotografieren des Himmels<\/h3>\n<p>Entdecken Sie <strong>SAM - der Star Adventurer Mini<\/strong> von Sky-Watcher: eine ultraleichte, intelligente und leistungsstarke \u00e4quatoriale Montierung, die f\u00fcr die <strong>Nachtlandschaften, Gro\u00dffeld-Astrofotografie und Zeitrafferaufnahmen<\/strong>. Dank eines geringen Gewichts von nur 680 g und einer <strong>Wi-Fi-Kontrolle<\/strong> SAM ist die ideale mobile L\u00f6sung f\u00fcr Fotografen und Videofilmer, die unterwegs sind.<\/p>\n<h3>Professionelle Funktionen im Miniformat<\/h3>\n<p>Der Star Adventurer Mini bietet einen <strong>genaue siderische, lunare oder solare Verfolgung<\/strong> f\u00fcr lange Belichtungszeiten ohne Sternschnuppen. Die kostenlose Anwendung <strong>Star Adventurer Konsole<\/strong> (iOS &amp; Android) k\u00f6nnen Sie Tracking-Geschwindigkeiten und Time-Lapse-Sequenzen vollst\u00e4ndig anpassen und Ihr Ger\u00e4t \u00fcber den eingebauten SNAP-Port automatisch ausl\u00f6sen. Eine externe Fernbedienung ist nicht erforderlich!<\/p>\n<p>Mit dem beleuchteten Polsucher l\u00e4sst sich das SAM auch von einem unerfahrenen Benutzer leicht auf die Polachse ausrichten. Einmal ausgerichtet, k\u00f6nnen Sie mit Ihrer Spiegelreflex- oder Hybridkamera die Milchstra\u00dfe und Nebel fotografieren oder immersive Time-Lapse-Videos erstellen.<\/p>\n<h3>Ein komplettes Paket, das sofort loslegen kann<\/h3>\n<ul>\n<li>Star Adventurer Mini Wi-Fi Montierung<\/li>\n<li>Deklinationsst\u00fctze (DEC bracket) mit Vixen-Sattel<\/li>\n<li>\u00c4quatoriale Basis (EQ base) mit Breiteneinstellung<\/li>\n<li>Kugelkopfadapter (ball head adapter)<\/li>\n<li>Polsucher mit LED-Beleuchtung<\/li>\n<li>Adapter f\u00fcr 3\/8\u2033 und 1\/4\u2033 Stativ<\/li>\n<\/ul>\n<p><em>Das SNAP-Kabel ist je nach Kameramodell separat erh\u00e4ltlich.<\/em><\/p>\n<h3>Hauptmerkmale<\/h3>\n<table border=\"1\" cellspacing=\"0\" cellpadding=\"8\">\n<thead>\n<tr>\n<th>Merkmal<\/th>\n<th>Detail<\/th>\n<\/tr>\n<\/thead>\n<tbody>\n<tr>\n<td>Art der Fassung<\/td>\n<td>Ultraportabler motorisierter \u00c4quatorialapparat<\/td>\n<\/tr>\n<tr>\n<td>Tragf\u00e4higkeit<\/td>\n<td>3 kg (6,6 lbs)<\/td>\n<\/tr>\n<tr>\n<td>Kontrolle<\/td>\n<td>Wi-Fi mit Star Adventurer Console App<\/td>\n<\/tr>\n<tr>\n<td>Nachverfolgungsmodi<\/td>\n<td>Siderisch, Lunar, Solar<\/td>\n<\/tr>\n<tr>\n<td>Gewicht des Rahmens<\/td>\n<td>1,5 lbs (680 g)<\/td>\n<\/tr>\n<tr>\n<td>Polsucher<\/td>\n<td>Ja, mit integrierter LED-Beleuchtung<\/td>\n<\/tr>\n<tr>\n<td>SNAP-Port<\/td>\n<td>Ja (DSLR-Automatikausl\u00f6ser)<\/td>\n<\/tr>\n<tr>\n<td>Autonomie<\/td>\n<td>24h mit 2x AA oder unbegrenzt \u00fcber USB 5V<\/td>\n<\/tr>\n<tr>\n<td>Stativbefestigung<\/td>\n<td>Doppelte Steigung 3\/8\u2033-16 + Adapter 1\/4\u2033-20<\/td>\n<\/tr>\n<tr>\n<td>Kompatibilit\u00e4t mit Zubeh\u00f6r<\/td>\n<td>Gesamtes Star Adventurer-Zubeh\u00f6r<\/td>\n<\/tr>\n<\/tbody>\n<\/table>\n<h3>Vollst\u00e4ndige technische Spezifikationen<\/h3>\n<table border=\"1\" cellspacing=\"0\" cellpadding=\"8\">\n<thead>\n<tr>\n<th>Spezifikation<\/th>\n<th>Detail<\/th>\n<\/tr>\n<\/thead>\n<tbody>\n<tr>\n<td>Art der Ern\u00e4hrung<\/td>\n<td>2 AA-Batterien oder 5V-Stromversorgung \u00fcber Mini-USB<\/td>\n<\/tr>\n<tr>\n<td>Tracking-Geschwindigkeit<\/td>\n<td>Individuell anpassbar (siderisch, solar, lunar)<\/td>\n<\/tr>\n<tr>\n<td>Plattform<\/td>\n<td>RA-Rotation (mit DEC-Achse \u00fcber Support)<\/td>\n<\/tr>\n<tr>\n<td>Befestigungssattel<\/td>\n<td>Typ Vixen (DEC-Unterst\u00fctzung)<\/td>\n<\/tr>\n<tr>\n<td>Time-lapse unterst\u00fctzt<\/td>\n<td>Kurz, lang, StarScape<\/td>\n<\/tr>\n<tr>\n<td>Motor<\/td>\n<td>Hohe Pr\u00e4zision - Ganzmetallgetriebe<\/td>\n<\/tr>\n<tr>\n<td>Kamera-Kompatibilit\u00e4t<\/td>\n<td>DSLR \/ spiegellos (bis zu 3 kg)<\/td>\n<\/tr>\n<tr>\n<td>Firmware-Update<\/td>\n<td>Lebenslang kostenlos<\/td>\n<\/tr>\n<tr>\n<td>Statusindikatoren<\/td>\n<td>Integrierte LEDs<\/td>\n<\/tr>\n<\/tbody>\n<\/table>\n<h3>Eine L\u00f6sung f\u00fcr Astrofotografie auf Reisen<\/h3>\n<p>Die <strong>SAM Full Pack<\/strong> richtet sich an <strong>Wanderfotografen<\/strong> die eine leistungsf\u00e4hige und zuverl\u00e4ssige L\u00f6sung im Miniformat behalten m\u00f6chten. Mit seinen fortschrittlichen Funktionen und seiner extremen Portabilit\u00e4t kann SAM jedes Fotostativ in eine stabile und effiziente Himmelsverfolgungsplattform verwandeln.<\/p>\n<p>Egal, ob Sie Anf\u00e4nger oder erfahrener Fotograf sind, Sie werden von der Benutzerfreundlichkeit dieses Trackers der n\u00e4chsten Generation begeistert sein. SAM hilft Ihnen, die Magie des Sternenhimmels einzufangen, eindrucksvolle Videos zu komponieren oder sich ohne sperrige Ausr\u00fcstung in die Astrofotografie einzuf\u00fchren.<\/p>\n<h3>Ideal f\u00fcr :<\/h3>\n<ul>\n<li>Die Milchstra\u00dfe mit einem 14-100-mm-Objektiv fotografieren<\/li>\n<li>Erstellen von Time-Laps von Sonnenunterg\u00e4ngen oder Sternenn\u00e4chten<\/li>\n<li>Leichtes Reisen mit einem kompletten Astrosystem<\/li>\n<li>Entdecken Sie die Astrofotografie ohne schwierige Lernkurve<\/li>\n<\/ul>\n<\/div>","protected":false},"excerpt":{"rendered":"<p>Star Adventurer Mini (SAM) Full Pack \u2013 La solution mobile pour photographier le ciel D\u00e9couvrez SAM \u2013 le Star Adventurer Mini de Sky-Watcher : une monture \u00e9quatoriale ultra-l\u00e9g\u00e8re, intelligente, et puissante, con\u00e7ue pour les amateurs de paysages nocturnes, d\u2019astrophotographie grand champ et de time-lapse. Gr\u00e2ce \u00e0 un poids plume de seulement 680 g et un [&hellip;]<\/p>\n","protected":false},"featured_media":8963,"comment_status":"open","ping_status":"closed","template":"","meta":[],"product_brand":[822],"product_cat":[20,762,765],"product_tag":[],"class_list":{"0":"post-8832","1":"product","2":"type-product","3":"status-publish","4":"has-post-thumbnail","6":"product_brand-sky-watcher","7":"product_cat-montures","8":"product_cat-equatoriales","9":"product_cat-ultra-portables","11":"first","12":"on_supplier","13":"taxable","14":"shipping-taxable","15":"purchasable","16":"product-type-simple"},"_links":{"self":[{"href":"https:\/\/deep-space-astronomy.ch\/de\/wp-json\/wp\/v2\/product\/8832","targetHints":{"allow":["GET"]}}],"collection":[{"href":"https:\/\/deep-space-astronomy.ch\/de\/wp-json\/wp\/v2\/product"}],"about":[{"href":"https:\/\/deep-space-astronomy.ch\/de\/wp-json\/wp\/v2\/types\/product"}],"replies":[{"embeddable":true,"href":"https:\/\/deep-space-astronomy.ch\/de\/wp-json\/wp\/v2\/comments?post=8832"}],"wp:featuredmedia":[{"embeddable":true,"href":"https:\/\/deep-space-astronomy.ch\/de\/wp-json\/wp\/v2\/media\/8963"}],"wp:attachment":[{"href":"https:\/\/deep-space-astronomy.ch\/de\/wp-json\/wp\/v2\/media?parent=8832"}],"wp:term":[{"taxonomy":"product_brand","embeddable":true,"href":"https:\/\/deep-space-astronomy.ch\/de\/wp-json\/wp\/v2\/product_brand?post=8832"},{"taxonomy":"product_cat","embeddable":true,"href":"https:\/\/deep-space-astronomy.ch\/de\/wp-json\/wp\/v2\/product_cat?post=8832"},{"taxonomy":"product_tag","embeddable":true,"href":"https:\/\/deep-space-astronomy.ch\/de\/wp-json\/wp\/v2\/product_tag?post=8832"}],"curies":[{"name":"wp","href":"https:\/\/api.w.org\/{rel}","templated":true}]}}