{"id":8840,"date":"2025-06-26T17:51:30","date_gmt":"2025-06-26T15:51:30","guid":{"rendered":"https:\/\/deep-space-astronomy.ch\/?post_type=product&#038;p=8840"},"modified":"2025-09-17T15:45:58","modified_gmt":"2025-09-17T13:45:58","slug":"sky-watcher-star-adventurer-gti-tete-de-monture-seule","status":"publish","type":"product","link":"https:\/\/deep-space-astronomy.ch\/de\/produkt\/sky-watcher-star-adventurer-gti-tete-de-monture-seule\/","title":{"rendered":"Sky-Watcher Star Adventurer GTi Montierungskopf allein"},"content":{"rendered":"<div class=\"product-description\">\n<h3>Star Adventurer GTi - GoTo-Leistung in einem ultraportablen Rahmen<\/h3>\n<p>Die <strong>Sky-Watcher Star Adventurer GTi<\/strong> ist die w\u00fcrdige Nachfolgerin der ber\u00fchmten Star Adventurer-Reihe. Sie ist f\u00fcr ihre Tragbarkeit und einfache Bedienung bekannt und verf\u00fcgt nun \u00fcber ein System <strong>GoTo vollst\u00e4ndig<\/strong>Das macht sie zu einer unverzichtbaren Wahl f\u00fcr mobile Astrofotografen, die nach Leistung und Leichtigkeit suchen.<\/p>\n<h3>Entwickelt f\u00fcr reisende Astrofotografen<\/h3>\n<p>Der Star Adventurer GTi ist ein kompaktes, aber leistungsstarkes Fahrzeug, das sich durch eine hohe Leistung auszeichnet. <strong>Tragf\u00e4higkeit von 5 kg<\/strong> (11 lbs), was eine Vielzahl von Konfigurationen unterst\u00fctzt: Spiegelreflex- oder Mirrorless-Kamera mit Teleobjektiv, kleines astrographisches Fernrohr oder sogar ein kleines Teleskop vom Typ <em>Skymax<\/em>. All das in einem leicht zu transportierenden Format, ideal f\u00fcr n\u00e4chtliche Ausfl\u00fcge unter dem Sternenhimmel.<\/p>\n<h3>GoTo-Funktionen und Steuerung \u00fcber Smartphone<\/h3>\n<p>Dank der Kompatibilit\u00e4t mit der App <strong>SynScan Pro (iOS und Android)<\/strong>k\u00f6nnen Sie \u00fcber das integrierte Wi-Fi mit Ihrem Smartphone auf jedes beliebige Himmelsobjekt zielen. Sie erhalten eine fl\u00fcssige, pr\u00e4zise und kabellose Steuerung. Und f\u00fcr die Liebhaber der klassischen Steuerung bietet die Montierung auch einen Anschluss f\u00fcr den SynScan-Steuerungsschl\u00e4ger (optional).<\/p>\n<h3>Folgegeschwindigkeiten f\u00fcr alle Szenarien<\/h3>\n<p>Ob Sie den Sternen (siderisch), der Sonne (solar) oder dem Mond (lunar) folgen wollen, der Star Adventurer GTi passt sich Ihren Bed\u00fcrfnissen an. Diese integrierten Modi eignen sich perfekt f\u00fcr die <strong>Weitfeldfotografie<\/strong>Die <strong>Nachtlandschaften<\/strong> oder auch Deep-Sky-Objekte mit l\u00e4ngeren Brennweiten.<\/p>\n<h3>Pr\u00e4zise Polarausrichtung und einfache Installation<\/h3>\n<p>Ausgestattet mit einem <strong>eingebauter beleuchteter Polsucher<\/strong>erm\u00f6glicht die Montierung eine schnelle und pr\u00e4zise Polarausrichtung, sogar im Dunkeln. Dank ihres ausgekl\u00fcgelten Designs l\u00e4sst sie sich leicht auf jedes Fotostativ mit 3\/8\u2033-Gewinde montieren und nimmt Schwalbenschwanz-Klemmplatten im Vixen-Format auf.<\/p>\n<h3>Inhalt des Kits (SKU S20590)<\/h3>\n<p>Dieses Paket enth\u00e4lt nur den Montierungskopf mit Gegengewicht, ohne Stativ oder Verl\u00e4ngerung. Der <strong>Stahlstativ Star Adventurer GTi<\/strong> sowie die Erh\u00f6hungss\u00e4ule sind im <em>Mount Kit<\/em> (SKU S20595).<\/p>\n<h3>Warum sollten Sie sich f\u00fcr den Star Adventurer GTi entscheiden?<\/h3>\n<ul>\n<li>Ultraportables \u00e4quatoriales Montierungssystem mit umfassenden GoTo-Funktionen<\/li>\n<li>Pr\u00e4zise motorisierte Nachf\u00fchrung durch Mini-Getriebe-Servomotoren<\/li>\n<li>Integriertes Wi-Fi f\u00fcr die kabellose Steuerung \u00fcber Smartphones<\/li>\n<li>SNAP-Anschluss zur Steuerung des Verschlusses Ihrer Spiegelreflex-\/Mirrorless-Kamera<\/li>\n<li>Unterst\u00fctzt Optiken mit einem Gewicht von bis zu 5 kg - ideal f\u00fcr die mobile Fotografie<\/li>\n<li>Kostenloses lebenslanges Firmware-Update<\/li>\n<li>Robuste, intuitive, f\u00fcr den Einsatz gedachte Konstruktion<\/li>\n<\/ul>\n<h3>Tabelle der Hauptmerkmale<\/h3>\n<table border=\"1\" cellspacing=\"0\" cellpadding=\"8\">\n<thead>\n<tr>\n<th>Merkmal<\/th>\n<th>Detail<\/th>\n<\/tr>\n<\/thead>\n<tbody>\n<tr>\n<td>Art der Fassung<\/td>\n<td>\u00c4quatorialguinea motorisiert mit GoTo<\/td>\n<\/tr>\n<tr>\n<td>Tragf\u00e4higkeit<\/td>\n<td>5 kg (11 lbs)<\/td>\n<\/tr>\n<tr>\n<td>Verbindungen<\/td>\n<td>USB, ST4, SynScan-Racket-Anschluss, SNAP-Anschluss<\/td>\n<\/tr>\n<tr>\n<td>Kontrolle<\/td>\n<td>Integriertes Wi-Fi oder optionales Racket<\/td>\n<\/tr>\n<tr>\n<td>Nachverfolgungsmodi<\/td>\n<td>Siderisch, solar, lunar<\/td>\n<\/tr>\n<tr>\n<td>Ern\u00e4hrung<\/td>\n<td>8 AA-Batterien oder externe 12V-Batterien (2,1 mm-Anschluss)<\/td>\n<\/tr>\n<tr>\n<td>Stativbefestigung<\/td>\n<td>3\/8\u2033-Gewinde<\/td>\n<\/tr>\n<tr>\n<td>Polar Scope<\/td>\n<td>Ja, erleuchtet<\/td>\n<\/tr>\n<\/tbody>\n<\/table>\n<h3>Vollst\u00e4ndige technische Spezifikationen<\/h3>\n<table border=\"1\" cellspacing=\"0\" cellpadding=\"8\">\n<thead>\n<tr>\n<th>Spezifikation<\/th>\n<th>Detail<\/th>\n<\/tr>\n<\/thead>\n<tbody>\n<tr>\n<td>Kopfabmessungen<\/td>\n<td>227 x 227 x 125 mm<\/td>\n<\/tr>\n<tr>\n<td>Motoren<\/td>\n<td>Mini-DC Servo<\/td>\n<\/tr>\n<tr>\n<td>Art der \u00dcbertragung<\/td>\n<td>Zahnr\u00e4der (gear)<\/td>\n<\/tr>\n<tr>\n<td>Unterst\u00fctzte Breitengrade<\/td>\n<td>0 \u00e0 70\u00b0<\/td>\n<\/tr>\n<tr>\n<td>Montagesattel<\/td>\n<td>Typ Vixen<\/td>\n<\/tr>\n<tr>\n<td>Gegengewichtsstange<\/td>\n<td>Ja, einziehbar (213mm \/ 20mm)<\/td>\n<\/tr>\n<tr>\n<td>Gegengewicht im Lieferumfang enthalten<\/td>\n<td>5 lbs (2,26 kg)<\/td>\n<\/tr>\n<tr>\n<td>Integriertes GPS<\/td>\n<td>Nicht<\/td>\n<\/tr>\n<tr>\n<td>Inklusive Schneeschuh<\/td>\n<td>Nicht<\/td>\n<\/tr>\n<tr>\n<td>Polarscope<\/td>\n<td>Ja, aufgestellt und ausgerichtet<\/td>\n<\/tr>\n<tr>\n<td>Gesamtgewicht beim Versand<\/td>\n<td>5,4 kg<\/td>\n<\/tr>\n<tr>\n<td>Abmessungen des Pakets<\/td>\n<td>30 x 40 x 18 cm<\/td>\n<\/tr>\n<\/tbody>\n<\/table>\n<h3>Schlussfolgerung<\/h3>\n<p>Die <strong>Star Adventurer GTi<\/strong> ist eine revolution\u00e4re tragbare Montierung, die die Flexibilit\u00e4t des Star Adventurer mit der Leistungsf\u00e4higkeit des GoTo verbindet. Sie ist sowohl f\u00fcr unerfahrene Amateure als auch f\u00fcr erfahrene Astrofotografen geeignet, die eine leichte und leistungsf\u00e4hige L\u00f6sung suchen, um den Himmel pr\u00e4zise einzufangen. Sie ist robust, intelligent und erweiterbar und wird Ihr bester Verb\u00fcndeter f\u00fcr Beobachtungsn\u00e4chte sein, wo auch immer Sie sich befinden.<\/p>\n<p><em>Dieses Produkt ist auch als Komplettversion mit Stativ und S\u00e4ulenverl\u00e4ngerung erh\u00e4ltlich - siehe SKU S20595.<\/em><\/p>\n<\/div>","protected":false},"excerpt":{"rendered":"<p>Star Adventurer GTi \u2013 La performance GoTo dans une monture ultra-portable La Sky-Watcher Star Adventurer GTi est la digne h\u00e9riti\u00e8re de la c\u00e9l\u00e8bre gamme Star Adventurer. Reconnue pour sa portabilit\u00e9 et sa simplicit\u00e9 d&rsquo;utilisation, elle int\u00e8gre d\u00e9sormais un syst\u00e8me GoTo complet, faisant d\u2019elle un choix incontournable pour les astrophotographes nomades en qu\u00eate de performance et [&hellip;]<\/p>\n","protected":false},"featured_media":8944,"comment_status":"open","ping_status":"closed","template":"","meta":[],"product_brand":[822],"product_cat":[20,762],"product_tag":[],"class_list":{"0":"post-8840","1":"product","2":"type-product","3":"status-publish","4":"has-post-thumbnail","6":"product_brand-sky-watcher","7":"product_cat-montures","8":"product_cat-equatoriales","10":"first","11":"on_supplier","12":"taxable","13":"shipping-taxable","14":"purchasable","15":"product-type-simple"},"_links":{"self":[{"href":"https:\/\/deep-space-astronomy.ch\/de\/wp-json\/wp\/v2\/product\/8840","targetHints":{"allow":["GET"]}}],"collection":[{"href":"https:\/\/deep-space-astronomy.ch\/de\/wp-json\/wp\/v2\/product"}],"about":[{"href":"https:\/\/deep-space-astronomy.ch\/de\/wp-json\/wp\/v2\/types\/product"}],"replies":[{"embeddable":true,"href":"https:\/\/deep-space-astronomy.ch\/de\/wp-json\/wp\/v2\/comments?post=8840"}],"wp:featuredmedia":[{"embeddable":true,"href":"https:\/\/deep-space-astronomy.ch\/de\/wp-json\/wp\/v2\/media\/8944"}],"wp:attachment":[{"href":"https:\/\/deep-space-astronomy.ch\/de\/wp-json\/wp\/v2\/media?parent=8840"}],"wp:term":[{"taxonomy":"product_brand","embeddable":true,"href":"https:\/\/deep-space-astronomy.ch\/de\/wp-json\/wp\/v2\/product_brand?post=8840"},{"taxonomy":"product_cat","embeddable":true,"href":"https:\/\/deep-space-astronomy.ch\/de\/wp-json\/wp\/v2\/product_cat?post=8840"},{"taxonomy":"product_tag","embeddable":true,"href":"https:\/\/deep-space-astronomy.ch\/de\/wp-json\/wp\/v2\/product_tag?post=8840"}],"curies":[{"name":"wp","href":"https:\/\/api.w.org\/{rel}","templated":true}]}}