{"id":8841,"date":"2025-06-26T17:51:30","date_gmt":"2025-06-26T15:51:30","guid":{"rendered":"https:\/\/deep-space-astronomy.ch\/?post_type=product&#038;p=8841"},"modified":"2026-04-24T18:21:43","modified_gmt":"2026-04-24T16:21:43","slug":"sky-watcher-hac125dx","status":"publish","type":"product","link":"https:\/\/deep-space-astronomy.ch\/de\/produkt\/sky-watcher-hac125dx\/","title":{"rendered":"Sky-Watcher HAC125DX"},"content":{"rendered":"<div class=\"product-description\">\n<h3>Sky-Watcher HAC125DX Minigraph - Katadioptrischer Astrograph Honders f\/2 ultraschnell<\/h3>\n<p>Die <strong>Sky-Watcher HAC125DX Minigraph<\/strong> ist ein <strong>fortgeschrittener katadioptrischer Astrograph<\/strong> unter Verwendung von optischem Design <strong>Honders<\/strong>, Die Kombination aus refraktiven und reflektierenden Oberfl\u00e4chen erm\u00f6glicht ein extrem schnelles, leichtes und kompaktes Instrument. Mit seinem <strong>Verh\u00e4ltnis f\/2<\/strong> und seiner Brennweite von 250 mm erfasst er Bilder bis zu <strong>5\u00d7 schneller<\/strong> als ein herk\u00f6mmliches 1:4,9-Objektiv, wodurch die Belichtungszeit erheblich verk\u00fcrzt und das Autoguiding oftmals \u00fcberfl\u00fcssig wird.<\/p>\n<p>Ausgestattet mit einem <strong>Grundspiegel Mangin<\/strong> mit Behandlung <strong>Radiant Aluminum Quartz (RAQ\u2122)<\/strong> und einem behandelten Korrektor <strong>HTMC\u2122<\/strong>, Der HAC125DX liefert scharfe, kontrastreiche und beugungsarme Bilder mit einem Bildkreis von <strong>16 mm<\/strong> perfekt f\u00fcr Kameras geeignet <strong>IMX533<\/strong> und <strong>IMX585<\/strong>. O-Ton <strong>neues spiralf\u00f6rmiges Fokussierungssystem auf der Prim\u00e4rseite<\/strong> erweitert die Kompatibilit\u00e4t mit verschiedenen Kameramodellen und vereinfacht die Fokussierung im realen Einsatz.<\/p>\n<h3>Starke Punkte<\/h3>\n<ul>\n<li><strong>Erweiterte Honders-Optik<\/strong> : Refraktor\/Reflektor-Kombination f\u00fcr eine hervorragende Bildqualit\u00e4t.<\/li>\n<li><strong>Schnelle Blende f\/2<\/strong> - ideal f\u00fcr Deep Sky Wide Field und ultrakurze Belichtungszeiten.<\/li>\n<li><strong>\u00d6ffnung 125 mm<\/strong> - hohe Sch\u00e4rfe und optimierte Lichtsammlung.<\/li>\n<li><strong>Brennweite 250 mm<\/strong> - perfekt f\u00fcr ausgedehnte Nebel, Sternfelder und Kometen.<\/li>\n<li><strong>Korrigierter Kreis 16 mm<\/strong> - optimiert f\u00fcr Sensoren vom Typ IMX533\/IMX585.<\/li>\n<li><strong>Leicht und kompakt<\/strong> : nur 3,8 kg bei 40 cm L\u00e4nge, einfacher Transport.<\/li>\n<li><strong>Prim\u00e4rkollimation<\/strong> m\u00f6glich f\u00fcr eine perfekte Ausrichtung.<\/li>\n<li><strong>Clamshell mit Schwalbenschwanz Vixen<\/strong> - schnelle und stabile Montage auf Foto-\/Astro-Rahmen.<\/li>\n<\/ul>\n<h3>Empfohlene Anwendungen<\/h3>\n<ul>\n<li><strong>Astrofotografie mit gro\u00dfem Bildfeld<\/strong> : Schnelle Aufnahme von Nebeln und ausgedehnten Sternenfeldern. Gekoppelt mit einer Kamera vom Typ URANUS oder Minicam8 kann man daraus ein Fotomonster machen.<\/li>\n<li><strong>Nomade und Reise<\/strong> : Kompaktes Format und geringes Gewicht, ideal f\u00fcr tragbare Fassungen.<\/li>\n<li><strong>Time-Lapse-Projekte oder Surveys<\/strong> : schnelle Bildrate dank 1:2.<\/li>\n<\/ul>\n<h3>Technische Daten<\/h3>\n<table>\n<tbody>\n<tr>\n<th>Optisches Design<\/th>\n<td>Honders Advanced Catadioptric<\/td>\n<\/tr>\n<tr>\n<th>Durchmesser<\/th>\n<td>125 mm<\/td>\n<\/tr>\n<tr>\n<th>Brennweite<\/th>\n<td>250 mm<\/td>\n<\/tr>\n<tr>\n<th>F\/D-Verh\u00e4ltnis<\/th>\n<td>f\/2<\/td>\n<\/tr>\n<tr>\n<th>Bildkreis<\/th>\n<td>16 mm<\/td>\n<\/tr>\n<tr>\n<th>Prim\u00e4rer Spiegel<\/th>\n<td>Mangin, RAQ\u2122-Behandlung<\/td>\n<\/tr>\n<tr>\n<th>Korrigierende Behandlung<\/th>\n<td>HTMC\u2122<\/td>\n<\/tr>\n<tr>\n<th>Gewicht<\/th>\n<td>3,8 kg<\/td>\n<\/tr>\n<tr>\n<th>L\u00e4nge des Rohrs<\/th>\n<td>40 cm<\/td>\n<\/tr>\n<tr>\n<th>Sekund\u00e4re Obstruktion (Durchmesser)<\/th>\n<td>53 mm<\/td>\n<\/tr>\n<tr>\n<th>Dawes-Grenze<\/th>\n<td>0,93\u2033<\/td>\n<\/tr>\n<tr>\n<th>Rayleigh-Grenze<\/th>\n<td>1,12\u2033<\/td>\n<\/tr>\n<tr>\n<th>Grenzmagnitude<\/th>\n<td>12,96<\/td>\n<\/tr>\n<tr>\n<th>Optische Qualit\u00e4t<\/th>\n<td>Begrenzte Beugung (1\/4-Welle)<\/td>\n<\/tr>\n<\/tbody>\n<\/table>\n<h3>Inklusive Zubeh\u00f6r<\/h3>\n<ul>\n<li>Clamshell mit Schwalbenschwanz Typ Vixen<\/li>\n<li>Kameraadapter 1,25\u2033 und M42\u00d70,75 (m\u00e4nnlich und weiblich)<\/li>\n<li>Nebelf\u00e4nger<\/li>\n<\/ul>\n<h3>Warum sollten Sie sich f\u00fcr den Minigraph HAC125DX entscheiden?<\/h3>\n<ul>\n<li><strong>Erfassungsgeschwindigkeit<\/strong> die f\u00fcr ein Instrument dieses Formats un\u00fcbertroffen ist.<\/li>\n<li><strong>Optimiertes optisches Design<\/strong> f\u00fcr maximale Sch\u00e4rfe und minimale Vignettierung.<\/li>\n<li><strong>Vielseitigkeit<\/strong> Die Kamera ist sowohl f\u00fcr ambitionierte Anf\u00e4nger als auch f\u00fcr fortgeschrittene Astrofotografen geeignet, die ein nomadisches Setup suchen.<\/li>\n<\/ul>\n<h3>SEO-Schl\u00fcsselw\u00f6rter<\/h3>\n<p>Sky-Watcher HAC125DX, Honders katadioptrischer Astrograph, Minigraph f\/2, tragbares Astrofototeleskop, 16 mm Bildkreis, IMX533, IMX585, schnelles Weitfeldteleskop.<\/p>\n<\/div>","protected":false},"excerpt":{"rendered":"<p>Sky-Watcher HAC125DX Minigraph \u2013 Astrographe catadioptrique Honders f\/2 ultra-rapide Le Sky-Watcher HAC125DX Minigraph est un astrographe catadioptrique avanc\u00e9 utilisant le design optique Honders, combinant surfaces r\u00e9fractives et r\u00e9fl\u00e9chissantes pour offrir un instrument ultra-rapide, l\u00e9ger et compact. Avec son rapport f\/2 et sa focale de 250\u00a0mm, il capture les images jusqu\u2019\u00e0 5\u00d7 plus vite qu\u2019une optique [&hellip;]<\/p>\n","protected":false},"featured_media":9718,"comment_status":"open","ping_status":"closed","template":"","meta":[],"product_brand":[822],"product_cat":[885],"product_tag":[],"class_list":{"0":"post-8841","1":"product","2":"type-product","3":"status-publish","4":"has-post-thumbnail","6":"product_brand-sky-watcher","7":"product_cat-honders-astrographes-rapides","9":"first","10":"on_supplier","11":"taxable","12":"shipping-taxable","13":"purchasable","14":"product-type-simple"},"_links":{"self":[{"href":"https:\/\/deep-space-astronomy.ch\/de\/wp-json\/wp\/v2\/product\/8841","targetHints":{"allow":["GET"]}}],"collection":[{"href":"https:\/\/deep-space-astronomy.ch\/de\/wp-json\/wp\/v2\/product"}],"about":[{"href":"https:\/\/deep-space-astronomy.ch\/de\/wp-json\/wp\/v2\/types\/product"}],"replies":[{"embeddable":true,"href":"https:\/\/deep-space-astronomy.ch\/de\/wp-json\/wp\/v2\/comments?post=8841"}],"wp:featuredmedia":[{"embeddable":true,"href":"https:\/\/deep-space-astronomy.ch\/de\/wp-json\/wp\/v2\/media\/9718"}],"wp:attachment":[{"href":"https:\/\/deep-space-astronomy.ch\/de\/wp-json\/wp\/v2\/media?parent=8841"}],"wp:term":[{"taxonomy":"product_brand","embeddable":true,"href":"https:\/\/deep-space-astronomy.ch\/de\/wp-json\/wp\/v2\/product_brand?post=8841"},{"taxonomy":"product_cat","embeddable":true,"href":"https:\/\/deep-space-astronomy.ch\/de\/wp-json\/wp\/v2\/product_cat?post=8841"},{"taxonomy":"product_tag","embeddable":true,"href":"https:\/\/deep-space-astronomy.ch\/de\/wp-json\/wp\/v2\/product_tag?post=8841"}],"curies":[{"name":"wp","href":"https:\/\/api.w.org\/{rel}","templated":true}]}}