{"id":8846,"date":"2025-06-26T17:51:31","date_gmt":"2025-06-26T15:51:31","guid":{"rendered":"https:\/\/deep-space-astronomy.ch\/?post_type=product&#038;p=8846"},"modified":"2025-09-17T15:46:05","modified_gmt":"2025-09-17T13:46:05","slug":"sky-watcher-evolux-62ed","status":"publish","type":"product","link":"https:\/\/deep-space-astronomy.ch\/de\/produkt\/sky-watcher-evolux-62ed\/","title":{"rendered":"Sky-Watcher Evolux-62ED"},"content":{"rendered":"<h3>Sky-Watcher-Teleskop Evolux 62ED - Kompakter APO-Refraktor der n\u00e4chsten Generation<\/h3>\n<p>Die <strong>Sky-Watcher Evolux 62ED<\/strong> ist ein apochromatischer Refraktor mit ED-Dublette, der f\u00fcr mobile Astrofotografen entwickelt wurde, die ein kompaktes, leichtes und leistungsstarkes Instrument suchen. Inspiriert von der Evostar-Serie, f\u00fchrt der Evolux mechanische und optische Verbesserungen ein, die ihn zu einer ausgezeichneten Wahl sowohl f\u00fcr die Bildgebung als auch f\u00fcr die visuelle Beobachtung machen.<\/p>\n<h3>Hauptmerkmale<\/h3>\n<ul>\n<li><strong>Optisches Design :<\/strong> Apochromatische ED-Dublette mit Luftspalt<\/li>\n<li><strong>Durchmesser :<\/strong> 62 mm<\/li>\n<li><strong>Brennweite :<\/strong> 400 mm (f\/6.45)<\/li>\n<li><strong>Brennweite mit Reducer :<\/strong> 360 mm (f\/5.8) - - <em>optional<\/em><\/li>\n<li><strong>Gewicht der R\u00f6hre :<\/strong> 2.5 kg<\/li>\n<li><strong>Fokussieren:<\/strong> Zahnstange 2.4\" (61 mm) mit 11:1 Untersetzung<\/li>\n<li><strong>Optische Behandlungen :<\/strong> MHTC\u2122 (Metallic High Transmission Coatings), Transmission bis zu 99.5%<\/li>\n<li><strong>Einziehbare Beschlagschutzhaube :<\/strong> F\u00fcr einen einfachen Transport<\/li>\n<li><strong>Enthaltenes Zubeh\u00f6r :<\/strong> Aluminiumkoffer, Halsband mit Schwalbenschwanz 45 mm<\/li>\n<\/ul>\n<h3>Ein tragbarer APO-Refraktor, ideal f\u00fcr die Gro\u00dffeld-Astrofotografie<\/h3>\n<p>Dank seines optimierten Designs ist das Evolux 62ED eine ausgezeichnete Wahl f\u00fcr leichte und mobile Setups. Es kann auch als High-End-Leitfernrohr verwendet werden. Die Optik, bestehend aus zwei Linsen, von denen eine aus ED-Glas besteht, minimiert chromatische Aberrationen und bietet gleichzeitig ein kontrastreiches und scharfes Bild.<\/p>\n<p>Mit dem <strong>0.9x Reducer \/ Flattener als Option<\/strong>Das System wird so zu einem Quadrupel mit zwei ED-Linsen - ideal f\u00fcr Vollformataufnahmen mit einem flachen Bildfeld.<\/p>\n<h3>Technische Spezifikationen<\/h3>\n<table>\n<tbody>\n<tr>\n<th>Merkmal<\/th>\n<th>Wert<\/th>\n<\/tr>\n<tr>\n<td>Optisches Design<\/td>\n<td>Apochromatischer Doppel-ED-Refraktor<\/td>\n<\/tr>\n<tr>\n<td>Durchmesser<\/td>\n<td>62 mm<\/td>\n<\/tr>\n<tr>\n<td>Brennweite<\/td>\n<td>400 mm<\/td>\n<\/tr>\n<tr>\n<td>Brennweite mit Reduzierst\u00fcck (Option)<\/td>\n<td>360 mm<\/td>\n<\/tr>\n<tr>\n<td>Er\u00f6ffnung<\/td>\n<td>f\/6,45 (oder f\/5,8 mit Untersetzungsgetriebe)<\/td>\n<\/tr>\n<tr>\n<td>L\u00e4nge Rohr (zusammengeklappt)<\/td>\n<td>295 mm<\/td>\n<\/tr>\n<tr>\n<td>L\u00e4nge Rohr (ausgebreitet)<\/td>\n<td>370 mm<\/td>\n<\/tr>\n<tr>\n<td>Gewicht<\/td>\n<td>2.5 kg<\/td>\n<\/tr>\n<tr>\n<td>Fokussieren<\/td>\n<td>61 mm dual speed 11:1<\/td>\n<\/tr>\n<tr>\n<td>Inklusive Zubeh\u00f6r<\/td>\n<td>Aluminiumkoffer, Halsband mit Schwalbenschwanz<\/td>\n<\/tr>\n<\/tbody>\n<\/table>\n<h3>Hervorragendes Preis-Leistungs-Verh\u00e4ltnis f\u00fcr Deep Sky und Visuell<\/h3>\n<p>Ob Sie ein Anf\u00e4nger oder ein erfahrener Astrofotograf sind, der <strong>Sky-Watcher Evolux 62ED<\/strong> bietet eine seltene Kombination aus optischer Leistung, geringem Gewicht, Modularit\u00e4t und erschwinglichem Preis. Es ist mit modernen Sensoren kompatibel und leicht zu transportieren. Es ist das Werkzeug der Wahl, um Nebel, offene Sternhaufen und Himmelslandschaften im gro\u00dfen Bildfeld einzufangen.<\/p>","protected":false},"excerpt":{"rendered":"<p>T\u00e9lescope Sky-Watcher Evolux 62ED \u2013 R\u00e9fracteur APO compact de nouvelle g\u00e9n\u00e9ration Le Sky-Watcher Evolux 62ED est un r\u00e9fracteur apochromatique \u00e0 doublet ED con\u00e7u pour les astrophotographes nomades \u00e0 la recherche d\u2019un instrument compact, l\u00e9ger et performant. Inspir\u00e9 de la s\u00e9rie Evostar, l\u2019Evolux introduit des am\u00e9liorations m\u00e9caniques et optiques qui en font un excellent choix aussi [&hellip;]<\/p>\n","protected":false},"featured_media":9231,"comment_status":"open","ping_status":"closed","template":"","meta":[],"product_brand":[822],"product_cat":[816,762,384,755,20],"product_tag":[],"class_list":{"0":"post-8846","1":"product","2":"type-product","3":"status-publish","4":"has-post-thumbnail","6":"product_brand-sky-watcher","7":"product_cat-nouveautes","8":"product_cat-equatoriales","9":"product_cat-lunettes_refracteurs","10":"product_cat-lunettes-apochromatiques","11":"product_cat-montures","13":"first","14":"on_supplier","15":"taxable","16":"shipping-taxable","17":"purchasable","18":"product-type-simple"},"_links":{"self":[{"href":"https:\/\/deep-space-astronomy.ch\/de\/wp-json\/wp\/v2\/product\/8846","targetHints":{"allow":["GET"]}}],"collection":[{"href":"https:\/\/deep-space-astronomy.ch\/de\/wp-json\/wp\/v2\/product"}],"about":[{"href":"https:\/\/deep-space-astronomy.ch\/de\/wp-json\/wp\/v2\/types\/product"}],"replies":[{"embeddable":true,"href":"https:\/\/deep-space-astronomy.ch\/de\/wp-json\/wp\/v2\/comments?post=8846"}],"wp:featuredmedia":[{"embeddable":true,"href":"https:\/\/deep-space-astronomy.ch\/de\/wp-json\/wp\/v2\/media\/9231"}],"wp:attachment":[{"href":"https:\/\/deep-space-astronomy.ch\/de\/wp-json\/wp\/v2\/media?parent=8846"}],"wp:term":[{"taxonomy":"product_brand","embeddable":true,"href":"https:\/\/deep-space-astronomy.ch\/de\/wp-json\/wp\/v2\/product_brand?post=8846"},{"taxonomy":"product_cat","embeddable":true,"href":"https:\/\/deep-space-astronomy.ch\/de\/wp-json\/wp\/v2\/product_cat?post=8846"},{"taxonomy":"product_tag","embeddable":true,"href":"https:\/\/deep-space-astronomy.ch\/de\/wp-json\/wp\/v2\/product_tag?post=8846"}],"curies":[{"name":"wp","href":"https:\/\/api.w.org\/{rel}","templated":true}]}}