{"id":8847,"date":"2025-06-26T17:51:31","date_gmt":"2025-06-26T15:51:31","guid":{"rendered":"https:\/\/deep-space-astronomy.ch\/?post_type=product&#038;p=8847"},"modified":"2025-09-17T15:46:05","modified_gmt":"2025-09-17T13:46:05","slug":"sky-watcher-evostar-150ed-ds-pro-eq6-r-pro","status":"publish","type":"product","link":"https:\/\/deep-space-astronomy.ch\/de\/produkt\/sky-watcher-evostar-150ed-ds-pro-eq6-r-pro\/","title":{"rendered":"Sky-Watcher Evostar-150ED DS-PRO + EQ6-R PRO"},"content":{"rendered":"<h3>Sky-Watcher Evostar-150ED auf EQ6-R Pro - Optische Spitzenleistung f\u00fcr die Astrofotografie<\/h3>\n<p>Die <strong>apochromatische L\u00fcnette Sky-Watcher Evostar-150ED<\/strong> ist ein au\u00dfergew\u00f6hnliches Instrument, das f\u00fcr anspruchsvolle Liebhaber der visuellen und fotografischen Astronomie entwickelt wurde. Dank des 150-mm-Objektivs und des sorgf\u00e4ltigen optischen Designs liefert es gestochen scharfe Bilder mit atemberaubendem Kontrast und kaum vorhandener chromatischer Aberration.<\/p>\n<p>Das optische Herzst\u00fcck dieser Brille ist ein Dublettenglas, das aus einem ED-Glaselement (mit sehr geringer Dispersion) und einem sorgf\u00e4ltig aufeinander abgestimmten Crown-Glaselement besteht. Diese Glasauswahl erm\u00f6glicht eine optimale Farbkorrektur auch bei hoher Vergr\u00f6\u00dferung. Die Linsenoberfl\u00e4chen sind mit einer exklusiven mehrschichtigen Metallbeschichtung versehen. <strong>MHC - Metallic High Transmission Coatings<\/strong>, Die Lichtdurchl\u00e4ssigkeit von fast 99,5 % ist au\u00dfergew\u00f6hnlich.<\/p>\n<p>Mit einer Brennweite von 1200 mm und einem \u00d6ffnungsverh\u00e4ltnis von 1:8 positioniert sich das 150ED als ein sehr vielseitiges Fernrohr. Es gl\u00e4nzt auf dem Mond, auf Planeten und Doppelsternen, aber auch in der Deep-Sky-Ansicht mit einem 0,85-fachen Brennweitenreduzierer (separat erh\u00e4ltlich), der ideal ist, um das Feld zu vergr\u00f6\u00dfern und die Belichtungszeiten bei der Fotografie zu verk\u00fcrzen.<\/p>\n<p>Die mechanische Verarbeitung ist ebenfalls auf der H\u00f6he der Zeit: ein <strong>2\u201d Crayford-Okularhalter mit 11:1-\u00dcbersetzung<\/strong> sorgt f\u00fcr eine feine, spielfreie Fokussierung, und das Ganze kommt in einer soliden <strong>Aluminiumkoffer<\/strong>, mit bearbeiteten Schellen und 45 mm Schwalbenschwanzstange. Das Instrument wird ohne Okular, Sucher oder Winkeltrieb geliefert, so dass Sie die Konfiguration nach Ihren Bed\u00fcrfnissen w\u00e4hlen k\u00f6nnen.<\/p>\n<h4>Eigenschaften des Fernrohrs Evostar-150ED<\/h4>\n<table>\n<tbody>\n<tr>\n<td><strong>Typ<\/strong><\/td>\n<td>Apochromatische L\u00fcnette (ED-Dublette)<\/td>\n<\/tr>\n<tr>\n<td><strong>Durchmesser<\/strong><\/td>\n<td>150 mm<\/td>\n<\/tr>\n<tr>\n<td><strong>Brennweite<\/strong><\/td>\n<td>1200 mm (f\/8)<\/td>\n<\/tr>\n<tr>\n<td><strong>Okularhalter<\/strong><\/td>\n<td>Crayford 2\u2033, vervielf\u00e4ltigt 11:1<\/td>\n<\/tr>\n<tr>\n<td><strong>L\u00e4nge des Rohrs<\/strong><\/td>\n<td>1280 mm (eingefahrener Okularhalter)<\/td>\n<\/tr>\n<tr>\n<td><strong>Gewicht der OTA<\/strong><\/td>\n<td>9,5 kg (mit mitgeliefertem Zubeh\u00f6r)<\/td>\n<\/tr>\n<tr>\n<td><strong>Inklusive Zubeh\u00f6r<\/strong><\/td>\n<td>Rohrschellen, Schwalbenschwanzstange 45 mm, Aluminiumkoffer<\/td>\n<\/tr>\n<tr>\n<td><strong>Zubeh\u00f6r nicht enthalten<\/strong><\/td>\n<td>Okulare, Sucher, abgewinkelte Umlenkung<\/td>\n<\/tr>\n<\/tbody>\n<\/table>\n<h3>Montierung EQ6-R Pro SynScan - Der Standard f\u00fcr den modernen Astrofotografen<\/h3>\n<p>Die <strong>\u00c4quatoriale Montierung EQ6-R Pro<\/strong> ist die lang erwartete Weiterentwicklung des erfolgreichen EQ6. Entwickelt f\u00fcr ambitionierte Astrofotografen, vereint sie Robustheit, Pr\u00e4zision und technische Innovationen. Ihr optimiertes Design beinhaltet Synchronriemen, die den Backlash drastisch reduzieren und eine fl\u00fcssige und leise F\u00fchrung erm\u00f6glichen.<\/p>\n<p>Sie h\u00e4lt bis zu <strong>20 kg Nutzlast in der Astrofotografie<\/strong> bei gleichzeitiger Wahrung einer ausgezeichneten Stabilit\u00e4t. Die Breitenverstellung wurde neu gestaltet, um ein breites Spektrum an Beobachtungsbreiten abzudecken, und der integrierte Griff erleichtert das Tragen im Feld erheblich.<\/p>\n<p>Zu den erweiterten Funktionen geh\u00f6ren ein <strong>SNAP-Anschluss zum automatischen Ausl\u00f6sen der Kamera<\/strong>eine <strong>permanente periodische Fehlerkorrektur (PPEC)<\/strong>, und ein SynScan-Autopunktesystem mit einer Datenbank von \u00fcber 42.000 Himmelsobjekten.<\/p>\n<h4>Technische Daten der Montierung EQ6-R Pro<\/h4>\n<table>\n<tbody>\n<tr>\n<td><strong>Typ<\/strong><\/td>\n<td>Deutsche \u00e4quatoriale Fassung<\/td>\n<\/tr>\n<tr>\n<td><strong>Nutzlast Astrophoto<\/strong><\/td>\n<td>20 kg<\/td>\n<\/tr>\n<tr>\n<td><strong>Gewicht der Montierung (ohne Stativ)<\/strong><\/td>\n<td>17,3 kg<\/td>\n<\/tr>\n<tr>\n<td><strong>Breitengradbereich<\/strong><\/td>\n<td>5\u00b0 \u00e0 65\u00b0<\/td>\n<\/tr>\n<tr>\n<td><strong>Azimutale Einstellung<\/strong><\/td>\n<td>\u00b19\u00b0 ca.<\/td>\n<\/tr>\n<tr>\n<td><strong>Stativ<\/strong><\/td>\n<td>Edelstahl 2\u201d, 7,5 kg<\/td>\n<\/tr>\n<tr>\n<td><strong>Gegengewichte im Lieferumfang enthalten<\/strong><\/td>\n<td>2 x 5 kg<\/td>\n<\/tr>\n<tr>\n<td><strong>\u00dcbertragung<\/strong><\/td>\n<td>Riemen + Schnecke (180:1)<\/td>\n<\/tr>\n<tr>\n<td><strong>Aufl\u00f6sung<\/strong><\/td>\n<td>9216000 Schritte \/ Umdrehung (~0.14 arcsec)<\/td>\n<\/tr>\n<tr>\n<td><strong>Max. Anzeigeschwindigkeit<\/strong><\/td>\n<td>4.2\u00b0\/s<\/td>\n<\/tr>\n<tr>\n<td><strong>Auto Guidance<\/strong><\/td>\n<td>Geschwindigkeiten von 0,125x bis 1x<\/td>\n<\/tr>\n<tr>\n<td><strong>Ern\u00e4hrung<\/strong><\/td>\n<td>DC 11-16V \/ 4A<\/td>\n<\/tr>\n<tr>\n<td><strong>Kontrolle<\/strong><\/td>\n<td>SynScan-Controller, Basis von 42.000 Objekten<\/td>\n<\/tr>\n<tr>\n<td><strong>Polarausrichtung<\/strong><\/td>\n<td>Integrierte Polarisationsbrille<\/td>\n<\/tr>\n<\/tbody>\n<\/table>\n<p>Das Ganze <strong>Evostar-150ED + EQ6-R Pro<\/strong> ist ein hochwertiges Paar, das sich perfekt f\u00fcr die ernsthafte Erkundung des Himmels eignet, sowohl f\u00fcr visuelle als auch f\u00fcr fotografische Zwecke. Eine L\u00f6sung, die auf Dauer angelegt ist, sich weiterentwickelt und Ihnen unvergessliche N\u00e4chte unter dem Sternenhimmel beschert.<\/p>","protected":false},"excerpt":{"rendered":"<p>Sky-Watcher Evostar-150ED sur EQ6-R Pro \u2013 L\u2019excellence optique au service de l\u2019astrophotographie La lunette apochromatique Sky-Watcher Evostar-150ED est un instrument d\u2019exception con\u00e7u pour les passionn\u00e9s d\u2019astronomie visuelle et photographique exigeants. Gr\u00e2ce \u00e0 son objectif de 150 mm et sa conception optique soign\u00e9e, elle offre des images d\u2019une pr\u00e9cision redoutable, avec un contraste saisissant et une [&hellip;]<\/p>\n","protected":false},"featured_media":9124,"comment_status":"open","ping_status":"closed","template":"","meta":[],"product_brand":[822],"product_cat":[384,762,755],"product_tag":[],"class_list":{"0":"post-8847","1":"product","2":"type-product","3":"status-publish","4":"has-post-thumbnail","6":"product_brand-sky-watcher","7":"product_cat-lunettes_refracteurs","8":"product_cat-equatoriales","9":"product_cat-lunettes-apochromatiques","11":"first","12":"on_supplier","13":"taxable","14":"shipping-taxable","15":"purchasable","16":"product-type-simple"},"_links":{"self":[{"href":"https:\/\/deep-space-astronomy.ch\/de\/wp-json\/wp\/v2\/product\/8847","targetHints":{"allow":["GET"]}}],"collection":[{"href":"https:\/\/deep-space-astronomy.ch\/de\/wp-json\/wp\/v2\/product"}],"about":[{"href":"https:\/\/deep-space-astronomy.ch\/de\/wp-json\/wp\/v2\/types\/product"}],"replies":[{"embeddable":true,"href":"https:\/\/deep-space-astronomy.ch\/de\/wp-json\/wp\/v2\/comments?post=8847"}],"wp:featuredmedia":[{"embeddable":true,"href":"https:\/\/deep-space-astronomy.ch\/de\/wp-json\/wp\/v2\/media\/9124"}],"wp:attachment":[{"href":"https:\/\/deep-space-astronomy.ch\/de\/wp-json\/wp\/v2\/media?parent=8847"}],"wp:term":[{"taxonomy":"product_brand","embeddable":true,"href":"https:\/\/deep-space-astronomy.ch\/de\/wp-json\/wp\/v2\/product_brand?post=8847"},{"taxonomy":"product_cat","embeddable":true,"href":"https:\/\/deep-space-astronomy.ch\/de\/wp-json\/wp\/v2\/product_cat?post=8847"},{"taxonomy":"product_tag","embeddable":true,"href":"https:\/\/deep-space-astronomy.ch\/de\/wp-json\/wp\/v2\/product_tag?post=8847"}],"curies":[{"name":"wp","href":"https:\/\/api.w.org\/{rel}","templated":true}]}}