{"id":8848,"date":"2025-06-26T17:51:31","date_gmt":"2025-06-26T15:51:31","guid":{"rendered":"https:\/\/deep-space-astronomy.ch\/?post_type=product&#038;p=8848"},"modified":"2025-09-17T15:46:05","modified_gmt":"2025-09-17T13:46:05","slug":"sky-watcher-evostar-150ed-ds-pro","status":"publish","type":"product","link":"https:\/\/deep-space-astronomy.ch\/de\/produkt\/sky-watcher-evostar-150ed-ds-pro\/","title":{"rendered":"Sky-Watcher Evostar-150ED DS-PRO"},"content":{"rendered":"<h3>Sky-Watcher Evostar-150ED Super APO Fernrohr<\/h3>\n<p>Die <strong>Sky-Watcher Evostar-150ED Super APO<\/strong> verk\u00f6rpert die Exzellenz in der visuellen und fotografischen Astronomie. Mit seinem apochromatischen 150mm-Objektiv liefert dieses Fernrohr au\u00dfergew\u00f6hnlich scharfe Bilder mit hohem Kontrast und einer bemerkenswerten Farbkorrektur. Sein optisches Design basiert auf einem ED-Dublett, das ein Glaselement mit sehr geringer Dispersion (ED) und ein Crown-Glaselement kombiniert und so f\u00fcr eine detailgetreue Wiedergabe sorgt.<\/p>\n<p>Die Luft-Glas-Oberfl\u00e4chen profitieren von exklusiven mehrschichtigen Metallbehandlungen, den sogenannten <strong>\"Metallic High-Transmission Coatings\" (MHC)<\/strong>Sie bieten eine Lichtdurchl\u00e4ssigkeit von bis zu 99,5 % - ein echter Vorteil f\u00fcr die Beobachtung von Planeten, Mond und Deep Sky.<\/p>\n<p>Mit ihrem f\/8-Verh\u00e4ltnis eignet sich die Evostar-150ED sowohl f\u00fcr hochpr\u00e4zise Beobachtungen als auch f\u00fcr die Astrofotografie. F\u00fcr Fotografen ist ein <strong>Fokusverkleinerer\/Korrektor 0.85x<\/strong> ist optional erh\u00e4ltlich, um das Feld zu erweitern und die Feldkr\u00fcmmung perfekt zu korrigieren.<\/p>\n<p>Das Zielfernrohr wird in einem Aluminium-Transportkoffer mit bearbeiteten Befestigungsschellen und einer 45-mm-Schwalbenschwanzstange geliefert. Es ist mit einem <strong>2\" Crayford-Okularhalter mit doppelter Geschwindigkeit (11:1)<\/strong>Die Kamera ist pr\u00e4zise und fl\u00fcssig, ideal f\u00fcr die Feinfokussierung.<\/p>\n<p>Achtung: Das Fernrohr wird ohne Okular, Sucher oder Winkeltrieb geliefert, sodass Sie Ihre Ausr\u00fcstung nach Ihren Bed\u00fcrfnissen erg\u00e4nzen k\u00f6nnen.<\/p>\n<p>Eine Brille, die f\u00fcr anspruchsvolle Enthusiasten entwickelt wurde, die optische und mechanische Perfektion in einer robusten und eleganten R\u00f6hre suchen.<\/p>\n<h4>Technische Daten<\/h4>\n<table>\n<tbody>\n<tr>\n<td><strong>Typ<\/strong><\/td>\n<td>Apochromatische L\u00fcnette (ED-Dublette)<\/td>\n<\/tr>\n<tr>\n<td><strong>Durchmesser des Objektivs<\/strong><\/td>\n<td>150 mm<\/td>\n<\/tr>\n<tr>\n<td><strong>Brennweite<\/strong><\/td>\n<td>1200 mm (f\/8)<\/td>\n<\/tr>\n<tr>\n<td><strong>Okularhalter<\/strong><\/td>\n<td>Crayford 2\u2033 vervielf\u00e4ltigt 11:1<\/td>\n<\/tr>\n<tr>\n<td><strong>Inklusive Zubeh\u00f6r<\/strong><\/td>\n<td>Rohrschellen, Schwalbenschwanzstange 45 mm, Aluminiumkoffer<\/td>\n<\/tr>\n<tr>\n<td><strong>Gewicht des OTA (mit Zubeh\u00f6r)<\/strong><\/td>\n<td>9,5 kg<\/td>\n<\/tr>\n<tr>\n<td><strong>L\u00e4nge des Tubus (eingefahrener Okularhalter)<\/strong><\/td>\n<td>1280 mm<\/td>\n<\/tr>\n<tr>\n<td><strong>Okulare \/ Sucher \/ gewinkelte Umlenkung<\/strong><\/td>\n<td>Nicht enthalten<\/td>\n<\/tr>\n<\/tbody>\n<\/table>\n<p>Dieses Modell wird sowohl visuelle Beobachter als auch Astrofotografen begeistern, die auf der Suche nach einem seri\u00f6sen Instrument mit beeindruckendem Potenzial sind.<\/p>","protected":false},"excerpt":{"rendered":"<p>Lunette Sky-Watcher Evostar-150ED Super APO La Sky-Watcher Evostar-150ED Super APO incarne l\u2019excellence en mati\u00e8re d\u2019astronomie visuelle et photographique. Gr\u00e2ce \u00e0 son objectif apochromatique de 150 mm, cette lunette offre des images d\u2019une nettet\u00e9 exceptionnelle, avec un contraste \u00e9lev\u00e9 et une correction chromatique remarquable. Sa conception optique repose sur un doublet ED, combinant un \u00e9l\u00e9ment en [&hellip;]<\/p>\n","protected":false},"featured_media":9123,"comment_status":"open","ping_status":"closed","template":"","meta":[],"product_brand":[822],"product_cat":[384,755],"product_tag":[],"class_list":{"0":"post-8848","1":"product","2":"type-product","3":"status-publish","4":"has-post-thumbnail","6":"product_brand-sky-watcher","7":"product_cat-lunettes_refracteurs","8":"product_cat-lunettes-apochromatiques","10":"first","11":"on_supplier","12":"taxable","13":"shipping-taxable","14":"purchasable","15":"product-type-simple"},"_links":{"self":[{"href":"https:\/\/deep-space-astronomy.ch\/de\/wp-json\/wp\/v2\/product\/8848","targetHints":{"allow":["GET"]}}],"collection":[{"href":"https:\/\/deep-space-astronomy.ch\/de\/wp-json\/wp\/v2\/product"}],"about":[{"href":"https:\/\/deep-space-astronomy.ch\/de\/wp-json\/wp\/v2\/types\/product"}],"replies":[{"embeddable":true,"href":"https:\/\/deep-space-astronomy.ch\/de\/wp-json\/wp\/v2\/comments?post=8848"}],"wp:featuredmedia":[{"embeddable":true,"href":"https:\/\/deep-space-astronomy.ch\/de\/wp-json\/wp\/v2\/media\/9123"}],"wp:attachment":[{"href":"https:\/\/deep-space-astronomy.ch\/de\/wp-json\/wp\/v2\/media?parent=8848"}],"wp:term":[{"taxonomy":"product_brand","embeddable":true,"href":"https:\/\/deep-space-astronomy.ch\/de\/wp-json\/wp\/v2\/product_brand?post=8848"},{"taxonomy":"product_cat","embeddable":true,"href":"https:\/\/deep-space-astronomy.ch\/de\/wp-json\/wp\/v2\/product_cat?post=8848"},{"taxonomy":"product_tag","embeddable":true,"href":"https:\/\/deep-space-astronomy.ch\/de\/wp-json\/wp\/v2\/product_tag?post=8848"}],"curies":[{"name":"wp","href":"https:\/\/api.w.org\/{rel}","templated":true}]}}