{"id":9071,"date":"2025-07-10T17:52:36","date_gmt":"2025-07-10T15:52:36","guid":{"rendered":"https:\/\/deep-space-astronomy.ch\/?post_type=product&#038;p=9071"},"modified":"2025-08-17T19:15:56","modified_gmt":"2025-08-17T17:15:56","slug":"monture-10-micron-gm1000-hps-ep","status":"publish","type":"product","link":"https:\/\/deep-space-astronomy.ch\/de\/produkt\/monture-10-micron-gm1000-hps-ep\/","title":{"rendered":"GM1000 HPS EP (Enhanced Performance)"},"content":{"rendered":"<p>&nbsp;<\/p>\n<h1 style=\"text-align: center;\">10Micron GM1000 HPS EP - Neue Leistungsgeneration f\u00fcr Astrofotografie-Enthusiasten<\/h1>\n<p><strong>Die Montierung 10Micron GM1000 HPS EP<\/strong> stellt eine bedeutende Entwicklung in der Welt der hochwertigen \u00e4quatorialen Montierungen dar. Mit einer um 20 % erh\u00f6hten Tragf\u00e4higkeit, einer verst\u00e4rkten Mechanik und der neuen V3-Elektronik wird sie zur idealen L\u00f6sung f\u00fcr professionelle und anspruchsvolle Astrofotografen, die eine kompakte, pr\u00e4zise und ultra-stabile Montierung suchen.<\/p>\n<h2>\ud83d\udef0\ufe0f Ein Konzentrat an Technologie im Dienste der Pr\u00e4zision<\/h2>\n<p>Der GM1000 HPS EP basiert auf der Technologie <strong>HPS (High Precision &amp; Speed)<\/strong>Die neue Generation von Tracking-Systemen, die ultraschnelle b\u00fcrstenlose Servomotoren, Absolut-Encoder f\u00fcr beide Achsen und eine fortschrittliche Software-Modellierung kombiniert. Das Ergebnis: eine Verfolgung mit einer Genauigkeit von bis zu <strong>+\/- 1\u2033 auf 15 Minuten<\/strong>In den meisten F\u00e4llen ohne Autoguiding.<\/p>\n<h2>\ud83d\udd0d Die wichtigsten Neuerungen in der EP-Version (Enhanced Performance)<\/h2>\n<table border=\"1\" cellspacing=\"0\" cellpadding=\"8\">\n<thead>\n<tr>\n<th>Verbesserung<\/th>\n<th>Konkreter Nutzen<\/th>\n<\/tr>\n<\/thead>\n<tbody>\n<tr>\n<td>Kapazit\u00e4t auf 30 kg erh\u00f6ht (+20%)<\/td>\n<td>M\u00f6glichkeit, schwerere Optiken mit mehr Zubeh\u00f6r (Filterrad, gek\u00fchlte Kamera usw.) zu verwenden<\/td>\n<\/tr>\n<tr>\n<td>Gest\u00e4rkte RA- und DEC-Achsen<\/td>\n<td>Weniger mechanische Biegungen, h\u00f6here Stabilit\u00e4t bei langen Posen<\/td>\n<\/tr>\n<tr>\n<td>Gr\u00f6\u00dfere und optimierte Lager<\/td>\n<td>Fl\u00fcssigere Bewegungen und gr\u00f6\u00dfere Haltbarkeit<\/td>\n<\/tr>\n<tr>\n<td>Neu gestaltete Schneckenhalterungen<\/td>\n<td>Bessere mechanische Integrit\u00e4t, noch genauere Verfolgung<\/td>\n<\/tr>\n<tr>\n<td>Neue V3-Kontrollbox<\/td>\n<td>Deutsche Industrie-Steckverbinder, bessere Konnektivit\u00e4t, integriertes GPS<\/td>\n<\/tr>\n<tr>\n<td>Verbesserte Webschnittstelle<\/td>\n<td>Einfache Fern\u00fcberwachung und -einstellungen, ideal f\u00fcr eine robotergest\u00fctzte Sternwarte<\/td>\n<\/tr>\n<\/tbody>\n<\/table>\n<h2>\ud83c\udfaf F\u00fcr wen ist der GM1000 HPS EP gemacht?<\/h2>\n<ul>\n<li><strong>Anspruchsvolle Astrofotografen<\/strong> Die Kamera ist f\u00fcr Amateure und Profis geeignet, die das Beste aus ihrem Setup herausholen m\u00f6chten, und das in einer noch transportablen Montierung.<\/li>\n<li><strong>Besitzer eines GM1000 HPS<\/strong> : diejenigen, die ihr Reittier aufr\u00fcsten m\u00f6chten, um eine schwerere Ausr\u00fcstung unterzubringen, ohne auf eine schwerere Produktreihe umzusteigen.<\/li>\n<li><strong>Fernobservatorien<\/strong> : dank ihrer Autonomie, Zuverl\u00e4ssigkeit und der Kompatibilit\u00e4t mit einem Fernbetrieb.<\/li>\n<\/ul>\n<h2>\u2699\ufe0f Wichtigste technische Daten<\/h2>\n<table border=\"1\" cellspacing=\"0\" cellpadding=\"8\">\n<thead>\n<tr>\n<th>Merkmal<\/th>\n<th>Wert<\/th>\n<\/tr>\n<\/thead>\n<tbody>\n<tr>\n<td>Tragf\u00e4higkeit<\/td>\n<td>30 kg (nicht gegenbalanciert)<\/td>\n<\/tr>\n<tr>\n<td>Max. Zeigergeschwindigkeit<\/td>\n<td>15\u00b0\/s<\/td>\n<\/tr>\n<tr>\n<td>Genauigkeit beim Zeigen<\/td>\n<td>&lt; 20&quot; Bogen<\/td>\n<\/tr>\n<tr>\n<td>Tracking-Genauigkeit<\/td>\n<td>+\/- 1\" \u00fcber 15 min (0.7\" RMS)<\/td>\n<\/tr>\n<tr>\n<td>Encoder<\/td>\n<td>Absolute auf beiden Achsen, &lt; 0.1\u2033 Lesefehler<\/td>\n<\/tr>\n<tr>\n<td>Kontrollbox<\/td>\n<td>V3, Binder-Anschl\u00fcsse, externe WiFi-Antenne, GPS PPS<\/td>\n<\/tr>\n<tr>\n<td>System<\/td>\n<td>Standalone mit Tastatur oder fernsteuerbar \u00fcber LAN\/WiFi<\/td>\n<\/tr>\n<tr>\n<td>Abmessungen der Elektronik<\/td>\n<td>20 x 15 x 8 cm<\/td>\n<\/tr>\n<\/tbody>\n<\/table>\n<h2>\ud83e\udde0 Fortgeschrittene Softwaretechnologie<\/h2>\n<p>Die GM1000 HPS EP verf\u00fcgt \u00fcber eine leistungsstarke Firmware, die mechanische Fehler, atmosph\u00e4rische Refraktion, optische Biegung, UT1\/UTC-Zeitsynchronisation und vieles mehr modellieren kann. Sie bietet Funktionen wie :<\/p>\n<ul>\n<li>Multistar-Himmelsmodellierung mit speicherbarer Datenbank<\/li>\n<li>Unterst\u00fctzte polare Ausrichtung<\/li>\n<li>Satellitenverfolgung mit TLE<\/li>\n<li>Elektronischer Ausgleich des Ausgleichs<\/li>\n<li>GPS und Pr\u00e4zisionsuhr f\u00fcr die Orbitalverfolgung<\/li>\n<\/ul>\n<h2>\ud83d\udce6 Empfohlenes Zubeh\u00f6r<\/h2>\n<table border=\"1\" cellspacing=\"0\" cellpadding=\"6\">\n<thead>\n<tr>\n<th>Zubeh\u00f6r<\/th>\n<th>Ref.<\/th>\n<th>Preis CHF<\/th>\n<\/tr>\n<\/thead>\n<tbody>\n<tr>\n<td>Gegengewicht 3 kg<\/td>\n<td>#1452072<\/td>\n<td>99<\/td>\n<\/tr>\n<tr>\n<td>Gegengewicht 6 kg<\/td>\n<td>#1452073<\/td>\n<td>150<\/td>\n<\/tr>\n<tr>\n<td>GPS-Modul<\/td>\n<td>#1454105<\/td>\n<td>150<\/td>\n<\/tr>\n<tr>\n<td>Stabilisiertes 24V-Netzteil<\/td>\n<td>#1451070<\/td>\n<td>179<\/td>\n<\/tr>\n<tr>\n<td>ARIES Aluminium Stativ<\/td>\n<td>#1451055<\/td>\n<td>2999<\/td>\n<\/tr>\n<tr>\n<td>Transportkoffer TTX01 (2 Stk.)<\/td>\n<td>#1451062<\/td>\n<td>899<\/td>\n<\/tr>\n<tr>\n<td>Upgrade-Paket \"Pro\"<\/td>\n<td>#1451026<\/td>\n<td>4 299<\/td>\n<\/tr>\n<tr>\n<td>Keypad<\/td>\n<td>#1452059<\/td>\n<td>999<\/td>\n<\/tr>\n<\/tbody>\n<\/table>\n<p><em>\u26a0\ufe0f Die Gegengewichte und das Netzteil sind nicht im Lieferumfang enthalten. Verwenden Sie nur von 10Micron zugelassene Netzteile, um die Garantie zu erhalten.<\/em><\/p>\n<h2>\ud83d\udce6 Lieferung und Verf\u00fcgbarkeit<\/h2>\n<p>Die <strong>10Micron GM1000 HPS EP<\/strong> ist <strong>sofort verf\u00fcgbar (\"ex stock\")<\/strong> einschlie\u00dflich der neuen V3-Elektronik und der robusten Verpackung f\u00fcr den Transport.<\/p>\n<h2>\ud83d\udca1 Warum sollten Sie sich f\u00fcr den GM1000 HPS EP entscheiden?<\/h2>\n<p>Sie vereint das Beste aus zwei Welten: die Tragbarkeit einer transportablen Montierung und die Leistung eines fest installierten Instruments. Ihre Zuverl\u00e4ssigkeit, Pr\u00e4zision und ihr ausgekl\u00fcgeltes Design machen sie zu einem absoluten Ma\u00dfstab in ihrer Klasse.<\/p>\n<p>&nbsp;<\/p>","protected":false},"excerpt":{"rendered":"<p>&nbsp; 10Micron GM1000 HPS EP \u2013 Nouvelle g\u00e9n\u00e9ration de performance pour les passionn\u00e9s d&rsquo;astrophotographie La monture 10Micron GM1000 HPS EP repr\u00e9sente une \u00e9volution majeure dans le monde des montures \u00e9quatoriales haut de gamme. Gr\u00e2ce \u00e0 une capacit\u00e9 de charge augment\u00e9e de 20 %, une m\u00e9canique renforc\u00e9e, et la nouvelle \u00e9lectronique V3, elle devient la solution [&hellip;]<\/p>\n","protected":false},"featured_media":9079,"comment_status":"open","ping_status":"closed","template":"","meta":[],"product_brand":[812],"product_cat":[816,762,20],"product_tag":[],"class_list":{"0":"post-9071","1":"product","2":"type-product","3":"status-publish","4":"has-post-thumbnail","6":"product_brand-10micron","7":"product_cat-nouveautes","8":"product_cat-equatoriales","9":"product_cat-montures","11":"first","12":"on_supplier","13":"taxable","14":"shipping-taxable","15":"purchasable","16":"product-type-simple"},"_links":{"self":[{"href":"https:\/\/deep-space-astronomy.ch\/de\/wp-json\/wp\/v2\/product\/9071","targetHints":{"allow":["GET"]}}],"collection":[{"href":"https:\/\/deep-space-astronomy.ch\/de\/wp-json\/wp\/v2\/product"}],"about":[{"href":"https:\/\/deep-space-astronomy.ch\/de\/wp-json\/wp\/v2\/types\/product"}],"replies":[{"embeddable":true,"href":"https:\/\/deep-space-astronomy.ch\/de\/wp-json\/wp\/v2\/comments?post=9071"}],"wp:featuredmedia":[{"embeddable":true,"href":"https:\/\/deep-space-astronomy.ch\/de\/wp-json\/wp\/v2\/media\/9079"}],"wp:attachment":[{"href":"https:\/\/deep-space-astronomy.ch\/de\/wp-json\/wp\/v2\/media?parent=9071"}],"wp:term":[{"taxonomy":"product_brand","embeddable":true,"href":"https:\/\/deep-space-astronomy.ch\/de\/wp-json\/wp\/v2\/product_brand?post=9071"},{"taxonomy":"product_cat","embeddable":true,"href":"https:\/\/deep-space-astronomy.ch\/de\/wp-json\/wp\/v2\/product_cat?post=9071"},{"taxonomy":"product_tag","embeddable":true,"href":"https:\/\/deep-space-astronomy.ch\/de\/wp-json\/wp\/v2\/product_tag?post=9071"}],"curies":[{"name":"wp","href":"https:\/\/api.w.org\/{rel}","templated":true}]}}