{"id":9195,"date":"2025-07-18T18:04:28","date_gmt":"2025-07-18T16:04:28","guid":{"rendered":"https:\/\/deep-space-astronomy.ch\/?post_type=product&#038;p=9195"},"modified":"2025-08-14T10:01:26","modified_gmt":"2025-08-14T08:01:26","slug":"nouvelle-sky-watcher-evostar-80edx","status":"publish","type":"product","link":"https:\/\/deep-space-astronomy.ch\/de\/produkt\/nouvelle-sky-watcher-evostar-80edx\/","title":{"rendered":"Sky-Watcher Evostar 80EDX"},"content":{"rendered":"<h3>Sky-Watcher-Teleskop Evostar 80EDX - Apochromatischer Pr\u00e4zisionsrefraktor<\/h3>\n<p>Die <strong>Sky-Watcher Evostar 80EDX<\/strong> ist ein apochromatischer 80-mm-Doppelrefraktor, der f\u00fcr eine au\u00dfergew\u00f6hnliche Bildqualit\u00e4t bei der visuellen Beobachtung und der Astrofotografie entwickelt wurde. Dieses EDX-Modell, eine direkte Weiterentwicklung des beliebten Evostar 80ED, verf\u00fcgt \u00fcber deutliche mechanische Verbesserungen, wobei die Premium-Optik mit einer Lichtst\u00e4rke von 1:7,5 aus FPL-53-Glas, die f\u00fcr ihre Sch\u00e4rfe und ihren Kontrast bekannt ist, beibehalten wurde. Kompakt, leicht und robust ist es eine ausgezeichnete Wahl f\u00fcr anspruchsvolle Astronomen, die ein zuverl\u00e4ssiges und leistungsstarkes Instrument suchen.<\/p>\n<h3>Au\u00dfergew\u00f6hnliche optische Leistung<\/h3>\n<p>Das Herzst\u00fcck des Evostar 80EDX ist eine Doppellinse, die das japanische ED-Glas Ohara FPL-53 enth\u00e4lt, das chromatische Aberrationen fast vollst\u00e4ndig reduziert. Jede Luft-Glas-Oberfl\u00e4che ist mit einer exklusiven Beschichtung versehen. <strong>MHTC (Metallic High-Transmission Coating)<\/strong> die eine Lichtdurchl\u00e4ssigkeit von bis zu 99,5 % erm\u00f6glicht.<\/p>\n<p>Das Ergebnis? Perfekt punktf\u00f6rmige Sterne vor einem tiefschwarzen Himmelshintergrund, ideal f\u00fcr die Fotografie von Nebeln, Sternhaufen oder Galaxien, aber auch f\u00fcr die hochpr\u00e4zise Planetenbeobachtung.<\/p>\n<h3>Verbesserte Ergonomie und mehr Komfort<\/h3>\n<p>Dieses Modell beinhaltet nun einen <strong>Crayford 2.8\" Dual-Speed 11:1 Focuser<\/strong> mit Skala und um 360\u00b0 drehbarem Ring, perfekt f\u00fcr die Wahl des Bildausschnitts bei der Astrofotografie. Die <strong>abnehmbarer, verschiebbarer Windschutz<\/strong>Die robusten Tragegriffe und das stabile, eloxierte Aluminiumrohr machen es einfach, das Ger\u00e4t aufzustellen, zu transportieren und im Feld zu verwenden.<\/p>\n<h3>Ein Teleskop, das f\u00fcr Astrofotografen gedacht ist<\/h3>\n<p>Dank seines Dual-Top-Designs und seines geringen Gewichts von nur 4 kg l\u00e4sst sich der Evostar 80EDX problemlos an leichten Brillengestellen anbringen und beh\u00e4lt dabei seine hervorragende Stabilit\u00e4t. Er ist kompatibel mit einem <strong>0,85x Focus Reducer\/Field Corrector (Ref. 20236, optional)<\/strong> f\u00fcr ein breiteres Feld in der Weitwinkelfotografie.<\/p>\n<h3>Technische Daten zum Sky-Watcher Evostar 80EDX<\/h3>\n<table border=\"1\" cellspacing=\"0\" cellpadding=\"6\">\n<thead>\n<tr>\n<th colspan=\"2\">Technische Spezifikationen<\/th>\n<\/tr>\n<\/thead>\n<tbody>\n<tr>\n<td><strong>Art der Optik<\/strong><\/td>\n<td>Apochromatischer Refraktor (Doublet ED)<\/td>\n<\/tr>\n<tr>\n<td><strong>Er\u00f6ffnung<\/strong><\/td>\n<td>80 mm<\/td>\n<\/tr>\n<tr>\n<td><strong>Brennweite<\/strong><\/td>\n<td>600 mm<\/td>\n<\/tr>\n<tr>\n<td><strong>Brennweitenverh\u00e4ltnis<\/strong><\/td>\n<td>f\/7.5<\/td>\n<\/tr>\n<tr>\n<td><strong>Fokussieren<\/strong><\/td>\n<td>Crayford 2\u2033 mit Mikrofokus 11:1, 360\u00b0 drehbar<\/td>\n<\/tr>\n<tr>\n<td><strong>Nebelf\u00e4nger<\/strong><\/td>\n<td>Abnehmbar und verschiebbar<\/td>\n<\/tr>\n<tr>\n<td><strong>Gewicht der R\u00f6hre<\/strong><\/td>\n<td>4 kg<\/td>\n<\/tr>\n<tr>\n<td><strong>L\u00e4nge des Rohrs<\/strong><\/td>\n<td>475 mm oder 557 mm<\/td>\n<\/tr>\n<tr>\n<td><strong>\u00dcbertragung<\/strong><\/td>\n<td>99,5 % mit MHTC-Behandlungen<\/td>\n<\/tr>\n<tr>\n<td><strong>Empfohlene maximale Vergr\u00f6\u00dferung<\/strong><\/td>\n<td>160x<\/td>\n<\/tr>\n<\/tbody>\n<\/table>\n<h3>Inhalt der Schachtel<\/h3>\n<ul>\n<li>Sky-Watcher-R\u00f6hre Evostar 80EDX<\/li>\n<li>Befestigungsringe mit Tragegriff<\/li>\n<li>Schwalbenschwanz Typ Vixen (Prismenschiene 45 mm)<\/li>\n<li>Transportkoffer aus Aluminium<\/li>\n<\/ul>\n<h3>Achtung<\/h3>\n<p>Dieses Teleskop wird geliefert <strong>ohne Okular, abgewinkelten Umlenkspiegel und Sucher<\/strong>. Dieses Zubeh\u00f6r ist separat erh\u00e4ltlich.<\/p>\n<h3>Warum sollte man sich f\u00fcr den Sky-Watcher Evostar 80EDX entscheiden?<\/h3>\n<ul>\n<li>Hervorragende optische Qualit\u00e4t dank FPL-53-Glas<\/li>\n<li>Einfache Montage, auch bei leichten Brillengestellen<\/li>\n<li>Geeignet sowohl f\u00fcr die visuelle Beobachtung als auch f\u00fcr die Astrofotografie<\/li>\n<li>Hochleistungsf\u00e4hige mehrschichtige Behandlungen<\/li>\n<li>Robustes Design und sorgf\u00e4ltige Verarbeitung<\/li>\n<\/ul>\n<h3>Ein Referenzinstrument in seiner Kategorie<\/h3>\n<p>Seit Jahren hat sich die Evostar ED-Reihe als Referenz f\u00fcr Astronomie- und Astrofotografie-Enthusiasten etabliert, die nach einem ausgezeichneten Preis-Leistungs-Verh\u00e4ltnis suchen. Das Modell <strong>Evostar 80EDX<\/strong> setzt diese Tradition mit willkommenen Verbesserungen fort, die ihn zu einem der besten kompakten apochromatischen Refraktoren auf dem Markt machen.<\/p>\n<p><strong>Erh\u00e4ltlich f\u00fcr Vorbestellungen bei Deep Space Astronomy (Lieferung im Oktober 2025)- Nutzen Sie unseren fachkundigen Kundenservice und pers\u00f6nliche Beratung, um die richtige Wahl zu treffen.<\/strong><\/p>","protected":false},"excerpt":{"rendered":"<p>T\u00e9lescope Sky-Watcher Evostar 80EDX \u2013 R\u00e9fracteur apochromatique de pr\u00e9cision Le Sky-Watcher Evostar 80EDX est un r\u00e9fracteur apochromatique doublet de 80 mm, con\u00e7u pour offrir une qualit\u00e9 d\u2019image exceptionnelle en observation visuelle comme en astrophotographie. Ce mod\u00e8le EDX, \u00e9volution directe du c\u00e9l\u00e8bre Evostar 80ED, b\u00e9n\u00e9ficie d&rsquo;am\u00e9liorations m\u00e9caniques notables, tout en conservant l\u2019optique premium f\/7.5 \u00e0 base [&hellip;]<\/p>\n","protected":false},"featured_media":9196,"comment_status":"open","ping_status":"closed","template":"","meta":[],"product_brand":[822],"product_cat":[384,755,816],"product_tag":[],"class_list":{"0":"post-9195","1":"product","2":"type-product","3":"status-publish","4":"has-post-thumbnail","6":"product_brand-sky-watcher","7":"product_cat-lunettes_refracteurs","8":"product_cat-lunettes-apochromatiques","9":"product_cat-nouveautes","11":"first","12":"onbackorder","13":"taxable","14":"shipping-taxable","15":"purchasable","16":"product-type-simple"},"_links":{"self":[{"href":"https:\/\/deep-space-astronomy.ch\/de\/wp-json\/wp\/v2\/product\/9195","targetHints":{"allow":["GET"]}}],"collection":[{"href":"https:\/\/deep-space-astronomy.ch\/de\/wp-json\/wp\/v2\/product"}],"about":[{"href":"https:\/\/deep-space-astronomy.ch\/de\/wp-json\/wp\/v2\/types\/product"}],"replies":[{"embeddable":true,"href":"https:\/\/deep-space-astronomy.ch\/de\/wp-json\/wp\/v2\/comments?post=9195"}],"wp:featuredmedia":[{"embeddable":true,"href":"https:\/\/deep-space-astronomy.ch\/de\/wp-json\/wp\/v2\/media\/9196"}],"wp:attachment":[{"href":"https:\/\/deep-space-astronomy.ch\/de\/wp-json\/wp\/v2\/media?parent=9195"}],"wp:term":[{"taxonomy":"product_brand","embeddable":true,"href":"https:\/\/deep-space-astronomy.ch\/de\/wp-json\/wp\/v2\/product_brand?post=9195"},{"taxonomy":"product_cat","embeddable":true,"href":"https:\/\/deep-space-astronomy.ch\/de\/wp-json\/wp\/v2\/product_cat?post=9195"},{"taxonomy":"product_tag","embeddable":true,"href":"https:\/\/deep-space-astronomy.ch\/de\/wp-json\/wp\/v2\/product_tag?post=9195"}],"curies":[{"name":"wp","href":"https:\/\/api.w.org\/{rel}","templated":true}]}}