{"id":9201,"date":"2025-07-18T18:12:49","date_gmt":"2025-07-18T16:12:49","guid":{"rendered":"https:\/\/deep-space-astronomy.ch\/?post_type=product&#038;p=9201"},"modified":"2025-08-14T10:01:26","modified_gmt":"2025-08-14T08:01:26","slug":"sky-watcher-esprit-70edx","status":"publish","type":"product","link":"https:\/\/deep-space-astronomy.ch\/de\/produkt\/sky-watcher-esprit-70edx\/","title":{"rendered":"Sky-Watcher Esprit 70EDX"},"content":{"rendered":"<h3>Sky-Watcher Esprit-70EDX - High-End Super APO Triplet-Refraktor f\u00fcr anspruchsvolle Astrofotografen<\/h3>\n<p>Die <strong>Sky-Watcher Esprit-70EDX<\/strong> verk\u00f6rpert die Spitzenklasse der apochromatischen Refraktoren der Marke. Mit seinem ED-Triplet-Objektiv aus Hoya FCD100 Glas und seiner pr\u00e4zisen CNC-Bearbeitung wurde dieses Teleskop entwickelt, um den Anforderungen der strengsten Astrofotografen gerecht zu werden. Das Esprit-70EDX ist kompakt, leicht und dennoch extrem leistungsstark. Es liefert Bilder mit au\u00dfergew\u00f6hnlicher Sch\u00e4rfe und Kontrast, die den renommiertesten Instrumenten auf dem Markt w\u00fcrdig sind.<\/p>\n<p><strong>Vorbestellbar - Lieferung voraussichtlich im Laufe des Oktobers 2025.<\/strong><\/p>\n<h3>Superapochromatische Optik auf h\u00f6chstem Niveau<\/h3>\n<p>L'<strong>Esprit-70EDX<\/strong> basiert auf einer sorgf\u00e4ltig korrigierten f\/7 Triplet-Optik, einschlie\u00dflich einer zentralen Linse aus <strong>Hoya-Glas FCD100<\/strong>, das dem FPL-53 entspricht. Diese Art von Design erm\u00f6glicht eine perfekte Korrektur der chromatischen Aberration, selbst bei hellen Sternen, mit einem au\u00dfergew\u00f6hnlichen Kontrast.<\/p>\n<p>Die Luft-Glas-Oberfl\u00e4chen sind mit der exklusiven Beschichtung <strong>MHTC (Metallic High Transmission Coating)<\/strong>Die meisten von ihnen haben eine <strong>Lichtdurchl\u00e4ssigkeit von 99,5 %<\/strong> und helle, scharfe Bilder ohne unerw\u00fcnschte Reflexionen.<\/p>\n<h3>Ein Instrument, das f\u00fcr die Gro\u00dffeld-Bildgebung entwickelt wurde<\/h3>\n<p>Die Kompaktheit des Esprit-70EDX (Tubus von nur 368 mm mit eingefahrenem Beschlagschutz) und sein geringes Gewicht (3,2 kg) machen es zu einem idealen Reisebegleiter f\u00fcr mobile Astrofotografen. Das <strong>Linear Power-Okularhalter mit 2,8\"-CNC-Zahnstangenantrieb<\/strong> ist so konzipiert, dass es auch schwere Kameras ohne jegliches Spiel tragen kann, mit 11:1-Mikrofokus und integriertem Drehadapter zur Anpassung des Bildausschnitts.<\/p>\n<p>Eine <strong>Reducer \/ Korrektor 0.92x (Ref. 20332, optional)<\/strong> ist verf\u00fcgbar, um die Sch\u00e4rfenkorrektur zu optimieren und die Brennweite auf etwa 450 mm zu reduzieren.<\/p>\n<h3>Technische Daten des Sky-Watcher Esprit-70EDX<\/h3>\n<table border=\"1\" cellspacing=\"0\" cellpadding=\"6\">\n<thead>\n<tr>\n<th colspan=\"2\">Technische Spezifikationen<\/th>\n<\/tr>\n<\/thead>\n<tbody>\n<tr>\n<td><strong>Art der Optik<\/strong><\/td>\n<td>Apochromatischer ED-Triplet-Refraktor (Super APO)<\/td>\n<\/tr>\n<tr>\n<td><strong>Er\u00f6ffnung<\/strong><\/td>\n<td>70 mm<\/td>\n<\/tr>\n<tr>\n<td><strong>Brennweite<\/strong><\/td>\n<td>490 mm<\/td>\n<\/tr>\n<tr>\n<td><strong>Fokalverh\u00e4ltnis<\/strong><\/td>\n<td>f\/7<\/td>\n<\/tr>\n<tr>\n<td><strong>ED-Glas<\/strong><\/td>\n<td>Hoya FCD100 (entspricht FPL-53)<\/td>\n<\/tr>\n<tr>\n<td><strong>Okularhalter<\/strong><\/td>\n<td>Zahnstange 2,8\" Dual-Speed Linear Power (CNC), rotierend<\/td>\n<\/tr>\n<tr>\n<td><strong>Nebelf\u00e4nger<\/strong><\/td>\n<td>Schieber<\/td>\n<\/tr>\n<tr>\n<td><strong>Gewicht der R\u00f6hre<\/strong><\/td>\n<td>3,2 kg<\/td>\n<\/tr>\n<tr>\n<td><strong>L\u00e4nge des Rohrs<\/strong><\/td>\n<td>368 mm (eingefahrener Windschutz), 420 mm (ausgefahrener Windschutz)<\/td>\n<\/tr>\n<tr>\n<td><strong>Lichtdurchl\u00e4ssigkeit<\/strong><\/td>\n<td>99,5 % mit MHTC-Behandlung<\/td>\n<\/tr>\n<tr>\n<td><strong>Schwalbenschwanz<\/strong><\/td>\n<td>45 mm Typ Vixen<\/td>\n<\/tr>\n<\/tbody>\n<\/table>\n<h3>Inhalt der Schachtel<\/h3>\n<ul>\n<li>Tubus Sky-Watcher Esprit-70EDX<\/li>\n<li>CNC-Schellen mit Mittelgriff<\/li>\n<li>Schwalbenschwanz 45 mm Typ Vixen<\/li>\n<li>Transportkoffer aus verst\u00e4rktem Aluminium<\/li>\n<\/ul>\n<h3>Wichtige Hinweise<\/h3>\n<p><strong>Lieferung ohne Okular, Sucher und Winkelumlenkung.<\/strong> Dieses Zubeh\u00f6r ist je nach Bedarf separat erh\u00e4ltlich.<\/p>\n<h3>Die Highlights des Esprit-70EDX<\/h3>\n<ul>\n<li>Super APO Triplet-Optik mit Hoya FCD100 Linse<\/li>\n<li>Ideal f\u00fcr hochaufl\u00f6sende Weitfeldfotografie<\/li>\n<li>Robuster, pr\u00e4ziser und mit schweren Kameras kompatibler Fokussierer<\/li>\n<li>Kompakte, leichte und perfekt transportable R\u00f6hre<\/li>\n<li>Premium-CNC-Finishs mit hochwertigem Zubeh\u00f6r<\/li>\n<\/ul>\n<h3>Eine High-End-Brille, die f\u00fcr Enthusiasten entwickelt wurde<\/h3>\n<p>Die <strong>Sky-Watcher Esprit-70EDX<\/strong> richtet sich an diejenigen, die in der Astrofotografie und der optischen Pr\u00e4zision einen Schritt weiter gehen wollen. Sie kann es mit sehr hochwertigen Marken aufnehmen, ist aber dennoch viel erschwinglicher. Sie ist kompakt, aber leistungsstark und eine ausgezeichnete Investition f\u00fcr jeden aufgekl\u00e4rten Amateur oder Experten, der sich ein au\u00dfergew\u00f6hnliches Instrument w\u00fcnscht.<\/p>\n<p><strong>Bestellen Sie noch heute bei Deep Space Astronomy vor - Lieferung voraussichtlich im Oktober 2025.<\/strong><\/p>","protected":false},"excerpt":{"rendered":"<p>Sky-Watcher Esprit-70EDX \u2013 Lunette triplet Super APO haut de gamme pour astrophotographes exigeants Le Sky-Watcher Esprit-70EDX incarne le haut de gamme des r\u00e9fracteurs apochromatiques de la marque. Avec son objectif triplet ED en verre Hoya FCD100 et son usinage CNC de pr\u00e9cision, cette lunette a \u00e9t\u00e9 pens\u00e9e pour r\u00e9pondre aux exigences des astrophotographes les plus [&hellip;]<\/p>\n","protected":false},"featured_media":9209,"comment_status":"open","ping_status":"closed","template":"","meta":[],"product_brand":[822],"product_cat":[384,755,816],"product_tag":[],"class_list":{"0":"post-9201","1":"product","2":"type-product","3":"status-publish","4":"has-post-thumbnail","6":"product_brand-sky-watcher","7":"product_cat-lunettes_refracteurs","8":"product_cat-lunettes-apochromatiques","9":"product_cat-nouveautes","11":"first","12":"onbackorder","13":"taxable","14":"shipping-taxable","15":"purchasable","16":"product-type-simple"},"_links":{"self":[{"href":"https:\/\/deep-space-astronomy.ch\/de\/wp-json\/wp\/v2\/product\/9201","targetHints":{"allow":["GET"]}}],"collection":[{"href":"https:\/\/deep-space-astronomy.ch\/de\/wp-json\/wp\/v2\/product"}],"about":[{"href":"https:\/\/deep-space-astronomy.ch\/de\/wp-json\/wp\/v2\/types\/product"}],"replies":[{"embeddable":true,"href":"https:\/\/deep-space-astronomy.ch\/de\/wp-json\/wp\/v2\/comments?post=9201"}],"wp:featuredmedia":[{"embeddable":true,"href":"https:\/\/deep-space-astronomy.ch\/de\/wp-json\/wp\/v2\/media\/9209"}],"wp:attachment":[{"href":"https:\/\/deep-space-astronomy.ch\/de\/wp-json\/wp\/v2\/media?parent=9201"}],"wp:term":[{"taxonomy":"product_brand","embeddable":true,"href":"https:\/\/deep-space-astronomy.ch\/de\/wp-json\/wp\/v2\/product_brand?post=9201"},{"taxonomy":"product_cat","embeddable":true,"href":"https:\/\/deep-space-astronomy.ch\/de\/wp-json\/wp\/v2\/product_cat?post=9201"},{"taxonomy":"product_tag","embeddable":true,"href":"https:\/\/deep-space-astronomy.ch\/de\/wp-json\/wp\/v2\/product_tag?post=9201"}],"curies":[{"name":"wp","href":"https:\/\/api.w.org\/{rel}","templated":true}]}}