{"id":9202,"date":"2025-07-18T18:12:49","date_gmt":"2025-07-18T16:12:49","guid":{"rendered":"https:\/\/deep-space-astronomy.ch\/?post_type=product&#038;p=9202"},"modified":"2025-08-14T10:01:26","modified_gmt":"2025-08-14T08:01:26","slug":"nouvelle-sky-watcher-esprit-80edx","status":"publish","type":"product","link":"https:\/\/deep-space-astronomy.ch\/de\/produkt\/nouvelle-sky-watcher-esprit-80edx\/","title":{"rendered":"Sky-Watcher Esprit 80EDX"},"content":{"rendered":"<h3>Sky-Watcher Esprit-80EDX - Super APO f\/5 Triplet-Refraktor f\u00fcr anspruchsvolle Astrofotografen<\/h3>\n<p>Die <strong>Sky-Watcher Esprit-80EDX<\/strong> ist ein apochromatisches Triplett-ED-Refraktor, das entwickelt wurde, um die ultimative astronomische Bildgebung zu erm\u00f6glichen. Es ist kompakt, schnell (f\/5) und mechanisch einwandfrei verarbeitet. Es richtet sich an Astrofotografen, die ein Instrument mit sehr hoher optischer Qualit\u00e4t in einem transportablen Format w\u00fcnschen. Mit ihren CNC-gefr\u00e4sten Komponenten, dem Ohara FPL-53 Glas und dem Pr\u00e4zisions-Drehfokussierer kann sie mit den besten Brillen von Premiummarken konkurrieren.<\/p>\n<p><strong>Vorbestellbar - Lieferung voraussichtlich im Laufe des Oktobers 2025.<\/strong><\/p>\n<h3>Hochleistungs-Triplet-Optik f\/5<\/h3>\n<p>L'<strong>Esprit-80EDX<\/strong> basiert auf einem apochromatischen Triplett-Objektiv mit einer zentralen Linse aus <strong>japanisches Glas Ohara FPL-53<\/strong>, das f\u00fcr eine beispielhafte Farbkorrektur steht. Dieses schnelle optische Design mit einer Blende von 1:5 ist ideal f\u00fcr die Deep-Sky-Weitfeldfotografie mit einem gro\u00dfen und hellen Sichtfeld. Jede Luft-Glas-Oberfl\u00e4che ist mit der exklusiven Beschichtung <strong>MHTC<\/strong> (Metallic High Transmission Coating), die eine <strong>Lichtdurchl\u00e4ssigkeit von 99,5 %<\/strong>.<\/p>\n<h3>High-End-Rotationsfokussierer und CNC-Mechanik<\/h3>\n<p>Die <strong>2,8\u201d Linear Power Focuser mit CNC-Zahnstange<\/strong> ist mit einer 11:1-Untersetzung ausgestattet, die eine fl\u00fcssige, pr\u00e4zise und spielfreie Fokussierung gew\u00e4hrleistet. Er ist drehbar, und ein zus\u00e4tzlicher Drehadapter am Ausgangsgewinde erm\u00f6glicht eine perfekte Feineinstellung der Kameraausrichtung. Die <strong>CNC-Rochade mit zentralem Griff<\/strong> sorgt f\u00fcr eine robuste Befestigung, w\u00e4hrend der integrierte Vixen-Schwalbenschwanz die Installation vereinfacht.<\/p>\n<h3>Ein schnelles, kompaktes und fotobereites Instrument<\/h3>\n<p>Mit einer Brennweite von 400 mm bietet die Esprit-80EDX ein optimales Verh\u00e4ltnis von \u00d6ffnung und Brennweite f\u00fcr mobile Astrofotografen. Mit einem Gewicht von weniger als 4 kg und einer L\u00e4nge von 42 cm l\u00e4sst es sich leicht transportieren, ohne Kompromisse bei der mechanischen Steifigkeit eingehen zu m\u00fcssen. Ein <strong>dedizierter Feldkorrektor (Ref. 20187, optional)<\/strong> ist f\u00fcr ein vollkommen flaches Feld \u00fcber den gesamten Sensor verf\u00fcgbar.<\/p>\n<h3>Technische Daten des Sky-Watcher Esprit-80EDX<\/h3>\n<table border=\"1\" cellspacing=\"0\" cellpadding=\"6\">\n<thead>\n<tr>\n<th colspan=\"2\">Technische Spezifikationen<\/th>\n<\/tr>\n<\/thead>\n<tbody>\n<tr>\n<td><strong>Art der Optik<\/strong><\/td>\n<td>Apochromatischer ED-Triplet-Refraktor (Super APO)<\/td>\n<\/tr>\n<tr>\n<td><strong>Er\u00f6ffnung<\/strong><\/td>\n<td>80 mm<\/td>\n<\/tr>\n<tr>\n<td><strong>Brennweite<\/strong><\/td>\n<td>400 mm<\/td>\n<\/tr>\n<tr>\n<td><strong>Fokalverh\u00e4ltnis<\/strong><\/td>\n<td>f\/5<\/td>\n<\/tr>\n<tr>\n<td><strong>ED-Glas<\/strong><\/td>\n<td>Ohara FPL-53<\/td>\n<\/tr>\n<tr>\n<td><strong>Okularhalter<\/strong><\/td>\n<td>2,8\u201d Dual-Speed 11:1 rotierende CNC-Zahnstange + rotierender Adapter<\/td>\n<\/tr>\n<tr>\n<td><strong>Nebelf\u00e4nger<\/strong><\/td>\n<td>Fest<\/td>\n<\/tr>\n<tr>\n<td><strong>Gewicht der R\u00f6hre<\/strong><\/td>\n<td>3,97 kg<\/td>\n<\/tr>\n<tr>\n<td><strong>L\u00e4nge des Rohrs<\/strong><\/td>\n<td>420 mm<\/td>\n<\/tr>\n<tr>\n<td><strong>Lichtdurchl\u00e4ssigkeit<\/strong><\/td>\n<td>99,5 % (MHTC-Behandlung)<\/td>\n<\/tr>\n<tr>\n<td><strong>Schwalbenschwanz<\/strong><\/td>\n<td>45 mm Typ Vixen<\/td>\n<\/tr>\n<\/tbody>\n<\/table>\n<h3>Inhalt der Schachtel<\/h3>\n<ul>\n<li>Tubus Sky-Watcher Esprit-80EDX<\/li>\n<li>CNC Rochelle mit zentralem Griff<\/li>\n<li>Schwalbenschwanz 45 mm<\/li>\n<li>Transportkoffer aus verst\u00e4rktem Aluminium mit Schaumstoff<\/li>\n<\/ul>\n<h3>Wichtige Hinweise<\/h3>\n<p><strong>Lieferung ohne Okulare, Winkeltrieb und Sucher.<\/strong> Dieses Zubeh\u00f6r muss je nach Bedarf separat bestellt werden.<\/p>\n<h3>Warum sollten Sie sich f\u00fcr den Esprit-80EDX entscheiden?<\/h3>\n<ul>\n<li>Schnelles Super-APO-Triplet-Objektiv 1:5<\/li>\n<li>ED-Glas Ohara FPL-53 High-End<\/li>\n<li>Ultrafl\u00fcssiger, rotierender Fokussierer, der f\u00fcr die Fotografie entwickelt wurde<\/li>\n<li>Kompaktheit, Leichtigkeit und mechanische CNC-Pr\u00e4zision<\/li>\n<li>Perfekt f\u00fcr gro\u00dfe Felder und Mobilit\u00e4t<\/li>\n<\/ul>\n<h3>Erschwingliche Premiumleistung<\/h3>\n<p>Die <strong>Sky-Watcher Esprit-80EDX<\/strong> vereint alles, was ein mobiler Astrofotograf braucht: tadellose optische Qualit\u00e4t, professionelle Mechanik und geringe Abmessungen. Sie ist eine sehr wettbewerbsf\u00e4hige L\u00f6sung im Vergleich zu viel teureren Instrumenten, ohne Kompromisse bei der Leistung eingehen zu m\u00fcssen.<\/p>\n<p><strong>Jetzt bei Deep Space Astronomy vorbestellen - Lieferung voraussichtlich im Laufe des Oktobers 2025.<\/strong><\/p>","protected":false},"excerpt":{"rendered":"<p>Sky-Watcher Esprit-80EDX \u2013 Lunette triplet Super APO f\/5 pour astrophotographes exigeants La Sky-Watcher Esprit-80EDX est une lunette apochromatique triplet ED con\u00e7ue pour offrir le nec plus ultra en imagerie astronomique. Compacte, rapide (f\/5) et d\u2019une finition m\u00e9canique irr\u00e9prochable, elle s\u2019adresse aux astrophotographes souhaitant un instrument de tr\u00e8s haute qualit\u00e9 optique dans un format transportable. Avec [&hellip;]<\/p>\n","protected":false},"featured_media":9211,"comment_status":"open","ping_status":"closed","template":"","meta":[],"product_brand":[822],"product_cat":[384,755,816],"product_tag":[],"class_list":{"0":"post-9202","1":"product","2":"type-product","3":"status-publish","4":"has-post-thumbnail","6":"product_brand-sky-watcher","7":"product_cat-lunettes_refracteurs","8":"product_cat-lunettes-apochromatiques","9":"product_cat-nouveautes","11":"first","12":"onbackorder","13":"taxable","14":"shipping-taxable","15":"purchasable","16":"product-type-simple"},"_links":{"self":[{"href":"https:\/\/deep-space-astronomy.ch\/de\/wp-json\/wp\/v2\/product\/9202","targetHints":{"allow":["GET"]}}],"collection":[{"href":"https:\/\/deep-space-astronomy.ch\/de\/wp-json\/wp\/v2\/product"}],"about":[{"href":"https:\/\/deep-space-astronomy.ch\/de\/wp-json\/wp\/v2\/types\/product"}],"replies":[{"embeddable":true,"href":"https:\/\/deep-space-astronomy.ch\/de\/wp-json\/wp\/v2\/comments?post=9202"}],"wp:featuredmedia":[{"embeddable":true,"href":"https:\/\/deep-space-astronomy.ch\/de\/wp-json\/wp\/v2\/media\/9211"}],"wp:attachment":[{"href":"https:\/\/deep-space-astronomy.ch\/de\/wp-json\/wp\/v2\/media?parent=9202"}],"wp:term":[{"taxonomy":"product_brand","embeddable":true,"href":"https:\/\/deep-space-astronomy.ch\/de\/wp-json\/wp\/v2\/product_brand?post=9202"},{"taxonomy":"product_cat","embeddable":true,"href":"https:\/\/deep-space-astronomy.ch\/de\/wp-json\/wp\/v2\/product_cat?post=9202"},{"taxonomy":"product_tag","embeddable":true,"href":"https:\/\/deep-space-astronomy.ch\/de\/wp-json\/wp\/v2\/product_tag?post=9202"}],"curies":[{"name":"wp","href":"https:\/\/api.w.org\/{rel}","templated":true}]}}