{"id":9204,"date":"2025-07-18T18:12:50","date_gmt":"2025-07-18T16:12:50","guid":{"rendered":"https:\/\/deep-space-astronomy.ch\/?post_type=product&#038;p=9204"},"modified":"2025-08-14T10:01:26","modified_gmt":"2025-08-14T08:01:26","slug":"sky-watcher-esprit-120edx","status":"publish","type":"product","link":"https:\/\/deep-space-astronomy.ch\/de\/produkt\/sky-watcher-esprit-120edx\/","title":{"rendered":"Sky-Watcher Esprit 120EDX"},"content":{"rendered":"<h3>Sky-Watcher Esprit-120EDX - Super APO 120 mm f\/7 Triplett-Refraktor f\u00fcr hochaufl\u00f6sende Bildgebung<\/h3>\n<p>Die <strong>Sky-Watcher Esprit-120EDX<\/strong> ist ein hochwertiges apochromatisches Triplett-Refraktor, das f\u00fcr die anspruchsvollsten Astrofotografen und f\u00fcr visuelle Beobachter, die Wert auf makellose optische Pr\u00e4zision legen, entwickelt wurde. Mit einer \u00d6ffnung von 120 mm, einer Brennweite von 840 mm (f\/7), einer CNC-Mechanik auf professionellem Niveau und FPL-53 ED-Gl\u00e4sern ist es die Spitze der Sky-Watcher Esprit EDX-Reihe.<\/p>\n<p><strong>Vorbestellbar - Lieferung voraussichtlich im Laufe des Oktobers 2025.<\/strong><\/p>\n<h3>Optische Leistung der Profiklasse<\/h3>\n<p>Apochromatisches Triplet-Objektiv mit japanischem Glas <strong>Ohara FPL-53<\/strong>, Der Esprit-120EDX bietet eine perfekte Korrektur von chromatischen Aberrationen. Selbst die hellsten Sterne werden mit einer au\u00dfergew\u00f6hnlichen Sch\u00e4rfe ohne Farbs\u00e4ume wiedergegeben. Die optischen Oberfl\u00e4chen sind mit der Beschichtung <strong>MHTC<\/strong> (Metallic High-Transmission Coating), garantiert eine <strong>Lichtdurchl\u00e4ssigkeit von 99,5 %<\/strong> und einen bemerkenswerten Kontrast \u00fcber das gesamte Feld.<\/p>\n<h3>Ultra-stabiler, rotierender 3\u2033-Fokussierer und CNC-Mechanik<\/h3>\n<p>Das Fernrohr ist mit einem <strong>Linear Power 3\u201d Okularhalter\u201d<\/strong> CNC-Zahnstangenantrieb mit doppelter 11:1-Geschwindigkeit, der so konstruiert ist, dass er schwere Kameras ohne Durchbiegung tragen kann. Er profitiert von einem <strong>Doppelrotation<\/strong> : Der Fokussierer selbst ist drehbar und der Ausgabeadapter ebenfalls, wodurch die Ausrichtung der Kamera erleichtert wird. Die <strong>Nebelf\u00e4nger ist verschiebbar<\/strong>, Die Schellen aus maschinell bearbeitetem Aluminium enthalten einen Griff, der mit Zubeh\u00f6rbefestigungen kompatibel ist.<\/p>\n<h3>Perfekt f\u00fcr Vollformatsensoren<\/h3>\n<p>Mit seinem f\/7-Verh\u00e4ltnis bietet das Fernrohr Esprit-120EDX eine ideale Kombination aus Aufl\u00f6sung und Bildfeld. Es ist dank seiner optionalen Korrektoren voll kompatibel mit Gro\u00dfformatsensoren: ein <strong>dediziertes Flattener-Feld (Ref. 20189)<\/strong> oder ein <strong>Reduzierst\u00fcck\/Korrektor 0.77x (Ref. 20095)<\/strong> um das optische System auf etwa f\/5,4 zu beschleunigen. Ein gro\u00dfer Vorteil f\u00fcr die Deep-Sky-Bildgebung mit gro\u00dfem Bildfeld.<\/p>\n<h3>Technische Daten des Sky-Watcher Esprit-120EDX<\/h3>\n<table border=\"1\" cellspacing=\"0\" cellpadding=\"6\">\n<thead>\n<tr>\n<th colspan=\"2\">Technische Spezifikationen<\/th>\n<\/tr>\n<\/thead>\n<tbody>\n<tr>\n<td><strong>Art der Optik<\/strong><\/td>\n<td>Apochromatischer ED-Triplet-Refraktor (Super APO)<\/td>\n<\/tr>\n<tr>\n<td><strong>Er\u00f6ffnung<\/strong><\/td>\n<td>120 mm<\/td>\n<\/tr>\n<tr>\n<td><strong>Brennweite<\/strong><\/td>\n<td>840 mm<\/td>\n<\/tr>\n<tr>\n<td><strong>Fokalverh\u00e4ltnis<\/strong><\/td>\n<td>f\/7<\/td>\n<\/tr>\n<tr>\n<td><strong>ED-Glas<\/strong><\/td>\n<td>Ohara FPL-53<\/td>\n<\/tr>\n<tr>\n<td><strong>Okularhalter<\/strong><\/td>\n<td>3\" Dual-Speed 11:1 CNC-Zahnstange, drehbar + drehbarer Adapter<\/td>\n<\/tr>\n<tr>\n<td><strong>Nebelf\u00e4nger<\/strong><\/td>\n<td>Schieber<\/td>\n<\/tr>\n<tr>\n<td><strong>Gewicht der R\u00f6hre<\/strong><\/td>\n<td>9,6 kg<\/td>\n<\/tr>\n<tr>\n<td><strong>L\u00e4nge des Rohrs<\/strong><\/td>\n<td>710 mm (eingefahren), 810 mm (ausgefahren)<\/td>\n<\/tr>\n<tr>\n<td><strong>Lichtdurchl\u00e4ssigkeit<\/strong><\/td>\n<td>99,5 % (MHTC-Behandlung)<\/td>\n<\/tr>\n<tr>\n<td><strong>Schwalbenschwanz<\/strong><\/td>\n<td>75 mm Typ Losmandy<\/td>\n<\/tr>\n<\/tbody>\n<\/table>\n<h3>Inhalt der Schachtel<\/h3>\n<ul>\n<li>Tubus Sky-Watcher Esprit-120EDX<\/li>\n<li>CNC-Schellen mit integriertem Griff<\/li>\n<li>Schwalbenschwanz 75 mm<\/li>\n<li>Verst\u00e4rkter Transportkoffer mit Schaumstoff<\/li>\n<\/ul>\n<h3>Wichtige Hinweise<\/h3>\n<p><strong>Lieferung ohne Okular, Sucher und Winkelumlenkung.<\/strong> Zubeh\u00f6r ist separat erh\u00e4ltlich.<\/p>\n<h3>Warum sollte man sich f\u00fcr den Esprit-120EDX entscheiden?<\/h3>\n<ul>\n<li>120 mm ED-Triplet aus FPL-53-Glas - Premium-Optik<\/li>\n<li>Ultra-stabiler 3\u2033-Fokussierer mit doppelter Rotation<\/li>\n<li>Kompatibel mit Vollformat-Sensoren mit dedizierten Korrektoren<\/li>\n<li>Perfektes Gleichgewicht zwischen Aufl\u00f6sung, Kontrast und Feld<\/li>\n<li>Mechanische Qualit\u00e4t und Verarbeitung auf h\u00f6chstem Niveau<\/li>\n<\/ul>\n<h3>Ein Trauminstrument f\u00fcr anspruchsvolle Astrofotografen<\/h3>\n<p>Die <strong>Sky-Watcher Esprit-120EDX<\/strong> ist eine der besten verf\u00fcgbaren Optionen f\u00fcr erfahrene Astrofotografen, die nach einem zuverl\u00e4ssigen, steifen und extrem leistungsf\u00e4higen Instrument suchen. Seine Bildqualit\u00e4t kann es mit dreimal so teuren Markenbrillen aufnehmen, ohne dabei auf die Flexibilit\u00e4t und Robustheit verzichten zu m\u00fcssen, f\u00fcr die Sky-Watcher bekannt ist.<\/p>\n<p><strong>Jetzt bei Deep Space Astronomy vorbestellen - Lieferung voraussichtlich im Laufe des Oktobers 2025.<\/strong><\/p>","protected":false},"excerpt":{"rendered":"<p>Sky-Watcher Esprit-120EDX \u2013 Lunette triplet Super APO 120 mm f\/7 pour imagerie haute d\u00e9finition La Sky-Watcher Esprit-120EDX est une lunette apochromatique triplet de tr\u00e8s haute qualit\u00e9, con\u00e7ue pour les astrophotographes les plus exigeants comme pour les observateurs visuels soucieux d\u2019une pr\u00e9cision optique irr\u00e9prochable. Avec une ouverture de 120 mm, une focale de 840 mm (f\/7), [&hellip;]<\/p>\n","protected":false},"featured_media":9214,"comment_status":"open","ping_status":"closed","template":"","meta":[],"product_brand":[822],"product_cat":[384,755,816],"product_tag":[],"class_list":{"0":"post-9204","1":"product","2":"type-product","3":"status-publish","4":"has-post-thumbnail","6":"product_brand-sky-watcher","7":"product_cat-lunettes_refracteurs","8":"product_cat-lunettes-apochromatiques","9":"product_cat-nouveautes","11":"first","12":"onbackorder","13":"taxable","14":"shipping-taxable","15":"purchasable","16":"product-type-simple"},"_links":{"self":[{"href":"https:\/\/deep-space-astronomy.ch\/de\/wp-json\/wp\/v2\/product\/9204","targetHints":{"allow":["GET"]}}],"collection":[{"href":"https:\/\/deep-space-astronomy.ch\/de\/wp-json\/wp\/v2\/product"}],"about":[{"href":"https:\/\/deep-space-astronomy.ch\/de\/wp-json\/wp\/v2\/types\/product"}],"replies":[{"embeddable":true,"href":"https:\/\/deep-space-astronomy.ch\/de\/wp-json\/wp\/v2\/comments?post=9204"}],"wp:featuredmedia":[{"embeddable":true,"href":"https:\/\/deep-space-astronomy.ch\/de\/wp-json\/wp\/v2\/media\/9214"}],"wp:attachment":[{"href":"https:\/\/deep-space-astronomy.ch\/de\/wp-json\/wp\/v2\/media?parent=9204"}],"wp:term":[{"taxonomy":"product_brand","embeddable":true,"href":"https:\/\/deep-space-astronomy.ch\/de\/wp-json\/wp\/v2\/product_brand?post=9204"},{"taxonomy":"product_cat","embeddable":true,"href":"https:\/\/deep-space-astronomy.ch\/de\/wp-json\/wp\/v2\/product_cat?post=9204"},{"taxonomy":"product_tag","embeddable":true,"href":"https:\/\/deep-space-astronomy.ch\/de\/wp-json\/wp\/v2\/product_tag?post=9204"}],"curies":[{"name":"wp","href":"https:\/\/api.w.org\/{rel}","templated":true}]}}