{"id":9392,"date":"2025-07-27T14:46:19","date_gmt":"2025-07-27T12:46:19","guid":{"rendered":"https:\/\/deep-space-astronomy.ch\/?post_type=product&#038;p=9392"},"modified":"2025-07-27T14:46:34","modified_gmt":"2025-07-27T12:46:34","slug":"dobson-skywatcher-150mm-go-to","status":"publish","type":"product","link":"https:\/\/deep-space-astronomy.ch\/de\/produkt\/dobson-skywatcher-150mm-go-to\/","title":{"rendered":"Dobson Sky-Watcher 150mm GOTO"},"content":{"rendered":"<h2>Sky-Watcher Virtuoso GTi 150P Dobson-Teleskop - kompakt, selbstausrichtend und leistungsstark<\/h2>\n<p>Die <strong>Sky-Watcher Virtuoso GTi 150P<\/strong> ist ein kompaktes, revolution\u00e4res Dobson-Teleskop, das optische Leistung, eine motorisierte GoTo-Montierung mit integriertem Wi-Fi und ein faltbares Design f\u00fcr optimale Tragbarkeit kombiniert. Dieses Tischteleskop ist sowohl f\u00fcr anspruchsvolle Anf\u00e4nger als auch f\u00fcr mobile Astronomen ideal und bietet <strong>brillante Ansichten des Mondes, der Planeten, Galaxien und Nebel<\/strong>Sie k\u00f6nnen sich auch in einer Tasche transportieren lassen.<\/p>\n<h3>\ud83c\udf0c Ein gro\u00dfer 150-mm-Spiegel in einem kleinen Format.<\/h3>\n<p>Mit einer gro\u00dfz\u00fcgigen Er\u00f6ffnung von <strong>150 mm<\/strong> und eine Brennweite von <strong>750 mm<\/strong> (f\/5) f\u00e4ngt dieses Teleskop 44 % mehr Licht ein als ein 130-mm-Teleskop und enth\u00fcllt mehr Details in Deep-Sky-Objekten. Seine <strong>Newton-Optik <\/strong>mit Beugungsbegrenzung liefert scharfe und kontrastreiche Bilder. Und dank der <strong>exklusive RAQ\u2122-Beschichtungen (Radiant\u2122 Aluminum Quartz)<\/strong>Das Licht wird bei 94 % reflektiert, um hellere Beobachtungen zu erm\u00f6glichen.<\/p>\n<h3>\ud83d\udd2d GoTo-Technologie mit Wi-Fi und SynScan-App<\/h3>\n<p>Der Virtuoso GTi 150P ist voll motorisiert und <strong>von Ihrem Smartphone oder Tablet aus steuerbar<\/strong> \u00fcber die kostenlose SynScan Pro App (iOS\/Android). Sein GoTo-System erm\u00f6glicht Ihnen die automatische Lokalisierung von mehr als <strong>10.000 Himmelsobjekte<\/strong> : Nebel, Galaxien, Sternhaufen und alle Messier-, NGC-, IC- und Caldwell-Objekte. Au\u00dferdem werden dank der Technologie <strong>Freedom Find\u2122<\/strong>k\u00f6nnen Sie das Rohr manuell bewegen, ohne die Ausrichtung zu verlieren.<\/p>\n<h3>\ud83e\uddf3 Nomaden-Teleskop mit einziehbarem optischen Tubus<\/h3>\n<p>Dank seiner <strong>faltbarer optischer Tubus<\/strong> inspiriert von den ber\u00fchmten Dobson Flextube-Teleskopen, ist dieses Teleskop leicht zu verstauen und zu transportieren. Es ist ideal f\u00fcr Bergtouren oder Wochenenden unter dem Sternenhimmel. Es l\u00e4sst sich in wenigen Minuten aufbauen und ben\u00f6tigt kein Stativ - die Dobson-Basis ist bereits integriert.<\/p>\n<h3>\ud83d\udce6 Inhalt der Schachtel<\/h3>\n<ul>\n<li>Newton 150\/750 mm einziehbarer optischer Tubus<\/li>\n<li>Motorisiertes Virtuoso GTi-Monitoring mit integriertem Wi-Fi<\/li>\n<li>Superokulare 25 mm (30x) und 10 mm (75x)<\/li>\n<li>Sucher roter Punkt<\/li>\n<li>Kollimationswerkzeug<\/li>\n<li>Handbuch<\/li>\n<\/ul>\n<h3>\ud83d\udd27 Technische Daten<\/h3>\n<table border=\"1\" cellspacing=\"0\" cellpadding=\"6\">\n<caption><strong>Optik<\/strong><\/caption>\n<tbody>\n<tr>\n<td>Design<\/td>\n<td>Newton Reflektor<\/td>\n<\/tr>\n<tr>\n<td>Er\u00f6ffnung<\/td>\n<td>150 mm<\/td>\n<\/tr>\n<tr>\n<td>Brennweite<\/td>\n<td>750 mm<\/td>\n<\/tr>\n<tr>\n<td>F\/D-Verh\u00e4ltnis<\/td>\n<td>f\/5<\/td>\n<\/tr>\n<tr>\n<td>Trennende Kraft (Dawes)<\/td>\n<td>0.77 arcsec<\/td>\n<\/tr>\n<tr>\n<td>Grenzmagnitude<\/td>\n<td>13.36<\/td>\n<\/tr>\n<tr>\n<td>Sekund\u00e4re Obstruktion<\/td>\n<td>32% (Durchmesser) \/ 10% (Fl\u00e4che)<\/td>\n<\/tr>\n<tr>\n<td>Glasart<\/td>\n<td>Borosilikat<\/td>\n<\/tr>\n<tr>\n<td>Optische Qualit\u00e4t<\/td>\n<td>Begrenzte Beugung (\u03bb\/4)<\/td>\n<\/tr>\n<\/tbody>\n<\/table>\n<p>&nbsp;<\/p>\n<table border=\"1\" cellspacing=\"0\" cellpadding=\"6\">\n<caption><strong>Mechanik<\/strong><\/caption>\n<tbody>\n<tr>\n<td>Fokussieren<\/td>\n<td>Helix 1.25\u2033 (Einzelgeschwindigkeit)<\/td>\n<\/tr>\n<tr>\n<td>Optische R\u00f6hre<\/td>\n<td>Einziehbar (27\u2033 \/ 16\u2033)<\/td>\n<\/tr>\n<tr>\n<td>Gewicht der R\u00f6hre<\/td>\n<td>3.6 kg<\/td>\n<\/tr>\n<tr>\n<td>Gewicht der Basis<\/td>\n<td>4.9 kg<\/td>\n<\/tr>\n<tr>\n<td>Gesamtgewicht<\/td>\n<td>8.7 kg<\/td>\n<\/tr>\n<tr>\n<td>Rahmen<\/td>\n<td>Dobson-Tisch mit Doppel-Encodern<\/td>\n<\/tr>\n<tr>\n<td>Art der Lager<\/td>\n<td>Rollenlager<\/td>\n<\/tr>\n<\/tbody>\n<\/table>\n<p>&nbsp;<\/p>\n<table border=\"1\" cellspacing=\"0\" cellpadding=\"6\">\n<caption><strong>Elektronik &amp; GoTo<\/strong><\/caption>\n<tbody>\n<tr>\n<td>Kontrolle<\/td>\n<td>Wi-Fi \u00fcber SynScan Pro (iOS\/Android)<\/td>\n<\/tr>\n<tr>\n<td>Freedom Find\u2122-Technologie<\/td>\n<td>Ja<\/td>\n<\/tr>\n<tr>\n<td>Nachverfolgungsmodi<\/td>\n<td>Solar, Lunar, Sideral + Sonnenmodus ohne Ausrichtung<\/td>\n<\/tr>\n<tr>\n<td>Ausrichtungsmodi<\/td>\n<td>1 Stern, heller Stern, 3 Sterne, Nordlevel<\/td>\n<\/tr>\n<tr>\n<td>Datenbank<\/td>\n<td>10.000+ Objekte (Messier, NGC, IC, Caldwell, SAO)<\/td>\n<\/tr>\n<tr>\n<td>Ern\u00e4hrung<\/td>\n<td>8 AA-Batterien oder externe 12V-Batterien (nicht im Lieferumfang enthalten)<\/td>\n<\/tr>\n<\/tbody>\n<\/table>\n<h3>\u2728 Warum sollte man sich f\u00fcr den Virtuoso GTi 150P entscheiden?<\/h3>\n<ul>\n<li>Gro\u00dfer 150-mm-Spiegel f\u00fcr spektakul\u00e4re Deep-Sky-Ansichten<\/li>\n<li>GoTo motorisierte Montierung mit Wi-Fi - keine Fernbedienung erforderlich<\/li>\n<li>Zusammenklappbare R\u00f6hre, die sich leicht auf Reisen und Ausfl\u00fcgen mitnehmen l\u00e4sst<\/li>\n<li>Freedom Find\u2122-Technologie f\u00fcr eine fl\u00fcssige Handhabung, auch von Hand<\/li>\n<li>Ideal f\u00fcr Anf\u00e4nger, Familien und leidenschaftliche Nomaden<\/li>\n<\/ul>","protected":false},"excerpt":{"rendered":"<p>T\u00e9lescope Dobson Sky-Watcher Virtuoso GTi 150P \u2013 Compact, pointage automatique et Puissant Le Sky-Watcher Virtuoso GTi 150P est un t\u00e9lescope Dobson compact et r\u00e9volutionnaire, combinant puissance optique, monture GoTo motoris\u00e9e avec Wi-Fi int\u00e9gr\u00e9, et conception pliable pour une portabilit\u00e9 optimale. Id\u00e9al pour les d\u00e9butants exigeants comme pour les astronomes nomades, ce t\u00e9lescope de table offre [&hellip;]<\/p>\n","protected":false},"featured_media":9393,"comment_status":"open","ping_status":"closed","template":"","meta":[],"product_brand":[822],"product_cat":[815,746,816],"product_tag":[],"class_list":{"0":"post-9392","1":"product","2":"type-product","3":"status-publish","4":"has-post-thumbnail","6":"product_brand-sky-watcher","7":"product_cat-debutants","8":"product_cat-dobson","9":"product_cat-nouveautes","11":"first","12":"on_supplier","13":"taxable","14":"shipping-taxable","15":"purchasable","16":"product-type-simple"},"_links":{"self":[{"href":"https:\/\/deep-space-astronomy.ch\/de\/wp-json\/wp\/v2\/product\/9392","targetHints":{"allow":["GET"]}}],"collection":[{"href":"https:\/\/deep-space-astronomy.ch\/de\/wp-json\/wp\/v2\/product"}],"about":[{"href":"https:\/\/deep-space-astronomy.ch\/de\/wp-json\/wp\/v2\/types\/product"}],"replies":[{"embeddable":true,"href":"https:\/\/deep-space-astronomy.ch\/de\/wp-json\/wp\/v2\/comments?post=9392"}],"wp:featuredmedia":[{"embeddable":true,"href":"https:\/\/deep-space-astronomy.ch\/de\/wp-json\/wp\/v2\/media\/9393"}],"wp:attachment":[{"href":"https:\/\/deep-space-astronomy.ch\/de\/wp-json\/wp\/v2\/media?parent=9392"}],"wp:term":[{"taxonomy":"product_brand","embeddable":true,"href":"https:\/\/deep-space-astronomy.ch\/de\/wp-json\/wp\/v2\/product_brand?post=9392"},{"taxonomy":"product_cat","embeddable":true,"href":"https:\/\/deep-space-astronomy.ch\/de\/wp-json\/wp\/v2\/product_cat?post=9392"},{"taxonomy":"product_tag","embeddable":true,"href":"https:\/\/deep-space-astronomy.ch\/de\/wp-json\/wp\/v2\/product_tag?post=9392"}],"curies":[{"name":"wp","href":"https:\/\/api.w.org\/{rel}","templated":true}]}}