{"id":9459,"date":"2025-07-29T22:18:42","date_gmt":"2025-07-29T20:18:42","guid":{"rendered":"https:\/\/deep-space-astronomy.ch\/?post_type=product&#038;p=9459"},"modified":"2025-07-29T22:18:57","modified_gmt":"2025-07-29T20:18:57","slug":"extension-de-colonne-pour-monture-wave-sky-watcher","status":"publish","type":"product","link":"https:\/\/deep-space-astronomy.ch\/de\/produkt\/extension-de-colonne-pour-monture-wave-sky-watcher\/","title":{"rendered":"S\u00e4ulenverl\u00e4ngerung f\u00fcr Sky-Watcher WAVE-Montierung"},"content":{"rendered":"<h3 style=\"text-align: center;\">Sky-Watcher-Verl\u00e4ngerungss\u00e4ule 180 mm f\u00fcr WAVE-Rahmen<\/h3>\n<p>Verbessern Sie Ihre Konfiguration mit dieser <strong>180 mm Verl\u00e4ngerungss\u00e4ule<\/strong> speziell f\u00fcr Mount Heads <strong>WAVE-100i<\/strong> und <strong>WAVE-150i<\/strong>. Kompatibel mit Sky-Watcher-Stativen <strong>WAVE aus Kohlefaser<\/strong> (Ref. 20984) sowie mit dem <strong>Stativ aus rostfreiem Stahl AZ5<\/strong> (Art.-Nr. 20316) bietet es eine einfache und robuste L\u00f6sung, um mehr H\u00f6he und Beobachtungskomfort zu gewinnen.<\/p>\n<p>Hergestellt in <strong>Aluminiumguss<\/strong>, Diese Verl\u00e4ngerung bietet eine hervorragende Steifigkeit und ist mit einem Gewicht von nur 1,1 kg relativ leicht. Sie verhindert, dass Instrumente mit langer Brennweite gegen die Beine des Stativs sto\u00dfen, und sorgt f\u00fcr eine bessere Ergonomie bei der Verwendung.<\/p>\n<h3>Hauptvorteile<\/h3>\n<ul>\n<li>\ud83d\udd29 <strong>Perfekte Kompatibilit\u00e4t<\/strong> mit den Fassungen WAVE-100i \/ WAVE-150i<\/li>\n<li>\ud83c\udf10 <strong>Funktioniert mit den Stativen WAVE (20984) und AZ5 (20316).<\/strong><\/li>\n<li>\ud83d\udccf <strong>Nutzbare H\u00f6he von 180 mm<\/strong> f\u00fcr mehr Bewegungsfreiheit<\/li>\n<li>\ud83d\udee1\ufe0f <strong>Konstruktion aus gegossenem Aluminium<\/strong> : solide und zuverl\u00e4ssig<\/li>\n<li>\u2696\ufe0f <strong>Optimiertes Gewicht<\/strong> : nur 1,1 kg<\/li>\n<\/ul>\n<h3>Technische Spezifikationen<\/h3>\n<table>\n<tbody>\n<tr>\n<th>Kompatibilit\u00e4t von Brillenfassungen<\/th>\n<td>Sky-Watcher WAVE-100i &amp; WAVE-150i<\/td>\n<\/tr>\n<tr>\n<th>Kompatibilit\u00e4t mit Stativen<\/th>\n<td>WAVE Carbon (20984) \/ AZ5 Inox (20316)<\/td>\n<\/tr>\n<tr>\n<th>H\u00f6he<\/th>\n<td>180 mm<\/td>\n<\/tr>\n<tr>\n<th>Gewicht<\/th>\n<td>1,1 kg<\/td>\n<\/tr>\n<tr>\n<th>Material<\/th>\n<td>Gegossenes Aluminium<\/td>\n<\/tr>\n<tr>\n<th>Typ<\/th>\n<td>Zubeh\u00f6r f\u00fcr Stativ<\/td>\n<\/tr>\n<\/tbody>\n<\/table>\n<p>&nbsp;<\/p>","protected":false},"excerpt":{"rendered":"<p>Colonne d\u2019extension Sky-Watcher 180\u202fmm pour montures WAVE Am\u00e9liorez votre configuration avec cette colonne d\u2019extension de 180\u202fmm sp\u00e9cialement con\u00e7ue pour les t\u00eates de monture WAVE-100i et WAVE-150i. Compatible avec les tr\u00e9pieds Sky-Watcher WAVE en fibre de carbone (r\u00e9f. 20984) ainsi qu\u2019avec le tr\u00e9pied en acier inoxydable AZ5 (r\u00e9f. 20316), elle offre une solution simple et robuste [&hellip;]<\/p>\n","protected":false},"featured_media":9460,"comment_status":"open","ping_status":"closed","template":"","meta":[],"product_brand":[822],"product_cat":[802,635],"product_tag":[],"class_list":{"0":"post-9459","1":"product","2":"type-product","3":"status-publish","4":"has-post-thumbnail","6":"product_brand-sky-watcher","7":"product_cat-accessoires-generaux","8":"product_cat-trpieds","10":"first","11":"on_supplier","12":"taxable","13":"shipping-taxable","14":"purchasable","15":"product-type-simple"},"_links":{"self":[{"href":"https:\/\/deep-space-astronomy.ch\/de\/wp-json\/wp\/v2\/product\/9459","targetHints":{"allow":["GET"]}}],"collection":[{"href":"https:\/\/deep-space-astronomy.ch\/de\/wp-json\/wp\/v2\/product"}],"about":[{"href":"https:\/\/deep-space-astronomy.ch\/de\/wp-json\/wp\/v2\/types\/product"}],"replies":[{"embeddable":true,"href":"https:\/\/deep-space-astronomy.ch\/de\/wp-json\/wp\/v2\/comments?post=9459"}],"wp:featuredmedia":[{"embeddable":true,"href":"https:\/\/deep-space-astronomy.ch\/de\/wp-json\/wp\/v2\/media\/9460"}],"wp:attachment":[{"href":"https:\/\/deep-space-astronomy.ch\/de\/wp-json\/wp\/v2\/media?parent=9459"}],"wp:term":[{"taxonomy":"product_brand","embeddable":true,"href":"https:\/\/deep-space-astronomy.ch\/de\/wp-json\/wp\/v2\/product_brand?post=9459"},{"taxonomy":"product_cat","embeddable":true,"href":"https:\/\/deep-space-astronomy.ch\/de\/wp-json\/wp\/v2\/product_cat?post=9459"},{"taxonomy":"product_tag","embeddable":true,"href":"https:\/\/deep-space-astronomy.ch\/de\/wp-json\/wp\/v2\/product_tag?post=9459"}],"curies":[{"name":"wp","href":"https:\/\/api.w.org\/{rel}","templated":true}]}}