{"id":9597,"date":"2025-08-04T21:02:56","date_gmt":"2025-08-04T19:02:56","guid":{"rendered":"https:\/\/deep-space-astronomy.ch\/?post_type=product&#038;p=9597"},"modified":"2025-08-04T21:03:09","modified_gmt":"2025-08-04T19:03:09","slug":"bresser-messier-ar-152l-1200","status":"publish","type":"product","link":"https:\/\/deep-space-astronomy.ch\/de\/produkt\/bresser-messier-ar-152l-1200\/","title":{"rendered":"BRESSER Messier AR-152L\/1200"},"content":{"rendered":"<h3>BRESSER Messier AR-152L\/1200 Achromatischer Refraktor - Der beste achromatische Refraktor<\/h3>\n<p>G\u00f6nnen Sie sich ein au\u00dfergew\u00f6hnliches Beobachtungserlebnis mit dem BRESSER Messier-Refraktor AR-152L\/1200, einem hochwertigen Instrument f\u00fcr Astronomiebegeisterte, vom ambitionierten Anf\u00e4nger bis zum fortgeschrittenen Beobachter.<br \/>\nMit seinem 152 mm Objektiv und der langen Brennweite von 1200 mm erm\u00f6glicht dieses Fernrohr gestochen scharfe Beobachtungen sowohl im Planeten- als auch im Deep-Sky-Bereich.<\/p>\n<h3>Beeindruckende optische Leistung<\/h3>\n<p>Der gro\u00dfz\u00fcgige Durchmesser von 152 mm in Kombination mit einem achromatischen Design und einer modernen Mehrschichtverg\u00fctung sorgt f\u00fcr kontrastreiche und helle Bilder. Ob Sie Mondkrater, die Wolkenb\u00e4nder des Jupiters oder ferne Sternhaufen beobachten, jedes Detail kommt klar zur Geltung. Trotz des achromatischen optischen Aufbaus hat man eine sehr gute Kontrolle \u00fcber den Chromatismus.<\/p>\n<h3>Robustes Design und praktische Details<\/h3>\n<p>Das Aluminiumrohr beherbergt ein 2,5\u2033 Hexafoc-Extraktionssystem f\u00fcr eine stabile und pr\u00e4zise Fokussierung. Der integrierte Tragegriff liegt gut in der Hand und kann auch eine Kamera aufnehmen. Der Schwalbenschwanz aus rostfreiem Stahl ist mit handels\u00fcblichen Fassungen kompatibel.<\/p>\n<h3>Sichere Nacht- und Sonnenbeobachtung<\/h3>\n<p>Dieses Fernrohr wird mit einem hochwertigen Sonnenfilter geliefert, damit Sie die Sonne sicher beobachten k\u00f6nnen. Erkunden Sie Sonnenflecken, verfolgen Sie eine Sonnenfinsternis oder beobachten Sie einen Planetentransit direkt von Ihrem Garten aus.<\/p>\n<p>Es ist eine hervorragende R\u00f6hre, die mit einem Quark oder einem h-alpha-Filter kombiniert werden kann, um die Sonne detailliert zu beobachten und abzubilden!<\/p>\n<h3>Im Paket enthalten<\/h3>\n<ul>\n<li>Optischer Tubus AR-152\/1200 mm<\/li>\n<li>Super Pl\u00f6ssl-Okular 26 mm (31,7 mm)<\/li>\n<li>Abgewinkelte Umlenkung 31,7 mm (1,25\u2033)<\/li>\n<li>50,8 mm auf 31,7 mm Adapter mit integriertem T2-Gewinde<\/li>\n<li>Sucher 8\u00d750 mit optimierter Halterung<\/li>\n<li>Tragegriff mit Kamerahalterung<\/li>\n<li>Sonnenfilter f\u00fcr Objektiv<\/li>\n<li>Smartphone-Adapter f\u00fcr Himmelsnavigation<\/li>\n<li>Rotierende Himmelskarte<\/li>\n<li>Stellarium-Software (zum Herunterladen)<\/li>\n<\/ul>\n<h3>Technische Daten<\/h3>\n<table border=\"1\" cellspacing=\"0\" cellpadding=\"6\">\n<tbody>\n<tr>\n<th>Typ<\/th>\n<td>Achromatisches Fernrohr (Refraktor)<\/td>\n<\/tr>\n<tr>\n<th>Er\u00f6ffnung<\/th>\n<td>152 mm<\/td>\n<\/tr>\n<tr>\n<th>Brennweite<\/th>\n<td>1200 mm<\/td>\n<\/tr>\n<tr>\n<th>Er\u00f6ffnungsbericht<\/th>\n<td>f\/7,9<\/td>\n<\/tr>\n<tr>\n<th>Maximale Nutzvergr\u00f6\u00dferung<\/th>\n<td>304x<\/td>\n<\/tr>\n<tr>\n<th>L\u00f6sungsbefugnis<\/th>\n<td>0,86 arcsec<\/td>\n<\/tr>\n<tr>\n<th>Material des Rohrs<\/th>\n<td>Aluminium<\/td>\n<\/tr>\n<tr>\n<th>L\u00e4nge des Rohrs<\/th>\n<td>1275 mm<\/td>\n<\/tr>\n<tr>\n<th>Durchmesser des Rohrs<\/th>\n<td>161 mm<\/td>\n<\/tr>\n<tr>\n<th>Gewicht (inkl. Zubeh\u00f6r)<\/th>\n<td>11,1 kg<\/td>\n<\/tr>\n<tr>\n<th>Fokussierungssystem<\/th>\n<td>2,5\u2033 Hexafoc<\/td>\n<\/tr>\n<tr>\n<th>Rahmen<\/th>\n<td>Nicht enthalten (nur OTA)<\/td>\n<\/tr>\n<tr>\n<th>Schwalbenschwanz<\/th>\n<td>44 mm Typ GP\/EQ5<\/td>\n<\/tr>\n<tr>\n<th>Fotografie-Kompatibilit\u00e4t<\/th>\n<td>Planetarisch, Lunar, Deep Sky<\/td>\n<\/tr>\n<tr>\n<th>Zielpublikum<\/th>\n<td>Motivierte Anf\u00e4nger und fortgeschrittene Beobachter<\/td>\n<\/tr>\n<tr>\n<th>Sonnenbeobachtung<\/th>\n<td>Ja (inkl. Filter)<\/td>\n<\/tr>\n<tr>\n<th>Garantie<\/th>\n<td>10 Jahre<\/td>\n<\/tr>\n<\/tbody>\n<\/table>\n<h3>Eine ausgezeichnete Wahl f\u00fcr anspruchsvolle Liebhaber<\/h3>\n<p>Die BRESSER Messier AR-152L\/1200 bietet ein au\u00dfergew\u00f6hnliches Preis-Leistungs-Verh\u00e4ltnis. Sie zeichnet sich durch ihre Vielseitigkeit und ihre F\u00e4higkeit aus, feine Details im Sonnensystem und dar\u00fcber hinaus zu enth\u00fcllen. Sie ist ideal f\u00fcr Hobbyastronomen, die sich weiterentwickeln m\u00f6chten, ohne auf ein Instrument verzichten zu m\u00fcssen, das leicht zu transportieren und einzurichten ist.<\/p>\n<h3>Praktische Informationen<\/h3>\n<ul>\n<li>Lieferzeit: 2 bis 7 Tage<\/li>\n<\/ul>","protected":false},"excerpt":{"rendered":"<p>Lunette achromatique BRESSER Messier AR-152L\/1200 \u2013 La meilleure lunette achromatique Offrez-vous une exp\u00e9rience d\u2019observation exceptionnelle avec la lunette BRESSER Messier AR-152L\/1200, un instrument de qualit\u00e9 sup\u00e9rieure destin\u00e9 aux passionn\u00e9s d\u2019astronomie, qu\u2019ils soient d\u00e9butants ambitieux ou observateurs avanc\u00e9s. Avec son objectif de 152 mm et sa longue focale de 1200 mm, cette lunette permet des observations [&hellip;]<\/p>\n","protected":false},"featured_media":9598,"comment_status":"open","ping_status":"closed","template":"","meta":[],"product_brand":[807],"product_cat":[384,754],"product_tag":[],"class_list":{"0":"post-9597","1":"product","2":"type-product","3":"status-publish","4":"has-post-thumbnail","6":"product_brand-bresser","7":"product_cat-lunettes_refracteurs","8":"product_cat-lunettes-achromatiques","10":"first","11":"on_supplier","12":"taxable","13":"shipping-taxable","14":"purchasable","15":"product-type-simple"},"_links":{"self":[{"href":"https:\/\/deep-space-astronomy.ch\/de\/wp-json\/wp\/v2\/product\/9597","targetHints":{"allow":["GET"]}}],"collection":[{"href":"https:\/\/deep-space-astronomy.ch\/de\/wp-json\/wp\/v2\/product"}],"about":[{"href":"https:\/\/deep-space-astronomy.ch\/de\/wp-json\/wp\/v2\/types\/product"}],"replies":[{"embeddable":true,"href":"https:\/\/deep-space-astronomy.ch\/de\/wp-json\/wp\/v2\/comments?post=9597"}],"wp:featuredmedia":[{"embeddable":true,"href":"https:\/\/deep-space-astronomy.ch\/de\/wp-json\/wp\/v2\/media\/9598"}],"wp:attachment":[{"href":"https:\/\/deep-space-astronomy.ch\/de\/wp-json\/wp\/v2\/media?parent=9597"}],"wp:term":[{"taxonomy":"product_brand","embeddable":true,"href":"https:\/\/deep-space-astronomy.ch\/de\/wp-json\/wp\/v2\/product_brand?post=9597"},{"taxonomy":"product_cat","embeddable":true,"href":"https:\/\/deep-space-astronomy.ch\/de\/wp-json\/wp\/v2\/product_cat?post=9597"},{"taxonomy":"product_tag","embeddable":true,"href":"https:\/\/deep-space-astronomy.ch\/de\/wp-json\/wp\/v2\/product_tag?post=9597"}],"curies":[{"name":"wp","href":"https:\/\/api.w.org\/{rel}","templated":true}]}}