{"id":9668,"date":"2025-08-11T12:03:21","date_gmt":"2025-08-11T10:03:21","guid":{"rendered":"https:\/\/deep-space-astronomy.ch\/?post_type=product&#038;p=9668"},"modified":"2026-04-20T04:33:26","modified_gmt":"2026-04-20T02:33:26","slug":"uranus-m-pro-imx585","status":"publish","type":"product","link":"https:\/\/deep-space-astronomy.ch\/de\/produkt\/uranus-m-pro-imx585\/","title":{"rendered":"Uranus-M Pro (IMX585)"},"content":{"rendered":"<div class=\"product-description\">\n<h3>Player One Uranus-M Pro (IMX585) - Mono gek\u00fchlte USB3.0-Kamera f\u00fcr Deep Sky, Sonnen-, Mond- und Planetenhimmel<\/h3>\n<p>Die <strong>Uranus-M Pro<\/strong> ist die neue gek\u00fchlte Monochrom-Kamera von Player One (Sensor <strong>Sony IMX585 1\/1.2\u2033.<\/strong>8,3 MP, 2,9 \u00b5m Pixel). Entwickelt f\u00fcr Leistung und Zuverl\u00e4ssigkeit, kombiniert sie einen <strong>TEC-K\u00fchlung 2 Stufen<\/strong> (Delta-T bis 35-40 \u00b0C), ein <strong>leichtes Kohlefaser-Chassis<\/strong>ein <strong>eingebautes Antibeschlagsystem<\/strong> und eine <strong>Tiltplatte vorne 3P + hinten 4P<\/strong> f\u00fcr eine pr\u00e4zise Einstellung der Ebenheit des Feldes. Seine Elektronik enth\u00e4lt <strong>512 MB DDR3-Cache<\/strong> f\u00fcr stabile Erfassungen ohne Bildverlust, und der IMX585-Sensor nutzt die <strong>STARVIS 2<\/strong> f\u00fcr eine hohe Empfindlichkeit und ein geringes Rauschen bei der Wiedergabe.<\/p>\n<p>Mit seiner <strong>vollmundig von 47 ke-<\/strong> (d. h. ~3,6 \u00d7 IMX485), ein <strong>Bitrate bis zu 47 fps in RAW8<\/strong> und das Fehlen von Amp-glow (<em>non-amp-glow<\/em>), liefert die Uranus-M Pro einen sauberen Himmelshintergrund und feine Sterne, egal ob in Narrowband\/LRGB Deep Sky oder bei Weitfeldmosaiken. Ihr 1\/1.2\u2033-Format erleichtert zudem die Aufnahme der kompletten Sonnen-\/Mondscheibe mit einer kurzen Brennweite.<\/p>\n<h3>Schl\u00fcsselpunkte, an die Sie sich erinnern sollten<\/h3>\n<ul>\n<li><strong>IMX585 Mono-Sensor (1\/1.2\u2033)<\/strong> - 3856 \u00d7 2180 (8,3 MP), 2,9 \u00b5m Pixel, 12,85 mm Diagonale, Technologie <strong>STARVIS 2<\/strong>.<\/li>\n<li><strong>Vollmond 47 ke-<\/strong> - Hoher Dynamikumfang, um die Spitzlichter von hellen Sternen und Nebeln zu erhalten.<\/li>\n<li><strong>TEC-K\u00fchlung 2 Stufen<\/strong> - Delta-T typisch 35-40 \u00b0C, Ventilator mit einstellbarer Geschwindigkeit, Feinsteuerung im ASCOM-Treiber.<\/li>\n<li><strong>Non-amp-glow<\/strong> - \"Wirklich schwarze\" Dark-Dateien, vereinfachte Verarbeitung und h\u00f6here Bildqualit\u00e4t.<\/li>\n<li><strong>Integrierter Antibeschlag (einstellbare St\u00e4rke)<\/strong> - Klares Ziel die ganze Nacht hindurch, auch bei hoher Luftfeuchtigkeit.<\/li>\n<li><strong>Doppelte Tiltplatte<\/strong> : <em>3P-Front<\/em> (urspr\u00fcnglicher Anstieg) + <em>rear 4P<\/em> (im Lieferumfang enthalten) zur Anpassung an Filterr\u00e4der, Schubladen, OAG und RASA.<\/li>\n<li><strong>Ultraleichter Kohlefaserrahmen<\/strong> - Ca. 420 g, robustes Design, vereinfachte Verkabelung (Strom und USB im festen Teil).<\/li>\n<li><strong>512 MB DDR3<\/strong> - Stabilisierte USB-Streams, weniger Anforderungen an den PC, kompatibel mit USB 3.0 (Typ-C) und grundlegender Betrieb auch bei USB 2.0.<\/li>\n<li><strong>Hohe Kadenz<\/strong> - Bis zu ~47 fps in RAW8 je nach Modus und Konfiguration.<\/li>\n<li><strong>Sehr niedriger Dunkelstrom<\/strong> - ~0,0004 e-\/s\/Pixel bei -20 \u00b0C und ~0,005 e-\/s\/Pixel bei 0 \u00b0C.<\/li>\n<\/ul>\n<h3>F\u00fcr welche Zwecke?<\/h3>\n<ul>\n<li><strong>Deep Sky LRGB &amp; Narrowband<\/strong> : Die gro\u00dfe Vollwolke und das Fehlen von Amp-Glow f\u00fchren zu sauberen und auf die Behandlung reagierenden Erfassungen (H\u03b1, O III, S II, LRGB).<\/li>\n<li><strong>Solar &amp; Lunar<\/strong> : Das 1\/1.2\u2033-Format erm\u00f6glicht es, die gesamte Scheibe mit kurzen Refraktoren leicht zu erfassen; Mosaike sind schneller.<\/li>\n<li><strong>Planetarisch<\/strong> : Schnelle Bildrate und geringes Rauschen f\u00fcr detaillierte Sequenzen, besonders n\u00fctzlich bei Jupiter, Saturn und dem Mond.<\/li>\n<\/ul>\n<h3>Wesentliche Spezifikationen<\/h3>\n<table>\n<tbody>\n<tr>\n<th>Sensor<\/th>\n<td>Sony IMX585 mono (STARVIS 2), 1\/1.2\u2033.<\/td>\n<\/tr>\n<tr>\n<th>Aufl\u00f6sung<\/th>\n<td>3856 \u00d7 2180 (8,3 MP)<\/td>\n<\/tr>\n<tr>\n<th>Pixelgr\u00f6\u00dfe<\/th>\n<td>2,9 \u00b5m<\/td>\n<\/tr>\n<tr>\n<th>Vollbl\u00fcter<\/th>\n<td>~47 ke- (\u2248 3,6\u00d7 der IMX485)<\/td>\n<\/tr>\n<tr>\n<th>Max. Trittfrequenz<\/th>\n<td>Bis zu ~47 fps in RAW8 (USB 3.0)<\/td>\n<\/tr>\n<tr>\n<th>K\u00fchlung<\/th>\n<td>TEC 2-stufig, Delta-T 35-40 \u00b0C (typ.)<\/td>\n<\/tr>\n<tr>\n<th>Antibeschlag<\/th>\n<td>Eingebauter Widerstand, einstellbare Leistung<\/td>\n<\/tr>\n<tr>\n<th>Pufferspeicher<\/th>\n<td>512 MB DDR3<\/td>\n<\/tr>\n<tr>\n<th>Rauschen beim Lesen<\/th>\n<td>Sehr niedrig (HCG-Modus aktiviert bei Gain\u2248210)<\/td>\n<\/tr>\n<tr>\n<th>Dunkelstrom<\/th>\n<td>\u2248 0,0004 e-\/s\/pix (-20 \u00b0C); \u2248 0,005 e-\/s\/pix (0 \u00b0C)<\/td>\n<\/tr>\n<\/tbody>\n<\/table>\n<h3>Aufbau &amp; Anschl\u00fcsse<\/h3>\n<table>\n<tbody>\n<tr>\n<th>K\u00f6rper<\/th>\n<td>Aluminium + Kohlefaser, rot\/schwarz<\/td>\n<\/tr>\n<tr>\n<th>Tilt-Platten<\/th>\n<td>Vorne 3P (montiert) &amp; hinten 4P (inkl.)<\/td>\n<\/tr>\n<tr>\n<th>Datenports<\/th>\n<td>2\u00d7 USB Typ-C (Haupt-USB 3.0)<\/td>\n<\/tr>\n<tr>\n<th>Ern\u00e4hrung<\/th>\n<td>12 V DC, 5,5 \u00d7 2,1 mm (empfohlen 12 V \/ 5 A)<\/td>\n<\/tr>\n<tr>\n<th>Gewicht<\/th>\n<td>\u2248 420 g<\/td>\n<\/tr>\n<tr>\n<th>Kompatibilit\u00e4t<\/th>\n<td>R\u00e4der\/Filterschubladen 1,25\u2033 \/ 2\u2033, OAG, RASA (Tilt Back empfohlen)<\/td>\n<\/tr>\n<\/tbody>\n<\/table>\n<p><em>Anmerkung: Die<strong>12-V-Stromversorgung<\/strong> ist nicht enthalten. Empfohlener Block : <a href=\"https:\/\/player-one-astronomy.com\/product\/12v-5a-power-supply-dc5-5-x-2-1mm\/\" target=\"_blank\" rel=\"nofollow noopener\">12 V 5 A 5,5 \u00d7 2,1 mm<\/a>.<\/em><\/p>\n<h3>K\u00fchlung, L\u00fcfter und Antibeschlag: Empfohlene Einstellungen<\/h3>\n<ul>\n<li><strong>Delta-T Standard<\/strong> : 35-40 \u00b0C (z. B.: Umgebungstemperatur 30 \u00b0C, Ventilator 100 %, Antibeschlag 1 %).<\/li>\n<li><strong>Empfohlene Einstellung<\/strong> : 30-35 \u00b0C unter Umgebungstemperatur, L\u00fcfter 50-70 %, Antibeschlag ~10 % (conso ~40-60 %).<\/li>\n<li><strong>ASCOM-Kontrollen<\/strong> : Zieltemperatur, Gebl\u00e4segeschwindigkeit, Antibeschlagleistung.<\/li>\n<\/ul>\n<h3>Sensor-Tilt-Management: runde Ecken, scharfe Sterne<\/h3>\n<p>Die Uranus-M Pro wird mit einer <strong>vordere Tiltplatte 3P<\/strong> (installiert) und eine <strong>hintere Platte 4P<\/strong> (im Lieferumfang enthalten). Die 3P deckt die meisten F\u00e4lle ab (einfacher optischer Zug). Die 4P wird ideal, wenn Sie einen <strong>Filterrad\/-schublade + OAG<\/strong> mit festem Winkel oder auf kritischen Optiken, wie z. B. <strong>RASA<\/strong>. Eine <strong>Dichtung aus hochdichtem Schaumstoff<\/strong> verhindert, dass seitlich Licht austritt.<\/p>\n<h3>USB, DDR3-Cache und Speicher<\/h3>\n<p>Der Hafen <strong>USB-C 3.0<\/strong> Hauptkamera sorgt f\u00fcr die volle Bildrate (bis zu ~47 fps in RAW8). Die <strong>512 MB DDR3<\/strong> stabilisieren den Datenstrom, um Bildausf\u00e4lle zu vermeiden und das durch die \u00dcbertragungsschwankungen wahrgenommene Wiedergaberauschen zu reduzieren. Die Kamera kann einfach \u00fcber einen USB-2.0-Anschluss betrieben werden, aber wenn Sie die volle Leistung ben\u00f6tigen, sollten Sie USB 3.0 und einen USB-3.0-Anschluss bevorzugen. <strong>Schnelle SSD<\/strong> f\u00fcr die Aufnahme.<\/p>\n<h3>Wissenschaftliche Leistung und Behandlung<\/h3>\n<ul>\n<li><strong>HCG-Modus<\/strong> aktiv ab ~gain 210: gesenktes Wiedergabeger\u00e4usch, optimierte Dynamik.<\/li>\n<li><strong>Dunkle Frames<\/strong> : total \"dark\" und <em>non-amp-glow<\/em>Sie k\u00f6nnen die Vorverarbeitung vereinfachen.<\/li>\n<li><strong>Tests zum Leserauschen<\/strong> : machbar mit <em>SharpCap 4<\/em> (Werkzeug <em>Sensor Analysis<\/em>), um Ihre Zahlen zu \u00fcberpr\u00fcfen.<\/li>\n<\/ul>\n<h3>Backfocus &amp; Konfigurationen (55 mm typisch)<\/h3>\n<p>Die Uranus-M Pro l\u00e4sst sich problemlos in Standard-Lastz\u00fcge integrieren. <strong>BFL 55 mm<\/strong> mit Filterrad oder Schublade 1,25\u2033\/2\u2033 und OAG. Einige Kombinationen k\u00f6nnen Folgendes erfordern <strong>56 mm<\/strong> um die Dicke der Filter auszugleichen. \u00dcberpr\u00fcfen Sie die optischen L\u00e4ngen aller Ringe und Zubeh\u00f6rteile in Ihrem Setup.<\/p>\n<h3>Inhalt der Schachtel<\/h3>\n<ul>\n<li>Kamera <strong>Uranus-M Pro (IMX585 mono)<\/strong> mit vorderer Tiltplatte 3P (montiert).<\/li>\n<li>Hintere Tiltplatte 4P (Alternativteil).<\/li>\n<li>Standardzubeh\u00f6r und -kabel (USB-C usw.).<\/li>\n<li>Dokumentation.<\/li>\n<\/ul>\n<p><em>Netzteil 12 V 5 A nicht im Lieferumfang enthalten.<\/em><\/p>\n<h3>Empfohlene Optionen &amp; Pakete<\/h3>\n<ul>\n<li><strong>Uranus-M Pro Kit + PW8 1,25\u2033 + H\u03b1 7 nm \/ S II 7 nm \/ O III 7 nm Filter + LRGB S-Series 1,25\u2033.<\/strong> - Eine schl\u00fcsselfertige L\u00f6sung f\u00fcr den Einstieg in <strong>Narrowband<\/strong> und <strong>LRGB<\/strong> mono gleich nach dem Auspacken.<\/li>\n<li><strong>Stromversorgung 12 V 5 A<\/strong> - Unerl\u00e4sslich f\u00fcr den TEC; DC-Anschluss 5,5 \u00d7 2,1 mm.<\/li>\n<\/ul>\n<h3>N\u00fctzliche Ressourcen<\/h3>\n<ul>\n<li><a href=\"http:\/\/player-one-astronomy.com\/service\/software\/\" target=\"_blank\" rel=\"nofollow noopener\">Treiber &amp; Software (Download)<\/a><\/li>\n<li><a href=\"http:\/\/player-one-astronomy.com\/service\/manuals\/\" target=\"_blank\" rel=\"nofollow noopener\">Handb\u00fccher (Download)<\/a><\/li>\n<li>Tutorials (Auspacken, erstes Licht, Zusammenbau des Kits) - auf der Seite des Herstellers verf\u00fcgbar.<\/li>\n<\/ul>\n<h3>Schnelle FAQs<\/h3>\n<p><strong>Ist das Netzteil inbegriffen?<\/strong> Nein. Verwenden Sie eine <strong>12 V \/ 5 A<\/strong> Qualit\u00e4t (DC-Stecker 5,5 \u00d7 2,1 mm) f\u00fcr die TEC-K\u00fchlung.<\/p>\n<p><strong>Kann ich es auch ohne K\u00fchlung verwenden?<\/strong> Ja. Wenn sie nur \u00fcber den Haupt-USB-C angeschlossen wird, kann die Kamera als ungek\u00fchlte Kamera betrieben werden.<\/p>\n<p><strong>Welche Speicherung empfehlen Sie?<\/strong> Eine <strong>Schnelle SSD<\/strong> um die hohen Datenraten der Erfassungen zu unterst\u00fctzen.<\/p>\n<p><strong>Ist die Kamera f\u00fcr RASA geeignet?<\/strong> Ja, bevorzugen Sie die <strong>hintere Tiltplatte 4P<\/strong> f\u00fcr eine Feineinstellung und optimale Ebenheit.<\/p>\n<h3>Warum sollte man sich f\u00fcr die Uranus-M Pro (IMX585) entscheiden?<\/h3>\n<ul>\n<li><strong>Bildqualit\u00e4t<\/strong> : non-amp-glow, niedriger dark current, gro\u00dfe Dynamik.<\/li>\n<li><strong>Finesse &amp; Effizienz<\/strong> : 2,9 \u00b5m Pixel, schnelle Bildfolge, Mosaike leicht gemacht.<\/li>\n<li><strong>Stabilit\u00e4t<\/strong> : DDR3-Cache, USB-C-Anschl\u00fcsse, kontrollierte K\u00fchlung.<\/li>\n<li><strong>Anfassen<\/strong> : Dual Tilt (vorne\/hinten), einstellbarer Antibeschlag, einstellbarer Ventilator.<\/li>\n<\/ul>\n<p>&nbsp;<\/p>\n<p><em>Ben\u00f6tigen Sie Beratung bei der Integration (BFL, Filterrad, OAG, Korrektor)? Wir begleiten Sie bei der Konfiguration einer sauberen und leistungsstarken optischen Kette mit der Uranus-M Pro.<\/em><\/p>\n<\/div>","protected":false},"excerpt":{"rendered":"<p>Player One Uranus-M Pro (IMX585) \u2013 Cam\u00e9ra refroidie mono USB3.0 pour ciel profond, solaire, lunaire et plan\u00e9taire La Uranus-M Pro est la nouvelle cam\u00e9ra refroidie monochrome de Player One (capteur Sony IMX585 1\/1.2&Prime;, 8,3 MP, pixels de 2,9 \u00b5m). Con\u00e7ue pour la performance et la fiabilit\u00e9, elle combine un refroidissement TEC 2 \u00e9tages (Delta-T jusqu\u2019\u00e0 [&hellip;]<\/p>\n","protected":false},"featured_media":9670,"comment_status":"open","ping_status":"closed","template":"","meta":[],"product_brand":[556],"product_cat":[816,32,768,781],"product_tag":[],"class_list":{"0":"post-9668","1":"product","2":"type-product","3":"status-publish","4":"has-post-thumbnail","6":"product_brand-player-one","7":"product_cat-nouveautes","8":"product_cat-cameras","9":"product_cat-ciel-profond","10":"product_cat-planetaire","12":"first","13":"on_supplier","14":"taxable","15":"shipping-taxable","16":"purchasable","17":"product-type-simple"},"_links":{"self":[{"href":"https:\/\/deep-space-astronomy.ch\/de\/wp-json\/wp\/v2\/product\/9668","targetHints":{"allow":["GET"]}}],"collection":[{"href":"https:\/\/deep-space-astronomy.ch\/de\/wp-json\/wp\/v2\/product"}],"about":[{"href":"https:\/\/deep-space-astronomy.ch\/de\/wp-json\/wp\/v2\/types\/product"}],"replies":[{"embeddable":true,"href":"https:\/\/deep-space-astronomy.ch\/de\/wp-json\/wp\/v2\/comments?post=9668"}],"wp:featuredmedia":[{"embeddable":true,"href":"https:\/\/deep-space-astronomy.ch\/de\/wp-json\/wp\/v2\/media\/9670"}],"wp:attachment":[{"href":"https:\/\/deep-space-astronomy.ch\/de\/wp-json\/wp\/v2\/media?parent=9668"}],"wp:term":[{"taxonomy":"product_brand","embeddable":true,"href":"https:\/\/deep-space-astronomy.ch\/de\/wp-json\/wp\/v2\/product_brand?post=9668"},{"taxonomy":"product_cat","embeddable":true,"href":"https:\/\/deep-space-astronomy.ch\/de\/wp-json\/wp\/v2\/product_cat?post=9668"},{"taxonomy":"product_tag","embeddable":true,"href":"https:\/\/deep-space-astronomy.ch\/de\/wp-json\/wp\/v2\/product_tag?post=9668"}],"curies":[{"name":"wp","href":"https:\/\/api.w.org\/{rel}","templated":true}]}}