{"id":9703,"date":"2025-08-11T16:07:33","date_gmt":"2025-08-11T14:07:33","guid":{"rendered":"https:\/\/deep-space-astronomy.ch\/?post_type=product&#038;p=9703"},"modified":"2025-08-11T16:07:47","modified_gmt":"2025-08-11T14:07:47","slug":"monture-zwo-am5n","status":"publish","type":"product","link":"https:\/\/deep-space-astronomy.ch\/de\/produkt\/monture-zwo-am5n\/","title":{"rendered":"ZWO AM5N-Rahmen"},"content":{"rendered":"<div class=\"product-description\">\n<h3 style=\"text-align: center;\">ZWO AM5N Harmonic Equatorial Mount Gen.2 - \u00c4quatorialer\/altazimutaler GoTo-Reisemonitor<\/h3>\n<p>Die <strong>ZWO AM5N Gen.2<\/strong> ist eine <strong>ultrakompakte harmonische Fassung<\/strong> das f\u00fcr die Astrofotografie und visuelle Beobachtung entwickelt wurde. Mit einem Gewicht von nur <strong>5,5 kg<\/strong>, Sie h\u00e4lt bis zu <strong>15 kg ohne Gegengewicht<\/strong> und <strong>20 kg mit Gegengewicht<\/strong> (optional), dank seiner von der Robotik inspirierten Technologie des harmonischen Getriebes. Seine doppelte Kompatibilit\u00e4t <strong>\u00e4quatorial<\/strong> und <strong>altazimutale<\/strong> macht sie zu einem vielseitigen Brillengestell, das sich ideal f\u00fcr Reisen und Nomaden-Setups eignet.<\/p>\n<p>Der AM5N Gen.2 beinhaltet nun Folgendes <strong>neue Funktionen<\/strong> : <strong>Steuerung \u00fcber Bluetooth<\/strong> zus\u00e4tzlich zu WiFi, <strong>Klemmplatte mit DC-Ausgang und USB-C-Anschluss<\/strong> f\u00fcr einen <strong>optimierte Verkabelung<\/strong>, Dadurch wird die Gefahr des Verhedderns drastisch reduziert. Jedes Gestell wird vor dem Versand von ZWO individuell kalibriert, um eine hohe Qualit\u00e4t zu gew\u00e4hrleisten. <strong>periodischer Fehler kleiner als \u00b120\u2033.<\/strong>.<\/p>\n<h3>Starke Punkte<\/h3>\n<ul>\n<li><strong>Doppelmodus<\/strong> Die beiden folgenden Modelle sind f\u00fcr die Astrofotografie geeignet: \u00e4quatorial f\u00fcr lange Belichtungszeiten und altazimutal f\u00fcr visuelle oder planetarische Beobachtungen.<\/li>\n<li><strong>Nutzlast<\/strong> : 15 kg ohne Gegengewicht, 20 kg mit Gegengewicht.<\/li>\n<li><strong>Leichtes Gewicht<\/strong> : einzelner Kopf mit einem Gewicht von 5,5 kg, perfekt f\u00fcr den Lufttransport.<\/li>\n<li><strong>Harmonische Technologie<\/strong> : fl\u00fcssiger Betrieb ohne Gegengewichte bis zu 15 kg, inspiriert von Robotersystemen.<\/li>\n<li><strong>Drahtlose Steuerung<\/strong> : WiFi und Bluetooth integriert, ASIAIR-kompatibel und ZWO Mobile App.<\/li>\n<li><strong>Kabelmanagement<\/strong> : Klemmplatte mit integriertem DC-Ausgang und USB-C-Anschluss, sichere DEC-Rotation ohne interne Verdrehung der Kabel.<\/li>\n<li><strong>Universelle Kompatibilit\u00e4t<\/strong> : 3\/8\u2033-Innengewinde zur Montage auf robusten Foto- oder Astrostativen.<\/li>\n<li><strong>Pr\u00e4zise F\u00fchrung<\/strong> ST-4 Interface f\u00fcr Long Pose Autoguiding.<\/li>\n<li><strong>Pr\u00e4zise Polareinstellung<\/strong> : Feineinstellungsschrauben in Azimut und H\u00f6he f\u00fcr eine sorgf\u00e4ltige Aufstellung.<\/li>\n<li><strong>ASCOM\/LX200<\/strong> : Kompatibilit\u00e4t mit Standard-Pilotsoftware.<\/li>\n<\/ul>\n<h3>Technische Daten<\/h3>\n<table>\n<tbody>\n<tr>\n<th>Typ<\/th>\n<td>GoTo \u00c4quatorial\/Altazimutale harmonische Montierung<\/td>\n<\/tr>\n<tr>\n<th>Nutzlast<\/th>\n<td>15 kg ohne Gegengewicht \/ 20 kg mit Gegengewicht<\/td>\n<\/tr>\n<tr>\n<th>Gewicht des Kopfes<\/th>\n<td>5,5 kg<\/td>\n<\/tr>\n<tr>\n<th>Stativ-Anschluss<\/th>\n<td>3\/8\u2033-Innengewinde<\/td>\n<\/tr>\n<tr>\n<th>Kontrolle<\/th>\n<td>WiFi &amp; Bluetooth, ZWO Mobile App, inklusive kabellosem Schl\u00e4ger<\/td>\n<\/tr>\n<tr>\n<th>Kabelmanagement<\/th>\n<td>DC-Ausgang + USB-C-Anschluss im Schwalbenschwanz integriert<\/td>\n<\/tr>\n<tr>\n<th>Schnittstelle F\u00fchrung<\/th>\n<td>ST-4<\/td>\n<\/tr>\n<tr>\n<th>Kompatibilit\u00e4t<\/th>\n<td>ASIAIR, ASCOM (LX200-Protokoll)<\/td>\n<\/tr>\n<tr>\n<th>Tracking-Genauigkeit<\/th>\n<td>Gemessener periodischer Fehler &lt; \u00b120\u2033.<\/td>\n<\/tr>\n<tr>\n<th>Polareinstellung<\/th>\n<td>Feineinstellungen Azimut &amp; H\u00f6he<\/td>\n<\/tr>\n<\/tbody>\n<\/table>\n<h3>Empfohlene Verwendungen<\/h3>\n<ul>\n<li><strong>Astrofotografie f\u00fcr unterwegs<\/strong> : Deep Sky mit oder ohne Autoguiding, kompatibel mit langen Brennweiten mit Gegengewicht.<\/li>\n<li><strong>Visuelle Beobachtung<\/strong> : schneller Aufbau im Altazimutal-Modus, ideal f\u00fcr \u00f6ffentliche Partys.<\/li>\n<li><strong>Planetarisch und lunar<\/strong> : Fl\u00fcssiges und pr\u00e4zises Tracking f\u00fcr hochaufl\u00f6sende Sequenzen.<\/li>\n<\/ul>\n<h3>Zubeh\u00f6r &amp; Kompatibilit\u00e4t<\/h3>\n<ul>\n<li><strong>Gegengewicht und Stange<\/strong> (optional) f\u00fcr Last &gt;15 kg.<\/li>\n<li><strong>ASIAIR<\/strong> : vollst\u00e4ndige Steuerung von Kamera + Montierung + Autoguiding \u00fcber Smartphone\/Tablet.<\/li>\n<li><strong>Foto-\/Astro-Stative<\/strong> : direkte Verbindung 3\/8\u2033.<\/li>\n<\/ul>\n<h3>Wichtige Hinweise<\/h3>\n<p>An der Seitenwand befindet sich eine ASIAIR-Suchhalterung, die jedoch nicht f\u00fcr die direkte Montage einer ASIAIR an dieser Stelle vorgesehen ist (Gefahr der Besch\u00e4digung der Antenne und der Kabel). Wenn Sie die Halterung verschieben, verwenden Sie geeignete M4-Schrauben (3,5 mm oder 4 mm), um einen Innendruck auf die Kabel zu vermeiden.<\/p>\n<h3>SEO-Schl\u00fcsselw\u00f6rter<\/h3>\n<p>ZWO AM5N Gen.2, harmonische Montierung \u00e4quatorial altazimutal, Astrofotografie-Reisemontierung, GoTo WiFi Bluetooth, tragbare Montierung 15 kg, ZWO ASIAIR kompatibel, Montierung ohne Gegengewicht, harmonisches Zahnradgetriebe.<\/p>\n<\/div>","protected":false},"excerpt":{"rendered":"<p>ZWO AM5N Harmonic Equatorial Mount Gen.2 \u2013 Monture \u00e9quatoriale\/altazimutale GoTo de voyage La ZWO AM5N Gen.2 est une monture harmonique ultra-compacte con\u00e7ue pour l\u2019astrophotographie et l\u2019observation visuelle. Pesant seulement 5,5 kg, elle supporte jusqu\u2019\u00e0 15 kg sans contrepoids et 20 kg avec contrepoids (en option), gr\u00e2ce \u00e0 sa technologie \u00e0 engrenage harmonique inspir\u00e9e de la [&hellip;]<\/p>\n","protected":false},"featured_media":9707,"comment_status":"open","ping_status":"closed","template":"","meta":[],"product_brand":[457],"product_cat":[20,762],"product_tag":[],"class_list":{"0":"post-9703","1":"product","2":"type-product","3":"status-publish","4":"has-post-thumbnail","6":"product_brand-zwo","7":"product_cat-montures","8":"product_cat-equatoriales","10":"first","11":"instock","12":"taxable","13":"shipping-taxable","14":"purchasable","15":"product-type-variable"},"_links":{"self":[{"href":"https:\/\/deep-space-astronomy.ch\/de\/wp-json\/wp\/v2\/product\/9703","targetHints":{"allow":["GET"]}}],"collection":[{"href":"https:\/\/deep-space-astronomy.ch\/de\/wp-json\/wp\/v2\/product"}],"about":[{"href":"https:\/\/deep-space-astronomy.ch\/de\/wp-json\/wp\/v2\/types\/product"}],"replies":[{"embeddable":true,"href":"https:\/\/deep-space-astronomy.ch\/de\/wp-json\/wp\/v2\/comments?post=9703"}],"wp:featuredmedia":[{"embeddable":true,"href":"https:\/\/deep-space-astronomy.ch\/de\/wp-json\/wp\/v2\/media\/9707"}],"wp:attachment":[{"href":"https:\/\/deep-space-astronomy.ch\/de\/wp-json\/wp\/v2\/media?parent=9703"}],"wp:term":[{"taxonomy":"product_brand","embeddable":true,"href":"https:\/\/deep-space-astronomy.ch\/de\/wp-json\/wp\/v2\/product_brand?post=9703"},{"taxonomy":"product_cat","embeddable":true,"href":"https:\/\/deep-space-astronomy.ch\/de\/wp-json\/wp\/v2\/product_cat?post=9703"},{"taxonomy":"product_tag","embeddable":true,"href":"https:\/\/deep-space-astronomy.ch\/de\/wp-json\/wp\/v2\/product_tag?post=9703"}],"curies":[{"name":"wp","href":"https:\/\/api.w.org\/{rel}","templated":true}]}}