{"id":9799,"date":"2025-08-15T15:50:00","date_gmt":"2025-08-15T13:50:00","guid":{"rendered":"https:\/\/deep-space-astronomy.ch\/?post_type=product&#038;p=9799"},"modified":"2025-08-15T16:24:14","modified_gmt":"2025-08-15T14:24:14","slug":"camera-touptek-skyeye62ac-imx455-couleur","status":"publish","type":"product","link":"https:\/\/deep-space-astronomy.ch\/de\/produkt\/camera-touptek-skyeye62ac-imx455-couleur\/","title":{"rendered":"ToupTek SkyEye62AC-Kamera (IMX455 Farbe)"},"content":{"rendered":"<p><!-- Description produit \u2013 ToupTek SkyEye62AC (FR) | Version 1.0 --><\/p>\n<section class=\"product-intro\">\n<h2>SkyEye62AC - Vollformat-Farb-Astronomie-Kamera mit sehr geringem Rauschen<\/h2>\n<p>Die <strong>ToupTek SkyEye62AC<\/strong> ist die Farbversion der SkyEye62AM, basierend auf dem Vollformatsensor <strong>Sony IMX455C<\/strong> hintergrundbeleuchtet.<br \/>\nSie bietet <strong>61 MP (9568\u00d76380)<\/strong> mit <strong>16-Bit-ADC<\/strong>ein <strong>512 MB DDR3-Puffer<\/strong> und ein <strong>zweistufige TEC-K\u00fchlung<\/strong> in der Lage, bis zu <strong>-35 \u00b0C unter Umgebungstemperatur<\/strong> (lange Belichtungszeiten). F\u00fcr den Deep-Sky-Bereich konzipiert, kombiniert sie <strong>ultra-niedriges Leserauschen<\/strong>, <strong>null Amp-Glow<\/strong> und eine <strong>IR-Cut-Fenster<\/strong> geeignet f\u00fcr Farbsensoren.<\/p>\n<\/section>\n<section class=\"key-points\">\n<h3>Starke Punkte<\/h3>\n<ul>\n<li>Sensor <strong>Sony IMX455 Farbe<\/strong> Vollformat (43,3 mm diagonal), <strong>Pixel 3,76 \u00b5m<\/strong>.<\/li>\n<li><strong>61 MP<\/strong> (9568\u00d76380) f\u00fcr sehr gro\u00dfe Felder und feine Stichproben.<\/li>\n<li><strong>16-Bit-ADC<\/strong>, <strong>HCG\/LCG-Modi<\/strong> und <strong>Low Noise-Modus<\/strong> (bis zu <strong>0,89 e-<\/strong> von Leserauschen).<\/li>\n<li><strong>Typische Vollbl\u00fcter ~51 ke-<\/strong> (bis zu <strong>~107 ke-<\/strong> in LCG) und <strong>dynamisch bis ~14,8 Stopps<\/strong>.<\/li>\n<li><strong>PID-K\u00fchlung<\/strong> sehr stabil : <strong>-30 \u00b0C<\/strong> unter der Umgebung (Kurzposen) \/ <strong>-35 \u00b0C<\/strong> (poses &gt; 1 s).<\/li>\n<li><strong>Null Amp-Glow<\/strong>\u00a0: homogene Himmelshintergr\u00fcnde, vereinfachte DOFs.<\/li>\n<li><strong>M54\u00d70,75<\/strong> Kameraseite, <strong>backfocus 17,5 mm<\/strong>.<\/li>\n<li><strong>USB 3.0 \/ USB 2.0<\/strong> mit <strong>512-MB-Puffer<\/strong> f\u00fcr eine robuste \u00dcbertragung.<\/li>\n<li><strong>IR-Cut-Schutzfenster<\/strong> (380-690 nm), die f\u00fcr Farbsensoren optimiert ist.<\/li>\n<\/ul>\n<\/section>\n<section class=\"tech-specs\">\n<h3>Technische Daten<\/h3>\n<table class=\"table table--specs\">\n<tbody>\n<tr>\n<th>Sensor<\/th>\n<td>Sony IMX455 <strong>Farbe<\/strong> CMOS, Hintergrundbeleuchtung, Vollformat<\/td>\n<\/tr>\n<tr>\n<th>Aufl\u00f6sung<\/th>\n<td>9568 \u00d7 6380 (\u2248 61 MP)<\/td>\n<\/tr>\n<tr>\n<th>Pixelgr\u00f6\u00dfe<\/th>\n<td>3,76 \u00d7 3,76 \u00b5m<\/td>\n<\/tr>\n<tr>\n<th>Gr\u00f6\u00dfe des Sensors<\/th>\n<td>35,976 \u00d7 23,989 mm (Diagonale 43,3<\/td>\n<\/tr>\n<\/tbody>\n<\/table>\n<p><img decoding=\"async\" src=\"https:\/\/www.touptek-astro.com\/static\/pro_imgs\/detail_SkyEye62AC8.jpg\" alt=\"SkyEye62AC\" \/><\/p>\n<p><img decoding=\"async\" src=\"https:\/\/www.touptek-astro.com\/static\/pro_imgs\/detail_SkyEye62AC7.jpg\" alt=\"SkyEye62AC\" \/><\/p>\n<\/section>","protected":false},"excerpt":{"rendered":"<p>SkyEye62AC \u2013 Cam\u00e9ra astronomique couleur plein format \u00e0 tr\u00e8s faible bruit La ToupTek SkyEye62AC est la version couleur de la SkyEye62AM, bas\u00e9e sur le capteur plein format Sony IMX455C r\u00e9tro\u2011\u00e9clair\u00e9. Elle offre 61\u00a0MP (9568\u00d76380) avec ADC 16\u00a0bits, un tampon DDR3 de 512\u00a0Mo et un refroidissement TEC \u00e0 deux \u00e9tages capable d\u2019atteindre jusqu\u2019\u00e0 \u201335\u00a0\u00b0C sous l\u2019ambiante [&hellip;]<\/p>\n","protected":false},"featured_media":9804,"comment_status":"open","ping_status":"closed","template":"","meta":[],"product_brand":[831],"product_cat":[816,32,768],"product_tag":[],"class_list":{"0":"post-9799","1":"product","2":"type-product","3":"status-publish","4":"has-post-thumbnail","6":"product_brand-touptek","7":"product_cat-nouveautes","8":"product_cat-cameras","9":"product_cat-ciel-profond","11":"first","12":"on_supplier","13":"taxable","14":"shipping-taxable","15":"purchasable","16":"product-type-simple"},"_links":{"self":[{"href":"https:\/\/deep-space-astronomy.ch\/de\/wp-json\/wp\/v2\/product\/9799","targetHints":{"allow":["GET"]}}],"collection":[{"href":"https:\/\/deep-space-astronomy.ch\/de\/wp-json\/wp\/v2\/product"}],"about":[{"href":"https:\/\/deep-space-astronomy.ch\/de\/wp-json\/wp\/v2\/types\/product"}],"replies":[{"embeddable":true,"href":"https:\/\/deep-space-astronomy.ch\/de\/wp-json\/wp\/v2\/comments?post=9799"}],"wp:featuredmedia":[{"embeddable":true,"href":"https:\/\/deep-space-astronomy.ch\/de\/wp-json\/wp\/v2\/media\/9804"}],"wp:attachment":[{"href":"https:\/\/deep-space-astronomy.ch\/de\/wp-json\/wp\/v2\/media?parent=9799"}],"wp:term":[{"taxonomy":"product_brand","embeddable":true,"href":"https:\/\/deep-space-astronomy.ch\/de\/wp-json\/wp\/v2\/product_brand?post=9799"},{"taxonomy":"product_cat","embeddable":true,"href":"https:\/\/deep-space-astronomy.ch\/de\/wp-json\/wp\/v2\/product_cat?post=9799"},{"taxonomy":"product_tag","embeddable":true,"href":"https:\/\/deep-space-astronomy.ch\/de\/wp-json\/wp\/v2\/product_tag?post=9799"}],"curies":[{"name":"wp","href":"https:\/\/api.w.org\/{rel}","templated":true}]}}