{"id":9812,"date":"2025-08-15T16:05:46","date_gmt":"2025-08-15T14:05:46","guid":{"rendered":"https:\/\/deep-space-astronomy.ch\/?post_type=product&#038;p=9812"},"modified":"2025-08-15T16:54:14","modified_gmt":"2025-08-15T14:54:14","slug":"camera-touptek-g3m678c-imx678c-couleur","status":"publish","type":"product","link":"https:\/\/deep-space-astronomy.ch\/de\/produkt\/camera-touptek-g3m678c-imx678c-couleur\/","title":{"rendered":"Kamera ToupTek G3M678C (IMX678C Farbe)"},"content":{"rendered":"<p><!-- Description produit \u2013 ToupTek G3M678C (FR) | Version 1.0 --><\/p>\n<section class=\"product-intro\">\n<h2>ToupTek G3M678C - Planetenkamera &amp; Farbleitsystem (STARVIS 2)<\/h2>\n<p>Die <strong>ToupTek G3M678C<\/strong> ist eine Kamera <em>planetarisch<\/em> und von<strong>Autoguiding<\/strong> <strong>Farbe<\/strong> sensorbasiert <strong>Sony IMX678<\/strong> im Format 1\/1.8\u2033 (Technologie <strong>STARVIS 2<\/strong>). Mit <strong>8,3 MP (3840 \u00d7 2160)<\/strong>Die <strong>Pixel von 2,0 \u00b5m<\/strong>ein <strong>12-Bit-ADC<\/strong> und die<strong>USB 3.0 Typ-C<\/strong>Sie bietet <strong>hohe Taktraten<\/strong>ein <strong>sehr geringes Leserauschen<\/strong> und eine hervorragende Empfindlichkeit, insbesondere im nahen Infrarotbereich, f\u00fcr Mond, Planeten, Sonne (geeignete Filter) und die pr\u00e4zise Steuerung \u00fcber <strong>ST-4<\/strong>.<\/p>\n<\/section>\n<section class=\"key-points\">\n<h3>Starke Punkte<\/h3>\n<ul>\n<li><strong>Sensor<\/strong>\u00a0: Sony IMX678 <strong>Farbe<\/strong>, BSI, STARVIS 2, 1\/1.8\u2033 (\u2248 7,7 \u00d7 4,3 mm).<\/li>\n<li><strong>Aufl\u00f6sung<\/strong>\u00a0: 3840 \u00d7 2160 (\u2248 8,3 MP) ---- <strong>Pixel<\/strong>\u00a0: 2,0 \u00b5m.<\/li>\n<li><strong>12-Bit-ADC<\/strong> - <strong>Hardware-ROI<\/strong> - <strong>digital binning 1\u00d71 \u2192 8\u00d78<\/strong>.<\/li>\n<li><strong>Hohe Kadenz<\/strong> im Vollbildsensor (bis zu \u2248 50-60 fps) und &gt; 100 fps im typischen ROI.<\/li>\n<li><strong>Zero amp-glow<\/strong> - <strong>sehr niedriges Leserauschen<\/strong> - <strong>gute EQ<\/strong> (Peak &gt; 80 %).<\/li>\n<li><strong>ST-4 eingebaut<\/strong> f\u00fcr das Autoguiding - <strong>Puffer (frame buffer)<\/strong> f\u00fcr eine stabile \u00dcbertragung.<\/li>\n<li><strong>Montage 1,25\u2033.<\/strong> (M28.5\u00d70.6) + Adapter <strong>C\/CS<\/strong> - <strong>Fenster<\/strong> AR\/IR-Cut je nach Version.<\/li>\n<\/ul>\n<\/section>\n<section class=\"tech-specs\">\n<h3>Technische Daten<\/h3>\n<table class=\"table table--specs\">\n<tbody>\n<tr>\n<th>Sensor<\/th>\n<td>Sony IMX678 <strong>Farbe<\/strong>, BSI, STARVIS 2, 1\/1.8\u2033<\/td>\n<\/tr>\n<tr>\n<th>Aktiver Bereich<\/th>\n<td>\u2248 7,7 \u00d7 4,3 mm (diag. \u2248 8,47 mm)<\/td>\n<\/tr>\n<tr>\n<th>Aufl\u00f6sung<\/th>\n<td>3840 \u00d7 2160 (\u2248 8,3 MP)<\/td>\n<\/tr>\n<tr>\n<th>Pixelgr\u00f6\u00dfe<\/th>\n<td>2,0 \u00b5m<\/td>\n<\/tr>\n<tr>\n<th>ADC<\/th>\n<td>12 Bit (Ausgabe 8 \/ 12 Bit)<\/td>\n<\/tr>\n<tr>\n<th>Rauschen beim Lesen<\/th>\n<td>sehr niedrig (Gr\u00f6\u00dfenordnung von 0,4 \u2192 0,6 e- je nach Gewinn)<\/td>\n<\/tr>\n<tr>\n<th>Vollbl\u00fcter (FWC)<\/th>\n<td>\u2248 11-12 ke-<\/td>\n<\/tr>\n<tr>\n<th>Max. Bildfrequenz (voller Sensor)<\/th>\n<td>\u2248 50-60 i\/s (USB 3.0)<\/td>\n<\/tr>\n<tr>\n<th>Verschluss<\/th>\n<td>Rolling<\/td>\n<\/tr>\n<tr>\n<th>Zeit f\u00fcr das Legen<\/th>\n<td>0,1 ms bis 1000 s<\/td>\n<\/tr>\n<tr>\n<th>Schnittstelle<\/th>\n<td>USB 3.0 Typ-C<\/td>\n<\/tr>\n<tr>\n<th>Ports<\/th>\n<td>ST-4 (F\u00fchrung) - USB 3.0 PC<\/td>\n<\/tr>\n<tr>\n<th>Stempel<\/th>\n<td>Integrierter Framebuffer<\/td>\n<\/tr>\n<tr>\n<th>Montage<\/th>\n<td>Nase 1,25\u2033 (M28.5\u00d70.6) - inklusive C- und CS-Adapter<\/td>\n<\/tr>\n<tr>\n<th>Backfocus (nackter K\u00f6rper)<\/th>\n<td>\u2248 12,5 mm (CS) - \u2248 17,5 mm (C)<\/td>\n<\/tr>\n<tr>\n<th>Abmessungen \/ Masse<\/th>\n<td>\u00d8 \u2248 37 mm \u00d7 \u2248 72 mm - \u2248 70 g<\/td>\n<\/tr>\n<tr>\n<th>OS &amp; SDK<\/th>\n<td>Windows \/ macOS \/ Linux - plattform\u00fcbergreifendes SDK<\/td>\n<\/tr>\n<\/tbody>\n<\/table>\n<\/section>\n<section class=\"performance\">\n<h3>Leistung &amp; Nutzung<\/h3>\n<ul>\n<li><strong>Planetarisch<\/strong>\u00a0: Mond, Jupiter, Saturn mit hoher Bildrate (voller 4K-Sensor und sehr schnelle ROIs).<\/li>\n<li><strong>Solar<\/strong>\u00a0: H-alpha\/continuum (geeignete Filter), ausgezeichnete SNR.<\/li>\n<li><strong>Autoguiding<\/strong>\u00a0: port <strong>ST-4<\/strong>, hohe Empfindlichkeit, ideal in OAG.<\/li>\n<li><strong>IR-Pass<\/strong>\u00a0: sehr gute Reaktion im nahen IR-Bereich (Filter 685-850 nm, CH<sub>4<\/sub>).<\/li>\n<\/ul>\n<table class=\"table table--fps\">\n<thead>\n<tr>\n<th>Fenster<\/th>\n<th>Typische Bildrate (USB 3.0)<\/th>\n<\/tr>\n<\/thead>\n<tbody>\n<tr>\n<td>Voller Sensor 3840\u00d72160<\/td>\n<td>\u2248 50-60 fps<\/td>\n<\/tr>\n<tr>\n<td>ROI (z. B. 1920\u00d71080)<\/td>\n<td>&gt; 100 fps<\/td>\n<\/tr>\n<\/tbody>\n<\/table>\n<\/section>\n<section class=\"compatibility\">\n<h3>Software &amp; Kompatibilit\u00e4t<\/h3>\n<table class=\"table table--soft\">\n<tbody>\n<tr>\n<th>Treiber<\/th>\n<td>ASCOM, INDI - DirectShow - Natives SDK<\/td>\n<\/tr>\n<tr>\n<th>Erwerb<\/th>\n<td>SharpCap, FireCapture, ToupSky, MaxIm DL, AstroArt<\/td>\n<\/tr>\n<tr>\n<th>F\u00fchrung<\/th>\n<td>PHD2 \u00fcber ASCOM oder Port <strong>ST-4<\/strong><\/td>\n<\/tr>\n<\/tbody>\n<\/table>\n<\/section>\n<section class=\"integration\">\n<h3>Integration &amp; Mechanik<\/h3>\n<ul>\n<li><strong>K\u00f6rper 1,25\u2033.<\/strong> kompatibel mit den meisten Okularhaltern, Schubladen und OAGs.<\/li>\n<li><strong>C\/CS-Adapter<\/strong> f\u00fcr Industrieobjektive und kompakte Setups.<\/li>\n<li><strong>Kurzer Backfocus<\/strong>\u00a0: ideal bei engem OAG.<\/li>\n<\/ul>\n<\/section>\n<section class=\"in-the-box\">\n<h3>Inhalt der Schachtel<\/h3>\n<ul>\n<li>Kamera G3M678C (K\u00f6rper 1,25\u2033)<\/li>\n<li>Nase 1,25\u2033.<\/li>\n<li>C- und CS-Adapter<\/li>\n<li>USB-A-Kabel \u2192 USB-C (USB 3.0)<\/li>\n<li>Kabel <strong>ST-4<\/strong> von Autoguiding<\/li>\n<\/ul>\n<p class=\"note\">Der Inhalt kann je nach Los\/Region variieren.<\/p>\n<\/section>\n<section class=\"why-buy\">\n<h3>Warum sollten Sie sich f\u00fcr den G3M678C entscheiden?<\/h3>\n<p>Weil sie Sensor kombiniert <strong>STARVIS 2<\/strong> modern (2,0 \u00b5m), <strong>hohe Kadenz<\/strong>, <strong>sehr leises Ger\u00e4usch<\/strong>, <strong>USB 3.0<\/strong>, <strong>buffer<\/strong> und <strong>ST-4<\/strong> in einem sehr kompakten 1,25\u2033-Format: eine ausgezeichnete Wahl in Farbe f\u00fcr hohe Aufl\u00f6sung und F\u00fchrung.<\/p>\n<\/section>\n<p><!-- Styles minimaux optionnels (peu intrusifs) --><\/p>\n<p>&nbsp;<\/p>","protected":false},"excerpt":{"rendered":"<p>ToupTek G3M678C \u2013 Cam\u00e9ra plan\u00e9taire &amp; guidage couleur (STARVIS\u00a02) La ToupTek G3M678C est une cam\u00e9ra plan\u00e9taire et d\u2019autoguidage couleur bas\u00e9e sur le capteur Sony IMX678 au format 1\/1.8\u2033 (technologie STARVIS\u00a02). Avec 8,3\u00a0MP (3840\u00a0\u00d7\u00a02160), des pixels de 2,0\u00a0\u00b5m, un ADC 12\u00a0bits et l\u2019USB\u00a03.0 Type\u2011C, elle offre de hautes cadences, un bruit de lecture tr\u00e8s faible et [&hellip;]<\/p>\n","protected":false},"featured_media":9827,"comment_status":"open","ping_status":"closed","template":"","meta":[],"product_brand":[831],"product_cat":[816,32,768],"product_tag":[],"class_list":{"0":"post-9812","1":"product","2":"type-product","3":"status-publish","4":"has-post-thumbnail","6":"product_brand-touptek","7":"product_cat-nouveautes","8":"product_cat-cameras","9":"product_cat-ciel-profond","11":"first","12":"on_supplier","13":"taxable","14":"shipping-taxable","15":"purchasable","16":"product-type-simple"},"_links":{"self":[{"href":"https:\/\/deep-space-astronomy.ch\/de\/wp-json\/wp\/v2\/product\/9812","targetHints":{"allow":["GET"]}}],"collection":[{"href":"https:\/\/deep-space-astronomy.ch\/de\/wp-json\/wp\/v2\/product"}],"about":[{"href":"https:\/\/deep-space-astronomy.ch\/de\/wp-json\/wp\/v2\/types\/product"}],"replies":[{"embeddable":true,"href":"https:\/\/deep-space-astronomy.ch\/de\/wp-json\/wp\/v2\/comments?post=9812"}],"wp:featuredmedia":[{"embeddable":true,"href":"https:\/\/deep-space-astronomy.ch\/de\/wp-json\/wp\/v2\/media\/9827"}],"wp:attachment":[{"href":"https:\/\/deep-space-astronomy.ch\/de\/wp-json\/wp\/v2\/media?parent=9812"}],"wp:term":[{"taxonomy":"product_brand","embeddable":true,"href":"https:\/\/deep-space-astronomy.ch\/de\/wp-json\/wp\/v2\/product_brand?post=9812"},{"taxonomy":"product_cat","embeddable":true,"href":"https:\/\/deep-space-astronomy.ch\/de\/wp-json\/wp\/v2\/product_cat?post=9812"},{"taxonomy":"product_tag","embeddable":true,"href":"https:\/\/deep-space-astronomy.ch\/de\/wp-json\/wp\/v2\/product_tag?post=9812"}],"curies":[{"name":"wp","href":"https:\/\/api.w.org\/{rel}","templated":true}]}}