{"id":9867,"date":"2025-08-16T18:23:34","date_gmt":"2025-08-16T16:23:34","guid":{"rendered":"https:\/\/deep-space-astronomy.ch\/?post_type=product&#038;p=9867"},"modified":"2025-08-17T10:53:36","modified_gmt":"2025-08-17T08:53:36","slug":"kit-astrophotographie-complet-mono-optimise-option-cours-prive-pour-debuter","status":"publish","type":"product","link":"https:\/\/deep-space-astronomy.ch\/de\/produkt\/kit-astrophotographie-complet-mono-optimise-option-cours-prive-pour-debuter\/","title":{"rendered":"Optimiertes Astrofotografie-Komplettset (Mono) (Option: Privatunterricht f\u00fcr Anf\u00e4nger)"},"content":{"rendered":"<article lang=\"fr\">\n<header>\n<h2>Ideales Set f\u00fcr den ernsthaften Einstieg in die Astrofotografie<\/h2>\n<p>Viele von Ihnen stellen mir die gleiche Frage: <em>\"Ich m\u00f6chte mit der Astrofotografie beginnen, aber was soll ich nehmen, um eine qualitativ hochwertige Ausr\u00fcstung zu bekommen, ohne mein Budget zu sprengen?\"<\/em><\/p>\n<p>Dies ist das Kit, das ich empfehle, das Kit, das ich selbst nehmen w\u00fcrde, wenn ich noch einmal von vorne anfangen m\u00fcsste: kompakt, leistungsstark und erweiterbar.<\/p>\n<\/header>\n<section>\n<h3>Die Apo-Brille:\u00a0 <a href=\"https:\/\/deep-space-astronomy.ch\/de\/produkt\/sky-watcher-evolux-62ed\/\" target=\"_blank\" rel=\"noopener\">Sky-Watcher Evolux 62ED<\/a><\/h3>\n<ul>\n<li>Klein, leicht und apochromatisch.<\/li>\n<li>Ideal f\u00fcr den Einstieg in die Fotografie: feine Sterne ohne Aberrationen.<\/li>\n<li>Ein Instrument, das man auch dann beh\u00e4lt, wenn man sich weiterentwickelt hat.<\/li>\n<\/ul>\n<p><strong>Preis: 449 CHF<\/strong><\/p>\n<\/section>\n<section>\n<h3>\ud83d\udcf7 Das Herzst\u00fcck des Setups: Kamera &amp; optischer Zug ToupTek<\/h3>\n<article>\n<ul>\n<li>Hauptkamera: <a href=\"https:\/\/deep-space-astronomy.ch\/de\/produkt\/camera-touptek-imx585-mono-8-3mp-refroidie\/\" target=\"_blank\" rel=\"noopener\">ToupTek ATR585M (Sony IMX585M-Sensor)<br \/>\n<\/a><\/p>\n<ul>\n<li>Ultra empfindlich, sehr geringes Rauschen, perfekt f\u00fcr Deep Sky.<\/li>\n<li>Einfach zu bedienen und zu einem unschlagbaren Preis.<\/li>\n<li><strong>Preis: 479 CHF<\/strong><\/li>\n<\/ul>\n<\/li>\n<\/ul>\n<\/article>\n<article>\n<ul>\n<li>Motorisiertes Filterrad 8\u00d71,25\" (R\u00e0F): <a href=\"https:\/\/deep-space-astronomy.ch\/de\/produkt\/roue-a-filtre-m-touptek-touptek-7x365x28x1-25\/\" target=\"_blank\" rel=\"noopener\">Modell ToupTek 1,25 Zoll<\/a>\n<ul>\n<li><a href=\"https:\/\/deep-space-astronomy.ch\/de\/produkt\/roue-a-filtre-m-touptek-touptek-7x365x28x1-25\/\" target=\"_blank\" rel=\"noopener\"><strong style=\"color: #333333;\">Preis: 179 CHF<\/strong><\/a><\/li>\n<\/ul>\n<\/li>\n<li>Optischer Teiler (OAG): <a href=\"https:\/\/deep-space-astronomy.ch\/de\/produkt\/diviseur-optique-touptek-oag-xl\/\" target=\"_blank\" rel=\"noopener\">ToupTek OAG<\/a>\n<ul>\n<li>kompakt, erspart die Verwendung eines F\u00fchrungsskops<\/li>\n<li><strong>Preis: 139 CHF<\/strong><\/li>\n<\/ul>\n<\/li>\n<li>Kameraf\u00fchrung: <a href=\"https:\/\/deep-space-astronomy.ch\/de\/produkt\/camera-touptek-gpm462m-imx462-mono\/\" target=\"_blank\" rel=\"noopener\">ToupTek GPM462M<\/a>\n<ul>\n<li>hochempfindlicher Sensor f\u00fcr pr\u00e4zise Lenkung und Planeten-\/Mondfotografie<\/li>\n<li><strong>Preis: 145 CHF<\/strong><\/li>\n<\/ul>\n<\/li>\n<\/ul>\n<\/article>\n<\/section>\n<section>\n<h3>\ud83c\udfaf Wichtiges Zubeh\u00f6r<\/h3>\n<article>\n<ul>\n<li>Motor f\u00fcr die Fokussierung: <a href=\"https:\/\/deep-space-astronomy.ch\/de\/produkt\/touptek-moteur-de-mise-au-point-aaf\/\" target=\"_blank\" rel=\"noopener\">ToupTek AAF<\/a>\n<ul>\n<li>automatisiert die Fokussierung f\u00fcr scharfe Bilder die ganze Nacht hindurch<\/li>\n<li><strong>Preis: 139 CHF<\/strong><\/li>\n<\/ul>\n<\/li>\n<li>LRGB-Filter: <a href=\"https:\/\/deep-space-astronomy.ch\/de\/produkt\/filtre-antlia-lrgb-v-pro\/\" target=\"_blank\" rel=\"noopener\">Antlia LRGB V-Pro<\/a><\/li>\n<\/ul>\n<\/article>\n<article>\n<ul>\n<li style=\"list-style-type: none;\">\n<ul>\n<li>Hervorragende Qualit\u00e4t, parafokale Filter, null Halos.<\/li>\n<li>Eine Investition, die von Anfang an alles ver\u00e4ndert.<\/li>\n<li><strong>Preis: 199 CHF<\/strong><\/li>\n<\/ul>\n<\/li>\n<\/ul>\n<\/article>\n<\/section>\n<section>\n<h3>\ud83e\udde0 Steuerung &amp; Zentralisierung<\/h3>\n<ul>\n<li>Bordcomputer:\u00a0<a href=\"https:\/\/deep-space-astronomy.ch\/de\/produkt\/touptek-stellavita-ordinateur-de-bord-universel\/\" target=\"_blank\" rel=\"noopener\">ToupTek StellaVita<\/a>\n<ul>\n<li>Bordcomputer zur Verwaltung von Kamera, Montierung, Filtern und Stromversorgung.<\/li>\n<li>Alles ist zentralisiert, plug &amp; play.<\/li>\n<li>Preis: 299 CHF<\/li>\n<\/ul>\n<\/li>\n<\/ul>\n<\/section>\n<section>\n<h3>Die \u00e4quatoriale Montierung GoTo:\u00a0 <a href=\"https:\/\/deep-space-astronomy.ch\/de\/produkt\/sky-watcher-star-adventurer-gti-monture-avec-trepied-et-extension-colonne\/\" target=\"_blank\" rel=\"noopener\">Sky-Watcher Star Adventurer GTi<\/a><\/h3>\n<ul>\n<li>Sehr beliebt, kompakt, leicht und transportabel.<\/li>\n<li>Pr\u00e4zise, um tolle Fotos zu erhalten.<\/li>\n<li>Ideal, um Fortschritte zu machen, ohne sich entmutigen zu lassen.<\/li>\n<li><strong>Preis: 616 CHF<\/strong><\/li>\n<\/ul>\n<\/section>\n<section>\n<h3>\u2705 Ergebnis<\/h3>\n<ul>\n<li>Ein Set <strong>ausgewogen und hochwertig<\/strong> um einen guten Start zu haben.<\/li>\n<li><strong>Leicht und transportabel<\/strong>Die meisten Menschen sind nicht in der Lage, sich zu bewegen, aber sie sind in der Lage, erstaunliche Bilder zu produzieren.<\/li>\n<li><strong>Skalierbar<\/strong>\u00a0: f\u00fcgen Sie dann SHO-Filter f\u00fcr das Schmalband hinzu.<\/li>\n<\/ul>\n<\/section>\n<section>\n<h3>\ud83c\udf93 Optional: personalisierter Unterricht<\/h3>\n<p>Um noch weiter zu gehen, biete ich einen praktischen Workshop an, in dem man :<\/p>\n<ul>\n<li>Baut gemeinsam alle Materialien auf,<\/li>\n<li>Startet die ersten Aufnahmen mit NINA<\/li>\n<li>Und bearbeitet Ihr erstes Bild live mit PixInsight<\/li>\n<\/ul>\n<\/section>\n<footer>Mit diesem Set haben Sie alles, um in die Astrofotografie einzusteigen <strong>ernsthaft und mit Freude<\/strong>Sie m\u00fcssen nicht riskieren, Materialien zu kaufen, die Sie sp\u00e4ter nicht brauchen. Der Gesamtpreis, wenn Sie die Elemente einzeln nehmen, bel\u00e4uft sich auf 2345 CHF.<\/footer>\n<p>Wenn Sie alles auf einmal nehmen, gewinnen Sie 145 CHF oder anders gesagt, die F\u00fchrungskamera wird geschenkt!<\/p>\n<\/article>","protected":false},"excerpt":{"rendered":"<p>Kit id\u00e9al pour d\u00e9buter s\u00e9rieusement l\u2019astrophotographie Vous \u00eates nombreux \u00e0 me poser la m\u00eame question\u00a0: \u00ab\u00a0Je veux me lancer en astrophoto, mais quoi prendre pour avoir un mat\u00e9riel de qualit\u00e9, sans exploser mon budget\u00a0?\u00a0\u00bb Voici le kit que je recommande, celui que je prendrais moi-m\u00eame si je devais repartir de z\u00e9ro\u00a0: compact, performant et \u00e9volutif. [&hellip;]<\/p>\n","protected":false},"featured_media":9886,"comment_status":"open","ping_status":"closed","template":"","meta":[],"product_brand":[822,791,831],"product_cat":[15,833],"product_tag":[],"class_list":{"0":"post-9867","1":"product","2":"type-product","3":"status-publish","4":"has-post-thumbnail","6":"product_brand-sky-watcher","7":"product_brand-antlia","8":"product_brand-touptek","9":"product_cat-non-classe","10":"product_cat-en-stock","12":"first","13":"instock","14":"sale","15":"taxable","16":"shipping-taxable","17":"purchasable","18":"product-type-variable"},"_links":{"self":[{"href":"https:\/\/deep-space-astronomy.ch\/de\/wp-json\/wp\/v2\/product\/9867","targetHints":{"allow":["GET"]}}],"collection":[{"href":"https:\/\/deep-space-astronomy.ch\/de\/wp-json\/wp\/v2\/product"}],"about":[{"href":"https:\/\/deep-space-astronomy.ch\/de\/wp-json\/wp\/v2\/types\/product"}],"replies":[{"embeddable":true,"href":"https:\/\/deep-space-astronomy.ch\/de\/wp-json\/wp\/v2\/comments?post=9867"}],"wp:featuredmedia":[{"embeddable":true,"href":"https:\/\/deep-space-astronomy.ch\/de\/wp-json\/wp\/v2\/media\/9886"}],"wp:attachment":[{"href":"https:\/\/deep-space-astronomy.ch\/de\/wp-json\/wp\/v2\/media?parent=9867"}],"wp:term":[{"taxonomy":"product_brand","embeddable":true,"href":"https:\/\/deep-space-astronomy.ch\/de\/wp-json\/wp\/v2\/product_brand?post=9867"},{"taxonomy":"product_cat","embeddable":true,"href":"https:\/\/deep-space-astronomy.ch\/de\/wp-json\/wp\/v2\/product_cat?post=9867"},{"taxonomy":"product_tag","embeddable":true,"href":"https:\/\/deep-space-astronomy.ch\/de\/wp-json\/wp\/v2\/product_tag?post=9867"}],"curies":[{"name":"wp","href":"https:\/\/api.w.org\/{rel}","templated":true}]}}