{"id":10100,"date":"2025-08-27T14:05:23","date_gmt":"2025-08-27T12:05:23","guid":{"rendered":"https:\/\/deep-space-astronomy.ch\/?post_type=product&#038;p=10100"},"modified":"2025-12-01T18:35:20","modified_gmt":"2025-12-01T17:35:20","slug":"sqa85-avec-camera-et-accessoires-haut-de-gamme-monte-et-teste","status":"publish","type":"product","link":"https:\/\/deep-space-astronomy.ch\/en\/product\/sqa85-avec-camera-et-accessoires-haut-de-gamme-monte-et-teste\/","title":{"rendered":"SQA85 with camera and high-end accessories, assembled and tested!"},"content":{"rendered":"<h2 style=\"text-align: center;\">SQA85, Poseidon-M Pro and all the accessories you need for superb images<\/h2>\n<p><img fetchpriority=\"high\" decoding=\"async\" class=\"aligncenter wp-image-10103 size-large\" src=\"https:\/\/deep-space-astronomy.ch\/wp-content\/uploads\/2025\/08\/IMG_3665-1024x768.avif\" alt=\"\" width=\"800\" height=\"600\" srcset=\"https:\/\/deep-space-astronomy.ch\/wp-content\/uploads\/2025\/08\/IMG_3665-1024x768.avif 1024w, https:\/\/deep-space-astronomy.ch\/wp-content\/uploads\/2025\/08\/IMG_3665-300x225.avif 300w, https:\/\/deep-space-astronomy.ch\/wp-content\/uploads\/2025\/08\/IMG_3665-768x576.avif 768w, https:\/\/deep-space-astronomy.ch\/wp-content\/uploads\/2025\/08\/IMG_3665-1536x1152.avif 1536w, https:\/\/deep-space-astronomy.ch\/wp-content\/uploads\/2025\/08\/IMG_3665-2048x1536.avif 2048w, https:\/\/deep-space-astronomy.ch\/wp-content\/uploads\/2025\/08\/IMG_3665-16x12.avif 16w, https:\/\/deep-space-astronomy.ch\/wp-content\/uploads\/2025\/08\/IMG_3665-600x450.avif 600w\" sizes=\"(max-width: 800px) 100vw, 800px\" \/><\/p>\n<article>\n<h1>High-end astrophotography set - Brand new, tested and ready to use<\/h1>\n<p>I offer for sale this complete astrophotography set, ideal for enthusiasts wishing to acquire high-quality equipment. The equipment is <strong>new, fully under warranty<\/strong>It has been assembled and tested by myself to ensure maximum efficiency from the very first use.<\/p>\n<p>This set has been specially designed and approved to produce images of exceptional quality, revealing ultra-fine details and the most delicate wisps of gas in the deep sky. All that's left to do is mount it and capture your finest images!<\/p>\n<h2>Details of assembly components :<\/h2>\n<ul>\n<li><strong>SQA 85 super apochromatic telescope :<\/strong> Designed for fine stars and detailed images.<br \/>\n<a href=\"https:\/\/deep-space-astronomy.ch\/en\/product\/sqa85-2\/\" target=\"_blank\" rel=\"noopener\">Read more<\/a><\/li>\n<li><strong>Poseidon-M Pro monochrome CMOS camera (IMX571) :<\/strong> 26 MP sensor for exceptional resolution and sensitivity.<br \/>\n<a href=\"https:\/\/deep-space-astronomy.ch\/en\/product\/poseidon-m-pro-cmos-de-26mp-monochrome\/\" target=\"_blank\" rel=\"noopener\">Read more<\/a><\/li>\n<li><strong>SHO Ultra 2.5nm Antlia filters :<\/strong> The very best in narrow-band photography.\n<ul>\n<li><a href=\"https:\/\/deep-space-astronomy.ch\/en\/product\/filtre-h-alpha-antlia-ultra-narrowband-2-5nm\/\" target=\"_blank\" rel=\"noopener\">H-Alpha filter<\/a><\/li>\n<li><a href=\"https:\/\/deep-space-astronomy.ch\/en\/product\/filtre-oiii-antlia-ultra-narrowband-2-5nm-2\/\" target=\"_blank\" rel=\"noopener\">OIII filter<\/a><\/li>\n<li><a href=\"https:\/\/deep-space-astronomy.ch\/en\/product\/filtre-sii-antlia-ultra-narrowband-2-5nm-copie\/\" target=\"_blank\" rel=\"noopener\">SII filter<\/a><\/li>\n<\/ul>\n<\/li>\n<li><strong>Sedna-M guidance camera :<\/strong> Ultra-sensitive for precise, flawless tracking.<br \/>\n<a href=\"https:\/\/deep-space-astronomy.ch\/en\/product\/sedna-m-camera-guidage-et-planetaire-1-2mp-60fps-monochrome\/\" target=\"_blank\" rel=\"noopener\">Read more<\/a><\/li>\n<li><strong>7-position filter wheel 2\u2033 :<\/strong> For quick filter changes.<br \/>\n<a href=\"https:\/\/deep-space-astronomy.ch\/en\/product\/roue-a-filtre-phoenix-7x2\/\" target=\"_blank\" rel=\"noopener\">Read more<\/a><\/li>\n<li><strong>FHD-MAX optical splitter :<\/strong> For parallel guidance with your main camera.<br \/>\n<a href=\"https:\/\/deep-space-astronomy.ch\/en\/product\/diviseur-optique-fhd-oag-max-prisme-grand-format\/\" target=\"_blank\" rel=\"noopener\">Read more<\/a><\/li>\n<li><strong>FocusCube 3 from Pegasus:<\/strong> Auto-focus system for consistently sharp images.<br \/>\n<a href=\"https:\/\/deep-space-astronomy.ch\/en\/product\/focuscube-3-universel\/\" target=\"_blank\" rel=\"noopener\">Read more<\/a><\/li>\n<\/ul>\n<h2>Sales information<\/h2>\n<p>The set is delivered assembled, adjusted and ready to use. All original boxes and a full invoice will be supplied.<\/p>\n<p>The total price of the set, if each component were purchased separately, would be <strong>7243 CHF<\/strong>. I have a special offer at <strong>CHF 6800<\/strong> !<\/p>\n<\/article>\n<p>&nbsp;<\/p>","protected":false},"excerpt":{"rendered":"<p>SQA85, Poseidon-M Pro et tous les accessoires pour faire de sublimes images Ensemble d&rsquo;astrophotographie tr\u00e8s haut de gamme &#8211; Neuf, test\u00e9 et pr\u00eat \u00e0 l&#8217;emploi Je propose \u00e0 la vente cet ensemble complet d&rsquo;astrophotographie, id\u00e9al pour les passionn\u00e9s souhaitant s&rsquo;\u00e9quiper d&rsquo;un mat\u00e9riel de haute qualit\u00e9. L&rsquo;\u00e9quipement est neuf, enti\u00e8rement sous garantie, mont\u00e9 et test\u00e9 par [&hellip;]<\/p>\n","protected":false},"featured_media":10105,"comment_status":"open","ping_status":"closed","template":"","meta":[],"product_brand":[556,382,517],"product_cat":[833],"product_tag":[],"class_list":{"0":"post-10100","1":"product","2":"type-product","3":"status-publish","4":"has-post-thumbnail","6":"product_brand-player-one","7":"product_brand-askar","8":"product_brand-pegasus","9":"product_cat-en-stock","11":"first","12":"outofstock","13":"sale","14":"taxable","15":"shipping-taxable","16":"purchasable","17":"product-type-simple"},"_links":{"self":[{"href":"https:\/\/deep-space-astronomy.ch\/en\/wp-json\/wp\/v2\/product\/10100","targetHints":{"allow":["GET"]}}],"collection":[{"href":"https:\/\/deep-space-astronomy.ch\/en\/wp-json\/wp\/v2\/product"}],"about":[{"href":"https:\/\/deep-space-astronomy.ch\/en\/wp-json\/wp\/v2\/types\/product"}],"replies":[{"embeddable":true,"href":"https:\/\/deep-space-astronomy.ch\/en\/wp-json\/wp\/v2\/comments?post=10100"}],"wp:featuredmedia":[{"embeddable":true,"href":"https:\/\/deep-space-astronomy.ch\/en\/wp-json\/wp\/v2\/media\/10105"}],"wp:attachment":[{"href":"https:\/\/deep-space-astronomy.ch\/en\/wp-json\/wp\/v2\/media?parent=10100"}],"wp:term":[{"taxonomy":"product_brand","embeddable":true,"href":"https:\/\/deep-space-astronomy.ch\/en\/wp-json\/wp\/v2\/product_brand?post=10100"},{"taxonomy":"product_cat","embeddable":true,"href":"https:\/\/deep-space-astronomy.ch\/en\/wp-json\/wp\/v2\/product_cat?post=10100"},{"taxonomy":"product_tag","embeddable":true,"href":"https:\/\/deep-space-astronomy.ch\/en\/wp-json\/wp\/v2\/product_tag?post=10100"}],"curies":[{"name":"wp","href":"https:\/\/api.w.org\/{rel}","templated":true}]}}