{"id":10660,"date":"2025-09-16T14:50:25","date_gmt":"2025-09-16T12:50:25","guid":{"rendered":"https:\/\/deep-space-astronomy.ch\/?post_type=product&#038;p=10660"},"modified":"2025-09-22T18:39:08","modified_gmt":"2025-09-22T16:39:08","slug":"celestron-starsense-explorer-130dx","status":"publish","type":"product","link":"https:\/\/deep-space-astronomy.ch\/en\/product\/celestron-starsense-explorer-130dx\/","title":{"rendered":"Celestron StarSense Explorer 130DX"},"content":{"rendered":"<h3 style=\"text-align: center;\">Newton StarSense Explorer 130DX telescope - The intuitive way to explore the stars<\/h3>\n<p><img fetchpriority=\"high\" decoding=\"async\" class=\"aligncenter wp-image-10661 size-large\" src=\"https:\/\/deep-space-astronomy.ch\/wp-content\/uploads\/2025\/09\/AB_133345_1-1024x768.avif\" alt=\"\" width=\"800\" height=\"600\" srcset=\"https:\/\/deep-space-astronomy.ch\/wp-content\/uploads\/2025\/09\/AB_133345_1-1024x768.avif 1024w, https:\/\/deep-space-astronomy.ch\/wp-content\/uploads\/2025\/09\/AB_133345_1-300x225.avif 300w, https:\/\/deep-space-astronomy.ch\/wp-content\/uploads\/2025\/09\/AB_133345_1-768x576.avif 768w, https:\/\/deep-space-astronomy.ch\/wp-content\/uploads\/2025\/09\/AB_133345_1-16x12.avif 16w, https:\/\/deep-space-astronomy.ch\/wp-content\/uploads\/2025\/09\/AB_133345_1-600x450.avif 600w, https:\/\/deep-space-astronomy.ch\/wp-content\/uploads\/2025\/09\/AB_133345_1.avif 1200w\" sizes=\"(max-width: 800px) 100vw, 800px\" \/><\/p>\n<p>Discover the <strong>130mm Newton telescope - a very nice diameter with which many people started out - with smartphone holder and StarSense Explorer technology<\/strong> - an ideal observatory for beginners without sacrificing performance. Thanks to its 130 mm diameter mirror and 650 mm focal length, it offers a clear, bright view of the Moon, planets and deep sky objects such as galaxies and nebulae.<\/p>\n<h3>A smart telescope, guided by your smartphone<\/h3>\n<p>Thanks to the <strong>StarSense Explorer technology<\/strong>You can turn your smartphone into a real astronomical guide. Simply attach your phone to the support provided, launch the dedicated application, and let the on-board intelligence identify the stars and constellations in real time. Then select the celestial object you wish to observe, follow the on-screen arrows, and <strong>manually point the telescope<\/strong> in the right direction with astonishing ease.<\/p>\n<h3>Full content to get you started<\/h3>\n<p>The telescope comes with everything you need to get started straight away:<\/p>\n<ul>\n<li>2 Kellner eyepieces, 25 mm and 10 mm (40x and 100x magnifications)<\/li>\n<li>A 2x Barlow lens<\/li>\n<li>A StarPointer red dot viewfinder<\/li>\n<li>Easy-to-use azimuth mount with stable tripod<\/li>\n<li>StarSense Explorer smartphone holder<\/li>\n<li>Integrated accessory tray<\/li>\n<\/ul>\n<h3>Technical specifications of the StarSense Explorer 114mm telescope<\/h3>\n<table>\n<tbody>\n<tr>\n<th>Lens type<\/th>\n<td>Newton reflector<\/td>\n<\/tr>\n<tr>\n<th>Aperture diameter<\/th>\n<td>130 mm<\/td>\n<\/tr>\n<tr>\n<th>Focal length<\/th>\n<td>650 mm<\/td>\n<\/tr>\n<tr>\n<th>Computer-controlled<\/th>\n<td>No<\/td>\n<\/tr>\n<tr>\n<th>Compatible mobile application<\/th>\n<td>Yes, StarSense Explorer<\/td>\n<\/tr>\n<tr>\n<th>Use in astrophotography<\/th>\n<td>no<\/td>\n<\/tr>\n<tr>\n<th>Viewfinder<\/th>\n<td>Red dot StarPointer<\/td>\n<\/tr>\n<tr>\n<th>Mounting system<\/th>\n<td>Azimuth<\/td>\n<\/tr>\n<tr>\n<th>Maximum magnification<\/th>\n<td>200x<\/td>\n<\/tr>\n<tr>\n<th>Tube length<\/th>\n<td>64 cm<\/td>\n<\/tr>\n<tr>\n<th>Weight<\/th>\n<td>8.3 kg<\/td>\n<\/tr>\n<tr>\n<th>Warranty<\/th>\n<td>24 months<\/td>\n<\/tr>\n<\/tbody>\n<\/table>\n<h3>Ideal for observing the Moon, planets and galaxies<\/h3>\n<p>The 130 mm primary mirror collects enough light to reveal lunar craters, Saturn's rings, Jupiter's bands, and some of the brightest galaxies and nebulae. This is the <strong>the perfect telescope for those curious about the sky<\/strong> who want to learn about astronomy without getting lost in its complexity.<\/p>\n<h3>Why choose this telescope?<\/h3>\n<ul>\n<li><strong>Intelligent smartphone guidance<\/strong> ideal for beginners<\/li>\n<li><strong>Intuitive azimuth mount<\/strong> easy to handle<\/li>\n<li><strong>Powerful optics<\/strong> 114 mm mirror for excellent brightness<\/li>\n<li><strong>Ready to use<\/strong> : supplied with all necessary accessories<\/li>\n<\/ul>\n<p>Give yourself easy access to the wonders of the night sky with the <strong>StarSense Explorer 130mm telescope<\/strong> - a combination of modern technology and classic optics, designed to make astronomy accessible to all.<\/p>","protected":false},"excerpt":{"rendered":"<p>T\u00e9lescope Newton StarSense Explorer 130DX \u2013 L&rsquo;exploration des \u00e9toiles devient intuitive D\u00e9couvrez le t\u00e9lescope Newton 130mm &#8211; diam\u00e8tre tr\u00e8s sympa avec lequel beaucoup de personnes ont d\u00e9but\u00e9 &#8211; avec support pour smartphone et technologie StarSense Explorer \u2013 un instrument d&rsquo;observation id\u00e9al pour d\u00e9buter en astronomie sans sacrifier la performance. Gr\u00e2ce \u00e0 son miroir de 130 [&hellip;]<\/p>\n","protected":false},"featured_media":10785,"comment_status":"open","ping_status":"closed","template":"","meta":[],"product_brand":[413],"product_cat":[815,747],"product_tag":[],"class_list":{"0":"post-10660","1":"product","2":"type-product","3":"status-publish","4":"has-post-thumbnail","6":"product_brand-celestron","7":"product_cat-debutants","8":"product_cat-newton","10":"first","11":"instock","12":"taxable","13":"shipping-taxable","14":"purchasable","15":"product-type-simple"},"_links":{"self":[{"href":"https:\/\/deep-space-astronomy.ch\/en\/wp-json\/wp\/v2\/product\/10660","targetHints":{"allow":["GET"]}}],"collection":[{"href":"https:\/\/deep-space-astronomy.ch\/en\/wp-json\/wp\/v2\/product"}],"about":[{"href":"https:\/\/deep-space-astronomy.ch\/en\/wp-json\/wp\/v2\/types\/product"}],"replies":[{"embeddable":true,"href":"https:\/\/deep-space-astronomy.ch\/en\/wp-json\/wp\/v2\/comments?post=10660"}],"wp:featuredmedia":[{"embeddable":true,"href":"https:\/\/deep-space-astronomy.ch\/en\/wp-json\/wp\/v2\/media\/10785"}],"wp:attachment":[{"href":"https:\/\/deep-space-astronomy.ch\/en\/wp-json\/wp\/v2\/media?parent=10660"}],"wp:term":[{"taxonomy":"product_brand","embeddable":true,"href":"https:\/\/deep-space-astronomy.ch\/en\/wp-json\/wp\/v2\/product_brand?post=10660"},{"taxonomy":"product_cat","embeddable":true,"href":"https:\/\/deep-space-astronomy.ch\/en\/wp-json\/wp\/v2\/product_cat?post=10660"},{"taxonomy":"product_tag","embeddable":true,"href":"https:\/\/deep-space-astronomy.ch\/en\/wp-json\/wp\/v2\/product_tag?post=10660"}],"curies":[{"name":"wp","href":"https:\/\/api.w.org\/{rel}","templated":true}]}}