{"id":10759,"date":"2025-09-21T14:26:06","date_gmt":"2025-09-21T12:26:06","guid":{"rendered":"https:\/\/deep-space-astronomy.ch\/?post_type=product&#038;p=10759"},"modified":"2025-09-23T10:28:18","modified_gmt":"2025-09-23T08:28:18","slug":"wanderer-astro-wandererrotator","status":"publish","type":"product","link":"https:\/\/deep-space-astronomy.ch\/en\/product\/wanderer-astro-wandererrotator\/","title":{"rendered":"Wanderer Astro - WandererRotator"},"content":{"rendered":"<div class=\"product-description\">\n<h3 style=\"text-align: center;\">WandererRotator V2 - Motorized precision rotator for astrophotography<\/h3>\n<p>Align or recover your framing between several sessions with extreme precision, eliminate unwanted field rotations and gain in automation comfort: the <strong>WandererRotator V2<\/strong> are ultra-precise, thin-profile motorized rotators designed to support a rigid imaging train and guarantee optimum orthogonality.<br \/>\nThey are placed between your camera and the corrector\/reducer\/flattener, and are controlled from your favorite acquisition software.<\/p>\n<ul>\n<li><strong>Precision &amp; rigidity :<\/strong> fine, even rotation for precise framing, anti-tilt construction.<\/li>\n<li><strong>Low profile:<\/strong> minimizes the impact on backfocus and is easily integrated into most optical trains.<\/li>\n<li><strong>Simple control :<\/strong> 12 V power supply, USB control, software compatibility (ASCOM\/INDI depending on your configuration).<\/li>\n<li><strong>Astro nomad or fixed station :<\/strong> reliable at low temperatures, ideal for light setup at the observatory.<\/li>\n<\/ul>\n<h3>Three versions to choose from, same DNA, different needs<\/h3>\n<p>To adapt to the size of your transducers, accessories and torque requirements, the WandererRotator V2 is available in the following versions<br \/>\n<strong>Mini V2 (M54)<\/strong>, <strong>Lite V2 (M68)<\/strong> and <strong>Pro V2 (M92)<\/strong>.<br \/>\nSimply choose the version that matches the mechanical diameter of your imaging gear and the load to be driven.<\/p>\n<table class=\"table-compare\" style=\"width: 100%; border-collapse: collapse;\">\n<thead>\n<tr>\n<th style=\"text-align: left; border-bottom: 1px solid #ddd; padding: 8px;\">Features<\/th>\n<th style=\"text-align: left; border-bottom: 1px solid #ddd; padding: 8px;\">Mini V2 (M54)<\/th>\n<th style=\"text-align: left; border-bottom: 1px solid #ddd; padding: 8px;\">Lite V2 (M68)<\/th>\n<th style=\"text-align: left; border-bottom: 1px solid #ddd; padding: 8px;\">Pro V2 (M92)<\/th>\n<\/tr>\n<\/thead>\n<tbody>\n<tr>\n<td style=\"padding: 8px; border-bottom: 1px solid #f1f1f1;\">Mechanical opening \/ threads<\/td>\n<td style=\"padding: 8px; border-bottom: 1px solid #f1f1f1;\"><strong>M54<\/strong> - ideal for compact trains and sensors up to full-frame depending on the lens<\/td>\n<td style=\"padding: 8px; border-bottom: 1px solid #f1f1f1;\"><strong>M68<\/strong> - wide passage for 2\u2033 accessories \/ large sensors<\/td>\n<td style=\"padding: 8px; border-bottom: 1px solid #f1f1f1;\"><strong>M92<\/strong> - very large passage for demanding optics and sensors<\/td>\n<\/tr>\n<tr>\n<td style=\"padding: 8px; border-bottom: 1px solid #f1f1f1;\">Profile \/ backfocus<\/td>\n<td style=\"padding: 8px; border-bottom: 1px solid #f1f1f1;\">Ultra-slim profile (the most compact of the three)<\/td>\n<td style=\"padding: 8px; border-bottom: 1px solid #f1f1f1;\">Slim profile, good compromise between compactness and rigidity<\/td>\n<td style=\"padding: 8px; border-bottom: 1px solid #f1f1f1;\">Sturdier profile for heavy loads<\/td>\n<\/tr>\n<tr>\n<td style=\"padding: 8px; border-bottom: 1px solid #f1f1f1;\">Recommended load \/ torque<\/td>\n<td style=\"padding: 8px; border-bottom: 1px solid #f1f1f1;\">Light to intermediate setups<\/td>\n<td style=\"padding: 8px; border-bottom: 1px solid #f1f1f1;\">Intermediate to advanced setups<\/td>\n<td style=\"padding: 8px; border-bottom: 1px solid #f1f1f1;\">Heavy setups, bulky accessories, fixed station<\/td>\n<\/tr>\n<tr>\n<td style=\"padding: 8px; border-bottom: 1px solid #f1f1f1;\">Typical use<\/td>\n<td style=\"padding: 8px; border-bottom: 1px solid #f1f1f1;\">Nomadic, compact refractors, 2\u2033 correctors<\/td>\n<td style=\"padding: 8px; border-bottom: 1px solid #f1f1f1;\">Versatile: large correctors, extended sensors<\/td>\n<td style=\"padding: 8px; border-bottom: 1px solid #f1f1f1;\">Observatory \/ heavy sensors \/ high mechanical stress<\/td>\n<\/tr>\n<tr>\n<td style=\"padding: 8px; border-bottom: 1px solid #f1f1f1;\">Software compatibility<\/td>\n<td style=\"padding: 8px; border-bottom: 1px solid #f1f1f1;\">USB control, drivers available (ASCOM\/INDI depending on configuration)<\/td>\n<td style=\"padding: 8px; border-bottom: 1px solid #f1f1f1;\">USB control, drivers available (ASCOM\/INDI depending on configuration)<\/td>\n<td style=\"padding: 8px; border-bottom: 1px solid #f1f1f1;\">USB control, drivers available (ASCOM\/INDI depending on configuration)<\/td>\n<\/tr>\n<tr>\n<td style=\"padding: 8px; border-bottom: 1px solid #f1f1f1;\">Power supply<\/td>\n<td style=\"padding: 8px; border-bottom: 1px solid #f1f1f1;\">12 V DC<\/td>\n<td style=\"padding: 8px; border-bottom: 1px solid #f1f1f1;\">12 V DC<\/td>\n<td style=\"padding: 8px; border-bottom: 1px solid #f1f1f1;\">12 V DC<\/td>\n<\/tr>\n<\/tbody>\n<\/table>\n<h3>Why choose a WandererRotator V2 rotator?<\/h3>\n<ul>\n<li><strong>Perfect framing<\/strong> without touching the eyepiece holder: reproducible, automatic rotation with no perceptible play.<\/li>\n<li><strong>Healthy optical chain<\/strong>\u00a0anti-tilt design and rigidity to preserve collimation and orthogonality.<\/li>\n<li><strong>Easy integration<\/strong>\u00a0Low profile, wide choice of threaded adapters (depending on version and configuration).<\/li>\n<li><strong>Automation<\/strong>\u00a0ideal for mosaics, multiple framing shots and imaging scripts.<\/li>\n<\/ul>\n<h3>Which model for my setup?<\/h3>\n<p>- <strong>Mini V2 (M54)<\/strong> priority to compactness and weight, short gear trains, 2\u2033 correctors.<br \/>\n- <strong>Lite V2 (M68)<\/strong> the versatile \"sweet spot\" for large 2\u2033 \/ M68 sensors and accessories.<br \/>\n- <strong>Pro V2 (M92)<\/strong> : priority to mechanical passage and rigidity for heavy trains and demanding sensors.<\/p>\n<div class=\"version-selector\" style=\"margin: 16px 0; padding: 12px; border: 1px solid #eee; border-radius: 8px;\"><\/div>\n<h3>Content &amp; compatibility<\/h3>\n<p>Exact contents and adapters may vary according to version and configuration (camera, corrector, available backfocus, etc.). Please contact us to validate the optical path and threads required.<\/p>\n<h3>DSA Board<\/h3>\n<p>To avoid mechanical stress, be sure to clamp evenly, check orthogonality after assembly and define safety positions in your acquisition software (park\/zero) before automating your sequences.<\/p>\n<\/div>","protected":false},"excerpt":{"rendered":"<p>WandererRotator V2 \u2013 Rotateur motoris\u00e9 de pr\u00e9cision pour astrophotographie Alignez ou r\u00e9cup\u00e9rez votre cadrage entre plusieurs s\u00e9ance avec une pr\u00e9cision extr\u00eame, \u00e9liminez les rotations de champ ind\u00e9sirables et gagnez en confort d\u2019automatisation : les WandererRotator V2 sont des rotateurs motoris\u00e9s ultra-pr\u00e9cis, \u00e0 profil fin, con\u00e7us pour supporter un train d\u2019imagerie rigide et garantir une orthogonalit\u00e9 [&hellip;]<\/p>\n","protected":false},"featured_media":10803,"comment_status":"open","ping_status":"closed","template":"","meta":[],"product_brand":[839],"product_cat":[620,19],"product_tag":[],"class_list":{"0":"post-10759","1":"product","2":"type-product","3":"status-publish","4":"has-post-thumbnail","6":"product_brand-wanderer-astro","7":"product_cat-rotateurs","8":"product_cat-accessoires","10":"first","11":"instock","12":"taxable","13":"shipping-taxable","14":"purchasable","15":"product-type-variable"},"_links":{"self":[{"href":"https:\/\/deep-space-astronomy.ch\/en\/wp-json\/wp\/v2\/product\/10759","targetHints":{"allow":["GET"]}}],"collection":[{"href":"https:\/\/deep-space-astronomy.ch\/en\/wp-json\/wp\/v2\/product"}],"about":[{"href":"https:\/\/deep-space-astronomy.ch\/en\/wp-json\/wp\/v2\/types\/product"}],"replies":[{"embeddable":true,"href":"https:\/\/deep-space-astronomy.ch\/en\/wp-json\/wp\/v2\/comments?post=10759"}],"wp:featuredmedia":[{"embeddable":true,"href":"https:\/\/deep-space-astronomy.ch\/en\/wp-json\/wp\/v2\/media\/10803"}],"wp:attachment":[{"href":"https:\/\/deep-space-astronomy.ch\/en\/wp-json\/wp\/v2\/media?parent=10759"}],"wp:term":[{"taxonomy":"product_brand","embeddable":true,"href":"https:\/\/deep-space-astronomy.ch\/en\/wp-json\/wp\/v2\/product_brand?post=10759"},{"taxonomy":"product_cat","embeddable":true,"href":"https:\/\/deep-space-astronomy.ch\/en\/wp-json\/wp\/v2\/product_cat?post=10759"},{"taxonomy":"product_tag","embeddable":true,"href":"https:\/\/deep-space-astronomy.ch\/en\/wp-json\/wp\/v2\/product_tag?post=10759"}],"curies":[{"name":"wp","href":"https:\/\/api.w.org\/{rel}","templated":true}]}}