{"id":11009,"date":"2025-09-25T15:56:00","date_gmt":"2025-09-25T13:56:00","guid":{"rendered":"https:\/\/deep-space-astronomy.ch\/?post_type=product&#038;p=11009"},"modified":"2025-09-25T15:56:16","modified_gmt":"2025-09-25T13:56:16","slug":"ts-optics-gso-14-rc-pro","status":"publish","type":"product","link":"https:\/\/deep-space-astronomy.ch\/en\/product\/ts-optics-gso-14-rc-pro\/","title":{"rendered":"TS-Optics GSO 14\u2033 RC Pro"},"content":{"rendered":"<h3>TS-Optics GSO 14\u2033 RC Pro Carbon Truss Gen.2 355\/2854 - The observatory astrograph<\/h3>\n<p>Visit <strong>TS-Optics GSO 14\u2033 Ritchey-Chr\u00e9tien (355 mm, 2854 mm, f\/8)<\/strong> with <strong>carbon truss tube<\/strong> and <strong>improved Gen.2 focuser<\/strong> is a powerful instrument for demanding observatories and astrophotographers. Its large diameter, optimized mechanics and exceptional stability make it a top-of-the-range solution for deep-sky imaging.<\/p>\n<h3>Highlights<\/h3>\n<ul>\n<li><strong>Genuine Ritchey-Chr\u00e9tien<\/strong> : primary\/secondary hyperbolic \u2192 flat, coma-free field.<\/li>\n<li><strong>Large diameter 355 mm<\/strong> theoretical resolution of 0.34\u2033 and enormous light gathering.<\/li>\n<li><strong>Quartz mirrors<\/strong> Stability of focus on long exposures despite temperature variations.<\/li>\n<li><strong>Coating 94 %<\/strong> brighter, higher-contrast image than standard 90 %.<\/li>\n<li><strong>Carbon truss tube<\/strong> : structural rigidity + low expansion \u2192 stable collimation and focus.<\/li>\n<li><strong>Primary ventilation<\/strong> : faster heat-up, less internal turbulence.<\/li>\n<li><strong>Two Losmandy dovetails<\/strong> robust mounting of any accessory or guidescope.<\/li>\n<li><strong>Focuser RAP Gen.2<\/strong> : rack + steel rail on bearings, high capacity, increased precision, tilt adjustable independently of primary.<\/li>\n<\/ul>\n<h3>Astrophotography<\/h3>\n<p>The 14\u2033 RC illuminates a corrected field of around 35 mm without a corrector, ideal up to the <strong>APS-C<\/strong>. For the <strong>full format<\/strong> and beyond (~70 mm max. with dedicated corrector), TS offers optimized solutions. Thanks to the <strong>CCD47 reducer 0.67\u00d7<\/strong>the focal length increases from 2854 mm to \u22481913 mm, and the ratio of <strong>f\/8 to f\/5.36<\/strong>This has halved exposure times and widened the field of view.<\/p>\n<h3>Why a carbon truss tube?<\/h3>\n<p>Carbon virtually eliminates focus drift due to thermal variations. The design <strong>truss<\/strong> lightens the assembly, promotes cooling and maintains collimation in all orientations. The 30 kg tube is compatible with compact domes thanks to its limited length (~1 m).<\/p>\n<h3>RAP Gen.2 focuser<\/h3>\n<p>Visit <strong>RAP 3\u2033 Gen.2<\/strong> significantly improves rigidity and precision: steel rail with bearings, gear rack (1:10), 360\u00b0 rotation, high load capacity. Multiple integrated threads (M69, M74, M77, M82) for adapters, correctors and OAGs. Compatible with EAF-type focus motors without adapters.<\/p>\n<h3>RC vs SCT\/Mak advantages<\/h3>\n<ul>\n<li><strong>No Schmidt blade<\/strong> no fogging, no absorption \u2192 total transmission (visible + IR).<\/li>\n<li><strong>Optical path 100 % reflective<\/strong> spectral neutrality and photon gain.<\/li>\n<li><strong>No mirror shift<\/strong> : fixed primary, MAP via external focuser \u2192 maximum stability.<\/li>\n<\/ul>\n<h3>Technical specifications<\/h3>\n<table border=\"1\" cellspacing=\"0\" cellpadding=\"6\">\n<tbody>\n<tr>\n<td><strong>Optical design<\/strong><\/td>\n<td>Ritchey-Chr\u00e9tien (hyperbolic mirrors)<\/td>\n<\/tr>\n<tr>\n<td><strong>Opening<\/strong><\/td>\n<td>355 mm (14\u2033)<\/td>\n<\/tr>\n<tr>\n<td><strong>Focal length<\/strong><\/td>\n<td>2854 mm<\/td>\n<\/tr>\n<tr>\n<td><strong>Ratio f\/<\/strong><\/td>\n<td>f\/8 (\u2248 f\/5.36 with reducer 0.67\u00d7)<\/td>\n<\/tr>\n<tr>\n<td><strong>Mirrors<\/strong><\/td>\n<td>Quartz, reflectivity 94 %<\/td>\n<\/tr>\n<tr>\n<td><strong>Resolution<\/strong><\/td>\n<td>\u22480,34\u2033<\/td>\n<\/tr>\n<tr>\n<td><strong>Backfocus<\/strong><\/td>\n<td>\u2248280 mm from rear of tube<\/td>\n<\/tr>\n<tr>\n<td><strong>Secondary obstruction<\/strong><\/td>\n<td>\u2248170 mm<\/td>\n<\/tr>\n<tr>\n<td><strong>Tube<\/strong><\/td>\n<td>Carbon truss with stainless steel\/aluminium connections<\/td>\n<\/tr>\n<tr>\n<td><strong>Tube diameter<\/strong><\/td>\n<td>\u2248535 mm<\/td>\n<\/tr>\n<tr>\n<td><strong>Tube length<\/strong><\/td>\n<td>\u22481140 mm (with focuser), 990 mm (without)<\/td>\n<\/tr>\n<tr>\n<td><strong>Weight<\/strong><\/td>\n<td>\u224830 kg<\/td>\n<\/tr>\n<tr>\n<td><strong>Focuser<\/strong><\/td>\n<td>RAP 3\u2033 Gen.2, steel rail rack, microfocuser 1:10<\/td>\n<\/tr>\n<tr>\n<td><strong>Connections<\/strong><\/td>\n<td>2\u2033 and 1.25\u2033 + threads M69, M74, M77, M82<\/td>\n<\/tr>\n<tr>\n<td><strong>Dovetails<\/strong><\/td>\n<td>2\u00d7 Losmandy style<\/td>\n<\/tr>\n<\/tbody>\n<\/table>\n<h3>In the box<\/h3>\n<ul>\n<li>RC 14\u2033 f\/8 carbon truss Gen.2 telescope<\/li>\n<li>Focuser RAP 3\u2033 Gen.2<\/li>\n<li>Two Losmandy dovetails<\/li>\n<li>Extension rings (2\u00d725 mm, 1\u00d750 mm)<\/li>\n<li>Protective cap<\/li>\n<\/ul>\n<h3>In a nutshell<\/h3>\n<p>Visit <strong>TS-Optics GSO 14\u2033 RC Pro Carbon Truss Gen.2<\/strong> is designed for private or community observatories: 355 mm diameter, reinforced mechanics, tilt-adjustable focuser, thermal stability and corrected wide field. A robust, scalable platform for professional-level results in advanced astrophotography.<\/p>","protected":false},"excerpt":{"rendered":"<p>TS-Optics GSO 14&Prime; RC Pro Carbone Truss Gen.2 355\/2854 \u2013 L\u2019astrographe d\u2019observatoire Le TS-Optics GSO 14&Prime; Ritchey-Chr\u00e9tien (355 mm, 2854 mm, f\/8) avec tube truss carbone et focuser Gen.2 am\u00e9lior\u00e9 est un instrument puissant destin\u00e9 aux observatoires et astrophotographes exigeants. Avec son grand diam\u00e8tre, sa m\u00e9canique optimis\u00e9e et sa stabilit\u00e9 exceptionnelle, il s\u2019impose comme une [&hellip;]<\/p>\n","protected":false},"featured_media":11010,"comment_status":"open","ping_status":"closed","template":"","meta":[],"product_brand":[842],"product_cat":[750],"product_tag":[],"class_list":{"0":"post-11009","1":"product","2":"type-product","3":"status-publish","4":"has-post-thumbnail","6":"product_brand-ts-optics","7":"product_cat-ritchey-chretien","9":"first","10":"on_supplier","11":"taxable","12":"shipping-taxable","13":"purchasable","14":"product-type-simple"},"_links":{"self":[{"href":"https:\/\/deep-space-astronomy.ch\/en\/wp-json\/wp\/v2\/product\/11009","targetHints":{"allow":["GET"]}}],"collection":[{"href":"https:\/\/deep-space-astronomy.ch\/en\/wp-json\/wp\/v2\/product"}],"about":[{"href":"https:\/\/deep-space-astronomy.ch\/en\/wp-json\/wp\/v2\/types\/product"}],"replies":[{"embeddable":true,"href":"https:\/\/deep-space-astronomy.ch\/en\/wp-json\/wp\/v2\/comments?post=11009"}],"wp:featuredmedia":[{"embeddable":true,"href":"https:\/\/deep-space-astronomy.ch\/en\/wp-json\/wp\/v2\/media\/11010"}],"wp:attachment":[{"href":"https:\/\/deep-space-astronomy.ch\/en\/wp-json\/wp\/v2\/media?parent=11009"}],"wp:term":[{"taxonomy":"product_brand","embeddable":true,"href":"https:\/\/deep-space-astronomy.ch\/en\/wp-json\/wp\/v2\/product_brand?post=11009"},{"taxonomy":"product_cat","embeddable":true,"href":"https:\/\/deep-space-astronomy.ch\/en\/wp-json\/wp\/v2\/product_cat?post=11009"},{"taxonomy":"product_tag","embeddable":true,"href":"https:\/\/deep-space-astronomy.ch\/en\/wp-json\/wp\/v2\/product_tag?post=11009"}],"curies":[{"name":"wp","href":"https:\/\/api.w.org\/{rel}","templated":true}]}}