{"id":11804,"date":"2025-11-08T07:07:24","date_gmt":"2025-11-08T06:07:24","guid":{"rendered":"https:\/\/deep-space-astronomy.ch\/?post_type=product&#038;p=11804"},"modified":"2025-11-08T07:07:37","modified_gmt":"2025-11-08T06:07:37","slug":"sesto-senso-3-focuser-robotique-de-derniere-generation","status":"publish","type":"product","link":"https:\/\/deep-space-astronomy.ch\/en\/product\/sesto-senso-3-focuser-robotique-de-derniere-generation\/","title":{"rendered":"Sesto Senso 3 - Latest-generation robotic focuser"},"content":{"rendered":"<h3>SESTO SENSO 3 - High-precision robotic focusing motor<\/h3>\n<p><strong>SESTO SENSO 3<\/strong> is the most advanced robotic focusing motor developed by <strong>PrimaLuceLab<\/strong> for type <em>Crayford<\/em> or <em>Rack-and-Pinion<\/em>. Heir to the previous generations, it now incorporates a host of improvements in a compact, all-in-one chassis, combining power, precision and ease of use.<\/p>\n<p><img decoding=\"async\" src=\"https:\/\/www.primalucelab.com\/img\/cms\/sesto-senso-3-robotic-focusing-motor-banner.jpg?1754470480925\" alt=\"SESTO SENSO 3 robotic focusing motor for external focusers\" \/><\/p>\n<h3>Key features<\/h3>\n<ul>\n<li><strong>Compact all-in-one design<\/strong> - Designed for installation on Crayford and Rack-and-Pinion eyepiece holders without additional support.<\/li>\n<li><strong>Integrated encoder<\/strong> - Allows precise position tracking and manual movement without loss of bearings, with automatic recovery function.<\/li>\n<li><strong>Self Centering Clamp 2 (SCC2) system<\/strong> - Quick, adapter-free installation on 25 mm, 26 mm, 33 mm and 37 mm shafts.<\/li>\n<li><strong>Ultra-fine resolution<\/strong> - Accuracy of <strong>0.7 microns per step<\/strong> on eyepiece holders with 1:10 ratio.<\/li>\n<li><strong>USB-C connectivity<\/strong> - For maximum compatibility with all modern computers.<\/li>\n<li><strong>Integrated Wi-Fi<\/strong> - Wireless control via smartphone or tablet with <em>Virtual HandPad<\/em>.<\/li>\n<li><strong>Full compatibility with PLAY software<\/strong> - Autofocus, temperature compensation, focus profiles and more.<\/li>\n<li><strong>ASCOM Support<\/strong> - Seamless integration with N.I.N.A., SGP, MaxIm DL and other astrophotography software.<\/li>\n<li><strong>Dedicated ARCO port<\/strong> - Allows direct connection of ARCO rotator without additional cable.<\/li>\n<li><strong>DARK Mode<\/strong> - Adjustable or fully deactivatable LED lighting to preserve night vision.<\/li>\n<li><strong>GHOST Mode<\/strong> - Can be used without a USB cable when connected to an EAGLE computer.<\/li>\n<li><strong>Optional temperature sensor<\/strong> - Automatic focus compensation for temperature variations.<\/li>\n<li><strong>Made in Italy<\/strong> - Signature design and mechanical precision <em>PrimaLuceLab<\/em>.<\/li>\n<\/ul>\n<p><img decoding=\"async\" src=\"https:\/\/www.primalucelab.com\/img\/cms\/sesto-senso-3-robotic-focusing-motor-encoder.gif?1754471509859\" alt=\"SESTO SENSO 3 robotic focusing motor for external focusers\" \/><\/p>\n<h3>Easy installation and broad compatibility<\/h3>\n<p>Thanks to new technology <strong>SCC2<\/strong>, The SESTO SENSO 3 attaches directly to most eyepiece holders without the need for an external support. It is compatible with a wide range of instruments such as :<\/p>\n<ul>\n<li>SkyWatcher EVOSTAR, EVOLUX, ESPRIT, Newton and Quattro<\/li>\n<li>Takahashi FSQ-85 and FSQ-106<\/li>\n<li>Baader SteelTrack\u00ae, FeatherTouch, GSO Ritchey-Chr\u00e9tien, Explore Scientific<\/li>\n<\/ul>\n<p><img decoding=\"async\" src=\"https:\/\/www.primalucelab.com\/img\/cms\/sesto-senso-3-robotic-focusing-motor-USB-C-connectivity.jpg?1754471622857\" alt=\"SESTO SENSO 3 robotic focusing motor for external focusers\" \/><\/p>\n<h3>Connectivity and advanced control<\/h3>\n<p>The port <strong>USB-C<\/strong> guarantees a fast, reliable connection, while the <strong>Integrated Wi-Fi<\/strong> offers wireless control via smartphone or tablet. The software <strong>PLAY<\/strong> provides intuitive engine control, auto-tuning, temperature management and real-time system status monitoring.<\/p>\n<p><img decoding=\"async\" src=\"https:\/\/www.primalucelab.com\/img\/cms\/sesto-senso-3-robotic-focusing-motor-ARCO-port.jpg?1754478711027\" alt=\"SESTO SENSO 3 robotic focusing motor for external focusers\" \/><\/p>\n<h3>Compatibility with ARCO<\/h3>\n<p>Connect the <strong>ARCO rotator<\/strong> for motorized camera rotation or field de-rotation on alt-azimuth mount. A single cable is all you need for power and data transfer.<\/p>\n<p><img decoding=\"async\" src=\"https:\/\/www.primalucelab.com\/img\/cms\/sesto-senso-3-robotic-focusing-motor-dimensions.png?1754478912137\" alt=\"SESTO SENSO 3 robotic focusing motor for external focusers\" \/><\/p>\n<h3>Technical details<\/h3>\n<table>\n<tbody>\n<tr>\n<td><strong>Resolution<\/strong><\/td>\n<td>0.7 \u00b5m \/ pitch (with 1:10 reduction)<\/td>\n<\/tr>\n<tr>\n<td><strong>Weight<\/strong><\/td>\n<td>370 g<\/td>\n<\/tr>\n<tr>\n<td><strong>Connectivity<\/strong><\/td>\n<td>USB-C, Wi-Fi, ARCO port, temperature sensor<\/td>\n<\/tr>\n<tr>\n<td><strong>Power supply<\/strong><\/td>\n<td>12 V DC - 5.5\/2.5 mm connector (positive center)<\/td>\n<\/tr>\n<tr>\n<td><strong>Manufacturing<\/strong><\/td>\n<td>Made in Italy<\/td>\n<\/tr>\n<\/tbody>\n<\/table>\n<h3>Box contents<\/h3>\n<ul>\n<li>SESTO SENSO 3<\/li>\n<li>Adapters for 25 mm, 26 mm, 33 mm axes<\/li>\n<li>6 coloured centring rings for different eyepiece holders<\/li>\n<li>USB-C to USB-A cable<\/li>\n<li>12 V cigarette-lighter power cable<\/li>\n<li>Hexagonal keys and quick installation guide<\/li>\n<\/ul>\n<p><img decoding=\"async\" src=\"https:\/\/www.primalucelab.com\/img\/cms\/sesto-senso-3-robotic-focusing-motor-packing-list.jpg?1758008377697\" alt=\"SESTO SENSO 3 robotic focusing motor for external focusers - packing list\" \/><\/p>\n<p><em>The SESTO SENSO 3 embodies the precision, reliability and modernity of motorized focusing for demanding astrophotography.<\/em><\/p>","protected":false},"excerpt":{"rendered":"<p>SESTO SENSO 3 \u2013 Moteur de mise au point robotis\u00e9 de haute pr\u00e9cision SESTO SENSO 3 est le moteur de mise au point robotis\u00e9 le plus avanc\u00e9 d\u00e9velopp\u00e9 par PrimaLuceLab pour les porte-oculaires externes de type Crayford ou Rack-and-Pinion. H\u00e9ritier des g\u00e9n\u00e9rations pr\u00e9c\u00e9dentes, il int\u00e8gre d\u00e9sormais un grand nombre d\u2019am\u00e9liorations dans un ch\u00e2ssis compact et [&hellip;]<\/p>\n","protected":false},"featured_media":11805,"comment_status":"open","ping_status":"closed","template":"","meta":[],"product_brand":[594],"product_cat":[609],"product_tag":[],"class_list":{"0":"post-11804","1":"product","2":"type-product","3":"status-publish","4":"has-post-thumbnail","6":"product_brand-primalucelab","7":"product_cat-systeme-de-map-robotique","9":"first","10":"onbackorder","11":"taxable","12":"shipping-taxable","13":"purchasable","14":"product-type-simple"},"_links":{"self":[{"href":"https:\/\/deep-space-astronomy.ch\/en\/wp-json\/wp\/v2\/product\/11804","targetHints":{"allow":["GET"]}}],"collection":[{"href":"https:\/\/deep-space-astronomy.ch\/en\/wp-json\/wp\/v2\/product"}],"about":[{"href":"https:\/\/deep-space-astronomy.ch\/en\/wp-json\/wp\/v2\/types\/product"}],"replies":[{"embeddable":true,"href":"https:\/\/deep-space-astronomy.ch\/en\/wp-json\/wp\/v2\/comments?post=11804"}],"wp:featuredmedia":[{"embeddable":true,"href":"https:\/\/deep-space-astronomy.ch\/en\/wp-json\/wp\/v2\/media\/11805"}],"wp:attachment":[{"href":"https:\/\/deep-space-astronomy.ch\/en\/wp-json\/wp\/v2\/media?parent=11804"}],"wp:term":[{"taxonomy":"product_brand","embeddable":true,"href":"https:\/\/deep-space-astronomy.ch\/en\/wp-json\/wp\/v2\/product_brand?post=11804"},{"taxonomy":"product_cat","embeddable":true,"href":"https:\/\/deep-space-astronomy.ch\/en\/wp-json\/wp\/v2\/product_cat?post=11804"},{"taxonomy":"product_tag","embeddable":true,"href":"https:\/\/deep-space-astronomy.ch\/en\/wp-json\/wp\/v2\/product_tag?post=11804"}],"curies":[{"name":"wp","href":"https:\/\/api.w.org\/{rel}","templated":true}]}}