{"id":12116,"date":"2025-11-26T20:22:03","date_gmt":"2025-11-26T19:22:03","guid":{"rendered":"https:\/\/deep-space-astronomy.ch\/?post_type=product&#038;p=12116"},"modified":"2026-02-26T15:56:22","modified_gmt":"2026-02-26T14:56:22","slug":"celestron-starsense-explorer-lt-70az","status":"publish","type":"product","link":"https:\/\/deep-space-astronomy.ch\/en\/product\/celestron-starsense-explorer-lt-70az\/","title":{"rendered":"Celestron StarSense Explorer LT 70AZ"},"content":{"rendered":"<h3 style=\"text-align: center;\">StarSense Explorer 70mm telescope - start your astro career at a low price<\/h3>\n<p>The StarSense Explorer 70mm is the ideal telescope for a head start in astronomy. No need to know the constellations: your smartphone guides you step by step to the most beautiful wonders of the sky.<\/p>\n<p>Thanks to patented <strong>StarSense<\/strong>, the telescope uses the camera on your<br \/>\nphone to recognize the stars above you and automatically determine its position in real time.<br \/>\nThe application <strong>StarSense Explorer, powered by SkySafari\u2122<\/strong>, then offers you a list of<br \/>\nof objects visible at the moment: planets, bright nebulae, star clusters, easy galaxies and double stars.<\/p>\n<p>From the city, you can already see many bright objects. By taking your telescope under darker skies, you can explore fainter deep-sky objects and go even further in your discovery of the Universe.<\/p>\n<h3>Simple operation, perfect for beginners<\/h3>\n<p>The telescope is mounted on a <strong>manual azimuth mount<\/strong>, It's very intuitive: you simply move from left to right and top to bottom.<br \/>\nA <strong>fine vertical movement<\/strong> with adjusting spindle for precise tracking<br \/>\nthe arrows displayed on your smartphone screen. When the crosshairs turn green, the object is centered: all that's left to do is look through the eyepiece!<\/p>\n<h3>Luminous optics and accessories included<\/h3>\n<p>The optical tube is a <strong>70 mm bezel<\/strong> equipped with fully coated glass lenses,<br \/>\nto deliver bright, detailed images of the Moon, planets and the brightest deep-sky objects.<\/p>\n<p><strong>Supplied accessories :<\/strong><\/p>\n<ul>\n<li>Two eyepieces: <strong>25 mm<\/strong> (low magnification, wide field) and <strong>10 mm<\/strong> (higher magnification).<\/li>\n<li><strong>Barlow 2x<\/strong> to double the available magnifications.<\/li>\n<li><strong>StarSense smartphone dock<\/strong> to take advantage of automatic guidance.<\/li>\n<li><strong>Image-straightened angled return<\/strong>, This makes it easy to observe and view the image in the right direction.<\/li>\n<li><strong>Red dot viewfinder<\/strong> to use the telescope even without a smartphone, the old-fashioned way.<\/li>\n<li><strong>Standard-size tripod<\/strong>, This stable, height-adjustable system makes it easy to install wherever you are.<\/li>\n<\/ul>\n<p>In short, this telescope is designed for beginners who want to <strong>treat yourself quickly<\/strong>, without getting lost in the technicalities. It guides you through the sky, helps you find objects easily and offers you a first observing experience that's both fun and fascinating.<\/p>","protected":false},"excerpt":{"rendered":"<p>T\u00e9lescope StarSense Explorer 70mm \u2013 d\u00e9butez l&rsquo;astro \u00e0 petit prix Le StarSense Explorer 70mm est un t\u00e9lescope id\u00e9al pour d\u00e9buter l\u2019astronomie sans prise de t\u00eate. Pas besoin de conna\u00eetre les constellations : votre smartphone vous guide pas \u00e0 pas vers les plus belles merveilles du ciel. Gr\u00e2ce \u00e0 la technologie brevet\u00e9e StarSense, le t\u00e9lescope utilise [&hellip;]<\/p>\n","protected":false},"featured_media":12117,"comment_status":"open","ping_status":"closed","template":"","meta":[],"product_brand":[413],"product_cat":[815,384,754],"product_tag":[],"class_list":{"0":"post-12116","1":"product","2":"type-product","3":"status-publish","4":"has-post-thumbnail","6":"product_brand-celestron","7":"product_cat-debutants","8":"product_cat-lunettes_refracteurs","9":"product_cat-lunettes-achromatiques","11":"first","12":"instock","13":"taxable","14":"shipping-taxable","15":"purchasable","16":"product-type-simple"},"_links":{"self":[{"href":"https:\/\/deep-space-astronomy.ch\/en\/wp-json\/wp\/v2\/product\/12116","targetHints":{"allow":["GET"]}}],"collection":[{"href":"https:\/\/deep-space-astronomy.ch\/en\/wp-json\/wp\/v2\/product"}],"about":[{"href":"https:\/\/deep-space-astronomy.ch\/en\/wp-json\/wp\/v2\/types\/product"}],"replies":[{"embeddable":true,"href":"https:\/\/deep-space-astronomy.ch\/en\/wp-json\/wp\/v2\/comments?post=12116"}],"wp:featuredmedia":[{"embeddable":true,"href":"https:\/\/deep-space-astronomy.ch\/en\/wp-json\/wp\/v2\/media\/12117"}],"wp:attachment":[{"href":"https:\/\/deep-space-astronomy.ch\/en\/wp-json\/wp\/v2\/media?parent=12116"}],"wp:term":[{"taxonomy":"product_brand","embeddable":true,"href":"https:\/\/deep-space-astronomy.ch\/en\/wp-json\/wp\/v2\/product_brand?post=12116"},{"taxonomy":"product_cat","embeddable":true,"href":"https:\/\/deep-space-astronomy.ch\/en\/wp-json\/wp\/v2\/product_cat?post=12116"},{"taxonomy":"product_tag","embeddable":true,"href":"https:\/\/deep-space-astronomy.ch\/en\/wp-json\/wp\/v2\/product_tag?post=12116"}],"curies":[{"name":"wp","href":"https:\/\/api.w.org\/{rel}","templated":true}]}}