{"id":12122,"date":"2025-11-26T20:37:27","date_gmt":"2025-11-26T19:37:27","guid":{"rendered":"https:\/\/deep-space-astronomy.ch\/?post_type=product&#038;p=12122"},"modified":"2025-11-26T20:40:38","modified_gmt":"2025-11-26T19:40:38","slug":"telescope-starsense-explorer-dx-6-150mm-schmidt-cassegrain","status":"publish","type":"product","link":"https:\/\/deep-space-astronomy.ch\/en\/product\/telescope-starsense-explorer-dx-6-150mm-schmidt-cassegrain\/","title":{"rendered":"StarSense Explorer DX 6\u2033 (150mm) Schmidt-Cassegrain telescope"},"content":{"rendered":"<h3>StarSense Explorer 6\u2033 Schmidt-Cassegrain - Discovering the sky has never been easier<\/h3>\n<p>\nWith the <strong>StarSense Explorer 6\u2033<\/strong>, Celestron makes skywatching accessible to everyone.<br \/>\nYou don't need to know the constellations or how to align a telescope:<br \/>\n<strong>your smartphone does all the work<\/strong>.\n<\/p>\n<p>\nSimply place the telescope in position, and install your phone in the StarSense dock,<br \/>\nlaunch the application, choose a target... and follow the arrows on the screen.<br \/>\nYour smartphone's camera scans the sky in real time and tells you exactly how to aim the telescope.<br \/>\nWhen the reticle turns green, the object is centered: look through the eyepiece and enjoy!\n<\/p>\n<h3>150 mm Schmidt-Cassegrain optics<\/h3>\n<p>\nThe telescope uses <strong>Schmidt-Cassegrain 150 mm (6\u2033)<\/strong>,<br \/>\nideal for high-contrast images of the Moon, planets and star clusters<br \/>\nand brilliant nebulae. With a focal length of <strong>1500 mm<\/strong>, it provides<br \/>\nbeautiful magnifications while remaining compact and easy to carry.\n<\/p>\n<p>\nThe StarSense system instantly opens up hundreds of celestial objects,<br \/>\neven if you're a first-time observer. From an urban sky, you'll already see most of the<br \/>\nbright targets. Under dark skies, you'll have access to fainter galaxies and nebulae.\n<\/p>\n<h3>Easy to use with StarSense Explorer application<\/h3>\n<p>\nThe StarSense Explorer application makes observation intuitive:\n<\/p>\n<ul>\n<li>Install the app on your smartphone.<\/li>\n<li>Slide it into the <strong>StarSense dock<\/strong>.<\/li>\n<li>Follow the arrows to move the telescope.<\/li>\n<li>When the crosshairs light up green, the object is in the field!<\/li>\n<\/ul>\n<p>\nThis unique system makes it possible to find <strong>much faster<\/strong><br \/>\nthan with a conventional telescope. <strong>without any prior knowledge<\/strong>.\n<\/p>\n<h3>Supplied accessories<\/h3>\n<p><strong>Everything is included to get you started immediately:<\/strong><\/p>\n<ul>\n<li>Eyepieces <strong>25 mm<\/strong> and <strong>10 mm<\/strong> (1,25\u2033)<\/li>\n<li><strong>Angled return<\/strong> 90\u00b0<\/li>\n<li><strong>StarPointer\u2122 viewfinder<\/strong> (red dot)<\/li>\n<li><strong>StarSense smartphone dock<\/strong><\/li>\n<li><strong>Azimuthal tripod<\/strong> with accessory tray<\/li>\n<li>Unlocking code for StarSense Explorer application<\/li>\n<\/ul>\n<h3>Main features (summary)<\/h3>\n<table>\n<tbody>\n<tr>\n<td><strong>Lens type<\/strong><\/td>\n<td>Schmidt-Cassegrain (SC)<\/td>\n<\/tr>\n<tr>\n<td><strong>Opening<\/strong><\/td>\n<td>150 mm (6\u2033)<\/td>\n<\/tr>\n<tr>\n<td><strong>Focal length<\/strong><\/td>\n<td>1500 mm (f\/10)<\/td>\n<\/tr>\n<tr>\n<td><strong>Recommended max. magnification<\/strong><\/td>\n<td>\u2248 354\u00d7<\/td>\n<\/tr>\n<tr>\n<td><strong>Frame<\/strong><\/td>\n<td>Manual azimuth<\/td>\n<\/tr>\n<tr>\n<td><strong>Photography<\/strong><\/td>\n<td>Limited (mainly visual)<\/td>\n<\/tr>\n<tr>\n<td><strong>Total weight<\/strong><\/td>\n<td>\u2248 6.35 kg<\/td>\n<\/tr>\n<tr>\n<td><strong>Contents<\/strong><\/td>\n<td>Telescope, tripod, 25 mm &amp; 10 mm eyepieces, angled guide, StarPointer, StarSense dock<\/td>\n<\/tr>\n<tr>\n<td><strong>Recommended use<\/strong><\/td>\n<td>Moon\/planets, bright galaxies, star clusters<\/td>\n<\/tr>\n<tr>\n<td><strong>Warranty<\/strong><\/td>\n<td>24 months<\/td>\n<\/tr>\n<\/tbody>\n<\/table>\n<p>\nThe StarSense Explorer 6\u2033 is a <strong>powerful yet incredibly simple telescope<\/strong>,<br \/>\nperfect for beginners who want a serious, versatile instrument that's easy to learn.<\/p>","protected":false},"excerpt":{"rendered":"<p>StarSense Explorer 6&Prime; Schmidt-Cassegrain \u2013 D\u00e9couvrir le ciel n\u2019a jamais \u00e9t\u00e9 aussi simple Avec le StarSense Explorer 6&Prime;, Celestron rend l\u2019observation du ciel accessible \u00e0 tout le monde. Pas besoin de conna\u00eetre les constellations, ni de savoir aligner un t\u00e9lescope&nbsp;: votre smartphone fait tout le travail. Il suffit de mettre le t\u00e9lescope en place, d\u2019installer [&hellip;]<\/p>\n","protected":false},"featured_media":12123,"comment_status":"open","ping_status":"closed","template":"","meta":[],"product_brand":[413],"product_cat":[815,748],"product_tag":[],"class_list":{"0":"post-12122","1":"product","2":"type-product","3":"status-publish","4":"has-post-thumbnail","6":"product_brand-celestron","7":"product_cat-debutants","8":"product_cat-schmidt-cassegrain","10":"first","11":"instock","12":"taxable","13":"shipping-taxable","14":"purchasable","15":"product-type-simple"},"_links":{"self":[{"href":"https:\/\/deep-space-astronomy.ch\/en\/wp-json\/wp\/v2\/product\/12122","targetHints":{"allow":["GET"]}}],"collection":[{"href":"https:\/\/deep-space-astronomy.ch\/en\/wp-json\/wp\/v2\/product"}],"about":[{"href":"https:\/\/deep-space-astronomy.ch\/en\/wp-json\/wp\/v2\/types\/product"}],"replies":[{"embeddable":true,"href":"https:\/\/deep-space-astronomy.ch\/en\/wp-json\/wp\/v2\/comments?post=12122"}],"wp:featuredmedia":[{"embeddable":true,"href":"https:\/\/deep-space-astronomy.ch\/en\/wp-json\/wp\/v2\/media\/12123"}],"wp:attachment":[{"href":"https:\/\/deep-space-astronomy.ch\/en\/wp-json\/wp\/v2\/media?parent=12122"}],"wp:term":[{"taxonomy":"product_brand","embeddable":true,"href":"https:\/\/deep-space-astronomy.ch\/en\/wp-json\/wp\/v2\/product_brand?post=12122"},{"taxonomy":"product_cat","embeddable":true,"href":"https:\/\/deep-space-astronomy.ch\/en\/wp-json\/wp\/v2\/product_cat?post=12122"},{"taxonomy":"product_tag","embeddable":true,"href":"https:\/\/deep-space-astronomy.ch\/en\/wp-json\/wp\/v2\/product_tag?post=12122"}],"curies":[{"name":"wp","href":"https:\/\/api.w.org\/{rel}","templated":true}]}}