{"id":12217,"date":"2025-12-02T21:00:51","date_gmt":"2025-12-02T20:00:51","guid":{"rendered":"https:\/\/deep-space-astronomy.ch\/?post_type=product&#038;p=12217"},"modified":"2025-12-02T21:01:07","modified_gmt":"2025-12-02T20:01:07","slug":"bague-sct-2-celestron","status":"publish","type":"product","link":"https:\/\/deep-space-astronomy.ch\/en\/product\/bague-sct-2-celestron\/","title":{"rendered":"SCT-2\u2033 Celestron ring"},"content":{"rendered":"<p class=\"p1\">This SCT to 2\u201d adapter allows you to replace the standard 31.7 mm rear exit of a Schmidt-Cassegrain or Maksutov-Cassegrain telescope in order to use accessories in 2\u201d format. Once installed, it provides access to wide-field eyepieces, 2\u201d angled eyepieces and a wide range of imaging accessories.<\/p>\n<p class=\"p1\">The connection on the telescope side is threaded, guaranteeing stable, perfectly aligned attachment. On the accessory side, a brass compression ring clamping system ensures a firm hold while preserving the barrel of eyepieces and diagonals, with no risk of scratching or marking.<\/p>","protected":false},"excerpt":{"rendered":"<p>Cet adaptateur SCT vers 2\u201d permet de remplacer la sortie arri\u00e8re standard de 31,7 mm d\u2019un t\u00e9lescope Schmidt-Cassegrain ou Maksutov-Cassegrain afin d\u2019utiliser des accessoires au format 2\u201d. Une fois install\u00e9, il ouvre l\u2019acc\u00e8s aux oculaires grand champ, aux renvois coud\u00e9s de 2\u201d et \u00e0 de nombreux accessoires d\u2019imagerie. Le raccordement c\u00f4t\u00e9 t\u00e9lescope se fait par [&hellip;]<\/p>\n","protected":false},"featured_media":12218,"comment_status":"open","ping_status":"closed","template":"","meta":[],"product_brand":[413],"product_cat":[731],"product_tag":[],"class_list":{"0":"post-12217","1":"product","2":"type-product","3":"status-publish","4":"has-post-thumbnail","6":"product_brand-celestron","7":"product_cat-bagues-dadaptation-et-de-conversion","9":"first","10":"instock","11":"sale","12":"taxable","13":"shipping-taxable","14":"purchasable","15":"product-type-simple"},"_links":{"self":[{"href":"https:\/\/deep-space-astronomy.ch\/en\/wp-json\/wp\/v2\/product\/12217","targetHints":{"allow":["GET"]}}],"collection":[{"href":"https:\/\/deep-space-astronomy.ch\/en\/wp-json\/wp\/v2\/product"}],"about":[{"href":"https:\/\/deep-space-astronomy.ch\/en\/wp-json\/wp\/v2\/types\/product"}],"replies":[{"embeddable":true,"href":"https:\/\/deep-space-astronomy.ch\/en\/wp-json\/wp\/v2\/comments?post=12217"}],"wp:featuredmedia":[{"embeddable":true,"href":"https:\/\/deep-space-astronomy.ch\/en\/wp-json\/wp\/v2\/media\/12218"}],"wp:attachment":[{"href":"https:\/\/deep-space-astronomy.ch\/en\/wp-json\/wp\/v2\/media?parent=12217"}],"wp:term":[{"taxonomy":"product_brand","embeddable":true,"href":"https:\/\/deep-space-astronomy.ch\/en\/wp-json\/wp\/v2\/product_brand?post=12217"},{"taxonomy":"product_cat","embeddable":true,"href":"https:\/\/deep-space-astronomy.ch\/en\/wp-json\/wp\/v2\/product_cat?post=12217"},{"taxonomy":"product_tag","embeddable":true,"href":"https:\/\/deep-space-astronomy.ch\/en\/wp-json\/wp\/v2\/product_tag?post=12217"}],"curies":[{"name":"wp","href":"https:\/\/api.w.org\/{rel}","templated":true}]}}