{"id":12283,"date":"2025-12-05T08:14:25","date_gmt":"2025-12-05T07:14:25","guid":{"rendered":"https:\/\/deep-space-astronomy.ch\/?post_type=product&#038;p=12283"},"modified":"2025-12-05T08:14:41","modified_gmt":"2025-12-05T07:14:41","slug":"jupe-de-protection-pour-dobson-10-et-12-explore-scientific","status":"publish","type":"product","link":"https:\/\/deep-space-astronomy.ch\/en\/product\/jupe-de-protection-pour-dobson-10-et-12-explore-scientific\/","title":{"rendered":"Protective skirt for dobson 10\u2033 and 12\u2033 Explore Scientific"},"content":{"rendered":"<p>Very useful product for dobsons with an open structure that can be bothered by stray side lights.<\/p>\n<p>This protective skirt, suitable for 10\u2033 and 12\u00bb models, will effectively solve this problem!<\/p>\n<p>&nbsp;<\/p>\n<p>&nbsp;<\/p>","protected":false},"excerpt":{"rendered":"<p>Produit tr\u00e8s utile pour les dobsons \u00e0 structure ouverte qui peuvent \u00eatre g\u00ean\u00e9 par les lumi\u00e8res lat\u00e9rales parasites. Cette jupe de protection convenant aux mod\u00e8les 10&Prime; et 12 \u00a0\u00bb saura r\u00e9gler ce probl\u00e8me de mani\u00e8re efficace ! &nbsp; &nbsp;<\/p>","protected":false},"featured_media":12285,"comment_status":"open","ping_status":"closed","template":"","meta":[],"product_brand":[403],"product_cat":[840],"product_tag":[],"class_list":{"0":"post-12283","1":"product","2":"type-product","3":"status-publish","4":"has-post-thumbnail","6":"product_brand-explore-scientific","7":"product_cat-fermeture-de-telescope","9":"first","10":"on_supplier","11":"taxable","12":"shipping-taxable","13":"purchasable","14":"product-type-simple"},"_links":{"self":[{"href":"https:\/\/deep-space-astronomy.ch\/en\/wp-json\/wp\/v2\/product\/12283","targetHints":{"allow":["GET"]}}],"collection":[{"href":"https:\/\/deep-space-astronomy.ch\/en\/wp-json\/wp\/v2\/product"}],"about":[{"href":"https:\/\/deep-space-astronomy.ch\/en\/wp-json\/wp\/v2\/types\/product"}],"replies":[{"embeddable":true,"href":"https:\/\/deep-space-astronomy.ch\/en\/wp-json\/wp\/v2\/comments?post=12283"}],"wp:featuredmedia":[{"embeddable":true,"href":"https:\/\/deep-space-astronomy.ch\/en\/wp-json\/wp\/v2\/media\/12285"}],"wp:attachment":[{"href":"https:\/\/deep-space-astronomy.ch\/en\/wp-json\/wp\/v2\/media?parent=12283"}],"wp:term":[{"taxonomy":"product_brand","embeddable":true,"href":"https:\/\/deep-space-astronomy.ch\/en\/wp-json\/wp\/v2\/product_brand?post=12283"},{"taxonomy":"product_cat","embeddable":true,"href":"https:\/\/deep-space-astronomy.ch\/en\/wp-json\/wp\/v2\/product_cat?post=12283"},{"taxonomy":"product_tag","embeddable":true,"href":"https:\/\/deep-space-astronomy.ch\/en\/wp-json\/wp\/v2\/product_tag?post=12283"}],"curies":[{"name":"wp","href":"https:\/\/api.w.org\/{rel}","templated":true}]}}