{"id":12374,"date":"2025-12-09T20:41:24","date_gmt":"2025-12-09T19:41:24","guid":{"rendered":"https:\/\/deep-space-astronomy.ch\/?post_type=product&#038;p=12374"},"modified":"2026-01-09T14:34:20","modified_gmt":"2026-01-09T13:34:20","slug":"universal-filter-wheel-adapter-for-wanderer-eta","status":"publish","type":"product","link":"https:\/\/deep-space-astronomy.ch\/en\/product\/universal-filter-wheel-adapter-for-wanderer-eta\/","title":{"rendered":"Universal Filter Wheel Adapter for Wanderer ETA"},"content":{"rendered":"<h2 style=\"text-align: center;\">Universal filter wheel adapter for Wanderer ETA<\/h2>\n<p>The WandererAstro universal filter wheel adapter enables direct connection of your <strong>Wanderer ETA<\/strong> to a <strong>filter wheel<\/strong> in a :<\/p>\n<p><strong>ETA \u2192 filter wheel \u2192 camera<\/strong>, when you're not using OAG (off-axis guiding).<\/p>\n<p><img decoding=\"async\" src=\"https:\/\/28647633.s21i.faiusr.com\/2\/ABUIABACGAAgr96kxAYo8Jio3QQwiRI40g0.jpg.webp\" \/><\/p>\n<h3>What's the adapter for?<\/h3>\n<p>If you've chosen to do without an optical splitter, this adapter is the essential link between the Wanderer ETA and your filter wheel. It ensures a reliable and precise mechanical connection, while simplifying your optical train for astrophotography.<\/p>\n<h3>Compatibility<\/h3>\n<p>This adapter is designed to work with filter wheels.<br \/>\nfrom the market's leading manufacturers:<\/p>\n<ul>\n<li>Filter wheels <strong>2\u2033<\/strong><\/li>\n<li>Filter wheels <strong>50 mm<\/strong><\/li>\n<li>Filter wheels <strong>36 mm<\/strong><\/li>\n<li>Compatible with : <strong>ZWO<\/strong>, <strong>QHYCCD<\/strong>, <strong>ToupTek<\/strong> and <strong>Player One<\/strong><\/li>\n<\/ul>\n<p>For filter wheels of other brands, we recommend checking the mechanical dimensions to confirm compatibility with your configuration.<\/p>\n<h3>Important note<\/h3>\n<p>The components shown in some demonstration photos (Wanderer ETA, filter wheel and camera) are not included. Only the adapter <strong>Universal Filter Wheel Adapter for Wanderer ETA<\/strong> is supplied.<\/p>","protected":false},"excerpt":{"rendered":"<p>Adaptateur universel de roue \u00e0 filtres pour Wanderer ETA L\u2019adaptateur universel de roue \u00e0 filtres WandererAstro permet de raccorder directement votre Wanderer ETA \u00e0 une roue \u00e0 filtres dans une configuration de type : ETA \u2192 roue \u00e0 filtres \u2192 cam\u00e9ra, lorsque vous n\u2019utilisez pas d\u2019OAG (off-axis guider). \u00c0 quoi sert cet adaptateur\u00a0? Si vous [&hellip;]<\/p>\n","protected":false},"featured_media":12375,"comment_status":"open","ping_status":"closed","template":"","meta":[],"product_brand":[839],"product_cat":[841,731],"product_tag":[],"class_list":{"0":"post-12374","1":"product","2":"type-product","3":"status-publish","4":"has-post-thumbnail","6":"product_brand-wanderer-astro","7":"product_cat-correcteur-de-tilt","8":"product_cat-bagues-dadaptation-et-de-conversion","10":"first","11":"outofstock","12":"taxable","13":"shipping-taxable","14":"purchasable","15":"product-type-simple"},"_links":{"self":[{"href":"https:\/\/deep-space-astronomy.ch\/en\/wp-json\/wp\/v2\/product\/12374","targetHints":{"allow":["GET"]}}],"collection":[{"href":"https:\/\/deep-space-astronomy.ch\/en\/wp-json\/wp\/v2\/product"}],"about":[{"href":"https:\/\/deep-space-astronomy.ch\/en\/wp-json\/wp\/v2\/types\/product"}],"replies":[{"embeddable":true,"href":"https:\/\/deep-space-astronomy.ch\/en\/wp-json\/wp\/v2\/comments?post=12374"}],"wp:featuredmedia":[{"embeddable":true,"href":"https:\/\/deep-space-astronomy.ch\/en\/wp-json\/wp\/v2\/media\/12375"}],"wp:attachment":[{"href":"https:\/\/deep-space-astronomy.ch\/en\/wp-json\/wp\/v2\/media?parent=12374"}],"wp:term":[{"taxonomy":"product_brand","embeddable":true,"href":"https:\/\/deep-space-astronomy.ch\/en\/wp-json\/wp\/v2\/product_brand?post=12374"},{"taxonomy":"product_cat","embeddable":true,"href":"https:\/\/deep-space-astronomy.ch\/en\/wp-json\/wp\/v2\/product_cat?post=12374"},{"taxonomy":"product_tag","embeddable":true,"href":"https:\/\/deep-space-astronomy.ch\/en\/wp-json\/wp\/v2\/product_tag?post=12374"}],"curies":[{"name":"wp","href":"https:\/\/api.w.org\/{rel}","templated":true}]}}