{"id":1315,"date":"2024-12-18T17:29:26","date_gmt":"2024-12-18T16:29:26","guid":{"rendered":"https:\/\/deep-space-astronomy.geekworkers.dev\/?post_type=product&#038;p=1315"},"modified":"2025-06-17T17:03:51","modified_gmt":"2025-06-17T15:03:51","slug":"rehausseur-pour-sqa85-106","status":"publish","type":"product","link":"https:\/\/deep-space-astronomy.ch\/en\/product\/rehausseur-pour-sqa85-106\/","title":{"rendered":"Riser for SQA85\/106"},"content":{"rendered":"<div>\n<h3>Optional SQA Series riser section<\/h3>\n<ul>\n<li><strong>Compatibility :<\/strong> Fits most SQA series models (except SQA55).<\/li>\n<li><strong>Solid construction :<\/strong> 20 mm metal riser, CNC-machined for perfect precision, offering a durable, smooth coating.<\/li>\n<li><strong>Enhanced functionality :<\/strong> By positioning this riser section under the SQA series OTA, you reduce the risk of damage when using it on an equatorial mount. It also frees up more space under the OTA for a variety of connected devices.<\/li>\n<li><strong>Accessories Included :<\/strong> Supplied with 4 M6*40 screws and 5 cable ties for secure installation.<\/li>\n<\/ul>\n<\/div>","protected":false},"excerpt":{"rendered":"<p>Section de Rehaussement Optionnelle de la S\u00e9rie SQA Compatibilit\u00e9 : Convient \u00e0 la plupart des mod\u00e8les de la s\u00e9rie SQA (sauf le mod\u00e8le SQA55). Construction Solide : \u00c9l\u00e9ment de rehaussement en m\u00e9tal de 20 mm, usin\u00e9 CNC pour une pr\u00e9cision parfaite, offrant un rev\u00eatement durable et lisse. Fonctionnalit\u00e9 Am\u00e9lior\u00e9e : En positionnant cette section de [&hellip;]<\/p>\n","protected":false},"featured_media":4939,"comment_status":"open","ping_status":"closed","template":"","meta":[],"product_brand":[382],"product_cat":[631,19,633],"product_tag":[],"class_list":{"0":"post-1315","1":"product","2":"type-product","3":"status-publish","4":"has-post-thumbnail","6":"product_brand-askar","7":"product_cat-trepieds-bagues-et-accessoires-generaux","8":"product_cat-accessoires","9":"product_cat-platines-et-accessoires-trpieds-bagues-et-accessoires-gnraux","11":"first","12":"on_supplier","13":"taxable","14":"shipping-taxable","15":"purchasable","16":"product-type-simple"},"_links":{"self":[{"href":"https:\/\/deep-space-astronomy.ch\/en\/wp-json\/wp\/v2\/product\/1315","targetHints":{"allow":["GET"]}}],"collection":[{"href":"https:\/\/deep-space-astronomy.ch\/en\/wp-json\/wp\/v2\/product"}],"about":[{"href":"https:\/\/deep-space-astronomy.ch\/en\/wp-json\/wp\/v2\/types\/product"}],"replies":[{"embeddable":true,"href":"https:\/\/deep-space-astronomy.ch\/en\/wp-json\/wp\/v2\/comments?post=1315"}],"wp:featuredmedia":[{"embeddable":true,"href":"https:\/\/deep-space-astronomy.ch\/en\/wp-json\/wp\/v2\/media\/4939"}],"wp:attachment":[{"href":"https:\/\/deep-space-astronomy.ch\/en\/wp-json\/wp\/v2\/media?parent=1315"}],"wp:term":[{"taxonomy":"product_brand","embeddable":true,"href":"https:\/\/deep-space-astronomy.ch\/en\/wp-json\/wp\/v2\/product_brand?post=1315"},{"taxonomy":"product_cat","embeddable":true,"href":"https:\/\/deep-space-astronomy.ch\/en\/wp-json\/wp\/v2\/product_cat?post=1315"},{"taxonomy":"product_tag","embeddable":true,"href":"https:\/\/deep-space-astronomy.ch\/en\/wp-json\/wp\/v2\/product_tag?post=1315"}],"curies":[{"name":"wp","href":"https:\/\/api.w.org\/{rel}","templated":true}]}}