{"id":13155,"date":"2026-01-22T18:31:30","date_gmt":"2026-01-22T17:31:30","guid":{"rendered":"https:\/\/deep-space-astronomy.ch\/?post_type=product&#038;p=13155"},"modified":"2026-01-22T18:31:44","modified_gmt":"2026-01-22T17:31:44","slug":"reducteur-ts-optics-0-67x-en-2-pour-rc","status":"publish","type":"product","link":"https:\/\/deep-space-astronomy.ch\/en\/product\/reducteur-ts-optics-0-67x-en-2-pour-rc\/","title":{"rendered":"TS-Optics reducer 0.67x in 2\u2033 for RC"},"content":{"rendered":"<h3 style=\"text-align: center;\">TS-Optics 0.67x reducer in 2\u2033 for RC - performance and versatility for astrophotography with an RC<\/h3>\n<p>Visit <strong>focal reducer 2\u2033 0.67x <\/strong>\u00a0is a high-quality optical accessory for astrophotographers wishing to optimize their instrument. By reducing the telescope's focal length by a factor <strong>0,67x<\/strong>, With a wide field of view and significantly reduced exposure times, this is a major advantage for deep-sky imaging.<\/p>\n<h3>Designed for demanding telescopes<\/h3>\n<p>This reducer is <strong>ideal for Ritchey-Chr\u00e9tien telescopes<\/strong>, for which it offers an excellent compromise between field correction and focal length reduction. It also works well with :<\/p>\n<ul>\n<li>telescopes <strong>Celestron EdgeHD<\/strong> and <strong>Meade ACF<\/strong>,<\/li>\n<li>visit <strong>Maksutov-Cassegrain<\/strong>,<\/li>\n<li>visit <strong>astronomical telescopes<\/strong> from <strong>f\/8 or slower<\/strong>, provided you have sufficient backfocus.<\/li>\n<\/ul>\n<p>Its optical design ensures homogeneous field illumination for <strong>DSLR up to APS-C format<\/strong>, with a <strong>full illumination up to 29 mm<\/strong>.<\/p>\n<h3>Optimized for modern photo setups<\/h3>\n<p>The TS-Optics gearbox has been designed for easy integration into complex optical trains. The <strong>optimum working distance of 85 mm<\/strong> between thread <strong>M48x0.75<\/strong> and the sensor offers ample space for the addition of accessories essential to astrophotography, such as a <strong>optical splitter (OAG)<\/strong> or a <strong>filter wheel<\/strong>.<\/p>\n<p>Connection to the telescope is simply via a <strong>2\u2033 barrel<\/strong>, This guarantees extensive compatibility and rapid implementation.<\/p>\n<h3>Technical specifications<\/h3>\n<table>\n<tbody>\n<tr>\n<td>Reduction factor<\/td>\n<td>0,67x<\/td>\n<\/tr>\n<tr>\n<td>Mechanical diameter<\/td>\n<td>2\u2033<\/td>\n<\/tr>\n<tr>\n<td>Telescope compatibility<\/td>\n<td>RC, EdgeHD, ACF, Maksutov-Cassegrain, f\/8+ refractors<\/td>\n<\/tr>\n<tr>\n<td>Corrected\/illuminated field<\/td>\n<td>APS-C - full illumination up to 29 mm<\/td>\n<\/tr>\n<tr>\n<td>Optimum working distance<\/td>\n<td>85 mm (M48x0.75 \u2192 sensor)<\/td>\n<\/tr>\n<tr>\n<td>Telescope connection<\/td>\n<td>2\u2033 barrel<\/td>\n<\/tr>\n<tr>\n<td>Filter thread<\/td>\n<td>2\u2033 filter thread on telescope side<\/td>\n<\/tr>\n<tr>\n<td>Camera thread<\/td>\n<td>M48x0.75<\/td>\n<\/tr>\n<\/tbody>\n<\/table>\n<h3>A key accessory for greater efficiency<\/h3>\n<p>Thanks to its effective focal length reduction, well-corrected field of view and great compatibility with advanced photo configurations, the <strong>CCD reducer 0.67x TS-Optics<\/strong> is a strategic choice for astrophotographers who want to expand their field of view, improve their performance and exploit the full potential of their telescope.<\/p>","protected":false},"excerpt":{"rendered":"<p>R\u00e9ducteur TS-Optics 0.67x en 2&Prime; pour RC \u2013 performance et polyvalence pour l\u2019astrophotographie avec un RC Le r\u00e9ducteur de focale 2&Prime; 0,67x \u00a0est un accessoire optique de haute qualit\u00e9 destin\u00e9 aux astrophotographes souhaitant optimiser leur instrument. En r\u00e9duisant la focale du t\u00e9lescope d\u2019un facteur 0,67x, il permet d\u2019obtenir un champ plus large tout en diminuant [&hellip;]<\/p>\n","protected":false},"featured_media":13156,"comment_status":"open","ping_status":"closed","template":"","meta":[],"product_brand":[842],"product_cat":[650],"product_tag":[],"class_list":{"0":"post-13155","1":"product","2":"type-product","3":"status-publish","4":"has-post-thumbnail","6":"product_brand-ts-optics","7":"product_cat-rducteurs-correcteurs-ap","9":"first","10":"on_supplier","11":"taxable","12":"shipping-taxable","13":"purchasable","14":"product-type-simple"},"_links":{"self":[{"href":"https:\/\/deep-space-astronomy.ch\/en\/wp-json\/wp\/v2\/product\/13155","targetHints":{"allow":["GET"]}}],"collection":[{"href":"https:\/\/deep-space-astronomy.ch\/en\/wp-json\/wp\/v2\/product"}],"about":[{"href":"https:\/\/deep-space-astronomy.ch\/en\/wp-json\/wp\/v2\/types\/product"}],"replies":[{"embeddable":true,"href":"https:\/\/deep-space-astronomy.ch\/en\/wp-json\/wp\/v2\/comments?post=13155"}],"wp:featuredmedia":[{"embeddable":true,"href":"https:\/\/deep-space-astronomy.ch\/en\/wp-json\/wp\/v2\/media\/13156"}],"wp:attachment":[{"href":"https:\/\/deep-space-astronomy.ch\/en\/wp-json\/wp\/v2\/media?parent=13155"}],"wp:term":[{"taxonomy":"product_brand","embeddable":true,"href":"https:\/\/deep-space-astronomy.ch\/en\/wp-json\/wp\/v2\/product_brand?post=13155"},{"taxonomy":"product_cat","embeddable":true,"href":"https:\/\/deep-space-astronomy.ch\/en\/wp-json\/wp\/v2\/product_cat?post=13155"},{"taxonomy":"product_tag","embeddable":true,"href":"https:\/\/deep-space-astronomy.ch\/en\/wp-json\/wp\/v2\/product_tag?post=13155"}],"curies":[{"name":"wp","href":"https:\/\/api.w.org\/{rel}","templated":true}]}}