{"id":13174,"date":"2026-01-23T16:05:53","date_gmt":"2026-01-23T15:05:53","guid":{"rendered":"https:\/\/deep-space-astronomy.ch\/?post_type=product&#038;p=13174"},"modified":"2026-01-23T16:06:06","modified_gmt":"2026-01-23T15:06:06","slug":"microscope-stereo-bresser-researcher-icd-led-20x-80x","status":"publish","type":"product","link":"https:\/\/deep-space-astronomy.ch\/en\/product\/microscope-stereo-bresser-researcher-icd-led-20x-80x\/","title":{"rendered":"BRESSER Researcher ICD LED 20x-80x stereo microscope"},"content":{"rendered":"<h3>Professional stereoscopic microscope with incident and transmitted light<\/h3>\n<p>Visit <strong>Researcher ICD LED 20x-80x stereomicroscope<\/strong> from Bresser is a versatile, robust instrument designed to meet the needs of demanding amateurs as well as advanced and professional users. It combines observation in <strong>incident (reflected) light<\/strong> and in <strong>transmitted light<\/strong>, This provides great flexibility for the analysis of opaque or translucent objects.<\/p>\n<p>Its stereoscopic design guarantees <strong>detailed, high-contrast three-dimensional image<\/strong>, ideal for precision work, teaching, scientific hobbies and many technical applications.<\/p>\n<h3>360\u00b0 rotating binocular head for optimum comfort<\/h3>\n<p>The microscope's binocular head rotates freely at <strong>360\u00b0<\/strong>, This makes it possible to adopt any observation position without moving the sample. The <strong>individually adjustable eyepieces<\/strong>, These lenses are available in a wide range of interpupillary distances and diopters, to adapt perfectly to each user's vision.<\/p>\n<p>Focusing is via a <strong>coarse focusing system<\/strong> fluid and precise, guaranteeing simple, efficient handling even during prolonged observations.<\/p>\n<h3>Multiple magnifications and stereoscopic optics<\/h3>\n<p>Researcher ICD LED offers a <strong>2x \/ 4x switchable magnification on lenses<\/strong>. Combined with the two pairs of eyepieces supplied (<strong>WF10x<\/strong> and <strong>WF20x<\/strong>), it achieves magnifications of <strong>20x, 40x and 80x<\/strong>.<\/p>\n<p>The two optical channels preserve the stereoscopic effect, offering a realistic perception of volumes and reliefs, essential for meticulous work.<\/p>\n<h3>Powerful, dimmable LED lighting<\/h3>\n<p>The microscope is equipped with two illumination systems <strong>Independent LEDs<\/strong> one for incident light and one for transmitted light. Each source can be used separately or simultaneously, with a <strong>dimmer-controlled intensity<\/strong>.<\/p>\n<p>The light-diffusing optical system ensures <strong>even distribution<\/strong>, The result is improved legibility of fine details and enhanced image contrast.<\/p>\n<h3>Designed for a wide range of applications<\/h3>\n<p>Thanks to its versatility and robustness, this stereomicroscope is suitable for a wide range of applications:<\/p>\n<ul>\n<li>botany and entomology,<\/li>\n<li>mineralogy and gemmology,<\/li>\n<li>numismatics and philately,<\/li>\n<li>teaching and laboratories,<\/li>\n<li>materials inspection, metallurgy,<\/li>\n<li>semiconductor wafer inspection and research.<\/li>\n<\/ul>\n<h3>Technical specifications<\/h3>\n<table>\n<tbody>\n<tr>\n<td>Microscope type<\/td>\n<td>Incident\/transmitted light stereomicroscope<\/td>\n<\/tr>\n<tr>\n<td>Optical design<\/td>\n<td>Stereo<\/td>\n<\/tr>\n<tr>\n<td>Head<\/td>\n<td>360\u00b0 rotating binocular<\/td>\n<\/tr>\n<tr>\n<td>Magnification<\/td>\n<td>20x \/ 40x \/ 80x<\/td>\n<\/tr>\n<tr>\n<td>Objectives<\/td>\n<td>2x \/ 4x switchable<\/td>\n<\/tr>\n<tr>\n<td>Supplied eyepieces<\/td>\n<td>WF10x and WF20x<\/td>\n<\/tr>\n<tr>\n<td>Diopter adjustment<\/td>\n<td>Yes<\/td>\n<\/tr>\n<tr>\n<td>Working distance<\/td>\n<td>\u2248 68 mm<\/td>\n<\/tr>\n<tr>\n<td>Max. object height<\/td>\n<td>32 mm<\/td>\n<\/tr>\n<tr>\n<td>Eyepiece holder diameter<\/td>\n<td>30.5 mm<\/td>\n<\/tr>\n<tr>\n<td>Lighting type<\/td>\n<td>Variable-intensity LEDs<\/td>\n<\/tr>\n<tr>\n<td>Lighting<\/td>\n<td>Incident and transmitted light<\/td>\n<\/tr>\n<tr>\n<td>Housing material<\/td>\n<td>Aluminum<\/td>\n<\/tr>\n<tr>\n<td>Material<\/td>\n<td>Metal<\/td>\n<\/tr>\n<tr>\n<td>Weight (including accessories)<\/td>\n<td>2300 g<\/td>\n<\/tr>\n<tr>\n<td>Dimensions (L \u00d7 W \u00d7 H)<\/td>\n<td>210 \u00d7 160 \u00d7 330 mm<\/td>\n<\/tr>\n<tr>\n<td>Color<\/td>\n<td>White<\/td>\n<\/tr>\n<tr>\n<td>Target audience<\/td>\n<td>Beginners, advanced users, experts, professionals<\/td>\n<\/tr>\n<tr>\n<td>Warranty<\/td>\n<td>5 years<\/td>\n<\/tr>\n<\/tbody>\n<\/table>\n<h3>Scope of delivery<\/h3>\n<ul>\n<li>BRESSER Researcher ICD LED stereomicroscope<\/li>\n<li>360\u00b0 rotating binocular head<\/li>\n<li>2 pairs of eyepieces: WF10x and WF20x<\/li>\n<li>Rubber eyelets<\/li>\n<li>Glass table<\/li>\n<li>Black and white trays<\/li>\n<li>Power supply<\/li>\n<li>Dust cover<\/li>\n<\/ul>\n<h3>A reliable tool for precision observation<\/h3>\n<p>Sturdy, ergonomic and versatile, the <strong>BRESSER Researcher ICD LED 20x-80x<\/strong> is the stereomicroscope of choice for anyone looking for a precise, durable instrument capable of adapting to a very wide range of scientific, educational and technical applications.<\/p>","protected":false},"excerpt":{"rendered":"<p>Microscope st\u00e9r\u00e9oscopique professionnel \u00e0 lumi\u00e8re incidente et transmise Le st\u00e9r\u00e9omicroscope Researcher ICD LED 20x\u201380x de Bresser est un instrument polyvalent et robuste, con\u00e7u pour r\u00e9pondre aux besoins des amateurs exigeants comme des utilisateurs avanc\u00e9s et professionnels. Il combine l\u2019observation en lumi\u00e8re incidente (r\u00e9fl\u00e9chie) et en lumi\u00e8re transmise, offrant ainsi une grande flexibilit\u00e9 pour l\u2019analyse d\u2019objets [&hellip;]<\/p>\n","protected":false},"featured_media":13175,"comment_status":"open","ping_status":"closed","template":"","meta":[],"product_brand":[807],"product_cat":[864,869],"product_tag":[],"class_list":{"0":"post-13174","1":"product","2":"type-product","3":"status-publish","4":"has-post-thumbnail","6":"product_brand-bresser","7":"product_cat-microscopes-2","8":"product_cat-stereomicroscopes","10":"first","11":"on_supplier","12":"taxable","13":"shipping-taxable","14":"purchasable","15":"product-type-simple"},"_links":{"self":[{"href":"https:\/\/deep-space-astronomy.ch\/en\/wp-json\/wp\/v2\/product\/13174","targetHints":{"allow":["GET"]}}],"collection":[{"href":"https:\/\/deep-space-astronomy.ch\/en\/wp-json\/wp\/v2\/product"}],"about":[{"href":"https:\/\/deep-space-astronomy.ch\/en\/wp-json\/wp\/v2\/types\/product"}],"replies":[{"embeddable":true,"href":"https:\/\/deep-space-astronomy.ch\/en\/wp-json\/wp\/v2\/comments?post=13174"}],"wp:featuredmedia":[{"embeddable":true,"href":"https:\/\/deep-space-astronomy.ch\/en\/wp-json\/wp\/v2\/media\/13175"}],"wp:attachment":[{"href":"https:\/\/deep-space-astronomy.ch\/en\/wp-json\/wp\/v2\/media?parent=13174"}],"wp:term":[{"taxonomy":"product_brand","embeddable":true,"href":"https:\/\/deep-space-astronomy.ch\/en\/wp-json\/wp\/v2\/product_brand?post=13174"},{"taxonomy":"product_cat","embeddable":true,"href":"https:\/\/deep-space-astronomy.ch\/en\/wp-json\/wp\/v2\/product_cat?post=13174"},{"taxonomy":"product_tag","embeddable":true,"href":"https:\/\/deep-space-astronomy.ch\/en\/wp-json\/wp\/v2\/product_tag?post=13174"}],"curies":[{"name":"wp","href":"https:\/\/api.w.org\/{rel}","templated":true}]}}