{"id":13179,"date":"2026-01-23T16:09:11","date_gmt":"2026-01-23T15:09:11","guid":{"rendered":"https:\/\/deep-space-astronomy.ch\/?post_type=product&#038;p=13179"},"modified":"2026-01-23T16:10:50","modified_gmt":"2026-01-23T15:10:50","slug":"microscope-stereo-trinoculaire-analyth-str-trino-10x-40x","status":"publish","type":"product","link":"https:\/\/deep-space-astronomy.ch\/en\/product\/microscope-stereo-trinoculaire-analyth-str-trino-10x-40x\/","title":{"rendered":"Analyth STR Trino 10x-40x trinocular stereo microscope"},"content":{"rendered":"<h3>Trinocular stereomicroscope with incident and transmitted light<\/h3>\n<p>The Analyth STR Trino 10x-40x trinocular stereo microscope is a versatile instrument designed for three-dimensional observation of structured objects, with the option of easily documenting observations thanks to its dedicated trinocular tube for camera connection. It's ideal for schools, scientific hobbies and many practical applications in the workshop or workplace.<\/p>\n<p>Its stereoscopic design reproduces relief in a natural way, with a stable, high-contrast image. The low initial magnification makes it easy to observe large objects, making it ideal for educational use and working with children.<\/p>\n<h3>Three magnifications selectable by simple rotation<\/h3>\n<p>The microscope incorporates <strong>three pairs of lenses<\/strong> switchable <strong>1x \/ 2x \/ 4x<\/strong>, These can be selected simply by turning the lens turret. All available magnifications are directly accessible:<\/p>\n<ul>\n<li>10x<\/li>\n<li>20x<\/li>\n<li>40x<\/li>\n<\/ul>\n<p>The 10x magnification is particularly useful for observing objects up to <strong>20 mm<\/strong> as a whole, while 20x and 40x allow more detailed analysis.<\/p>\n<h3>Trinocular head for imaging and documentation<\/h3>\n<p>Visit <strong>trinocular tube<\/strong> allows convenient connection of a microscope camera for photo\/video capture and documentation. Depending on the adapter used, the microscope can be compatible with a range of different shooting solutions (microscope cameras, SLR or hybrid cameras).<\/p>\n<p>The trinocular output is equipped with a <strong>23.2 mm socket<\/strong>.<\/p>\n<h3>Viewing comfort: individual settings and wide field of view<\/h3>\n<p>Interpupillary distance and dioptric compensation are individually adjustable to perfectly adapt the instrument to the user's vision. Wide-field eyepieces offer <strong>20 mm field of view<\/strong> and are equipped with\u2019<strong>removable rubber grommets<\/strong>. The eyepieces are secured against accidental removal.<\/p>\n<h3>Dual LED lighting, separately adjustable<\/h3>\n<p>The microscope features <strong>LED for incident (reflected) light<\/strong> and lighting <strong>LED for transmitted light<\/strong>. Both sources can be used separately or simultaneously.<\/p>\n<p>A <strong>electronic drive<\/strong> with status indicator allows fine adjustment of light intensity, making it easy to observe different types of sample.<\/p>\n<h3>Flexible power supply and mobile use<\/h3>\n<p>The microscope can be powered by <strong>AC adapter<\/strong> or by <strong>batteries<\/strong> (depending on configuration), making it ideal for mobile use, for example on excursions, outdoors, in the garden or in the classroom.<\/p>\n<p>Visit <strong>carrying handle<\/strong> integrated design improves portability and everyday handling.<\/p>\n<h3>Fields of application<\/h3>\n<ul>\n<li>Biology, botany<\/li>\n<li>Entomology (insects)<\/li>\n<li>Mineralogy<\/li>\n<li>Teaching and educational activities<\/li>\n<li>Documentation of observations (photo\/video via camera)<\/li>\n<\/ul>\n<h3>Technical specifications<\/h3>\n<table>\n<tbody>\n<tr>\n<td>Type<\/td>\n<td>Stereomicroscope<\/td>\n<\/tr>\n<tr>\n<td>Optical design<\/td>\n<td>Stereo<\/td>\n<\/tr>\n<tr>\n<td>Vision<\/td>\n<td>Trinocular<\/td>\n<\/tr>\n<tr>\n<td>Magnifications<\/td>\n<td>10x \/ 20x \/ 40x<\/td>\n<\/tr>\n<tr>\n<td>Objectives<\/td>\n<td>1x \/ 2x \/ 4x switchable<\/td>\n<\/tr>\n<tr>\n<td>Trinocular tube<\/td>\n<td>Yes, 23.2 mm plug<\/td>\n<\/tr>\n<tr>\n<td>Eyepiece field of view<\/td>\n<td>20 mm<\/td>\n<\/tr>\n<tr>\n<td>Lens insertion diameter<\/td>\n<td>30.5 mm<\/td>\n<\/tr>\n<tr>\n<td>Interpupillary distance<\/td>\n<td>50 to 77 mm<\/td>\n<\/tr>\n<tr>\n<td>Diopter adjustment<\/td>\n<td>Yes<\/td>\n<\/tr>\n<tr>\n<td>Focusing<\/td>\n<td>Coarse focus<\/td>\n<\/tr>\n<tr>\n<td>Working distance<\/td>\n<td>Approx. 50 mm<\/td>\n<\/tr>\n<tr>\n<td>Maximum object height<\/td>\n<td>35 mm<\/td>\n<\/tr>\n<tr>\n<td>Lighting<\/td>\n<td>LED, incident and transmitted light<\/td>\n<\/tr>\n<tr>\n<td>Lighting control<\/td>\n<td>Dimmer + incident\/transmitted switch<\/td>\n<\/tr>\n<tr>\n<td>Power supply<\/td>\n<td>AC adapter or batteries (depending on use)<\/td>\n<\/tr>\n<tr>\n<td>Laser<\/td>\n<td>Class 1<\/td>\n<\/tr>\n<tr>\n<td>Materials<\/td>\n<td>Aluminum and plastic<\/td>\n<\/tr>\n<tr>\n<td>Weight (with accessories)<\/td>\n<td>2493 g<\/td>\n<\/tr>\n<tr>\n<td>Dimensions (L \u00d7 W \u00d7 H)<\/td>\n<td>230 \u00d7 185 \u00d7 260 mm<\/td>\n<\/tr>\n<tr>\n<td>Color<\/td>\n<td>White<\/td>\n<\/tr>\n<tr>\n<td>Warranty<\/td>\n<td>5 years<\/td>\n<\/tr>\n<\/tbody>\n<\/table>\n<h3>Scope of delivery<\/h3>\n<ul>\n<li>Trinocular stereo microscope with three magnifications (10x \/ 20x \/ 40x)<\/li>\n<li>Adjustable trinocular tube<\/li>\n<li>Metal stand with LED lighting (incident\/transmitted) and battery compartment<\/li>\n<li>2 eyepieces with rubber eyelets<\/li>\n<li>Glass object tray<\/li>\n<li>Black\/white plastic object tray<\/li>\n<li>Dust cover<\/li>\n<li>Instructions for use<\/li>\n<\/ul>\n<h3>A simple stereomicroscope for observing and documenting<\/h3>\n<p>With its easily accessible magnifications, double-adjustable LED illumination and trinocular camera tube, the Analyth STR Trino 10x-40x is a practical solution for observing in relief and keeping a record of observations, whether for teaching, leisure or documentation purposes at work.<\/p>","protected":false},"excerpt":{"rendered":"<p>St\u00e9r\u00e9omicroscope trinoculaire avec \u00e9clairage incident et transmis Le microscope st\u00e9r\u00e9o trinoculaire Analyth STR Trino 10x\u201340x est un instrument polyvalent con\u00e7u pour l\u2019observation tridimensionnelle d\u2019objets structur\u00e9s, avec la possibilit\u00e9 de documenter facilement les observations gr\u00e2ce \u00e0 son tube trinoculaire d\u00e9di\u00e9 \u00e0 la connexion d\u2019une cam\u00e9ra. Il convient particuli\u00e8rement \u00e0 l\u2019\u00e9cole, aux loisirs scientifiques et \u00e0 de [&hellip;]<\/p>\n","protected":false},"featured_media":13180,"comment_status":"open","ping_status":"closed","template":"","meta":[],"product_brand":[807],"product_cat":[864,869],"product_tag":[],"class_list":{"0":"post-13179","1":"product","2":"type-product","3":"status-publish","4":"has-post-thumbnail","6":"product_brand-bresser","7":"product_cat-microscopes-2","8":"product_cat-stereomicroscopes","10":"first","11":"on_supplier","12":"taxable","13":"shipping-taxable","14":"purchasable","15":"product-type-simple"},"_links":{"self":[{"href":"https:\/\/deep-space-astronomy.ch\/en\/wp-json\/wp\/v2\/product\/13179","targetHints":{"allow":["GET"]}}],"collection":[{"href":"https:\/\/deep-space-astronomy.ch\/en\/wp-json\/wp\/v2\/product"}],"about":[{"href":"https:\/\/deep-space-astronomy.ch\/en\/wp-json\/wp\/v2\/types\/product"}],"replies":[{"embeddable":true,"href":"https:\/\/deep-space-astronomy.ch\/en\/wp-json\/wp\/v2\/comments?post=13179"}],"wp:featuredmedia":[{"embeddable":true,"href":"https:\/\/deep-space-astronomy.ch\/en\/wp-json\/wp\/v2\/media\/13180"}],"wp:attachment":[{"href":"https:\/\/deep-space-astronomy.ch\/en\/wp-json\/wp\/v2\/media?parent=13179"}],"wp:term":[{"taxonomy":"product_brand","embeddable":true,"href":"https:\/\/deep-space-astronomy.ch\/en\/wp-json\/wp\/v2\/product_brand?post=13179"},{"taxonomy":"product_cat","embeddable":true,"href":"https:\/\/deep-space-astronomy.ch\/en\/wp-json\/wp\/v2\/product_cat?post=13179"},{"taxonomy":"product_tag","embeddable":true,"href":"https:\/\/deep-space-astronomy.ch\/en\/wp-json\/wp\/v2\/product_tag?post=13179"}],"curies":[{"name":"wp","href":"https:\/\/api.w.org\/{rel}","templated":true}]}}