{"id":13228,"date":"2026-01-23T17:38:00","date_gmt":"2026-01-23T16:38:00","guid":{"rendered":"https:\/\/deep-space-astronomy.ch\/?post_type=product&#038;p=13228"},"modified":"2026-04-06T13:52:07","modified_gmt":"2026-04-06T11:52:07","slug":"carte-de-la-lune","status":"publish","type":"product","link":"https:\/\/deep-space-astronomy.ch\/en\/product\/carte-de-la-lune\/","title":{"rendered":"Map of the Moon"},"content":{"rendered":"<h2>A new format for exploring the Moon with the naked eye, binoculars or telescope<\/h2>\n<p>In the form of a practical, sturdy leaflet, the Moon Map shows the seas, major craters, landforms and landing sites of the Apollo missions.<br \/>\nThe map is available in three versions to suit all viewing situations. On the cover, the first card corresponds to viewing with the naked eye and binoculars. Inside the leaflet, a reversible card shows the Moon's appearance when observed with an astronomical instrument: inverted right-left vision for a telescope and inverted right-left\/high-low vision for a telescope. Nine of the most spectacular lunar landscapes are described in detail. Finally, the phases of the Moon are explained to help the observer plan his or her observations.<\/p>\n<p>Designed and manufactured in France (Toulouse and Tarn).<\/p>","protected":false},"excerpt":{"rendered":"<p>Un format in\u00e9dit pour explorer la Lune \u00e0 l\u2019\u0153il nu, aux jumelles ou avec un t\u00e9lescope Sous la forme d\u2019un d\u00e9pliant pratique et robuste, la Carte de la Lune indique les mers, les principaux crat\u00e8res, les reliefs et les sites d\u2019alunissage des missions Apollo. La carte est d\u00e9clin\u00e9e en trois versions pour r\u00e9pondre \u00e0 toutes [&hellip;]<\/p>\n","protected":false},"featured_media":13229,"comment_status":"open","ping_status":"closed","template":"","meta":[],"product_brand":[],"product_cat":[878],"product_tag":[],"class_list":{"0":"post-13228","1":"product","2":"type-product","3":"status-publish","4":"has-post-thumbnail","6":"product_cat-livres-et-cartes-du-ciel","8":"first","9":"outofstock","10":"taxable","11":"shipping-taxable","12":"purchasable","13":"product-type-simple"},"_links":{"self":[{"href":"https:\/\/deep-space-astronomy.ch\/en\/wp-json\/wp\/v2\/product\/13228","targetHints":{"allow":["GET"]}}],"collection":[{"href":"https:\/\/deep-space-astronomy.ch\/en\/wp-json\/wp\/v2\/product"}],"about":[{"href":"https:\/\/deep-space-astronomy.ch\/en\/wp-json\/wp\/v2\/types\/product"}],"replies":[{"embeddable":true,"href":"https:\/\/deep-space-astronomy.ch\/en\/wp-json\/wp\/v2\/comments?post=13228"}],"wp:featuredmedia":[{"embeddable":true,"href":"https:\/\/deep-space-astronomy.ch\/en\/wp-json\/wp\/v2\/media\/13229"}],"wp:attachment":[{"href":"https:\/\/deep-space-astronomy.ch\/en\/wp-json\/wp\/v2\/media?parent=13228"}],"wp:term":[{"taxonomy":"product_brand","embeddable":true,"href":"https:\/\/deep-space-astronomy.ch\/en\/wp-json\/wp\/v2\/product_brand?post=13228"},{"taxonomy":"product_cat","embeddable":true,"href":"https:\/\/deep-space-astronomy.ch\/en\/wp-json\/wp\/v2\/product_cat?post=13228"},{"taxonomy":"product_tag","embeddable":true,"href":"https:\/\/deep-space-astronomy.ch\/en\/wp-json\/wp\/v2\/product_tag?post=13228"}],"curies":[{"name":"wp","href":"https:\/\/api.w.org\/{rel}","templated":true}]}}