{"id":13321,"date":"2026-01-31T12:35:38","date_gmt":"2026-01-31T11:35:38","guid":{"rendered":"https:\/\/deep-space-astronomy.ch\/?post_type=product&#038;p=13321"},"modified":"2026-01-31T13:01:55","modified_gmt":"2026-01-31T12:01:55","slug":"sky-watcher-k100-mini-virtuoso-gti","status":"publish","type":"product","link":"https:\/\/deep-space-astronomy.ch\/en\/product\/sky-watcher-k100-mini-virtuoso-gti\/","title":{"rendered":"Sky-Watcher K100 Mini Virtuoso GTi"},"content":{"rendered":"<h2>Sky-Watcher K100 Mini Virtuoso GTi - Ultra-portable Go-To WiFi telescope<\/h2>\n<p>Visit <strong>Sky-Watcher K100 Mini Virtuoso GTi<\/strong> is a compact, intelligent, fully-connected telescope designed to be controlled by <strong>wirelessly from a smartphone or tablet<\/strong> via the free application <strong>SynScan<\/strong> (iOS &amp; Android). Thanks to its <strong>integrated Wi-Fi module<\/strong>, The mount creates its own network: no Internet connection or external network is required.<\/p>\n<p>After entering your position and performing a simple alignment, you're immediately ready to explore the sky, thanks to an intuitive, educational touch interface.<\/p>\n<hr \/>\n<h3>Intelligent WiFi Go-To - more than 10,000 objects at your fingertips<\/h3>\n<p>The frame <strong>Mini Virtuoso GTi<\/strong> combined with the SynScan application offers a <strong>fully computerized Go-To control<\/strong>. The telescope can be automatically aimed at more than one <strong>10,000 celestial objects<\/strong> planets, Moon, Sun (with appropriate filter), double stars, clusters, nebulae and galaxies.<\/p>\n<p>Several alignment methods are available (1 star, 3 stars, brightest star, North level), making the system accessible to beginners and advanced users alike.<\/p>\n<hr \/>\n<h3>100 mm Klevtsov-Cassegrain optics - compact and powerful<\/h3>\n<p>The K100 uses a <strong>Klevtsov-Cassegrain catadioptric optics<\/strong>, combining primary and secondary mirrors with a subaperture corrective lens. This design enables <strong>folding a long focal length into a very compact tube<\/strong>, while maintaining excellent image quality.<\/p>\n<p>With its <strong>100 mm diameter<\/strong> and its <strong>1000 mm focal length<\/strong>, the K100 is ideal for :<\/p>\n<ul>\n<li>detailed observation of the Moon<\/li>\n<li>bright planets<\/li>\n<li>double stars<\/li>\n<\/ul>\n<p>The mirrors are treated <strong>Radiant\u2122 Aluminum Quartz (RAQ\u2122)<\/strong>, offering up to <strong>94 % reflectivity<\/strong> for high contrast and excellent durability.<\/p>\n<hr \/>\n<h3>Ultra-versatile: table or tripod, observation and smartphone photography<\/h3>\n<p>The Sky-Watcher K100 Mini Virtuoso GTi is supplied with :<\/p>\n<ul>\n<li>a <strong>table-top base<\/strong> for fast, mobile use<\/li>\n<li>a <strong>adjustable aluminum tripod<\/strong> with accessory shelf<\/li>\n<\/ul>\n<p>It is also supplied with a <strong>universal smartphone adapter<\/strong>, This new feature makes it easy to capture images of the Moon and planets directly with your phone.<\/p>\n<hr \/>\n<h3>Optical characteristics<\/h3>\n<table border=\"1\" cellspacing=\"0\" cellpadding=\"6\">\n<tbody>\n<tr>\n<td><strong>Optical type<\/strong><\/td>\n<td>Klevtsov-Cassegrain<\/td>\n<\/tr>\n<tr>\n<td><strong>Diameter<\/strong><\/td>\n<td>100 mm<\/td>\n<\/tr>\n<tr>\n<td><strong>Focal length<\/strong><\/td>\n<td>1000 mm (f\/10)<\/td>\n<\/tr>\n<tr>\n<td><strong>Magnifications supplied<\/strong><\/td>\n<td>50\u00d7 and 100\u00d7<\/td>\n<\/tr>\n<tr>\n<td><strong>Maximum useful magnification<\/strong><\/td>\n<td>200\u00d7<\/td>\n<\/tr>\n<tr>\n<td><strong>Mirror treatment<\/strong><\/td>\n<td>RAQ\u2122 - up to 94 % reflectivity<\/td>\n<\/tr>\n<tr>\n<td><strong>Supplied eyepieces<\/strong><\/td>\n<td>10 mm &amp; 20 mm (1,25\u2033)<\/td>\n<\/tr>\n<tr>\n<td><strong>Angled return<\/strong><\/td>\n<td>90\u00b0 - 1,25\u2033<\/td>\n<\/tr>\n<tr>\n<td><strong>Researcher<\/strong><\/td>\n<td>5\u00d724 optics<\/td>\n<\/tr>\n<\/tbody>\n<\/table>\n<hr \/>\n<h3>Mini Virtuoso GTi mount - Go-To WiFi<\/h3>\n<table border=\"1\" cellspacing=\"0\" cellpadding=\"6\">\n<tbody>\n<tr>\n<td><strong>Type<\/strong><\/td>\n<td>Alt-azimuth motorized Go-To WiFi<\/td>\n<\/tr>\n<tr>\n<td><strong>Control<\/strong><\/td>\n<td>SynScan application (iOS \/ Android)<\/td>\n<\/tr>\n<tr>\n<td><strong>Database<\/strong><\/td>\n<td>10,000+ celestial objects<\/td>\n<\/tr>\n<tr>\n<td><strong>Resolution<\/strong><\/td>\n<td>0.5 arc-seconds<\/td>\n<\/tr>\n<tr>\n<td><strong>Tracking speeds<\/strong><\/td>\n<td>Sidereal, lunar, solar<\/td>\n<\/tr>\n<tr>\n<td><strong>Pointing speeds<\/strong><\/td>\n<td>0.5\u00d7 to Max<\/td>\n<\/tr>\n<tr>\n<td><strong>Tracking mode<\/strong><\/td>\n<td>Double axis<\/td>\n<\/tr>\n<tr>\n<td><strong>Motorization<\/strong><\/td>\n<td>DC servo motors<\/td>\n<\/tr>\n<tr>\n<td><strong>Dovetail<\/strong><\/td>\n<td>Vixen \/ Sky-Watcher 45 mm<\/td>\n<\/tr>\n<\/tbody>\n<\/table>\n<hr \/>\n<h3>Connectivity and compatibility<\/h3>\n<ul>\n<li>Integrated stand-alone Wi-Fi<\/li>\n<li>USB-C port<\/li>\n<li>DSLR trigger port (optional cables)<\/li>\n<li>ASCOM-compatible (Windows)<\/li>\n<li>Compatible with SkySafari Plus\/Pro, Stellarium, Luminos...<\/li>\n<\/ul>\n<hr \/>\n<h3>Dimensions, weight and power supply<\/h3>\n<ul>\n<li><strong>Working height<\/strong> 860 to 1400 mm<\/li>\n<li><strong>Tube length (OTA)<\/strong> length : 363 mm<\/li>\n<li><strong>OTA weight<\/strong> 1.68 kg (with accessories)<\/li>\n<li><strong>Total weight with table-top base<\/strong> weight : 3.3 kg<\/li>\n<li><strong>Total weight with tripod<\/strong> weight : 4.4 kg<\/li>\n<li><strong>Power supply<\/strong> 8 AA batteries (not included) or external power supply 11-13 V DC, 1 A (center positive)<\/li>\n<\/ul>\n<hr \/>\n<h3>Why choose the Sky-Watcher K100 Mini Virtuoso GTi?<\/h3>\n<ul>\n<li>Ultra-portable Go-To WiFi telescope<\/li>\n<li>Compact, high-performance optics<\/li>\n<li>Stand-alone mount without Internet<\/li>\n<li>Table or tripod use<\/li>\n<li>Perfect for beginners, travelers and urban observers<\/li>\n<\/ul>\n<p>Visit <strong>Sky-Watcher K100 Mini Virtuoso GTi<\/strong> is a modern, intelligent and incredibly practical instrument for discovering and rediscovering the sky, wherever you are.<\/p>","protected":false},"excerpt":{"rendered":"<p>Sky-Watcher K100 Mini Virtuoso GTi \u2013 T\u00e9lescope Go-To WiFi ultra-portable Le Sky-Watcher K100 Mini Virtuoso GTi est un t\u00e9lescope compact, intelligent et enti\u00e8rement connect\u00e9, con\u00e7u pour \u00eatre pilot\u00e9 sans fil depuis un smartphone ou une tablette via l\u2019application gratuite SynScan (iOS &amp; Android). Gr\u00e2ce \u00e0 son module Wi-Fi int\u00e9gr\u00e9, la monture cr\u00e9e son propre r\u00e9seau [&hellip;]<\/p>\n","protected":false},"featured_media":13334,"comment_status":"open","ping_status":"closed","template":"","meta":[],"product_brand":[822],"product_cat":[879],"product_tag":[],"class_list":{"0":"post-13321","1":"product","2":"type-product","3":"status-publish","4":"has-post-thumbnail","6":"product_brand-sky-watcher","7":"product_cat-klevtsov-cassegrain","9":"first","10":"on_supplier","11":"taxable","12":"shipping-taxable","13":"purchasable","14":"product-type-simple"},"_links":{"self":[{"href":"https:\/\/deep-space-astronomy.ch\/en\/wp-json\/wp\/v2\/product\/13321","targetHints":{"allow":["GET"]}}],"collection":[{"href":"https:\/\/deep-space-astronomy.ch\/en\/wp-json\/wp\/v2\/product"}],"about":[{"href":"https:\/\/deep-space-astronomy.ch\/en\/wp-json\/wp\/v2\/types\/product"}],"replies":[{"embeddable":true,"href":"https:\/\/deep-space-astronomy.ch\/en\/wp-json\/wp\/v2\/comments?post=13321"}],"wp:featuredmedia":[{"embeddable":true,"href":"https:\/\/deep-space-astronomy.ch\/en\/wp-json\/wp\/v2\/media\/13334"}],"wp:attachment":[{"href":"https:\/\/deep-space-astronomy.ch\/en\/wp-json\/wp\/v2\/media?parent=13321"}],"wp:term":[{"taxonomy":"product_brand","embeddable":true,"href":"https:\/\/deep-space-astronomy.ch\/en\/wp-json\/wp\/v2\/product_brand?post=13321"},{"taxonomy":"product_cat","embeddable":true,"href":"https:\/\/deep-space-astronomy.ch\/en\/wp-json\/wp\/v2\/product_cat?post=13321"},{"taxonomy":"product_tag","embeddable":true,"href":"https:\/\/deep-space-astronomy.ch\/en\/wp-json\/wp\/v2\/product_tag?post=13321"}],"curies":[{"name":"wp","href":"https:\/\/api.w.org\/{rel}","templated":true}]}}