{"id":13326,"date":"2026-01-31T12:44:22","date_gmt":"2026-01-31T11:44:22","guid":{"rendered":"https:\/\/deep-space-astronomy.ch\/?post_type=product&#038;p=13326"},"modified":"2026-01-31T12:44:35","modified_gmt":"2026-01-31T11:44:35","slug":"sky-watcher-evostar-90-660-az-pronto","status":"publish","type":"product","link":"https:\/\/deep-space-astronomy.ch\/en\/product\/sky-watcher-evostar-90-660-az-pronto\/","title":{"rendered":"Sky-Watcher Evostar 90\/660 AZ Pronto"},"content":{"rendered":"<h2>Sky-Watcher Evostar 90\/660 AZ Pronto - Simple, effective, ready-to-use scope<\/h2>\n<p>Visit <strong>Sky-Watcher Evostar 90\/660 AZ Pronto<\/strong> is an astronomical telescope designed to get straight to the point:<br \/>\n<strong>easy to use, quick to install and a pleasure to watch<\/strong>. It's a real instrument<br \/>\n<strong>\u00abgrab-and-go\u00bb<\/strong>, ideal for beginners or more experienced observers<br \/>\nlooking for a lightweight, versatile telescope.<\/p>\n<p>Thanks to its well-balanced optics and smooth azimuth mount, it lets you quickly enjoy<br \/>\nof the Moon, planets and many deep-sky objects, without complex settings or electronics.<\/p>\n<hr \/>\n<h3>90 mm achromatic optics - perfect balance between brightness and contrast<\/h3>\n<p>The Evostar 90\/660 is a <strong>air-separated achromatic doublet telescope<\/strong>, an optical formula<br \/>\nclassic, reliable and proven.<\/p>\n<p>With a <strong>90 mm diameter<\/strong>, it captures approximately <strong>65 % more light than a 70 mm telescope<\/strong>,<br \/>\nwhich translates into brighter, more detailed images.<\/p>\n<p>His focus report <strong>f\/7.3<\/strong> offers an excellent compromise between :<\/p>\n<ul>\n<li>observation of <strong>Moon<\/strong> and its details<\/li>\n<li>bright planets (Jupiter, Saturn, Mars)<\/li>\n<li>accessible star clusters and deep-sky objects<\/li>\n<\/ul>\n<hr \/>\n<h3>Ground observation possible (optional)<\/h3>\n<p>By adding a <strong>optional rectifier angle drive<\/strong> (not supplied), the telescope delivers a<br \/>\n<strong>fully corrected image<\/strong>. It can then be used to observe<br \/>\nlandscapes, nature, wildlife or navigation.<\/p>\n<p>An appreciable versatility for a compact, portable instrument.<\/p>\n<hr \/>\n<h3>AZ Pronto frame - stability and precise movements<\/h3>\n<p>Visit <strong>AZ Pronto alt-azimuthal frame<\/strong> is designed to be simple, robust and comfortable to use.<\/p>\n<ul>\n<li>fluid movements in azimuth and altitude<\/li>\n<li><strong>fine adjustment cables<\/strong> for precise tracking<\/li>\n<li>quick installation, no set-up required<\/li>\n<\/ul>\n<p>Adjustable aluminium tripod, with accessory tray, ensures stability<br \/>\nand a comfortable viewing position.<\/p>\n<hr \/>\n<h3>Simple smartphone astrophotography<\/h3>\n<p>The bezel is supplied with a <strong>universal smartphone adapter<\/strong> (width 54 to 90 mm),<br \/>\nto easily capture images of the Moon, planets or celestial landscapes,<br \/>\nwithout complex hardware.<\/p>\n<p>An excellent introduction to astronomical photography.<\/p>\n<hr \/>\n<h3>Technical specifications<\/h3>\n<table border=\"1\" cellspacing=\"0\" cellpadding=\"6\">\n<tbody>\n<tr>\n<td><strong>Type<\/strong><\/td>\n<td>Achromatic telescope (air-spaced doublet)<\/td>\n<\/tr>\n<tr>\n<td><strong>Diameter<\/strong><\/td>\n<td>90 mm<\/td>\n<\/tr>\n<tr>\n<td><strong>Focal length<\/strong><\/td>\n<td>660 mm<\/td>\n<\/tr>\n<tr>\n<td><strong>Focus report<\/strong><\/td>\n<td>f\/7.3<\/td>\n<\/tr>\n<tr>\n<td><strong>Optical treatment<\/strong><\/td>\n<td>Multi-treatment objective<\/td>\n<\/tr>\n<tr>\n<td><strong>Magnifications supplied<\/strong><\/td>\n<td>33\u00d7 and 66\u00d7<\/td>\n<\/tr>\n<tr>\n<td><strong>Maximum useful magnification<\/strong><\/td>\n<td>180\u00d7<\/td>\n<\/tr>\n<tr>\n<td><strong>Supplied eyepieces<\/strong><\/td>\n<td>10 mm &amp; 20 mm (1,25\u2033)<\/td>\n<\/tr>\n<tr>\n<td><strong>Angled return<\/strong><\/td>\n<td>90\u00b0 mirror - 1.25\u2033<\/td>\n<\/tr>\n<tr>\n<td><strong>Researcher<\/strong><\/td>\n<td>Red dot<\/td>\n<\/tr>\n<\/tbody>\n<\/table>\n<hr \/>\n<h3>Mount and tripod<\/h3>\n<table border=\"1\" cellspacing=\"0\" cellpadding=\"6\">\n<tbody>\n<tr>\n<td><strong>Frame type<\/strong><\/td>\n<td>AZ Pronto Alt-Azimuth<\/td>\n<\/tr>\n<tr>\n<td><strong>Rotation<\/strong><\/td>\n<td>360\u00b0 (azimuth), -70\u00b0 to +90\u00b0 (altitude)<\/td>\n<\/tr>\n<tr>\n<td><strong>Controls<\/strong><\/td>\n<td>Fine adjustments on both axes<\/td>\n<\/tr>\n<tr>\n<td><strong>Tripod<\/strong><\/td>\n<td>Aluminium with accessory shelf<\/td>\n<\/tr>\n<\/tbody>\n<\/table>\n<hr \/>\n<h3>Why choose the Sky-Watcher Evostar 90\/660 AZ Pronto?<\/h3>\n<ul>\n<li>Perfect for uncomplicated beginners<\/li>\n<li>Bright, versatile optics<\/li>\n<li>Stable, intuitive frame<\/li>\n<li>Quick installation, ideal for spontaneous observation<\/li>\n<li>Compatible with astronomical and terrestrial observation<\/li>\n<\/ul>\n<p>Visit <strong>Sky-Watcher Evostar 90\/660 AZ Pronto<\/strong> is reliable, well-balanced and easy to use,<br \/>\nperfect for discovering the sky or enjoying quick, no-holds-barred observation sessions.<\/p>","protected":false},"excerpt":{"rendered":"<p>Sky-Watcher Evostar 90\/660 AZ Pronto \u2013 Lunette simple, efficace et pr\u00eate \u00e0 l\u2019emploi La Sky-Watcher Evostar 90\/660 AZ Pronto est une lunette astronomique pens\u00e9e pour aller \u00e0 l\u2019essentiel : facile \u00e0 utiliser, rapide \u00e0 installer et agr\u00e9able \u00e0 observer. C\u2019est un v\u00e9ritable instrument \u00ab grab-and-go \u00bb, id\u00e9al pour d\u00e9buter en astronomie ou pour les observateurs [&hellip;]<\/p>\n","protected":false},"featured_media":13327,"comment_status":"open","ping_status":"closed","template":"","meta":[],"product_brand":[822],"product_cat":[815,754],"product_tag":[],"class_list":{"0":"post-13326","1":"product","2":"type-product","3":"status-publish","4":"has-post-thumbnail","6":"product_brand-sky-watcher","7":"product_cat-debutants","8":"product_cat-lunettes-achromatiques","10":"first","11":"on_supplier","12":"taxable","13":"shipping-taxable","14":"purchasable","15":"product-type-simple"},"_links":{"self":[{"href":"https:\/\/deep-space-astronomy.ch\/en\/wp-json\/wp\/v2\/product\/13326","targetHints":{"allow":["GET"]}}],"collection":[{"href":"https:\/\/deep-space-astronomy.ch\/en\/wp-json\/wp\/v2\/product"}],"about":[{"href":"https:\/\/deep-space-astronomy.ch\/en\/wp-json\/wp\/v2\/types\/product"}],"replies":[{"embeddable":true,"href":"https:\/\/deep-space-astronomy.ch\/en\/wp-json\/wp\/v2\/comments?post=13326"}],"wp:featuredmedia":[{"embeddable":true,"href":"https:\/\/deep-space-astronomy.ch\/en\/wp-json\/wp\/v2\/media\/13327"}],"wp:attachment":[{"href":"https:\/\/deep-space-astronomy.ch\/en\/wp-json\/wp\/v2\/media?parent=13326"}],"wp:term":[{"taxonomy":"product_brand","embeddable":true,"href":"https:\/\/deep-space-astronomy.ch\/en\/wp-json\/wp\/v2\/product_brand?post=13326"},{"taxonomy":"product_cat","embeddable":true,"href":"https:\/\/deep-space-astronomy.ch\/en\/wp-json\/wp\/v2\/product_cat?post=13326"},{"taxonomy":"product_tag","embeddable":true,"href":"https:\/\/deep-space-astronomy.ch\/en\/wp-json\/wp\/v2\/product_tag?post=13326"}],"curies":[{"name":"wp","href":"https:\/\/api.w.org\/{rel}","templated":true}]}}