{"id":13328,"date":"2026-01-31T12:47:19","date_gmt":"2026-01-31T11:47:19","guid":{"rendered":"https:\/\/deep-space-astronomy.ch\/?post_type=product&#038;p=13328"},"modified":"2026-02-01T18:36:21","modified_gmt":"2026-02-01T17:36:21","slug":"sky-watcher-skyhawk-114-500-az-pronto","status":"publish","type":"product","link":"https:\/\/deep-space-astronomy.ch\/en\/product\/sky-watcher-skyhawk-114-500-az-pronto\/","title":{"rendered":"Sky-Watcher Skyhawk 114\/500 AZ Pronto"},"content":{"rendered":"<h2>Sky-Watcher Skyhawk 114\/500 AZ Pronto - The ideal telescope for easy beginners<\/h2>\n<p>Visit <strong>Sky-Watcher Skyhawk 114\/500 AZ Pronto<\/strong> is a telescope <strong>simple, effective and ready to use<\/strong>,<br \/>\nperfectly designed for those who want to discover astronomy without constraints.<br \/>\nA true instrument <strong>\u00abgrab-and-go\u00bb<\/strong>, It's quick to install, so you can get the most out of your system right away.<br \/>\nof the night sky.<\/p>\n<p>Thanks to its <strong>114 mm parabolic mirror<\/strong>, offers outstanding optical performance for<br \/>\nobservation of the Moon, bright planets and many deep-sky objects<br \/>\nsuch as nebulae, galaxies and star clusters.<\/p>\n<hr \/>\n<h3>114 mm parabolic optics - brightness and fine detail<\/h3>\n<p>The Skyhawk-1145PS is equipped with a <strong>parabolic primary mirror<\/strong>, a major asset at this level of the range.<br \/>\nUnlike spherical mirrors, the parabola guarantees greater sharpness over the whole field,<br \/>\nespecially at high magnification.<\/p>\n<p>With its <strong>114 mm diameter<\/strong>, it captures approximately <strong>125 % more light than a 76 mm telescope<\/strong>,<br \/>\nallowing :<\/p>\n<ul>\n<li>bright, high-contrast images of the <strong>Moon<\/strong><\/li>\n<li>observation of <strong>Jupiter's cloud bands<\/strong> and <strong>Saturn's rings<\/strong><\/li>\n<li>the exploration of many <strong>star clusters<\/strong>, nebulae and bright galaxies<\/li>\n<\/ul>\n<p>The mirrors are treated <strong>Radiant\u2122 Aluminum Quartz (RAQ\u2122)<\/strong>, offering up to<br \/>\n<strong>94 % reflectivity<\/strong> for excellent light transmission and durability.<\/p>\n<hr \/>\n<h3>AZ Pronto frame - intuitive, stable and precise<\/h3>\n<p>Visit <strong>AZ Pronto alt-azimuthal frame<\/strong> is ideal for beginners.<br \/>\nNo complex set-up is required: movements are natural, just like with a photo tripod.<\/p>\n<ul>\n<li>fine-tuning by <strong>slow-motion cables<\/strong> in azimuth and altitude<\/li>\n<li>precise, comfortable tracking of celestial objects<\/li>\n<li>stable aluminium tripod with accessory tray<\/li>\n<\/ul>\n<p>This mount offers an excellent compromise between ease of use and viewing comfort.<\/p>\n<hr \/>\n<h3>Astrophotography made easy with your smartphone<\/h3>\n<p>The telescope is supplied with a <strong>universal smartphone adapter<\/strong> (width 54 to 90 mm),<br \/>\nto easily capture photos of the Moon, planets or celestial landscapes.<\/p>\n<p>An ideal way to start astrophotography without complex equipment.<\/p>\n<hr \/>\n<h3>Technical specifications<\/h3>\n<table border=\"1\" cellspacing=\"0\" cellpadding=\"6\">\n<tbody>\n<tr>\n<td><strong>Type<\/strong><\/td>\n<td>Newton telescope<\/td>\n<\/tr>\n<tr>\n<td><strong>Mirror diameter<\/strong><\/td>\n<td>114 mm<\/td>\n<\/tr>\n<tr>\n<td><strong>Focal length<\/strong><\/td>\n<td>500 mm<\/td>\n<\/tr>\n<tr>\n<td><strong>Focus report<\/strong><\/td>\n<td>f\/4.4<\/td>\n<\/tr>\n<tr>\n<td><strong>Mirror treatment<\/strong><\/td>\n<td>RAQ\u2122 - up to 94 % reflectivity<\/td>\n<\/tr>\n<tr>\n<td><strong>Magnifications supplied<\/strong><\/td>\n<td>25\u00d7 and 50\u00d7<\/td>\n<\/tr>\n<tr>\n<td><strong>Maximum useful magnification<\/strong><\/td>\n<td>228\u00d7<\/td>\n<\/tr>\n<tr>\n<td><strong>Supplied eyepieces<\/strong><\/td>\n<td>10 mm &amp; 20 mm (1,25\u2033)<\/td>\n<\/tr>\n<tr>\n<td><strong>Researcher<\/strong><\/td>\n<td>Red dot<\/td>\n<\/tr>\n<\/tbody>\n<\/table>\n<hr \/>\n<h3>Mount and tripod<\/h3>\n<table border=\"1\" cellspacing=\"0\" cellpadding=\"6\">\n<tbody>\n<tr>\n<td><strong>Frame type<\/strong><\/td>\n<td>AZ Pronto Alt-Azimuth<\/td>\n<\/tr>\n<tr>\n<td><strong>Rotation<\/strong><\/td>\n<td>360\u00b0 (azimuth), -70\u00b0 to +90\u00b0 (altitude)<\/td>\n<\/tr>\n<tr>\n<td><strong>Controls<\/strong><\/td>\n<td>Fine adjustment cables on both axes<\/td>\n<\/tr>\n<tr>\n<td><strong>Tripod<\/strong><\/td>\n<td>Aluminium with accessory shelf<\/td>\n<\/tr>\n<\/tbody>\n<\/table>\n<hr \/>\n<h3>Why choose the Sky-Watcher Skyhawk 114\/500 AZ Pronto?<\/h3>\n<ul>\n<li>An excellent telescope for beginners<\/li>\n<li>Parabolic mirror with true optical quality<\/li>\n<li>Very good light output for deep sky<\/li>\n<li>Simple, stable and intuitive mounting<\/li>\n<li>Compatible with smartphone photography<\/li>\n<\/ul>\n<p>Visit <strong>Sky-Watcher Skyhawk 114\/500 AZ Pronto<\/strong> is a versatile, high-performance and affordable telescope,<br \/>\nperfect for taking your first steps under the stars and making lasting progress in astronomy.<\/p>","protected":false},"excerpt":{"rendered":"<p>Sky-Watcher Skyhawk 114\/500 AZ Pronto \u2013 Le t\u00e9lescope id\u00e9al pour d\u00e9buter simplement Le Sky-Watcher Skyhawk 114\/500 AZ Pronto est un t\u00e9lescope simple, efficace et pr\u00eat \u00e0 l\u2019emploi, parfaitement con\u00e7u pour celles et ceux qui souhaitent d\u00e9couvrir l\u2019astronomie sans contraintes. V\u00e9ritable instrument \u00ab grab-and-go \u00bb, il s\u2019installe rapidement et permet de profiter imm\u00e9diatement du ciel nocturne. [&hellip;]<\/p>\n","protected":false},"featured_media":13360,"comment_status":"open","ping_status":"closed","template":"","meta":[],"product_brand":[822],"product_cat":[815,747,745],"product_tag":[],"class_list":{"0":"post-13328","1":"product","2":"type-product","3":"status-publish","4":"has-post-thumbnail","6":"product_brand-sky-watcher","7":"product_cat-debutants","8":"product_cat-newton","9":"product_cat-telescope-dinitiation","11":"first","12":"on_supplier","13":"taxable","14":"shipping-taxable","15":"purchasable","16":"product-type-simple"},"_links":{"self":[{"href":"https:\/\/deep-space-astronomy.ch\/en\/wp-json\/wp\/v2\/product\/13328","targetHints":{"allow":["GET"]}}],"collection":[{"href":"https:\/\/deep-space-astronomy.ch\/en\/wp-json\/wp\/v2\/product"}],"about":[{"href":"https:\/\/deep-space-astronomy.ch\/en\/wp-json\/wp\/v2\/types\/product"}],"replies":[{"embeddable":true,"href":"https:\/\/deep-space-astronomy.ch\/en\/wp-json\/wp\/v2\/comments?post=13328"}],"wp:featuredmedia":[{"embeddable":true,"href":"https:\/\/deep-space-astronomy.ch\/en\/wp-json\/wp\/v2\/media\/13360"}],"wp:attachment":[{"href":"https:\/\/deep-space-astronomy.ch\/en\/wp-json\/wp\/v2\/media?parent=13328"}],"wp:term":[{"taxonomy":"product_brand","embeddable":true,"href":"https:\/\/deep-space-astronomy.ch\/en\/wp-json\/wp\/v2\/product_brand?post=13328"},{"taxonomy":"product_cat","embeddable":true,"href":"https:\/\/deep-space-astronomy.ch\/en\/wp-json\/wp\/v2\/product_cat?post=13328"},{"taxonomy":"product_tag","embeddable":true,"href":"https:\/\/deep-space-astronomy.ch\/en\/wp-json\/wp\/v2\/product_tag?post=13328"}],"curies":[{"name":"wp","href":"https:\/\/api.w.org\/{rel}","templated":true}]}}