{"id":13354,"date":"2026-02-01T18:24:51","date_gmt":"2026-02-01T17:24:51","guid":{"rendered":"https:\/\/deep-space-astronomy.ch\/?post_type=product&#038;p=13354"},"modified":"2026-02-01T18:25:04","modified_gmt":"2026-02-01T17:25:04","slug":"sky-watcher-explorer-130p-az-go2-wifi","status":"publish","type":"product","link":"https:\/\/deep-space-astronomy.ch\/en\/product\/sky-watcher-explorer-130p-az-go2-wifi\/","title":{"rendered":"Sky-Watcher EXPLORER 130P AZ-Go2 WiFi"},"content":{"rendered":"<h3>Sky-Watcher EXPLORER 130P AZ-Go2 WiFi - smartphone-controlled Newton GoTo telescope<\/h3>\n<p>Visit <strong>Sky-Watcher EXPLORER-130P (AZ-Go2)<\/strong> is a Newton telescope <strong>130 mm<\/strong> compact and powerful, designed to be<br \/>\n<strong>wirelessly controlled<\/strong> from a <strong>smartphone<\/strong> or a <strong>tablet<\/strong> thanks to the free<br \/>\n<strong>SynScan<\/strong> (iOS \/ Android). The frame <strong>AZ-Go2<\/strong> integrates a <strong>Wi-Fi module<\/strong> which generates its<br \/>\n<strong>own network<\/strong>, This means you can use the system completely independently, without having to rely on an external Wi-Fi network.<br \/>\nor mobile connection.<\/p>\n<p>After entering your details in the application and completing a quick and easy alignment procedure,<br \/>\nyou're ready to explore the sky via a clear, intuitive touchscreen interface. The <strong>AZ-Go2 + SynScan<\/strong><br \/>\noffers a <strong>fully computerized Go-To control<\/strong> the telescope automatically moves to one of the<br \/>\n<strong>10,000+ celestial objects<\/strong> from the extensive SynScan database.<\/p>\n<p>With its <strong>130 mm parabolic primary mirror<\/strong> and its focal length of <strong>650 mm<\/strong> (<strong>f\/5<\/strong>), the EXPLORER-130P<br \/>\nis an excellent <strong>versatile instrument<\/strong>. It offers excellent brightness and resolution.<br \/>\nfor observing the <strong>Moon<\/strong>and <strong>bright planets<\/strong>and <strong>star cluster<\/strong>and<br \/>\n<strong>nebulae<\/strong> and many <strong>galaxies<\/strong>. Its high-performance optics make it the ideal choice for<br \/>\nstart in earnest, while retaining plenty of room for improvement.<\/p>\n<p>The primary and secondary mirrors are treated with <strong>Radiant\u2122 Aluminum Quartz (RAQ\u2122)<\/strong>,<br \/>\nensuring up to <strong>94 % reflectivity<\/strong> with excellent durability and stable performance over time.<br \/>\nTo immortalize your observations, a <strong>universal smartphone photo adapter<\/strong> is included,<br \/>\nfor easy capture of the Moon, bright planets and other deep-sky objects.<\/p>\n<h3>Highlights<\/h3>\n<ul>\n<li><strong>Go-To WiFi<\/strong> wireless control via free app <strong>SynScan<\/strong> (iOS \/ Android).<\/li>\n<li><strong>Integrated Wi-Fi network<\/strong> Stand-alone operation for use anywhere.<\/li>\n<li><strong>130 mm parabolic mirror<\/strong> with treatment <strong>RAQ\u2122<\/strong> (up to 94 % reflectivity).<\/li>\n<li><strong>Exceptional versatility<\/strong> Moon, planets, clusters, nebulae and galaxies.<\/li>\n<li><strong>Database 10,000+ objects<\/strong> with advanced observation assistance functions.<\/li>\n<li><strong>Dual-axis tracking<\/strong> and multiple speeds for precise aiming.<\/li>\n<li><strong>Smartphone adapter included<\/strong> for telephone astrophotography.<\/li>\n<li><strong>Adjustable stainless steel tripod<\/strong> with accessory tray.<\/li>\n<\/ul>\n<h3>Optics &amp; performance<\/h3>\n<ul>\n<li><strong>Type<\/strong> Newton telescope with parabolic mirror<\/li>\n<li><strong>Primary mirror diameter<\/strong> : 130 mm<\/li>\n<li><strong>Focal length<\/strong> : 650 mm<\/li>\n<li><strong>Opening<\/strong> : f\/5<\/li>\n<li><strong>Optical treatment<\/strong> Radiant\u2122 Aluminum Quartz (RAQ\u2122), up to 94 % reflectivity<\/li>\n<li><strong>Magnifications with supplied accessories<\/strong> : x32.5 and x65<\/li>\n<li><strong>Maximum practical magnification (potential)<\/strong> : x260<\/li>\n<\/ul>\n<h3>AZ-Go2 WiFi mount &amp; SynScan application<\/h3>\n<ul>\n<li><strong>Frame type<\/strong> : Alt-Azimuth Go-To <strong>AZ-Go2 WiFi<\/strong><\/li>\n<li><strong>Tracking mode<\/strong> : <strong>Dual Axis Tracking<\/strong> (double axis)<\/li>\n<li><strong>Engine<\/strong> DC Servo Motor<\/li>\n<li><strong>Travel speeds<\/strong> 1.0x, 8.0x, 16x, 32x, 64x, 128x, 400x, 800x<\/li>\n<li><strong>Tracking speeds<\/strong> Sidereal, Lunar, Solar, solar tracking without alignment<\/li>\n<li><strong>Alignment methods<\/strong> Brightest Star Alignment, North-Level Alignment<\/li>\n<li><strong>SynScan functions<\/strong> Tonight's Best Sky Tour, Point and Go, object identification,<br \/>\nremote control via Internet, user-defined objects, improved pointing accuracy (PAE)<\/li>\n<li><strong>Database<\/strong> :\n<ul>\n<li>Total : <strong>10,000+ items<\/strong><\/li>\n<li>Deep sky objects : <strong>10 759<\/strong> (Messier, NGC, IC, Caldwell, named objects)<\/li>\n<li>Named stars : <strong>305<\/strong><\/li>\n<li>Double stars : <strong>55<\/strong><\/li>\n<li>Solar system : <strong>7 planets<\/strong> + Sun + Moon<\/li>\n<li>Unlimited objects via compatible third-party planetarium software<\/li>\n<\/ul>\n<\/li>\n<li><strong>Control<\/strong> free SynScan application or <strong>SynScan snowshoe<\/strong> (optional)<\/li>\n<li><strong>Connections<\/strong> SynScan paddle port, integrated Wi-Fi module<\/li>\n<li><strong>Compatibility<\/strong> ASCOM (Windows), iOS \/ Android planetarium applications<br \/>\n(SkySafari Plus \/ Pro, and others to come)<\/li>\n<li><strong>Dovetail<\/strong> Saddle type <strong>Sky-Watcher \/ Vixen<\/strong> 45 mm<\/li>\n<\/ul>\n<h3>Accessories included<\/h3>\n<ul>\n<li>2 eyepieces <strong>1,25\u2033<\/strong> : <strong>10 mm<\/strong> and <strong>20 mm<\/strong> (photo \/ visual)<\/li>\n<li><strong>Researcher<\/strong> red dot<\/li>\n<li><strong>Universal smartphone photo adapter<\/strong> (accepted width : <strong>54 to 90 mm<\/strong>)<\/li>\n<li><strong>Tripod<\/strong> adjustable stainless steel with <strong>accessory tray<\/strong><\/li>\n<\/ul>\n<h3>Power supply<\/h3>\n<ul>\n<li><strong>Batteries<\/strong> 8 \u00d7 AA (not supplied)<\/li>\n<li><strong>External power supply<\/strong> : 12 V \/ 1 A, <strong>positive tip<\/strong><\/li>\n<\/ul>\n<h3>Technical specifications<\/h3>\n<table>\n<tbody>\n<tr>\n<td><strong>Optical type<\/strong><\/td>\n<td>Newton parabolic<\/td>\n<\/tr>\n<tr>\n<td><strong>Diameter<\/strong><\/td>\n<td>130 mm<\/td>\n<\/tr>\n<tr>\n<td><strong>Focal length<\/strong><\/td>\n<td>650 mm<\/td>\n<\/tr>\n<tr>\n<td><strong>Opening<\/strong><\/td>\n<td>f\/5<\/td>\n<\/tr>\n<tr>\n<td><strong>Treatment<\/strong><\/td>\n<td>RAQ\u2122 Aluminum Quartz, up to 94 %<\/td>\n<\/tr>\n<tr>\n<td><strong>Magnifications supplied<\/strong><\/td>\n<td>x32.5 and x65<\/td>\n<\/tr>\n<tr>\n<td><strong>Max. practical magnification<\/strong><\/td>\n<td>x260<\/td>\n<\/tr>\n<tr>\n<td><strong>Frame<\/strong><\/td>\n<td>AZ-Go2 WiFi Go-To Alt-Az<\/td>\n<\/tr>\n<tr>\n<td><strong>Follow-up<\/strong><\/td>\n<td>Dual Axis Tracking<\/td>\n<\/tr>\n<tr>\n<td><strong>Engine<\/strong><\/td>\n<td>DC Servo Motor<\/td>\n<\/tr>\n<tr>\n<td><strong>Slewing speeds<\/strong><\/td>\n<td>1.0x to 800x<\/td>\n<\/tr>\n<tr>\n<td><strong>Database<\/strong><\/td>\n<td>10,000+ items<\/td>\n<\/tr>\n<tr>\n<td><strong>Eyepieces<\/strong><\/td>\n<td>10 mm &amp; 20 mm (1,25\u2033)<\/td>\n<\/tr>\n<tr>\n<td><strong>Researcher<\/strong><\/td>\n<td>Red dot<\/td>\n<\/tr>\n<tr>\n<td><strong>Smartphone adapter<\/strong><\/td>\n<td>Universal, 54-90 mm<\/td>\n<\/tr>\n<tr>\n<td><strong>Dovetail<\/strong><\/td>\n<td>Sky-Watcher \/ Vixen 45 mm<\/td>\n<\/tr>\n<tr>\n<td><strong>Interface<\/strong><\/td>\n<td>Integrated SynScan + Wi-Fi port<\/td>\n<\/tr>\n<tr>\n<td><strong>Compatibility<\/strong><\/td>\n<td>ASCOM Windows, planetarium apps iOS \/ Android<\/td>\n<\/tr>\n<tr>\n<td><strong>Tripod<\/strong><\/td>\n<td>Adjustable stainless steel with tray<\/td>\n<\/tr>\n<tr>\n<td><strong>Power supply<\/strong><\/td>\n<td>8\u00d7AA or 12 V \/ 1 A<\/td>\n<\/tr>\n<\/tbody>\n<\/table>","protected":false},"excerpt":{"rendered":"<p>Sky-Watcher EXPLORER 130P AZ-Go2 WiFi \u2014 t\u00e9lescope Newton GoTo pilotable au smartphone Le Sky-Watcher EXPLORER-130P (AZ-Go2) est un t\u00e9lescope Newton 130 mm compact et puissant, con\u00e7u pour \u00eatre pilot\u00e9 sans fil depuis un smartphone ou une tablette gr\u00e2ce \u00e0 l\u2019application gratuite SynScan (iOS \/ Android). La monture AZ-Go2 int\u00e8gre un module Wi-Fi qui g\u00e9n\u00e8re son [&hellip;]<\/p>\n","protected":false},"featured_media":13355,"comment_status":"open","ping_status":"closed","template":"","meta":[],"product_brand":[822],"product_cat":[816,747,815],"product_tag":[],"class_list":{"0":"post-13354","1":"product","2":"type-product","3":"status-publish","4":"has-post-thumbnail","6":"product_brand-sky-watcher","7":"product_cat-nouveautes","8":"product_cat-newton","9":"product_cat-debutants","11":"first","12":"on_supplier","13":"taxable","14":"shipping-taxable","15":"purchasable","16":"product-type-simple"},"_links":{"self":[{"href":"https:\/\/deep-space-astronomy.ch\/en\/wp-json\/wp\/v2\/product\/13354","targetHints":{"allow":["GET"]}}],"collection":[{"href":"https:\/\/deep-space-astronomy.ch\/en\/wp-json\/wp\/v2\/product"}],"about":[{"href":"https:\/\/deep-space-astronomy.ch\/en\/wp-json\/wp\/v2\/types\/product"}],"replies":[{"embeddable":true,"href":"https:\/\/deep-space-astronomy.ch\/en\/wp-json\/wp\/v2\/comments?post=13354"}],"wp:featuredmedia":[{"embeddable":true,"href":"https:\/\/deep-space-astronomy.ch\/en\/wp-json\/wp\/v2\/media\/13355"}],"wp:attachment":[{"href":"https:\/\/deep-space-astronomy.ch\/en\/wp-json\/wp\/v2\/media?parent=13354"}],"wp:term":[{"taxonomy":"product_brand","embeddable":true,"href":"https:\/\/deep-space-astronomy.ch\/en\/wp-json\/wp\/v2\/product_brand?post=13354"},{"taxonomy":"product_cat","embeddable":true,"href":"https:\/\/deep-space-astronomy.ch\/en\/wp-json\/wp\/v2\/product_cat?post=13354"},{"taxonomy":"product_tag","embeddable":true,"href":"https:\/\/deep-space-astronomy.ch\/en\/wp-json\/wp\/v2\/product_tag?post=13354"}],"curies":[{"name":"wp","href":"https:\/\/api.w.org\/{rel}","templated":true}]}}