{"id":1337,"date":"2024-12-18T18:04:39","date_gmt":"2024-12-18T17:04:39","guid":{"rendered":"https:\/\/deep-space-astronomy.geekworkers.dev\/?post_type=product&#038;p=1337"},"modified":"2025-06-03T10:37:09","modified_gmt":"2025-06-03T08:37:09","slug":"explore-scientific-2-82-18mm","status":"publish","type":"product","link":"https:\/\/deep-space-astronomy.ch\/en\/product\/explore-scientific-2-82-18mm\/","title":{"rendered":"Explore Scientific 2\u2033 82\u00b0 - 18mm"},"content":{"rendered":"<div>\n<h3>Explore Scientific 82\u00b0 wide-field eyepieces<\/h3>\n<p>The wide-field eyepieces in the Explore Scientific 82\u00b0 series have been specially designed to deliver an exceptional viewing experience, combining high contrast, outstanding resolution and superior field flatness. With generous eye relief and an apparent field of view of 82\u00b0, they enable comfortable, detailed observation of a wide expanse of sky, even with indirect vision.<\/p>\n<h3>Highlights<\/h3>\n<ul>\n<li><strong>Argon sealing and filling :<\/strong> These eyepieces are fully sealed and filled with argon gas, guaranteeing optimum protection against humidity and dust while extending their durability. This technology preserves optical performance even in harsh environments.<\/li>\n<li><strong>EMD multilayer treatment :<\/strong> All optical surfaces benefit from a high-quality multi-layer coating, increasing light transmission and reducing glare.<\/li>\n<li><strong>Blackened lens edges :<\/strong> Each lens edge is carefully blackened to minimize internal reflections and maximize contrast.<\/li>\n<li><strong>Stainless steel eyepiece skirt :<\/strong> Solid and reliable, it ensures perfect compatibility with all your instruments while resisting wear and tear.<\/li>\n<li><strong>Folding rubber eyelets :<\/strong> Designed to fit every user, with or without glasses.<\/li>\n<li><strong>Meticulous design :<\/strong> Supplied in an elegant carrying case with magnetic closure, the eyepieces include laser engraving with a unique serial number to guarantee their authenticity.<\/li>\n<\/ul>\n<h3>Commitment Explore Scientific<\/h3>\n<p>Explore Scientific strives to offer eyepieces of impeccable quality, enabling both amateur and expert astronomers to push back the boundaries of observation.<\/p>\n<\/div>","protected":false},"excerpt":{"rendered":"<p>Oculaires Grand Champ Explore Scientific 82\u00b0 Les oculaires grand champ de la s\u00e9rie Explore Scientific 82\u00b0 ont \u00e9t\u00e9 sp\u00e9cialement con\u00e7us pour offrir une exp\u00e9rience visuelle exceptionnelle, combinant un contraste \u00e9lev\u00e9, une r\u00e9solution remarquable et une plan\u00e9it\u00e9 de champ sup\u00e9rieure. Avec un g\u00e9n\u00e9reux d\u00e9gagement oculaire et un champ apparent de 82\u00b0, ils permettent une observation confortable [&hellip;]<\/p>\n","protected":false},"featured_media":6952,"comment_status":"open","ping_status":"closed","template":"","meta":[],"product_brand":[403],"product_cat":[19,368,695],"product_tag":[],"class_list":{"0":"post-1337","1":"product","2":"type-product","3":"status-publish","4":"has-post-thumbnail","6":"product_brand-explore-scientific","7":"product_cat-accessoires","8":"product_cat-visuel","9":"product_cat-oculaires-et-smart-oculaires","11":"first","12":"on_supplier","13":"taxable","14":"shipping-taxable","15":"purchasable","16":"product-type-simple"},"_links":{"self":[{"href":"https:\/\/deep-space-astronomy.ch\/en\/wp-json\/wp\/v2\/product\/1337","targetHints":{"allow":["GET"]}}],"collection":[{"href":"https:\/\/deep-space-astronomy.ch\/en\/wp-json\/wp\/v2\/product"}],"about":[{"href":"https:\/\/deep-space-astronomy.ch\/en\/wp-json\/wp\/v2\/types\/product"}],"replies":[{"embeddable":true,"href":"https:\/\/deep-space-astronomy.ch\/en\/wp-json\/wp\/v2\/comments?post=1337"}],"wp:featuredmedia":[{"embeddable":true,"href":"https:\/\/deep-space-astronomy.ch\/en\/wp-json\/wp\/v2\/media\/6952"}],"wp:attachment":[{"href":"https:\/\/deep-space-astronomy.ch\/en\/wp-json\/wp\/v2\/media?parent=1337"}],"wp:term":[{"taxonomy":"product_brand","embeddable":true,"href":"https:\/\/deep-space-astronomy.ch\/en\/wp-json\/wp\/v2\/product_brand?post=1337"},{"taxonomy":"product_cat","embeddable":true,"href":"https:\/\/deep-space-astronomy.ch\/en\/wp-json\/wp\/v2\/product_cat?post=1337"},{"taxonomy":"product_tag","embeddable":true,"href":"https:\/\/deep-space-astronomy.ch\/en\/wp-json\/wp\/v2\/product_tag?post=1337"}],"curies":[{"name":"wp","href":"https:\/\/api.w.org\/{rel}","templated":true}]}}