{"id":13581,"date":"2026-02-22T16:15:27","date_gmt":"2026-02-22T15:15:27","guid":{"rendered":"https:\/\/deep-space-astronomy.ch\/?post_type=product&#038;p=13581"},"modified":"2026-02-22T16:15:40","modified_gmt":"2026-02-22T15:15:40","slug":"flatmaster-neo-120","status":"publish","type":"product","link":"https:\/\/deep-space-astronomy.ch\/en\/product\/flatmaster-neo-120\/","title":{"rendered":"FlatMaster Neo 120"},"content":{"rendered":"<h2 style=\"text-align: center;\">FlatMaster Neo 120 - Retractable LED panel for flats up to 120 mm<\/h2>\n<p>Visit <strong>FlatMaster Neo 120<\/strong> is a high-end retractable LED panel designed to generate<br \/>\na <strong>perfectly uniform illumination<\/strong> for astrophotography flats<br \/>\nand precision photometric acquisitions.<br \/>\nIt is compatible with telescopes up to <strong>120 mm useful diameter<\/strong>.<\/p>\n<p>Its motorized hood can be adjusted between <strong>0\u00b0 and 270<\/strong> acts both as a lighting panel<br \/>\nand as <strong>protection against dust and moisture<\/strong> for your optics.<br \/>\nAll in a sturdy <strong>CNC aircraft-grade aluminum<\/strong>, without any plastic parts.<\/p>\n<hr \/>\n<h3>Dimmable LED lighting 0-100 %<\/h3>\n<p>Unlike many other panels on the market, the FlatMaster Neo enables<br \/>\n<strong>precise brightness adjustment from 0 to 100 %<\/strong>.<br \/>\nNo need for sheets of paper or improvised solutions to reduce light.<\/p>\n<ul>\n<li>Remote intensity control<\/li>\n<li>Possibility of <strong>store brightness by filter<\/strong><\/li>\n<li>Instant recovery of saved settings<\/li>\n<li>Very high brightness available for short exposures (2-3 s at f\/7 with 3 nm narrowband filters)<\/li>\n<\/ul>\n<hr \/>\n<h3>0-270\u00b0 servo retractable panel<\/h3>\n<p>The motorized cover can be positioned precisely between <strong>0\u00b0 and 270<\/strong>.<br \/>\nA customized maximum opening angle can be defined to avoid<br \/>\nany collision in constrained environments.<\/p>\n<p>The FlatMaster Neo 120 features a <strong>special silicone collar<\/strong><br \/>\nensuring perfect light and dust tightness around the optics.<br \/>\nThis also limits light scattering in a shared observatory.<br \/>\nwhen the LED panel is activated.<\/p>\n<hr \/>\n<h3>Anti-fog heating and intelligent sensors<\/h3>\n<p>The panel incorporates a <strong>anti-fog heating adjustable from 0 to 100 %<\/strong>.<br \/>\nAt full power, it actively eliminates humidity and prevents condensation<br \/>\nbetween cover and lens after closing.<\/p>\n<ul>\n<li>Integrated sensor <strong>temperature &amp; humidity<\/strong><\/li>\n<li>Automatic dew point calculation<\/li>\n<li>Automatic heating control possible<\/li>\n<li>Manual and memorized intensity settings<\/li>\n<li>Integrated light sensor (automatic closing at sunrise)<\/li>\n<\/ul>\n<hr \/>\n<h3>Wi-Fi control and integrated dashboard<\/h3>\n<p>The FlatMaster Neo 120 is equipped with a <strong>Integrated Wi-Fi<\/strong> :<\/p>\n<ul>\n<li>Mode <strong>Access point<\/strong> (autonomous hotspot)<\/li>\n<li>Mode <strong>Wi-Fi client<\/strong> on existing network<\/li>\n<\/ul>\n<p>A <strong>embedded web dashboard<\/strong> for complete control from<br \/>\nany mobile device or computer, without special software.<\/p>\n<p>It is also compatible with <strong>ASCOM 7<\/strong> and <strong>ASCOM Alpaca<\/strong><br \/>\nfor native integration into astrophotography suites.<\/p>\n<hr \/>\n<h3>One cable - maximum simplicity<\/h3>\n<p>The FlatMaster Neo works via <strong>a single USB-C cable<\/strong><br \/>\nwhich provides both power and control.<\/p>\n<p>An integrated manual button opens\/closes the panel and<br \/>\nadjust brightness directly on the device if required.<\/p>\n<hr \/>\n<h3>Key features<\/h3>\n<ul>\n<li>CNC structure in aircraft-grade aluminum<\/li>\n<li>Dimmable white LED panel 0-100 %<\/li>\n<li>0-270\u00b0 motorized servo<\/li>\n<li>Integrated anti-fog heater<\/li>\n<li>Temperature, humidity and brightness sensors<\/li>\n<li>Wi-Fi + stand-alone web dashboard<\/li>\n<li>ASCOM 7 &amp; ASCOM Alpaca compatible<\/li>\n<li>Operation via USB-C (single cable)<\/li>\n<\/ul>\n<hr \/>\n<h3>Technical specifications<\/h3>\n<table border=\"1\" cellspacing=\"0\" cellpadding=\"6\">\n<tbody>\n<tr>\n<td><strong>Type<\/strong><\/td>\n<td>0-270\u00b0 servo with white LED panel<\/td>\n<\/tr>\n<tr>\n<td><strong>Gradation<\/strong><\/td>\n<td>0-100 %<\/td>\n<\/tr>\n<tr>\n<td><strong>Illuminated useful diameter<\/strong><\/td>\n<td>120 mm<\/td>\n<\/tr>\n<tr>\n<td><strong>Material<\/strong><\/td>\n<td>Aircraft-grade aluminum<\/td>\n<\/tr>\n<tr>\n<td><strong>Power supply<\/strong><\/td>\n<td>5V DC via USB-C (1.5A max)<\/td>\n<\/tr>\n<tr>\n<td><strong>Dimensions<\/strong><\/td>\n<td>\u00d8 250 mm \u00d7 8 mm thickness<\/td>\n<\/tr>\n<tr>\n<td><strong>Weight<\/strong><\/td>\n<td>400 g<\/td>\n<\/tr>\n<\/tbody>\n<\/table>\n<hr \/>\n<h3>Why choose the FlatMaster Neo 120?<\/h3>\n<ul>\n<li>Ideal light uniformity for precise flats<\/li>\n<li>Integrated mechanical and dust protection<\/li>\n<li>Intelligent mist management<\/li>\n<li>Complete automation (Wi-Fi + ASCOM)<\/li>\n<li>Simple, clean installation with a single cable<\/li>\n<\/ul>\n<p>Visit <strong>FlatMaster Neo 120<\/strong> is a modern, intelligent and robust solution<br \/>\nto fully automate your flats sequences,<br \/>\nwhile effectively protecting your instrument between sessions.<\/p>","protected":false},"excerpt":{"rendered":"<p>FlatMaster Neo 120 \u2013 Panneau LED r\u00e9tractable pour flats jusqu\u2019\u00e0 120 mm Le FlatMaster Neo 120 est un panneau LED r\u00e9tractable haut de gamme con\u00e7u pour g\u00e9n\u00e9rer une illumination parfaitement uniforme destin\u00e9e aux flats en astrophotographie et aux acquisitions photom\u00e9triques de pr\u00e9cision. Il est compatible avec les t\u00e9lescopes jusqu\u2019\u00e0 120 mm de diam\u00e8tre utile. Son [&hellip;]<\/p>\n","protected":false},"featured_media":13582,"comment_status":"open","ping_status":"closed","template":"","meta":[],"product_brand":[517],"product_cat":[816,840,592],"product_tag":[],"class_list":{"0":"post-13581","1":"product","2":"type-product","3":"status-publish","4":"has-post-thumbnail","6":"product_brand-pegasus","7":"product_cat-nouveautes","8":"product_cat-fermeture-de-telescope","9":"product_cat-panneaux--flats","11":"first","12":"on_supplier","13":"taxable","14":"shipping-taxable","15":"purchasable","16":"product-type-simple"},"_links":{"self":[{"href":"https:\/\/deep-space-astronomy.ch\/en\/wp-json\/wp\/v2\/product\/13581","targetHints":{"allow":["GET"]}}],"collection":[{"href":"https:\/\/deep-space-astronomy.ch\/en\/wp-json\/wp\/v2\/product"}],"about":[{"href":"https:\/\/deep-space-astronomy.ch\/en\/wp-json\/wp\/v2\/types\/product"}],"replies":[{"embeddable":true,"href":"https:\/\/deep-space-astronomy.ch\/en\/wp-json\/wp\/v2\/comments?post=13581"}],"wp:featuredmedia":[{"embeddable":true,"href":"https:\/\/deep-space-astronomy.ch\/en\/wp-json\/wp\/v2\/media\/13582"}],"wp:attachment":[{"href":"https:\/\/deep-space-astronomy.ch\/en\/wp-json\/wp\/v2\/media?parent=13581"}],"wp:term":[{"taxonomy":"product_brand","embeddable":true,"href":"https:\/\/deep-space-astronomy.ch\/en\/wp-json\/wp\/v2\/product_brand?post=13581"},{"taxonomy":"product_cat","embeddable":true,"href":"https:\/\/deep-space-astronomy.ch\/en\/wp-json\/wp\/v2\/product_cat?post=13581"},{"taxonomy":"product_tag","embeddable":true,"href":"https:\/\/deep-space-astronomy.ch\/en\/wp-json\/wp\/v2\/product_tag?post=13581"}],"curies":[{"name":"wp","href":"https:\/\/api.w.org\/{rel}","templated":true}]}}