{"id":13979,"date":"2026-03-23T16:43:22","date_gmt":"2026-03-23T15:43:22","guid":{"rendered":"https:\/\/deep-space-astronomy.ch\/?post_type=product&#038;p=13979"},"modified":"2026-03-23T23:27:46","modified_gmt":"2026-03-23T22:27:46","slug":"sky-watcher-az-gti","status":"publish","type":"product","link":"https:\/\/deep-space-astronomy.ch\/en\/product\/sky-watcher-az-gti\/","title":{"rendered":"Sky-Watcher AZ-GTi"},"content":{"rendered":"<p>&nbsp;<\/p>\n<h3>Sky-Watcher AZ-GTi: ultra-portable WiFi GoTo mount for mobile observation and astronomy<\/h3>\n<p>Visit <strong>Sky-Watcher AZ-GTi<\/strong> is a revolutionary alt-azimuth mount, designed to offer a modern, intuitive and fully connected astronomical observation experience. With a featherweight of just <strong>1.3 kg<\/strong>, This ultra-portable mount is ideal for astronomers on the move who need high-performance equipment that's easy to transport and quick to set up. Available as a head-only version, it can be attached to any compatible tripod thanks to its <strong>standard 3\/8\u2033 thread<\/strong>.<\/p>\n<p>One of the main advantages of the AZ-GTi is its <strong>integrated WiFi module<\/strong>, which enables complete wireless control via smartphone or tablet. Thanks to the free <strong>SynScan<\/strong> (iOS and Android), users can pilot the mount, automatically point at celestial objects and track their movement in real time. The mount generates its own <strong>own WiFi network<\/strong>, This means it can be used anywhere, without relying on an Internet connection or external network.<\/p>\n<p>Once you've entered your geographical coordinates into the application and performed a simple alignment (bright star or north level), you're taken to an intuitive touchscreen interface for exploring the sky. The <strong>Fully automated GoTo<\/strong> for instant access to more <strong>10,000 celestial objects<\/strong>, including the Messier, NGC, IC and Caldwell catalogs, as well as named stars, double stars and major solar system objects.<\/p>\n<p>Exclusive technology <strong>Freedom-Find\u2122<\/strong> with <strong>dual-axis encoders<\/strong> is a major innovation. It allows the telescope to be moved manually on the axes without losing alignment or position information. This offers exceptional freedom of use, particularly appreciated during rapid observations or when manually adjusting the framing without disturbing the automatic tracking.<\/p>\n<p>Despite its compact size, the AZ-GTi offers <strong>load capacity up to 5 kg<\/strong>, which makes it compatible with a wide range of scopes and small telescopes equipped with a <strong>standard 45 mm Vixen\/Sky-Watcher dovetail<\/strong>. Its operation is <strong>quiet and fluid<\/strong>, The new, easy-to-operate DC servo motors and precise drive system.<\/p>\n<p>The frame offers different <strong>monitoring modes<\/strong> (sidereal, lunar, solar) as well as a <strong>dual-axis tracking<\/strong>, This guarantees precision for visual observation and even light astrophotography. Its pointing accuracy reaches up to <strong>10 minutes of arc (RMS)<\/strong>, with an impressive resolution of <strong>0.625 arc second<\/strong>.<\/p>\n<p>Travel speeds are adjustable up to <strong>800x<\/strong>, The SynScan application also offers advanced features such as the ability to quickly reposition objects. The SynScan application also offers advanced features such as <strong>\u201cTonight's Best\u201d<\/strong> (selection of the best visible objects), object identification, creation of custom objects and improved pointing accuracy (PAE).<\/p>\n<p>Compatible with the <strong>ASCOM<\/strong> for Windows PCs and planetarium applications such as <strong>SkySafari Plus\/Pro<\/strong>, The AZ-GTi fits perfectly into a modern astronomy ecosystem. It also features ports for SynScan snowshoe (optional) and DSLR trigger (optional cable).<\/p>\n<p>Power can be supplied via <strong>8 AA batteries<\/strong> or an external power source (7.5 to 14V), with a recommended Sky-Watcher Power Tank battery for extended autonomy. Compact, smart and versatile, the <strong>Sky-Watcher AZ-GTi<\/strong> is the ideal solution for assisted visual observation and astronomy sessions on the move.<\/p>\n<h3>Technical data Sky-Watcher AZ-GTi<\/h3>\n<table border=\"1\" cellspacing=\"0\" cellpadding=\"8\">\n<tbody>\n<tr>\n<th>Category<\/th>\n<th>Features<\/th>\n<th>Detail<\/th>\n<\/tr>\n<tr>\n<td rowspan=\"6\"><strong>General<\/strong><\/td>\n<td>Type<\/td>\n<td>GoTo WiFi alt-azimuth mount<\/td>\n<\/tr>\n<tr>\n<td>Weight<\/td>\n<td>1.3 kg<\/td>\n<\/tr>\n<tr>\n<td>Load capacity<\/td>\n<td>5 kg<\/td>\n<\/tr>\n<tr>\n<td>Tripod mount<\/td>\n<td>3\/8\u2033 thread<\/td>\n<\/tr>\n<tr>\n<td>Dovetail<\/td>\n<td>Type Vixen \/ Sky-Watcher 45 mm<\/td>\n<\/tr>\n<tr>\n<td>Technology<\/td>\n<td>Freedom-Find\u2122 Dual Encoder<\/td>\n<\/tr>\n<tr>\n<td rowspan=\"6\"><strong>Features<\/strong><\/td>\n<td>Database<\/td>\n<td>10,000+ items<\/td>\n<\/tr>\n<tr>\n<td>Tracking modes<\/td>\n<td>Sidereal, Lunar, Solar<\/td>\n<\/tr>\n<tr>\n<td>Travel speeds<\/td>\n<td>0.5x to 800x<\/td>\n<\/tr>\n<tr>\n<td>Pointing accuracy<\/td>\n<td>~10 arc-minutes (RMS)<\/td>\n<\/tr>\n<tr>\n<td>Resolution<\/td>\n<td>0.625 arc-seconds<\/td>\n<\/tr>\n<tr>\n<td>Alignment<\/td>\n<td>Shining star, north level<\/td>\n<\/tr>\n<tr>\n<td rowspan=\"5\"><strong>Connectivity<\/strong><\/td>\n<td>Control<\/td>\n<td>SynScan application (iOS \/ Android)<\/td>\n<\/tr>\n<tr>\n<td>WiFi<\/td>\n<td>Integrated (stand-alone network)<\/td>\n<\/tr>\n<tr>\n<td>Compatibility<\/td>\n<td>ASCOM, SkySafari Plus\/Pro<\/td>\n<\/tr>\n<tr>\n<td>Ports<\/td>\n<td>SynScan racket, DSLR trigger<\/td>\n<\/tr>\n<tr>\n<td>Protocol<\/td>\n<td>UDP (port 11880)<\/td>\n<\/tr>\n<tr>\n<td rowspan=\"3\"><strong>Power supply<\/strong><\/td>\n<td>Internal battery<\/td>\n<td>8 AA batteries (not included)<\/td>\n<\/tr>\n<tr>\n<td>External power supply<\/td>\n<td>DC 7.5V to 14V \/ 0.75A<\/td>\n<\/tr>\n<tr>\n<td>Recommendation<\/td>\n<td>Power Tank Sky-Watcher 7Ah or 17Ah<\/td>\n<\/tr>\n<\/tbody>\n<\/table>\n<p>&nbsp;<\/p>","protected":false},"excerpt":{"rendered":"<p>&nbsp; Sky-Watcher AZ-GTi : monture GoTo WiFi ultra portable pour observation et astronomie mobile La Sky-Watcher AZ-GTi est une monture alt-azimutale r\u00e9volutionnaire, con\u00e7ue pour offrir une exp\u00e9rience d\u2019observation astronomique moderne, intuitive et enti\u00e8rement connect\u00e9e. Avec un poids plume de seulement 1,3 kg, cette monture ultra portable est id\u00e9ale pour les astronomes nomades souhaitant un \u00e9quipement [&hellip;]<\/p>\n","protected":false},"featured_media":13980,"comment_status":"open","ping_status":"closed","template":"","meta":[],"product_brand":[822],"product_cat":[20,759],"product_tag":[],"class_list":{"0":"post-13979","1":"product","2":"type-product","3":"status-publish","4":"has-post-thumbnail","6":"product_brand-sky-watcher","7":"product_cat-montures","8":"product_cat-alt-azimutales","10":"first","11":"on_supplier","12":"taxable","13":"shipping-taxable","14":"purchasable","15":"product-type-simple"},"_links":{"self":[{"href":"https:\/\/deep-space-astronomy.ch\/en\/wp-json\/wp\/v2\/product\/13979","targetHints":{"allow":["GET"]}}],"collection":[{"href":"https:\/\/deep-space-astronomy.ch\/en\/wp-json\/wp\/v2\/product"}],"about":[{"href":"https:\/\/deep-space-astronomy.ch\/en\/wp-json\/wp\/v2\/types\/product"}],"replies":[{"embeddable":true,"href":"https:\/\/deep-space-astronomy.ch\/en\/wp-json\/wp\/v2\/comments?post=13979"}],"wp:featuredmedia":[{"embeddable":true,"href":"https:\/\/deep-space-astronomy.ch\/en\/wp-json\/wp\/v2\/media\/13980"}],"wp:attachment":[{"href":"https:\/\/deep-space-astronomy.ch\/en\/wp-json\/wp\/v2\/media?parent=13979"}],"wp:term":[{"taxonomy":"product_brand","embeddable":true,"href":"https:\/\/deep-space-astronomy.ch\/en\/wp-json\/wp\/v2\/product_brand?post=13979"},{"taxonomy":"product_cat","embeddable":true,"href":"https:\/\/deep-space-astronomy.ch\/en\/wp-json\/wp\/v2\/product_cat?post=13979"},{"taxonomy":"product_tag","embeddable":true,"href":"https:\/\/deep-space-astronomy.ch\/en\/wp-json\/wp\/v2\/product_tag?post=13979"}],"curies":[{"name":"wp","href":"https:\/\/api.w.org\/{rel}","templated":true}]}}