{"id":13997,"date":"2026-03-24T11:52:54","date_gmt":"2026-03-24T10:52:54","guid":{"rendered":"https:\/\/deep-space-astronomy.ch\/?post_type=product&#038;p=13997"},"modified":"2026-03-24T11:53:49","modified_gmt":"2026-03-24T10:53:49","slug":"sac-de-transport-pour-celestron-origin","status":"publish","type":"product","link":"https:\/\/deep-space-astronomy.ch\/en\/product\/sac-de-transport-pour-celestron-origin\/","title":{"rendered":"Carrying bag for Celestron Origin"},"content":{"rendered":"<h2>Carrying bag for Celestron Origin<\/h2>\n<p>Carry and protect your <strong>Celestron Origin<\/strong> in complete peace of mind with this carry bag<br \/>\nmade-to-measure, combining sturdiness, practicality and comfort.<\/p>\n<h3>Optimum protection<\/h3>\n<p>Designed with top-of-the-range materials, this bag features a structure in <strong>three layers<\/strong> :<br \/>\n900D weather-resistant polyester exterior, thick EPE foam for shock absorption,<br \/>\nand soft PVC interior to protect tube surfaces.<\/p>\n<h3>Quick and easy to use<\/h3>\n<p>Intelligent zippers make telescope loading quick and effortless,<br \/>\nwhether the bag is positioned vertically or flat.<\/p>\n<h3>Comfortable transport<\/h3>\n<p>Two sturdy handles ensure a secure grip, while the <strong>padded shoulder strap<\/strong><br \/>\nadjustable for convenient transport, even over long distances.<\/p>\n<h3>Summary<\/h3>\n<p>An essential accessory for protecting and transporting your Celestron Origin,<br \/>\nwhether for storage or for your observation outings.<\/p>","protected":false},"excerpt":{"rendered":"<p>Sac de transport pour Celestron Origin Transportez et prot\u00e9gez votre Celestron Origin en toute s\u00e9r\u00e9nit\u00e9 gr\u00e2ce \u00e0 ce sac de transport sur mesure, alliant robustesse, praticit\u00e9 et confort. Protection optimale Con\u00e7u avec des mat\u00e9riaux haut de gamme, ce sac int\u00e8gre une structure en trois couches : ext\u00e9rieur en polyester 900D r\u00e9sistant aux intemp\u00e9ries, mousse EPE [&hellip;]<\/p>\n","protected":false},"featured_media":13998,"comment_status":"open","ping_status":"closed","template":"","meta":[],"product_brand":[413],"product_cat":[883],"product_tag":[],"class_list":{"0":"post-13997","1":"product","2":"type-product","3":"status-publish","4":"has-post-thumbnail","6":"product_brand-celestron","7":"product_cat-transport","9":"first","10":"instock","11":"taxable","12":"shipping-taxable","13":"purchasable","14":"product-type-simple"},"_links":{"self":[{"href":"https:\/\/deep-space-astronomy.ch\/en\/wp-json\/wp\/v2\/product\/13997","targetHints":{"allow":["GET"]}}],"collection":[{"href":"https:\/\/deep-space-astronomy.ch\/en\/wp-json\/wp\/v2\/product"}],"about":[{"href":"https:\/\/deep-space-astronomy.ch\/en\/wp-json\/wp\/v2\/types\/product"}],"replies":[{"embeddable":true,"href":"https:\/\/deep-space-astronomy.ch\/en\/wp-json\/wp\/v2\/comments?post=13997"}],"wp:featuredmedia":[{"embeddable":true,"href":"https:\/\/deep-space-astronomy.ch\/en\/wp-json\/wp\/v2\/media\/13998"}],"wp:attachment":[{"href":"https:\/\/deep-space-astronomy.ch\/en\/wp-json\/wp\/v2\/media?parent=13997"}],"wp:term":[{"taxonomy":"product_brand","embeddable":true,"href":"https:\/\/deep-space-astronomy.ch\/en\/wp-json\/wp\/v2\/product_brand?post=13997"},{"taxonomy":"product_cat","embeddable":true,"href":"https:\/\/deep-space-astronomy.ch\/en\/wp-json\/wp\/v2\/product_cat?post=13997"},{"taxonomy":"product_tag","embeddable":true,"href":"https:\/\/deep-space-astronomy.ch\/en\/wp-json\/wp\/v2\/product_tag?post=13997"}],"curies":[{"name":"wp","href":"https:\/\/api.w.org\/{rel}","templated":true}]}}