{"id":14078,"date":"2026-03-25T11:45:09","date_gmt":"2026-03-25T10:45:09","guid":{"rendered":"https:\/\/deep-space-astronomy.ch\/?post_type=product&#038;p=14078"},"modified":"2026-03-25T11:45:23","modified_gmt":"2026-03-25T10:45:23","slug":"sky-watcher-explorer-150p","status":"publish","type":"product","link":"https:\/\/deep-space-astronomy.ch\/en\/product\/sky-watcher-explorer-150p\/","title":{"rendered":"Sky-Watcher Explorer-150P"},"content":{"rendered":"<p>&nbsp;<\/p>\n<h3>Sky-Watcher Explorer-150P telescope: power, precision and versatility for exploring the sky<\/h3>\n<p>Visit <strong>Sky-Watcher EXPLORER-150P<\/strong> is a Newton telescope designed to offer a rich, precise and progressive observing experience. It is a particularly judicious choice for intermediate astronomers, while remaining perfectly accessible to enthusiastic beginners wishing to invest in a high-performance, durable instrument. Thanks to its <strong>150 mm primary mirror<\/strong>, It captures a large amount of light, enabling faint celestial objects to be observed with excellent clarity.<\/p>\n<p>Sound <strong>parabolic optical system<\/strong> This high quality lens effectively corrects spherical aberrations, guaranteeing sharp, detailed images across the entire field. This optical precision makes it the ideal instrument for observing <strong>Moon<\/strong>and <strong>planets<\/strong> such as Jupiter and Saturn, but also deep-sky objects such as the <strong>nebulae<\/strong>, <strong>galaxies<\/strong> and <strong>star cluster<\/strong>.<\/p>\n<p>With a <strong>750 mm focal length<\/strong> and a <strong>fast f\/5 focal ratio<\/strong>, The Sky-Watcher EXPLORER-150P offers an excellent balance between wide field and magnification. This enables it to provide immersive views of the deep sky, while retaining sufficient power to reveal planetary details. The eyepieces supplied from <strong>10 mm and 20 mm<\/strong> can achieve magnifications of <strong>x37.5, x75 and x150<\/strong>, and can be combined with <strong>Barlow lens x2<\/strong> included for even higher levels of magnification.<\/p>\n<p>The telescope can reach a <strong>theoretical maximum magnification of x300<\/strong>, This makes it an excellent tool for detailed observation of lunar craters, Jupiter's cloud bands and Saturn's rings. This capability makes it an excellent tool for detailed observation of lunar craters, Jupiter's cloud bands and Saturn's rings.<\/p>\n<p>The Sky-Watcher EXPLORER-150P is equipped with a <strong>researcher 6\u00d730<\/strong>, with clear, intuitive aiming. This is essential for quickly locating targets in the sky, especially for novice users.<\/p>\n<p>One of the great assets of this model is its compatibility with astrophotography. It comes with a <strong>universal smartphone adapter<\/strong>, compatible with cameras from 54 to 90 mm wide, making it easy to capture images of the Moon or planets. For more advanced users, a <strong>direct connection for SLR cameras<\/strong> is also available, offering even more creative and technical possibilities.<\/p>\n<p>Manufacturing quality is further enhanced by the use of <strong>Radiant\u2122 Aluminum Quartz (RAQ\u2122) coating<\/strong> on the mirrors, guaranteeing up to <strong>94 % reflectivity<\/strong>. This significantly improves image brightness while ensuring excellent durability over time. The ultra-thin secondary mirror supports (<strong>0.5 mm<\/strong>), reduce diffraction and optimize contrast, a significant advantage when observing faint objects.<\/p>\n<p>Visit <strong>Barlow x2 lens in 1.25\u2033 format<\/strong>, This telescope is a complete, ready-to-use solution for both visual observation and introduction to astronomical imaging. This telescope is a complete, ready-to-use solution for both visual observation and introduction to astronomical imaging.<\/p>\n<p>Versatile, high-performance and upgradeable, the Sky-Watcher EXPLORER-150P is an excellent investment for all enthusiasts wishing to explore the Universe with a reliable, high-performance instrument. Its ease of use, sturdiness and numerous functions also make it a pertinent choice for rapid progress in astronomy, while enjoying an immersive and enriching observing experience at every session.<\/p>\n<h3>Sky-Watcher EXPLORER-150P technical specifications<\/h3>\n<table border=\"1\" cellspacing=\"0\" cellpadding=\"8\">\n<tbody>\n<tr>\n<th>Features<\/th>\n<th>Detail<\/th>\n<\/tr>\n<tr>\n<td>Telescope type<\/td>\n<td>Newton reflector<\/td>\n<\/tr>\n<tr>\n<td>Primary mirror diameter<\/td>\n<td>150 mm<\/td>\n<\/tr>\n<tr>\n<td>Focal length<\/td>\n<td>750 mm<\/td>\n<\/tr>\n<tr>\n<td>Focus report<\/td>\n<td>f\/5<\/td>\n<\/tr>\n<tr>\n<td>Magnifications supplied<\/td>\n<td>x37.5, x75, x150<\/td>\n<\/tr>\n<tr>\n<td>Maximum magnification<\/td>\n<td>x300<\/td>\n<\/tr>\n<tr>\n<td>Eyepieces included<\/td>\n<td>10 mm and 20 mm<\/td>\n<\/tr>\n<tr>\n<td>Barlow<\/td>\n<td>x2 - 1.25\u2033 with camera adapter<\/td>\n<\/tr>\n<tr>\n<td>Researcher<\/td>\n<td>6\u00d730<\/td>\n<\/tr>\n<tr>\n<td>Smartphone adapter<\/td>\n<td>Yes (54 to 90 mm)<\/td>\n<\/tr>\n<tr>\n<td>Camera connection<\/td>\n<td>Direct SLR connection<\/td>\n<\/tr>\n<tr>\n<td>Mirror coating<\/td>\n<td>RAQ\u2122 Aluminum Quartz (up to 94 % reflectivity)<\/td>\n<\/tr>\n<tr>\n<td>Secondary mirror support<\/td>\n<td>Ultra-fine 0.5 mm<\/td>\n<\/tr>\n<\/tbody>\n<\/table>\n<p>&nbsp;<\/p>","protected":false},"excerpt":{"rendered":"<p>&nbsp; T\u00e9lescope Sky-Watcher Explorer-150P : puissance, pr\u00e9cision et polyvalence pour explorer le ciel Le Sky-Watcher EXPLORER-150P est un t\u00e9lescope Newton con\u00e7u pour offrir une exp\u00e9rience d\u2019observation riche, pr\u00e9cise et \u00e9volutive. Il constitue un choix particuli\u00e8rement judicieux pour les astronomes interm\u00e9diaires, tout en restant parfaitement accessible aux d\u00e9butants passionn\u00e9s souhaitant investir dans un instrument performant et [&hellip;]<\/p>\n","protected":false},"featured_media":14079,"comment_status":"open","ping_status":"closed","template":"","meta":[],"product_brand":[822],"product_cat":[392,747],"product_tag":[],"class_list":{"0":"post-14078","1":"product","2":"type-product","3":"status-publish","4":"has-post-thumbnail","6":"product_brand-sky-watcher","7":"product_cat-telescopes_reflecteurs","8":"product_cat-newton","10":"first","11":"on_supplier","12":"taxable","13":"shipping-taxable","14":"purchasable","15":"product-type-simple"},"_links":{"self":[{"href":"https:\/\/deep-space-astronomy.ch\/en\/wp-json\/wp\/v2\/product\/14078","targetHints":{"allow":["GET"]}}],"collection":[{"href":"https:\/\/deep-space-astronomy.ch\/en\/wp-json\/wp\/v2\/product"}],"about":[{"href":"https:\/\/deep-space-astronomy.ch\/en\/wp-json\/wp\/v2\/types\/product"}],"replies":[{"embeddable":true,"href":"https:\/\/deep-space-astronomy.ch\/en\/wp-json\/wp\/v2\/comments?post=14078"}],"wp:featuredmedia":[{"embeddable":true,"href":"https:\/\/deep-space-astronomy.ch\/en\/wp-json\/wp\/v2\/media\/14079"}],"wp:attachment":[{"href":"https:\/\/deep-space-astronomy.ch\/en\/wp-json\/wp\/v2\/media?parent=14078"}],"wp:term":[{"taxonomy":"product_brand","embeddable":true,"href":"https:\/\/deep-space-astronomy.ch\/en\/wp-json\/wp\/v2\/product_brand?post=14078"},{"taxonomy":"product_cat","embeddable":true,"href":"https:\/\/deep-space-astronomy.ch\/en\/wp-json\/wp\/v2\/product_cat?post=14078"},{"taxonomy":"product_tag","embeddable":true,"href":"https:\/\/deep-space-astronomy.ch\/en\/wp-json\/wp\/v2\/product_tag?post=14078"}],"curies":[{"name":"wp","href":"https:\/\/api.w.org\/{rel}","templated":true}]}}