{"id":14366,"date":"2026-03-27T13:54:06","date_gmt":"2026-03-27T12:54:06","guid":{"rendered":"https:\/\/deep-space-astronomy.ch\/?post_type=product&#038;p=14366"},"modified":"2026-03-31T18:47:30","modified_gmt":"2026-03-31T16:47:30","slug":"sky-watcher-evostar-150-heq5-r-pro","status":"publish","type":"product","link":"https:\/\/deep-space-astronomy.ch\/en\/product\/sky-watcher-evostar-150-heq5-r-pro\/","title":{"rendered":"Sky-Watcher Evostar 150 HEQ5-R PRO"},"content":{"rendered":"<p>&nbsp;<\/p>\n<h3>Sky-Watcher Evostar 150 HEQ5-R PRO SynScan - High-performance refractor for observation and astrophotography<\/h3>\n<p>Visit <strong>Sky-Watcher Evostar 150<\/strong> is a large-aperture, achromatic refractor telescope designed for outstanding optical performance in both visual observation and astrophotography. Thanks to its air-separated twin-lens design and long focal length, it delivers exceptionally sharp, high-contrast images. Combined with the motorized equatorial mount <strong>HEQ5-R PRO SynScan<\/strong>, This system is a complete, precise and scalable solution for demanding astronomers.<\/p>\n<h3>Powerful, precise optics for detailed observations<\/h3>\n<p>The Sky-Watcher Evostar 150 is a classic two-element achromatic refractor, designed to the highest standards of optical and mechanical precision. Its <strong>150 mm diameter<\/strong> and its focal length of <strong>1200 mm (f\/8)<\/strong> technology delivers bright, high-contrast images rich in detail. Thanks to its multi-coating (<em>Multi-Coated<\/em>), light transmission is optimized, guaranteeing clear, faithful observations.<\/p>\n<p>This telescope is particularly well suited to observing the <strong>Moon<\/strong>and <strong>planetary surfaces<\/strong> and solar system objects. Its optical performance, close to the diffraction limit, enables high magnifications to be used, up to <strong>300x<\/strong> under optimum conditions. The eyepieces supplied (10 mm and 25 mm) offer magnifications of <strong>x120<\/strong> and <strong>x48<\/strong>, perfect for getting started right away.<\/p>\n<p>With a light-gathering capacity <strong>56 % compared with a 120 mm model<\/strong>, the Evostar 150 reveals more detail on celestial objects, significantly improving the \u10d2\u10d0\u10db\u10dd\u10ea\u10d3\u10d8\u10da of observation.<\/p>\n<h3>HEQ5-R PRO SynScan mount: stability and Go-To technology<\/h3>\n<p>The frame <strong>HEQ5-R PRO SynScan<\/strong>\u00a0is a robust and precise computerized equatorial mount, designed to support demanding instruments such as the Evostar 150. Equipped with stepper motors on both axes, it enables smooth and precise tracking of celestial objects, essential for astrophotography.<\/p>\n<p>The system <strong>Go-To SynScan<\/strong>\u00a0automatically locates thousands of celestial objects via a built-in database. Simply select a target and the telescope will automatically navigate to it. This feature makes sky exploration much easier, even for novice users.<\/p>\n<p>The mount also features an integrated polar finder mount, enabling precise alignment with the earth's axis of rotation. It is mounted on a sturdy stainless steel tripod of <strong>1,75\u2033<\/strong>, for excellent stability in the field. An external power supply of <strong>12V DC<\/strong> is necessary for its operation.<\/p>\n<h3>Fully equipped for immediate use<\/h3>\n<p>The Sky-Watcher Evostar 150 comes with a complete set of accessories for immediate use:<\/p>\n<ul>\n<li>10 mm and 25 mm eyepieces (1.25\u2033 format)<\/li>\n<li>9\u00d750 finder for easy spotting<\/li>\n<li>2\u2033 (50.8 mm) elbow return<\/li>\n<li>1.25\u2033\/2\u2033 double-format eyepiece holder<\/li>\n<li>Direct connection for SLR cameras<\/li>\n<li>HEQ5-R PRO SynScan mount with dual-axis motors<\/li>\n<li>Stainless steel tripod with accessory tray<\/li>\n<\/ul>\n<p>This configuration makes it easy to switch from visual observation to astrophotography, by directly connecting an SLR camera to capture the wonders of the night sky.<\/p>\n<h3>Technical specifications<\/h3>\n<table border=\"1\" cellspacing=\"0\" cellpadding=\"6\">\n<tbody>\n<tr>\n<th>Specification<\/th>\n<th>Detail<\/th>\n<\/tr>\n<tr>\n<td>Telescope type<\/td>\n<td>Achromatic refractor<\/td>\n<\/tr>\n<tr>\n<td>Optical design<\/td>\n<td>Two lenses, separated by air<\/td>\n<\/tr>\n<tr>\n<td>Lens diameter<\/td>\n<td>150 mm<\/td>\n<\/tr>\n<tr>\n<td>Focal length<\/td>\n<td>1200 mm<\/td>\n<\/tr>\n<tr>\n<td>Focus report<\/td>\n<td>f\/8<\/td>\n<\/tr>\n<tr>\n<td>Magnifications supplied<\/td>\n<td>x48 and x120<\/td>\n<\/tr>\n<tr>\n<td>Maximum useful magnification<\/td>\n<td>x300<\/td>\n<\/tr>\n<tr>\n<td>Eyepieces included<\/td>\n<td>10 mm and 25 mm (1.25\u2033)<\/td>\n<\/tr>\n<tr>\n<td>Lens holder<\/td>\n<td>Double format 1.25\u2033 \/ 2\u2033<\/td>\n<\/tr>\n<tr>\n<td>Angled return<\/td>\n<td>2\u2033 (50.8 mm)<\/td>\n<\/tr>\n<tr>\n<td>Researcher<\/td>\n<td>9\u00d750<\/td>\n<\/tr>\n<tr>\n<td>Optical treatment<\/td>\n<td>Multi-Coated<\/td>\n<\/tr>\n<tr>\n<td>Camera connection<\/td>\n<td>Direct SLR compatible<\/td>\n<\/tr>\n<tr>\n<td>Frame<\/td>\n<td>HEQ5-R PRO SynScan\u2122 Go-To<\/td>\n<\/tr>\n<tr>\n<td>Motors<\/td>\n<td>Double-axis stepper<\/td>\n<\/tr>\n<tr>\n<td>Tripod<\/td>\n<td>1.75\u2033 stainless steel with tray<\/td>\n<\/tr>\n<tr>\n<td>Polar alignment<\/td>\n<td>Integrated stand<\/td>\n<\/tr>\n<tr>\n<td>Power supply<\/td>\n<td>12V DC (not included)<\/td>\n<\/tr>\n<tr>\n<td>Light collection<\/td>\n<td>+56 % vs 120 mm<\/td>\n<\/tr>\n<\/tbody>\n<\/table>\n<p>Visit <strong>Sky-Watcher Evostar 150 HEQ5-R PRO SynScan\u2122<\/strong> is the instrument of choice for astronomers wishing to combine optical power, mechanical precision and advanced automation. Ideal for detailed studies of the planets and the Moon, and as an introduction to astrophotography, it offers an immersive, high-performance observation experience.<\/p>","protected":false},"excerpt":{"rendered":"<p>&nbsp; Sky-Watcher Evostar 150 HEQ5-R PRO SynScan \u2013 R\u00e9fracteur haute performance pour observation et astrophotographie Le Sky-Watcher Evostar 150 est un t\u00e9lescope r\u00e9fracteur achromatique de grande ouverture con\u00e7u pour offrir des performances optiques remarquables en observation visuelle comme en astrophotographie. Gr\u00e2ce \u00e0 sa conception \u00e0 deux lentilles s\u00e9par\u00e9es par air et \u00e0 sa longue focale, [&hellip;]<\/p>\n","protected":false},"featured_media":14367,"comment_status":"open","ping_status":"closed","template":"","meta":[],"product_brand":[],"product_cat":[384,762,754,20],"product_tag":[],"class_list":{"0":"post-14366","1":"product","2":"type-product","3":"status-publish","4":"has-post-thumbnail","6":"product_cat-lunettes_refracteurs","7":"product_cat-equatoriales","8":"product_cat-lunettes-achromatiques","9":"product_cat-montures","11":"first","12":"on_supplier","13":"taxable","14":"shipping-taxable","15":"purchasable","16":"product-type-simple"},"_links":{"self":[{"href":"https:\/\/deep-space-astronomy.ch\/en\/wp-json\/wp\/v2\/product\/14366","targetHints":{"allow":["GET"]}}],"collection":[{"href":"https:\/\/deep-space-astronomy.ch\/en\/wp-json\/wp\/v2\/product"}],"about":[{"href":"https:\/\/deep-space-astronomy.ch\/en\/wp-json\/wp\/v2\/types\/product"}],"replies":[{"embeddable":true,"href":"https:\/\/deep-space-astronomy.ch\/en\/wp-json\/wp\/v2\/comments?post=14366"}],"wp:featuredmedia":[{"embeddable":true,"href":"https:\/\/deep-space-astronomy.ch\/en\/wp-json\/wp\/v2\/media\/14367"}],"wp:attachment":[{"href":"https:\/\/deep-space-astronomy.ch\/en\/wp-json\/wp\/v2\/media?parent=14366"}],"wp:term":[{"taxonomy":"product_brand","embeddable":true,"href":"https:\/\/deep-space-astronomy.ch\/en\/wp-json\/wp\/v2\/product_brand?post=14366"},{"taxonomy":"product_cat","embeddable":true,"href":"https:\/\/deep-space-astronomy.ch\/en\/wp-json\/wp\/v2\/product_cat?post=14366"},{"taxonomy":"product_tag","embeddable":true,"href":"https:\/\/deep-space-astronomy.ch\/en\/wp-json\/wp\/v2\/product_tag?post=14366"}],"curies":[{"name":"wp","href":"https:\/\/api.w.org\/{rel}","templated":true}]}}