{"id":14374,"date":"2026-03-27T14:44:18","date_gmt":"2026-03-27T13:44:18","guid":{"rendered":"https:\/\/deep-space-astronomy.ch\/?post_type=product&#038;p=14374"},"modified":"2026-03-27T14:49:52","modified_gmt":"2026-03-27T13:49:52","slug":"startravel-80-400-az3","status":"publish","type":"product","link":"https:\/\/deep-space-astronomy.ch\/en\/product\/startravel-80-400-az3\/","title":{"rendered":"Startravel 80\/400 AZ3"},"content":{"rendered":"<p>&nbsp;<\/p>\n<h3>Startravel 80\/400 AZ3 - Compact wide-field telescope for observation and astrophotography<\/h3>\n<p>Visit <strong>Sky-Watcher Startravel 80\/400 AZ3<\/strong> is a versatile, compact telescope, ideal for both novice astronomers and users looking for a lightweight, high-performance instrument. Designed for wide-field observation, it makes it easy to explore deep-sky objects such as nebulae, star clusters, galaxies and stellar fields, while remaining effective for observing the Moon, bright planets and even comets.<\/p>\n<p>Thanks to its short focal length design and excellent aperture ratio, this telescope is also perfectly suited to daytime terrestrial observation, when used with a 1.25\u2033 rectifying prism (not included). Its versatility makes it ideal for astronomy and nature photography.<\/p>\n<h3>Fast, bright wide-field optics<\/h3>\n<p>Equipped with a <strong>80 mm lens<\/strong> and a <strong>400 mm focal length (f\/5)<\/strong>, The Sky-Watcher 80\/400 is a \u201cfast\u201d telescope, offering a wide field of view and excellent brightness. This configuration makes it possible to observe vast areas of the sky with great ease, which is particularly appreciated for extended deep-sky objects.<\/p>\n<p>Its lens benefits from <strong>multilayer<\/strong> improving light transmission and image contrast. With a light-gathering capacity <strong>77 % compared with a 60 mm model<\/strong>, It reveals more detail and enables more immersive observations.<\/p>\n<p>The telescope comes with two quality eyepieces <strong>Pl\u00f6ssl (12.5 mm and 26 mm)<\/strong>, with magnifications of x32 and x15.4. An included x2 Barlow lens doubles these magnifications to x64 and x30.8. Maximum useful magnification is up to <strong>x160<\/strong> in good observation conditions.<\/p>\n<h3>Perfect for astrophotography and terrestrial photography<\/h3>\n<p>Thanks to its fast f\/5 focal ratio, this telescope is particularly suitable for <strong>wide-field astronomical photography<\/strong>. It makes it easy to capture celestial events such as lunar and solar eclipses, as well as spectacular nightscapes.<\/p>\n<p>Visit <strong>direct connection for SLR cameras<\/strong> makes it easy to install a housing for shooting. This telescope can also be used as a fixed lens for terrestrial photography, particularly of landscapes and nature, offering great flexibility of use.<\/p>\n<h3>AZ3 mount: simplicity and precision<\/h3>\n<p>The Sky-Watcher 80\/400 is fitted with the <strong>AZ3 Deluxe Alt-Azimuth<\/strong>, renowned for its ease of use and stability. This intuitive mount provides precise control on the horizontal (azimuth) and vertical (altitude) axes thanks to its <strong>slow-motion cables<\/strong>, for easy tracking of celestial objects.<\/p>\n<p>The supplied aluminum tripod is lightweight yet sturdy, and features a practical accessory tray to keep eyepieces and accessories close at hand. This configuration ensures quick set-up and easy transport, ideal for nomadic observations.<\/p>\n<h3>Complete, ready-to-use equipment<\/h3>\n<p>The telescope comes with a complete set of accessories for immediate use:<\/p>\n<ul>\n<li>Optical tube 80 mm \/ 400 mm<\/li>\n<li>Pl\u00f6ssl 12.5 mm and 26 mm eyepieces<\/li>\n<li>Barlow lens x2 (1.25\u2033)<\/li>\n<li>90\u00b0 (1.25\u2033) elbow fitting<\/li>\n<li>Red Dot Finder<\/li>\n<li>SLR camera connection<\/li>\n<li>AZ3 Deluxe Alt-Azimuth frame<\/li>\n<li>Aluminium tripod with accessory tray<\/li>\n<\/ul>\n<h3>Technical specifications<\/h3>\n<table border=\"1\" cellspacing=\"0\" cellpadding=\"6\">\n<tbody>\n<tr>\n<th>Specification<\/th>\n<th>Detail<\/th>\n<\/tr>\n<tr>\n<td>Telescope type<\/td>\n<td>Refractor<\/td>\n<\/tr>\n<tr>\n<td>Lens diameter<\/td>\n<td>80 mm<\/td>\n<\/tr>\n<tr>\n<td>Focal length<\/td>\n<td>400 mm<\/td>\n<\/tr>\n<tr>\n<td>Focus report<\/td>\n<td>f\/5<\/td>\n<\/tr>\n<tr>\n<td>Magnifications supplied<\/td>\n<td>x15.4 \/ x30.8 \/ x32 \/ x64<\/td>\n<\/tr>\n<tr>\n<td>Maximum magnification<\/td>\n<td>x160<\/td>\n<\/tr>\n<tr>\n<td>Eyepieces<\/td>\n<td>Pl\u00f6ssl 12.5 mm and 26 mm (1.25\u2033)<\/td>\n<\/tr>\n<tr>\n<td>Optical accessories<\/td>\n<td>Barlow x2 (1,25\u2033)<\/td>\n<\/tr>\n<tr>\n<td>Angled return<\/td>\n<td>90\u00b0 (1,25\u2033)<\/td>\n<\/tr>\n<tr>\n<td>Viewfinder<\/td>\n<td>Red dot<\/td>\n<\/tr>\n<tr>\n<td>Optical treatment<\/td>\n<td>Multi-Coated<\/td>\n<\/tr>\n<tr>\n<td>Camera connection<\/td>\n<td>SLR compatible<\/td>\n<\/tr>\n<tr>\n<td>Frame<\/td>\n<td>AZ3 Deluxe Alt-Azimuth<\/td>\n<\/tr>\n<tr>\n<td>Control<\/td>\n<td>Slow movements on azimuth and altitude axes<\/td>\n<\/tr>\n<tr>\n<td>Tripod<\/td>\n<td>Aluminium with tray<\/td>\n<\/tr>\n<tr>\n<td>Light collection<\/td>\n<td>+77 % vs 60 mm<\/td>\n<\/tr>\n<\/tbody>\n<\/table>\n<p>Visit <strong>Sky-Watcher 80\/400 AZ3<\/strong> is the ideal telescope for discovering astronomy and enjoying spectacular wide-field observations. Lightweight, versatile and easy to use, it's an excellent choice for both sky exploration and terrestrial and celestial photography.<\/p>","protected":false},"excerpt":{"rendered":"<p>&nbsp; Startravel 80\/400 AZ3 \u2013 T\u00e9lescope compact grand champ pour observation et astrophotographie Le Sky-Watcher Startravel 80\/400 AZ3 est un t\u00e9lescope polyvalent et compact, id\u00e9al pour les astronomes d\u00e9butants comme pour les utilisateurs \u00e0 la recherche d\u2019un instrument l\u00e9ger et performant. Con\u00e7u pour l\u2019observation grand champ, il permet d\u2019explorer facilement les objets du ciel profond [&hellip;]<\/p>\n","protected":false},"featured_media":14375,"comment_status":"open","ping_status":"closed","template":"","meta":[],"product_brand":[822],"product_cat":[15,759,384,754,20],"product_tag":[],"class_list":{"0":"post-14374","1":"product","2":"type-product","3":"status-publish","4":"has-post-thumbnail","6":"product_brand-sky-watcher","7":"product_cat-non-classe","8":"product_cat-alt-azimutales","9":"product_cat-lunettes_refracteurs","10":"product_cat-lunettes-achromatiques","11":"product_cat-montures","13":"first","14":"on_supplier","15":"taxable","16":"shipping-taxable","17":"purchasable","18":"product-type-simple"},"_links":{"self":[{"href":"https:\/\/deep-space-astronomy.ch\/en\/wp-json\/wp\/v2\/product\/14374","targetHints":{"allow":["GET"]}}],"collection":[{"href":"https:\/\/deep-space-astronomy.ch\/en\/wp-json\/wp\/v2\/product"}],"about":[{"href":"https:\/\/deep-space-astronomy.ch\/en\/wp-json\/wp\/v2\/types\/product"}],"replies":[{"embeddable":true,"href":"https:\/\/deep-space-astronomy.ch\/en\/wp-json\/wp\/v2\/comments?post=14374"}],"wp:featuredmedia":[{"embeddable":true,"href":"https:\/\/deep-space-astronomy.ch\/en\/wp-json\/wp\/v2\/media\/14375"}],"wp:attachment":[{"href":"https:\/\/deep-space-astronomy.ch\/en\/wp-json\/wp\/v2\/media?parent=14374"}],"wp:term":[{"taxonomy":"product_brand","embeddable":true,"href":"https:\/\/deep-space-astronomy.ch\/en\/wp-json\/wp\/v2\/product_brand?post=14374"},{"taxonomy":"product_cat","embeddable":true,"href":"https:\/\/deep-space-astronomy.ch\/en\/wp-json\/wp\/v2\/product_cat?post=14374"},{"taxonomy":"product_tag","embeddable":true,"href":"https:\/\/deep-space-astronomy.ch\/en\/wp-json\/wp\/v2\/product_tag?post=14374"}],"curies":[{"name":"wp","href":"https:\/\/api.w.org\/{rel}","templated":true}]}}