{"id":14428,"date":"2026-03-30T15:30:30","date_gmt":"2026-03-30T13:30:30","guid":{"rendered":"https:\/\/deep-space-astronomy.ch\/?post_type=product&#038;p=14428"},"modified":"2026-03-31T18:56:37","modified_gmt":"2026-03-31T16:56:37","slug":"startravel-150-750-heq5-r-pro","status":"publish","type":"product","link":"https:\/\/deep-space-astronomy.ch\/en\/product\/startravel-150-750-heq5-r-pro\/","title":{"rendered":"StarTravel 150\/750 HEQ5-R PRO"},"content":{"rendered":"<p>&nbsp;<\/p>\n<h3>StarTravel 150\/750 HEQ5-R PRO - 150 mm telescope with high-end Go-To mount<\/h3>\n<p>Visit <strong>Sky-Watcher StarTravel 150\/750 with HEQ5-R PRO SynScan Go-To mount<\/strong> is a complete kit for demanding astronomers who want to combine optical power, tracking precision and ease of use. Thanks to its 150 mm wide-field refractor and high-precision motorized equatorial mount, this kit is ideal for advanced visual observation and astrophotography.<\/p>\n<h3>High-performance wide-field achromatic optics<\/h3>\n<p>The StarTravel 150\/750 is a refracting telescope with a <strong>two-lens achromatic lens<\/strong>. This design effectively reduces chromatic aberrations by improving the convergence of different wavelengths, delivering sharper, higher-contrast images than with standard optics.<\/p>\n<p>With a <strong>150 mm opening<\/strong> and a <strong>750 mm focal length (f\/5)<\/strong>, This telescope is designed for observations in <em>rich-field<\/em>. He excels at observing <strong>nebulae<\/strong>and <strong>star cluster<\/strong>and <strong>star fields<\/strong>and <strong>comets<\/strong> and <strong>luminous galaxies<\/strong>. It also allows for beautiful observations of the <strong>Moon<\/strong>and <strong>planets<\/strong> and <strong>Sun<\/strong> (with suitable filter).<\/p>\n<p>Its objective <strong>Multi-Coated<\/strong> optimizes light transmission, guaranteeing excellent brightness and enhanced contrast. The eyepieces supplied allow magnifications from <strong>x30 and x75<\/strong>, while the maximum useful magnification can reach <strong>x300<\/strong>.<\/p>\n<h3>An ultra-precise HEQ5-R PRO SynScan\u2122 Go-To mount<\/h3>\n<p>Visit <strong>HEQ5-R PRO SynScan\u2122 equatorial mount<\/strong> is the benchmark for amateur astronomers looking for a high-performance Go-To system. Designed to be accessible to beginners while meeting the requirements of advanced users, it automatically locates and tracks celestial objects.<\/p>\n<p>Thanks to its <strong>intuitive control panel<\/strong>, You can point your telescope at a specific object or launch a guided sky tour in seconds. Its impressive database contains more than <strong>42,900 items<\/strong>, including the Messier, NGC, IC and Caldwell catalogs, as well as planets, double and variable stars.<\/p>\n<p>Pointing accuracy reaches <strong>1 minute of arc<\/strong>, with software compensation for mechanical errors. Stepper motors (1.8\u00b0 with 64 microsteps) ensure smooth, precise movement, with pointing speeds up to <strong>800x (3.4\u00b0\/second)<\/strong>.<\/p>\n<p>The frame also features advanced functions such as :<\/p>\n<ul>\n<li>Periodic error correction (PEC)<\/li>\n<li>Backlash<\/li>\n<li>Autoguiding interface for astrophotography<\/li>\n<li>Adjustable guide speeds (0.25x to 1x)<\/li>\n<li>Alignment on 1, 2 or 3 stars<\/li>\n<li>ASCOM and PC protocol compatibility<\/li>\n<\/ul>\n<p>Its robust design guarantees optimum stability, essential for detailed observations and long exposure photography.<\/p>\n<h3>An ideal instrument for astrophotography<\/h3>\n<p>Thanks to its fast focal ratio and the precision of the HEQ5-R PRO mount, this telescope is perfectly suited for <strong>astronomical photography<\/strong>. It lets you capture deep-sky objects, lunar and solar eclipses, as well as celestial landscapes rich in detail.<\/p>\n<p>Visit <strong>direct connection for SLR cameras<\/strong> makes it easy to set up photographic equipment, while the autoguiding interface improves precision during long exposures.<\/p>\n<h3>Accessories included for complete use<\/h3>\n<p>This complete kit includes everything you need to get started right away:<\/p>\n<ul>\n<li>StarTravel 150\/750 optical tube<\/li>\n<li>10 mm and 25 mm (1.25\u2033) eyepieces<\/li>\n<li>Researcher 9\u00d750<\/li>\n<li>1.25\u2033 angled return<\/li>\n<li>1.25\u2033\/2\u2033 double-format eyepiece holder<\/li>\n<li>SLR camera connection<\/li>\n<li>HEQ5 PRO SynScan\u2122 Go-To mount<\/li>\n<li>Sturdy tripod<\/li>\n<\/ul>\n<p>Please note: the power supply required for the mount is not included.<\/p>\n<h3>Technical specifications<\/h3>\n<table border=\"1\" cellspacing=\"0\" cellpadding=\"6\">\n<tbody>\n<tr>\n<th>Specification<\/th>\n<th>Detail<\/th>\n<\/tr>\n<tr>\n<td>Type<\/td>\n<td>Achromatic refractor<\/td>\n<\/tr>\n<tr>\n<td>Diameter<\/td>\n<td>150 mm<\/td>\n<\/tr>\n<tr>\n<td>Focal length<\/td>\n<td>750 mm<\/td>\n<\/tr>\n<tr>\n<td>Focus report<\/td>\n<td>f\/5<\/td>\n<\/tr>\n<tr>\n<td>Magnifications supplied<\/td>\n<td>x30 and x75<\/td>\n<\/tr>\n<tr>\n<td>Maximum magnification<\/td>\n<td>x300<\/td>\n<\/tr>\n<tr>\n<td>Eyepieces<\/td>\n<td>10 mm and 25 mm (1.25\u2033)<\/td>\n<\/tr>\n<tr>\n<td>Lens holder<\/td>\n<td>Double format 1.25\u2033\/2\u2033<\/td>\n<\/tr>\n<tr>\n<td>Researcher<\/td>\n<td>9\u00d750<\/td>\n<\/tr>\n<tr>\n<td>Camera connection<\/td>\n<td>SLR compatible<\/td>\n<\/tr>\n<tr>\n<td>Frame<\/td>\n<td>HEQ5-R PRO SynScan\u2122 Go-To<\/td>\n<\/tr>\n<tr>\n<td>Database<\/td>\n<td>42 900+ items<\/td>\n<\/tr>\n<tr>\n<td>Pointing accuracy<\/td>\n<td>~1 arc minute<\/td>\n<\/tr>\n<tr>\n<td>Pointing speed<\/td>\n<td>Up to 800x (3.4\u00b0\/s)<\/td>\n<\/tr>\n<tr>\n<td>Interface<\/td>\n<td>ASCOM, self-steering<\/td>\n<\/tr>\n<\/tbody>\n<\/table>\n<p>Visit <strong>Sky-Watcher StarTravel 150\/750 HEQ5-R PRO SynScan <\/strong>is a complete, powerful and upgradeable package, perfectly suited to advanced observation and precision astrophotography. It represents an excellent investment for exploring the universe with performance and comfort.<\/p>","protected":false},"excerpt":{"rendered":"<p>&nbsp; StarTravel 150\/750 HEQ5-R PRO \u2013 T\u00e9lescope 150 mm avec monture Go-To haut de gamme Le Sky-Watcher StarTravel 150\/750 avec monture HEQ5-R PRO SynScan Go-To est un kit complet destin\u00e9 aux astronomes exigeants souhaitant allier puissance optique, pr\u00e9cision de suivi et facilit\u00e9 d\u2019utilisation. Gr\u00e2ce \u00e0 son r\u00e9fracteur grand champ de 150 mm et \u00e0 sa [&hellip;]<\/p>\n","protected":false},"featured_media":14431,"comment_status":"open","ping_status":"closed","template":"","meta":[],"product_brand":[822],"product_cat":[384,762,754,20],"product_tag":[],"class_list":{"0":"post-14428","1":"product","2":"type-product","3":"status-publish","4":"has-post-thumbnail","6":"product_brand-sky-watcher","7":"product_cat-lunettes_refracteurs","8":"product_cat-equatoriales","9":"product_cat-lunettes-achromatiques","10":"product_cat-montures","12":"first","13":"on_supplier","14":"taxable","15":"shipping-taxable","16":"purchasable","17":"product-type-simple"},"_links":{"self":[{"href":"https:\/\/deep-space-astronomy.ch\/en\/wp-json\/wp\/v2\/product\/14428","targetHints":{"allow":["GET"]}}],"collection":[{"href":"https:\/\/deep-space-astronomy.ch\/en\/wp-json\/wp\/v2\/product"}],"about":[{"href":"https:\/\/deep-space-astronomy.ch\/en\/wp-json\/wp\/v2\/types\/product"}],"replies":[{"embeddable":true,"href":"https:\/\/deep-space-astronomy.ch\/en\/wp-json\/wp\/v2\/comments?post=14428"}],"wp:featuredmedia":[{"embeddable":true,"href":"https:\/\/deep-space-astronomy.ch\/en\/wp-json\/wp\/v2\/media\/14431"}],"wp:attachment":[{"href":"https:\/\/deep-space-astronomy.ch\/en\/wp-json\/wp\/v2\/media?parent=14428"}],"wp:term":[{"taxonomy":"product_brand","embeddable":true,"href":"https:\/\/deep-space-astronomy.ch\/en\/wp-json\/wp\/v2\/product_brand?post=14428"},{"taxonomy":"product_cat","embeddable":true,"href":"https:\/\/deep-space-astronomy.ch\/en\/wp-json\/wp\/v2\/product_cat?post=14428"},{"taxonomy":"product_tag","embeddable":true,"href":"https:\/\/deep-space-astronomy.ch\/en\/wp-json\/wp\/v2\/product_tag?post=14428"}],"curies":[{"name":"wp","href":"https:\/\/api.w.org\/{rel}","templated":true}]}}