{"id":14463,"date":"2026-04-02T19:32:18","date_gmt":"2026-04-02T17:32:18","guid":{"rendered":"https:\/\/deep-space-astronomy.ch\/?post_type=product&#038;p=14463"},"modified":"2026-04-02T19:34:19","modified_gmt":"2026-04-02T17:34:19","slug":"acuter-voyager-mak80-fast","status":"publish","type":"product","link":"https:\/\/deep-space-astronomy.ch\/en\/product\/acuter-voyager-mak80-fast\/","title":{"rendered":"Acuter Voyager MAK80-FAST"},"content":{"rendered":"<p>&nbsp;<\/p>\n<h3>Acuter Voyager MAK80-FAST - Compact, versatile Maksutov telescope for astronomy and terrestrial observation<\/h3>\n<p>Visit <strong>Acuter Voyager MAK80-FAST<\/strong> is a high-quality Maksutov-Cassegrain telescope designed to deliver outstanding performance in an ultra-compact, portable format. Ideal for enthusiasts of astronomy, nature observation and photography, this versatile instrument lets you explore the night sky while being perfectly suited to daytime terrestrial use thanks to its rectified image.<\/p>\n<p>Designed by Acuter, a brand renowned for its innovative, high-performance products, this telescope is an excellent choice for beginners and users alike who want a portable, efficient instrument.<\/p>\n<h3>Compact, high-performance Maksutov-Cassegrain optics<\/h3>\n<p>The Voyager MAK80-FAST is based on an optical design <strong>Maksutov-Cassegrain<\/strong>, with excellent contrast and image sharpness. With a <strong>80 mm diameter<\/strong> and a <strong>850 mm focal length (f\/10.6)<\/strong>, It is particularly well-suited to the detailed observation of the <strong>Moon<\/strong>and <strong>planets<\/strong> and bright celestial objects.<\/p>\n<p>Its optical system features <strong>multilayer<\/strong> improving light transmission and image quality. The Maksutov design, invented by Russian optician Dmitri Maksutov, is renowned for its compactness and optical precision.<\/p>\n<p>The eyepieces supplied offer magnifications of <strong>x42.5 and x68<\/strong>, with a wide apparent field of <strong>70\u00b0<\/strong>, for comfortable, immersive viewing. Maximum recommended magnification is <strong>x160<\/strong>.<\/p>\n<h3>Innovative FAST focuser for fast focusing<\/h3>\n<p>One of the major innovations of this model is its focusing system. <strong>FAST<\/strong> with friction drive (patent pending). In contrast to conventional thumbwheel systems, this mechanism uses a <strong>dual focus button<\/strong> to move the primary mirror quickly and precisely.<\/p>\n<p>A <strong>focus position indicator<\/strong> The integrated focuser facilitates adjustment according to viewing distance (8 m, 17 m and infinity), making focusing quicker and more intuitive, whether for astronomy or terrestrial observation.<\/p>\n<h3>Versatility: observation, nature and photography<\/h3>\n<p>The Voyager MAK80-FAST is designed for versatile use. Thanks to its <strong>90\u00b0 right-angle return bend<\/strong> with phase processing, it offers a straight image, ideal for terrestrial observation.<\/p>\n<p>It is also perfectly suited to <strong>photography<\/strong>, with a <strong>smartphone adapter<\/strong> included for easy capture of images of the sky or nature. Compact and lightweight, it's easy to take along on trips or hikes.<\/p>\n<h3>Compact design for easy transport<\/h3>\n<p>Weighing in at around <strong>1.5 kg<\/strong> and compact design, this telescope is extremely easy to transport. It can be mounted on a standard photo tripod thanks to its <strong>1\/4\u2033 thread<\/strong>, or on an astronomical mount via its <strong>Vixen\/Sky-Watcher type dovetail<\/strong>.<\/p>\n<p>The optical tube is supplied with a <strong>transport case<\/strong>, Its compact size makes it ideal for mobile observation. Its compact size makes it an ideal companion for nomadic observations.<\/p>\n<h3>Accessories included for complete use<\/h3>\n<p>The Voyager MAK80-FAST comes with a set of high-quality accessories:<\/p>\n<ul>\n<li>12.5 mm and 20 mm (1.25\u2033) wide-field 70\u00b0 eyepieces<\/li>\n<li>Optical finder 6\u00d721<\/li>\n<li>90\u00b0 rectifier bend with phase treatment<\/li>\n<li>Smartphone adapter<\/li>\n<li>Focus indicator<\/li>\n<li>Carrying case<\/li>\n<li>Protective caps<\/li>\n<\/ul>\n<p>This complete kit lets you start observing and photographing right away.<\/p>\n<h3>Technical specifications<\/h3>\n<table border=\"1\" cellspacing=\"0\" cellpadding=\"6\">\n<tbody>\n<tr>\n<th>Specification<\/th>\n<th>Detail<\/th>\n<\/tr>\n<tr>\n<td>Type<\/td>\n<td>Maksutov-Cassegrain<\/td>\n<\/tr>\n<tr>\n<td>Diameter<\/td>\n<td>80 mm<\/td>\n<\/tr>\n<tr>\n<td>Focal length<\/td>\n<td>850 mm<\/td>\n<\/tr>\n<tr>\n<td>Focus report<\/td>\n<td>f\/10.6<\/td>\n<\/tr>\n<tr>\n<td>Magnifications supplied<\/td>\n<td>x42.5 and x68<\/td>\n<\/tr>\n<tr>\n<td>Maximum magnification<\/td>\n<td>x160<\/td>\n<\/tr>\n<tr>\n<td>Eyepieces<\/td>\n<td>12.5 mm and 20 mm (70\u00b0)<\/td>\n<\/tr>\n<tr>\n<td>Angled return<\/td>\n<td>90\u00b0 rectifier with phase treatment<\/td>\n<\/tr>\n<tr>\n<td>Researcher<\/td>\n<td>6\u00d721<\/td>\n<\/tr>\n<tr>\n<td>Focusing<\/td>\n<td>Friction drive with indicator<\/td>\n<\/tr>\n<tr>\n<td>Connection<\/td>\n<td>1\/4\u2033 thread + Vixen dovetail<\/td>\n<\/tr>\n<tr>\n<td>Weight<\/td>\n<td>1.5 kg<\/td>\n<\/tr>\n<tr>\n<td>Accessories<\/td>\n<td>Smartphone adapter, case<\/td>\n<\/tr>\n<\/tbody>\n<\/table>\n<p>Visit <strong>Acuter Voyager MAK80-FAST<\/strong> is a compact, innovative, high-performance telescope, perfect for nomadic observation, sky discovery and photography, while offering great ease of use.<\/p>","protected":false},"excerpt":{"rendered":"<p>&nbsp; Acuter Voyager MAK80-FAST \u2013 T\u00e9lescope Maksutov compact et polyvalent pour astronomie et observation terrestre Le Acuter Voyager MAK80-FAST est un t\u00e9lescope Maksutov-Cassegrain de haute qualit\u00e9 con\u00e7u pour offrir des performances remarquables dans un format ultra compact et transportable. Id\u00e9al pour les passionn\u00e9s d\u2019astronomie, d\u2019observation de la nature et de photographie, cet instrument polyvalent permet [&hellip;]<\/p>\n","protected":false},"featured_media":14464,"comment_status":"open","ping_status":"closed","template":"","meta":[],"product_brand":[849],"product_cat":[392,752],"product_tag":[],"class_list":{"0":"post-14463","1":"product","2":"type-product","3":"status-publish","4":"has-post-thumbnail","6":"product_brand-acuter","7":"product_cat-telescopes_reflecteurs","8":"product_cat-maksutov-cassegrain","10":"first","11":"on_supplier","12":"taxable","13":"shipping-taxable","14":"purchasable","15":"product-type-simple"},"_links":{"self":[{"href":"https:\/\/deep-space-astronomy.ch\/en\/wp-json\/wp\/v2\/product\/14463","targetHints":{"allow":["GET"]}}],"collection":[{"href":"https:\/\/deep-space-astronomy.ch\/en\/wp-json\/wp\/v2\/product"}],"about":[{"href":"https:\/\/deep-space-astronomy.ch\/en\/wp-json\/wp\/v2\/types\/product"}],"replies":[{"embeddable":true,"href":"https:\/\/deep-space-astronomy.ch\/en\/wp-json\/wp\/v2\/comments?post=14463"}],"wp:featuredmedia":[{"embeddable":true,"href":"https:\/\/deep-space-astronomy.ch\/en\/wp-json\/wp\/v2\/media\/14464"}],"wp:attachment":[{"href":"https:\/\/deep-space-astronomy.ch\/en\/wp-json\/wp\/v2\/media?parent=14463"}],"wp:term":[{"taxonomy":"product_brand","embeddable":true,"href":"https:\/\/deep-space-astronomy.ch\/en\/wp-json\/wp\/v2\/product_brand?post=14463"},{"taxonomy":"product_cat","embeddable":true,"href":"https:\/\/deep-space-astronomy.ch\/en\/wp-json\/wp\/v2\/product_cat?post=14463"},{"taxonomy":"product_tag","embeddable":true,"href":"https:\/\/deep-space-astronomy.ch\/en\/wp-json\/wp\/v2\/product_tag?post=14463"}],"curies":[{"name":"wp","href":"https:\/\/api.w.org\/{rel}","templated":true}]}}