{"id":14527,"date":"2026-04-04T16:14:42","date_gmt":"2026-04-04T14:14:42","guid":{"rendered":"https:\/\/deep-space-astronomy.ch\/?post_type=product&#038;p=14527"},"modified":"2026-04-04T16:14:55","modified_gmt":"2026-04-04T14:14:55","slug":"telescope-newton-114-500-az-gte","status":"publish","type":"product","link":"https:\/\/deep-space-astronomy.ch\/en\/product\/telescope-newton-114-500-az-gte\/","title":{"rendered":"Newton 114\/500 AZ-GTe telescope"},"content":{"rendered":"<p>&nbsp;<\/p>\n<h3>Newton 114\/500 AZ-GTe telescope: the ideal instrument for beginners in astronomy<\/h3>\n<p>Visit <strong>Newton 114\/500 AZ-GTe telescope<\/strong> is the perfect solution for a simple, intuitive and effective introduction to astronomy. Lightweight, compact and easy to carry, it has been designed to enable beginners to quickly discover the wonders of the sky without any prior knowledge. Thanks to its GoTo motorized mount and smartphone control, it combines ease of use with modern technology.<\/p>\n<p>With a diameter of <strong>114 mm<\/strong>, This telescope offers sufficient light-gathering capacity to observe a wide range of celestial objects. Its focal length of <strong>500 mm<\/strong> (focus report <strong>f\/4.4<\/strong>) makes it a luminous and versatile instrument, ideal for exploring both the <strong>Moon<\/strong> and <strong>planets<\/strong> that <strong>nebulae<\/strong> and <strong>star cluster<\/strong>. For example, you can see Saturn's rings, the cloud bands of Jupiter and its moons, or the famous <strong>Orion nebula<\/strong>.<\/p>\n<p>The primary mirror <strong>parabolic<\/strong> guarantees better image quality than a spherical mirror, with reduced optical aberrations. The telescope achieves a maximum useful magnification of <strong>x230<\/strong>, already offering a good level of detail for an instrument in this category.<\/p>\n<p>One of the great assets of this model is its frame <strong>AZ-GTe GoTo<\/strong>, compact and lightweight, capable of supporting instruments up to <strong>5 kg<\/strong>. It incorporates a <strong>WiFi device<\/strong> allowing the telescope to be controlled directly from a smartphone or tablet via the <strong>SynScan<\/strong> (iOS and Android). The mount creates its own WiFi network, so it can be used anywhere without an Internet connection.<\/p>\n<p>The GoTo system provides access to a database of <strong>more than 10,000 celestial objects<\/strong>. After a simple alignment (assisted by the app), you can select an object and let the telescope point at it automatically. The app also offers viewing recommendations and helps identify visible objects, making the experience particularly accessible for beginners.<\/p>\n<p>Unlike the AZ-GTi mount, the AZ-GTe version does not feature the <strong>Freedom-Find\u2122<\/strong>. However, it's still very powerful and intuitive, thanks in particular to its modern mobile interface, which is much more user-friendly than traditional rackets.<\/p>\n<p>The telescope is supplied with two eyepieces of <strong>25 mm and 10 mm<\/strong>, with different levels of magnification to suit the objects observed. The <strong>red dot viewfinder<\/strong> makes it easier to locate targets during the alignment phase.<\/p>\n<p>The tripod in <strong>adjustable aluminum<\/strong> offers good stability while remaining lightweight and portable. Adjustable from <strong>80.5 cm to 152 cm<\/strong>, With its compact design, it offers viewing comfort to suit every user. The overall weight is just <strong>6.65 kg<\/strong>, This makes it easy to transport for outdoor observations.<\/p>\n<p>Powered by <strong>8 AA batteries<\/strong>, In addition, the mount is totally autonomous, ideal for outings in the great outdoors. It also features a USB interface and compatibility with various software programs, enabling you to upgrade your installation in the future.<\/p>\n<p>This telescope is supplied with suitable accessories and a <strong>complete manual for beginners<\/strong>, A dedicated after-sales service is available to support you after your purchase. What's more, a dedicated after-sales service is available to support you after your purchase.<\/p>\n<p>The Newton 114\/500 AZ-GTe is therefore an excellent choice for beginners: simple, lightweight, high-performance and equipped with a modern GoTo system, it will enable you to explore the universe with complete peace of mind.<\/p>\n<h3>Technical specifications<\/h3>\n<table border=\"1\" cellspacing=\"0\" cellpadding=\"8\">\n<tbody>\n<tr>\n<th>Features<\/th>\n<th>Detail<\/th>\n<\/tr>\n<tr>\n<td>Optical type<\/td>\n<td>Newton reflector<\/td>\n<\/tr>\n<tr>\n<td>Diameter<\/td>\n<td>114 mm<\/td>\n<\/tr>\n<tr>\n<td>Focal length<\/td>\n<td>500 mm<\/td>\n<\/tr>\n<tr>\n<td>Focus report<\/td>\n<td>f\/4.4<\/td>\n<\/tr>\n<tr>\n<td>Mirror<\/td>\n<td>Parabolic<\/td>\n<\/tr>\n<tr>\n<td>Maximum useful magnification<\/td>\n<td>x230<\/td>\n<\/tr>\n<tr>\n<td>Supplied eyepieces<\/td>\n<td>25 mm &amp; 10 mm (1.25\u2033)<\/td>\n<\/tr>\n<tr>\n<td>Lens holder<\/td>\n<td>1.25\u2033 rack<\/td>\n<\/tr>\n<tr>\n<td>Researcher<\/td>\n<td>Red dot viewfinder<\/td>\n<\/tr>\n<tr>\n<td>Frame<\/td>\n<td>AZ-GTe GoTo azimuthal WiFi<\/td>\n<\/tr>\n<tr>\n<td>Database<\/td>\n<td>10,000 items<\/td>\n<\/tr>\n<tr>\n<td>Control<\/td>\n<td>SynScan application (iOS\/Android)<\/td>\n<\/tr>\n<tr>\n<td>Tracking modes<\/td>\n<td>Sidereal, solar, lunar<\/td>\n<\/tr>\n<tr>\n<td>Load capacity<\/td>\n<td>5 kg<\/td>\n<\/tr>\n<tr>\n<td>Tripod<\/td>\n<td>Adjustable aluminum with tray<\/td>\n<\/tr>\n<tr>\n<td>Tripod height<\/td>\n<td>80.5 cm to 152 cm<\/td>\n<\/tr>\n<tr>\n<td>Total weight<\/td>\n<td>6.65 kg<\/td>\n<\/tr>\n<tr>\n<td>Power supply<\/td>\n<td>8 AA batteries<\/td>\n<\/tr>\n<\/tbody>\n<\/table>\n<p>&nbsp;<\/p>","protected":false},"excerpt":{"rendered":"<p>&nbsp; T\u00e9lescope Newton 114\/500 AZ-GTe : l\u2019instrument id\u00e9al pour d\u00e9buter en astronomie Le t\u00e9lescope Newton 114\/500 AZ-GTe est une solution parfaite pour s\u2019initier \u00e0 l\u2019astronomie de mani\u00e8re simple, intuitive et efficace. L\u00e9ger, compact et facile \u00e0 transporter, il a \u00e9t\u00e9 con\u00e7u pour permettre aux d\u00e9butants de d\u00e9couvrir rapidement les merveilles du ciel sans connaissances pr\u00e9alables. [&hellip;]<\/p>\n","protected":false},"featured_media":14528,"comment_status":"open","ping_status":"closed","template":"","meta":[],"product_brand":[822],"product_cat":[747,759,20,392],"product_tag":[],"class_list":{"0":"post-14527","1":"product","2":"type-product","3":"status-publish","4":"has-post-thumbnail","6":"product_brand-sky-watcher","7":"product_cat-newton","8":"product_cat-alt-azimutales","9":"product_cat-montures","10":"product_cat-telescopes_reflecteurs","12":"first","13":"on_supplier","14":"taxable","15":"shipping-taxable","16":"purchasable","17":"product-type-simple"},"_links":{"self":[{"href":"https:\/\/deep-space-astronomy.ch\/en\/wp-json\/wp\/v2\/product\/14527","targetHints":{"allow":["GET"]}}],"collection":[{"href":"https:\/\/deep-space-astronomy.ch\/en\/wp-json\/wp\/v2\/product"}],"about":[{"href":"https:\/\/deep-space-astronomy.ch\/en\/wp-json\/wp\/v2\/types\/product"}],"replies":[{"embeddable":true,"href":"https:\/\/deep-space-astronomy.ch\/en\/wp-json\/wp\/v2\/comments?post=14527"}],"wp:featuredmedia":[{"embeddable":true,"href":"https:\/\/deep-space-astronomy.ch\/en\/wp-json\/wp\/v2\/media\/14528"}],"wp:attachment":[{"href":"https:\/\/deep-space-astronomy.ch\/en\/wp-json\/wp\/v2\/media?parent=14527"}],"wp:term":[{"taxonomy":"product_brand","embeddable":true,"href":"https:\/\/deep-space-astronomy.ch\/en\/wp-json\/wp\/v2\/product_brand?post=14527"},{"taxonomy":"product_cat","embeddable":true,"href":"https:\/\/deep-space-astronomy.ch\/en\/wp-json\/wp\/v2\/product_cat?post=14527"},{"taxonomy":"product_tag","embeddable":true,"href":"https:\/\/deep-space-astronomy.ch\/en\/wp-json\/wp\/v2\/product_tag?post=14527"}],"curies":[{"name":"wp","href":"https:\/\/api.w.org\/{rel}","templated":true}]}}